{"id":98,"date":"2017-07-03T16:15:32","date_gmt":"2017-07-03T14:15:32","guid":{"rendered":"http:\/\/reflexologie-shiatsu-nantes.fr\/?page_id=98"},"modified":"2019-07-28T13:35:25","modified_gmt":"2019-07-28T11:35:25","slug":"la-seance-de-shiatsu","status":"publish","type":"page","link":"https:\/\/reflexologie-shiatsu-nantes.fr\/index.php\/la-seance-de-shiatsu\/","title":{"rendered":"Votre s\u00e9ance"},"content":{"rendered":"<div id=\"dslc-theme-content\"><div id=\"dslc-theme-content-inner\">\t\t<div data-elementor-type=\"wp-page\" data-elementor-id=\"98\" class=\"elementor elementor-98 elementor-bc-flex-widget\">\n\t\t\t\t\t\t\t\t\t<section class=\"elementor-section elementor-top-section elementor-element elementor-element-7yf3kmc elementor-section-boxed elementor-section-height-default elementor-section-height-default\" data-id=\"7yf3kmc\" data-element_type=\"section\">\n\t\t\t\t\t\t<div class=\"elementor-container elementor-column-gap-default\">\n\t\t\t\t\t<div class=\"elementor-column elementor-col-100 elementor-top-column elementor-element elementor-element-ufpxpau\" data-id=\"ufpxpau\" data-element_type=\"column\">\n\t\t\t<div class=\"elementor-widget-wrap elementor-element-populated\">\n\t\t\t\t\t\t\t\t<div class=\"elementor-element elementor-element-slfb5dy elementor-widget elementor-widget-heading\" data-id=\"slfb5dy\" data-element_type=\"widget\" data-widget_type=\"heading.default\">\n\t\t\t\t<div class=\"elementor-widget-container\">\n\t\t\t<h3 class=\"elementor-heading-title elementor-size-default\">La s\u00e9ance de Shiatsu<\/h3>\t\t<\/div>\n\t\t\t\t<\/div>\n\t\t\t\t\t<\/div>\n\t\t<\/div>\n\t\t\t\t\t\t\t<\/div>\n\t\t<\/section>\n\t\t\t\t<section class=\"elementor-section elementor-top-section elementor-element elementor-element-xyiezpc elementor-section-boxed elementor-section-height-default elementor-section-height-default\" data-id=\"xyiezpc\" data-element_type=\"section\">\n\t\t\t\t\t\t<div class=\"elementor-container elementor-column-gap-default\">\n\t\t\t\t\t<div class=\"elementor-column elementor-col-100 elementor-top-column elementor-element elementor-element-kbgljlv\" data-id=\"kbgljlv\" data-element_type=\"column\">\n\t\t\t<div class=\"elementor-widget-wrap elementor-element-populated\">\n\t\t\t\t\t\t\t\t<div class=\"elementor-element elementor-element-xqnyjfs elementor-widget elementor-widget-text-editor\" data-id=\"xqnyjfs\" data-element_type=\"widget\" data-widget_type=\"text-editor.default\">\n\t\t\t\t<div class=\"elementor-widget-container\">\n\t\t\t\t\t\t\t<p class=\"p1\"><span class=\"s1\">Un entretien pr\u00e9alable vise \u00e0 d\u00e9cider du <strong>soin<\/strong> ad\u00e9quat ax\u00e9 sur la demande de la personne et du 1er bilan <strong>\u00e9nerg\u00e9tique<\/strong> effectu\u00e9 durant la <em>s\u00e9ance de Shiatsu<\/em>.\u00a0<\/span><span class=\"s1\">Puis, le receveur s\u2019allonge au sol sur un tatami. Il est v\u00eatu d\u2019habits amples pour un <strong>soin<\/strong> de confort ou en sous-v\u00eatements pour un <strong>soin<\/strong> <strong>th\u00e9rapeutique<\/strong>.<\/span><\/p><p class=\"p1\">\u00a0<\/p>\t\t\t\t\t\t<\/div>\n\t\t\t\t<\/div>\n\t\t\t\t<div class=\"elementor-element elementor-element-8at1ak3 elementor-widget-divider--view-line elementor-widget elementor-widget-divider\" data-id=\"8at1ak3\" data-element_type=\"widget\" data-widget_type=\"divider.default\">\n\t\t\t\t<div class=\"elementor-widget-container\">\n\t\t\t\t\t<div class=\"elementor-divider\">\n\t\t\t<span class=\"elementor-divider-separator\">\n\t\t\t\t\t\t<\/span>\n\t\t<\/div>\n\t\t\t\t<\/div>\n\t\t\t\t<\/div>\n\t\t\t\t\t<\/div>\n\t\t<\/div>\n\t\t\t\t\t\t\t<\/div>\n\t\t<\/section>\n\t\t\t\t<section class=\"elementor-section elementor-top-section elementor-element elementor-element-z2lsnyg elementor-section-boxed elementor-section-height-default elementor-section-height-default\" data-id=\"z2lsnyg\" data-element_type=\"section\">\n\t\t\t\t\t\t<div class=\"elementor-container elementor-column-gap-default\">\n\t\t\t\t\t<div class=\"elementor-column elementor-col-50 elementor-top-column elementor-element elementor-element-94xkbs3\" data-id=\"94xkbs3\" data-element_type=\"column\">\n\t\t\t<div class=\"elementor-widget-wrap elementor-element-populated\">\n\t\t\t\t\t\t\t\t<div class=\"elementor-element elementor-element-ebvqjzm elementor-widget elementor-widget-text-editor\" data-id=\"ebvqjzm\" data-element_type=\"widget\" data-widget_type=\"text-editor.default\">\n\t\t\t\t<div class=\"elementor-widget-container\">\n\t\t\t\t\t\t\t<p><span class=\"s1\">Le praticien s\u2019appuie sur la <strong>respiration<\/strong> et l\u2019\u00e9coute. <\/span><span class=\"s1\">Ainsi, il utilise plusieurs voies (harmonisantes et\/ou personnalis\u00e9es) pour restaurer la circulation <strong>\u00e9nerg\u00e9tique<\/strong> en fonction de ses observations.<\/span><\/p><p><span class=\"s1\">La <em>s\u00e9ance<\/em> peut commencer par une prise de pouls, des enchainements de pressions et de rel\u00e2chements progressifs et des \u00e9tirements doux. <\/span><\/p><p class=\"p1\"><span class=\"s1\">Il est aussi effectu\u00e9 un travail sur les m\u00e9ridiens et les points d\u2019acupuncture. <\/span><span class=\"s1\">Enfin, on peut proc\u00e9der \u00e0 la moxibustion (stimulation de points par la chaleur \u00e0 l\u2019aide d\u2019un b\u00e2ton d\u2019armoise) et l&#8217;Ampuku (technique abdominale).<\/span><\/p><p>\u00a0<\/p><p><span class=\"s1\">La <em>s\u00e9ance<\/em>\u00a0<em>de Shiatsu<\/em> dure environ une heure.<\/span><\/p>\t\t\t\t\t\t<\/div>\n\t\t\t\t<\/div>\n\t\t\t\t\t<\/div>\n\t\t<\/div>\n\t\t\t\t<div class=\"elementor-column elementor-col-50 elementor-top-column elementor-element elementor-element-vxy1zrz\" data-id=\"vxy1zrz\" data-element_type=\"column\">\n\t\t\t<div class=\"elementor-widget-wrap elementor-element-populated\">\n\t\t\t\t\t\t\t\t<div class=\"elementor-element elementor-element-bhax0rj elementor-widget elementor-widget-image\" data-id=\"bhax0rj\" data-element_type=\"widget\" data-widget_type=\"image.default\">\n\t\t\t\t<div class=\"elementor-widget-container\">\n\t\t\t\t\t\t\t\t\t\t\t\t\t\t\t<img decoding=\"async\" src=\"https:\/\/i0.wp.com\/reflexologie-shiatsu-nantes.fr\/wp-content\/uploads\/2017\/07\/shiatsu-nantes-1.jpg?fit=250%2C400&amp;ssl=1\" title=\"shiatsu-nantes-1\" alt=\"shiatsu-nantes-1\" loading=\"lazy\" \/>\t\t\t\t\t\t\t\t\t\t\t\t\t\t\t<\/div>\n\t\t\t\t<\/div>\n\t\t\t\t\t<\/div>\n\t\t<\/div>\n\t\t\t\t\t\t\t<\/div>\n\t\t<\/section>\n\t\t\t\t\t\t\t<\/div>\n\t\t<\/div><\/div>","protected":false},"excerpt":{"rendered":"<p>La s\u00e9ance de Shiatsu Un entretien pr\u00e9alable vise \u00e0 d\u00e9cider du soin ad\u00e9quat ax\u00e9 sur la demande de la personne et du 1er bilan \u00e9nerg\u00e9tique effectu\u00e9 durant la s\u00e9ance de Shiatsu.\u00a0Puis, le receveur s\u2019allonge au sol sur un tatami. Il est v\u00eatu d\u2019habits amples pour un soin de confort ou en sous-v\u00eatements pour un soin<a class=\"moretag\" href=\"https:\/\/reflexologie-shiatsu-nantes.fr\/index.php\/la-seance-de-shiatsu\/\"><span class=\"screen-reader-text\">En savoir plus surVotre s\u00e9ance<\/span>[&#8230;]<\/a><\/p>\n","protected":false},"author":2,"featured_media":0,"parent":0,"menu_order":0,"comment_status":"closed","ping_status":"closed","template":"","meta":{"jetpack_post_was_ever_published":false,"footnotes":""},"yoast_head":"<!-- This site is optimized with the Yoast SEO plugin v21.7 - https:\/\/yoast.com\/wordpress\/plugins\/seo\/ -->\n<title>La s\u00e9ance de Shiatsu | R\u00e9flexologie et Shiatsu \u00e0 Nantes<\/title>\n<meta name=\"description\" content=\"Ici, vous d\u00e9couvrirez le d\u00e9roulement de la s\u00e9ance de Shiatsu dans mon cabinet \u00e0 Nantes, un soin adapt\u00e9 \u00e0 vos besoins apr\u00e8s un bilan \u00e9nerg\u00e9tique.\" \/>\n<meta name=\"robots\" content=\"index, follow, max-snippet:-1, max-image-preview:large, max-video-preview:-1\" \/>\n<link rel=\"canonical\" href=\"https:\/\/reflexologie-shiatsu-nantes.fr\/index.php\/la-seance-de-shiatsu\/\" \/>\n<meta property=\"og:locale\" content=\"fr_FR\" \/>\n<meta property=\"og:type\" content=\"article\" \/>\n<meta property=\"og:title\" content=\"La s\u00e9ance de Shiatsu | R\u00e9flexologie et Shiatsu \u00e0 Nantes\" \/>\n<meta property=\"og:description\" content=\"Ici, vous d\u00e9couvrirez le d\u00e9roulement de la s\u00e9ance de Shiatsu dans mon cabinet \u00e0 Nantes, un soin adapt\u00e9 \u00e0 vos besoins apr\u00e8s un bilan \u00e9nerg\u00e9tique.\" \/>\n<meta property=\"og:url\" content=\"https:\/\/reflexologie-shiatsu-nantes.fr\/index.php\/la-seance-de-shiatsu\/\" \/>\n<meta property=\"og:site_name\" content=\"R\u00e9flexologie, Shiatsu et Kobido \u00e0 Nantes\" \/>\n<meta property=\"article:modified_time\" content=\"2019-07-28T11:35:25+00:00\" \/>\n<meta property=\"og:image\" content=\"http:\/\/reflexologie-shiatsu-nantes.fr\/wp-content\/uploads\/elementor\/thumbs\/shiatsu-nantes-1-nbdcmjpj6dkh8a891fmba2k3tbo588cnhjzwkiyxwg.jpg\" \/>\n<meta name=\"twitter:card\" content=\"summary_large_image\" \/>\n<meta name=\"twitter:label1\" content=\"Dur\u00e9e de lecture estim\u00e9e\" \/>\n\t<meta name=\"twitter:data1\" content=\"1 minute\" \/>\n<script type=\"application\/ld+json\" class=\"yoast-schema-graph\">{\"@context\":\"https:\/\/schema.org\",\"@graph\":[{\"@type\":\"WebPage\",\"@id\":\"https:\/\/reflexologie-shiatsu-nantes.fr\/index.php\/la-seance-de-shiatsu\/\",\"url\":\"https:\/\/reflexologie-shiatsu-nantes.fr\/index.php\/la-seance-de-shiatsu\/\",\"name\":\"La s\u00e9ance de Shiatsu | R\u00e9flexologie et Shiatsu \u00e0 Nantes\",\"isPartOf\":{\"@id\":\"https:\/\/reflexologie-shiatsu-nantes.fr\/#website\"},\"datePublished\":\"2017-07-03T14:15:32+00:00\",\"dateModified\":\"2019-07-28T11:35:25+00:00\",\"description\":\"Ici, vous d\u00e9couvrirez le d\u00e9roulement de la s\u00e9ance de Shiatsu dans mon cabinet \u00e0 Nantes, un soin adapt\u00e9 \u00e0 vos besoins apr\u00e8s un bilan \u00e9nerg\u00e9tique.\",\"breadcrumb\":{\"@id\":\"https:\/\/reflexologie-shiatsu-nantes.fr\/index.php\/la-seance-de-shiatsu\/#breadcrumb\"},\"inLanguage\":\"fr-FR\",\"potentialAction\":[{\"@type\":\"ReadAction\",\"target\":[\"https:\/\/reflexologie-shiatsu-nantes.fr\/index.php\/la-seance-de-shiatsu\/\"]}]},{\"@type\":\"BreadcrumbList\",\"@id\":\"https:\/\/reflexologie-shiatsu-nantes.fr\/index.php\/la-seance-de-shiatsu\/#breadcrumb\",\"itemListElement\":[{\"@type\":\"ListItem\",\"position\":1,\"name\":\"Accueil\",\"item\":\"https:\/\/reflexologie-shiatsu-nantes.fr\/\"},{\"@type\":\"ListItem\",\"position\":2,\"name\":\"Votre s\u00e9ance\"}]},{\"@type\":\"WebSite\",\"@id\":\"https:\/\/reflexologie-shiatsu-nantes.fr\/#website\",\"url\":\"https:\/\/reflexologie-shiatsu-nantes.fr\/\",\"name\":\"R\u00e9flexologie, Shiatsu et Kobido \u00e0 Nantes\",\"description\":\"Bienvenue\",\"potentialAction\":[{\"@type\":\"SearchAction\",\"target\":{\"@type\":\"EntryPoint\",\"urlTemplate\":\"https:\/\/reflexologie-shiatsu-nantes.fr\/?s={search_term_string}\"},\"query-input\":\"required name=search_term_string\"}],\"inLanguage\":\"fr-FR\"}]}<\/script>\n<!-- \/ Yoast SEO plugin. -->","yoast_head_json":{"title":"La s\u00e9ance de Shiatsu | R\u00e9flexologie et Shiatsu \u00e0 Nantes","description":"Ici, vous d\u00e9couvrirez le d\u00e9roulement de la s\u00e9ance de Shiatsu dans mon cabinet \u00e0 Nantes, un soin adapt\u00e9 \u00e0 vos besoins apr\u00e8s un bilan \u00e9nerg\u00e9tique.","robots":{"index":"index","follow":"follow","max-snippet":"max-snippet:-1","max-image-preview":"max-image-preview:large","max-video-preview":"max-video-preview:-1"},"canonical":"https:\/\/reflexologie-shiatsu-nantes.fr\/index.php\/la-seance-de-shiatsu\/","og_locale":"fr_FR","og_type":"article","og_title":"La s\u00e9ance de Shiatsu | R\u00e9flexologie et Shiatsu \u00e0 Nantes","og_description":"Ici, vous d\u00e9couvrirez le d\u00e9roulement de la s\u00e9ance de Shiatsu dans mon cabinet \u00e0 Nantes, un soin adapt\u00e9 \u00e0 vos besoins apr\u00e8s un bilan \u00e9nerg\u00e9tique.","og_url":"https:\/\/reflexologie-shiatsu-nantes.fr\/index.php\/la-seance-de-shiatsu\/","og_site_name":"R\u00e9flexologie, Shiatsu et Kobido \u00e0 Nantes","article_modified_time":"2019-07-28T11:35:25+00:00","og_image":[{"url":"http:\/\/reflexologie-shiatsu-nantes.fr\/wp-content\/uploads\/elementor\/thumbs\/shiatsu-nantes-1-nbdcmjpj6dkh8a891fmba2k3tbo588cnhjzwkiyxwg.jpg"}],"twitter_card":"summary_large_image","twitter_misc":{"Dur\u00e9e de lecture estim\u00e9e":"1 minute"},"schema":{"@context":"https:\/\/schema.org","@graph":[{"@type":"WebPage","@id":"https:\/\/reflexologie-shiatsu-nantes.fr\/index.php\/la-seance-de-shiatsu\/","url":"https:\/\/reflexologie-shiatsu-nantes.fr\/index.php\/la-seance-de-shiatsu\/","name":"La s\u00e9ance de Shiatsu | R\u00e9flexologie et Shiatsu \u00e0 Nantes","isPartOf":{"@id":"https:\/\/reflexologie-shiatsu-nantes.fr\/#website"},"datePublished":"2017-07-03T14:15:32+00:00","dateModified":"2019-07-28T11:35:25+00:00","description":"Ici, vous d\u00e9couvrirez le d\u00e9roulement de la s\u00e9ance de Shiatsu dans mon cabinet \u00e0 Nantes, un soin adapt\u00e9 \u00e0 vos besoins apr\u00e8s un bilan \u00e9nerg\u00e9tique.","breadcrumb":{"@id":"https:\/\/reflexologie-shiatsu-nantes.fr\/index.php\/la-seance-de-shiatsu\/#breadcrumb"},"inLanguage":"fr-FR","potentialAction":[{"@type":"ReadAction","target":["https:\/\/reflexologie-shiatsu-nantes.fr\/index.php\/la-seance-de-shiatsu\/"]}]},{"@type":"BreadcrumbList","@id":"https:\/\/reflexologie-shiatsu-nantes.fr\/index.php\/la-seance-de-shiatsu\/#breadcrumb","itemListElement":[{"@type":"ListItem","position":1,"name":"Accueil","item":"https:\/\/reflexologie-shiatsu-nantes.fr\/"},{"@type":"ListItem","position":2,"name":"Votre s\u00e9ance"}]},{"@type":"WebSite","@id":"https:\/\/reflexologie-shiatsu-nantes.fr\/#website","url":"https:\/\/reflexologie-shiatsu-nantes.fr\/","name":"R\u00e9flexologie, Shiatsu et Kobido \u00e0 Nantes","description":"Bienvenue","potentialAction":[{"@type":"SearchAction","target":{"@type":"EntryPoint","urlTemplate":"https:\/\/reflexologie-shiatsu-nantes.fr\/?s={search_term_string}"},"query-input":"required name=search_term_string"}],"inLanguage":"fr-FR"}]}},"jetpack_sharing_enabled":true,"jetpack_shortlink":"https:\/\/wp.me\/P8fx45-1A","jetpack-related-posts":[{"id":485,"url":"https:\/\/reflexologie-shiatsu-nantes.fr\/index.php\/votre-seance\/","url_meta":{"origin":98,"position":0},"title":"Votre s\u00e9ance","author":"MICHEL SEVIN","date":"11 septembre 2019","format":false,"excerpt":"La s\u00e9ance de Kobido Vous \u00eates confortablement allong\u00e9(e) sur une table de massage.Le Kobido se pratique manuellement sur un visage nettoy\u00e9 et d\u00e9maquill\u00e9 ainsi que sur le d\u00e9collet\u00e9.Chaque personne (homme - femme) de tout \u00e2ge peut en b\u00e9n\u00e9ficier pour pr\u00e9server la jeunesse et la qualit\u00e9 de sa peau. Avant tout\u2026","rel":"","context":"Article similaire","block_context":{"text":"Article similaire","link":""},"img":{"alt_text":"","src":"","width":0,"height":0},"classes":[]},{"id":102,"url":"https:\/\/reflexologie-shiatsu-nantes.fr\/index.php\/la-seance-de-reflexologie\/","url_meta":{"origin":98,"position":1},"title":"Votre s\u00e9ance","author":"Claire Cottais","date":"3 juillet 2017","format":false,"excerpt":"La s\u00e9ance de r\u00e9flexologie Suite \u00e0 un entretien qui d\u00e9termine le choix du soin\u00a0de r\u00e9flexologie le plus adapt\u00e9, le receveur s\u2019allonge confortablement sur une table de massage pour d\u00e9buter la s\u00e9ance de r\u00e9flexologie.En fonction du soin\u00a0de r\u00e9flexologie choisi, la s\u00e9ance pourra d\u00e9buter par un bain de pieds aux huiles essentielles.\u2026","rel":"","context":"Article similaire","block_context":{"text":"Article similaire","link":""},"img":{"alt_text":"","src":"","width":0,"height":0},"classes":[]},{"id":113,"url":"https:\/\/reflexologie-shiatsu-nantes.fr\/index.php\/soins-tarifs\/","url_meta":{"origin":98,"position":2},"title":"Tarifs","author":"Claire Cottais","date":"3 juillet 2017","format":false,"excerpt":"Les diff\u00e9rents soins et tarifs en vigueur au 15\/02\/2024 Soins de R\u00e9flexologie,\u00a0Shiatsuou\u00a0Shiatsu assis (Amma) :Une heure : 70 \u20ac30 minutes : 40 \u20acSoins de Kobido :1 soin\u00a0 \u00a0:\u00a0 \u00a0 80\u20ac3 soins\u00a0 \u00a0:\u00a0 \u00a0 230\u20ac5 soins\u00a0 \u00a0 :\u00a0 \u00a0 380\u20ac10 soins\u00a0 \u00a0:\u00a0 \u00a0 720\u20acShiatsu assis en entreprise \u00e0 Nantes\u00a0: me consulter\u2026","rel":"","context":"Article similaire","block_context":{"text":"Article similaire","link":""},"img":{"alt_text":"","src":"","width":0,"height":0},"classes":[]},{"id":110,"url":"https:\/\/reflexologie-shiatsu-nantes.fr\/index.php\/carte-cadeau\/","url_meta":{"origin":98,"position":3},"title":"Carte cadeau","author":"Claire Cottais","date":"3 juillet 2017","format":false,"excerpt":"Un cadeau pour vous ou un de vos proches Offrir ou s\u2019offrir une parenth\u00e8se ressour\u00e7ante \u00e0 Nantes\u00a0gr\u00e2ce \u00e0 une carte cadeau\u00a0?\u00a0Un soin de R\u00e9flexologie ,\u00a0\u00a0Shiatsu\u00a0ou Kobido est une opportunit\u00e9 pour se d\u00e9tendre, d\u00e9poser un instant son quotidien et aussi prendre soin de soi tout en douceur.\u00a0A r\u00e9ception de votre paiement,\u2026","rel":"","context":"Article similaire","block_context":{"text":"Article similaire","link":""},"img":{"alt_text":"","src":"","width":0,"height":0},"classes":[]},{"id":104,"url":"https:\/\/reflexologie-shiatsu-nantes.fr\/index.php\/pyscho-energetique\/","url_meta":{"origin":98,"position":4},"title":"Pyscho \u00e9nerg\u00e9tique","author":"Claire Cottais","date":"3 juillet 2017","format":false,"excerpt":"La psycho \u00e9nerg\u00e9tique La psycho \u00e9nerg\u00e9tique a \u00e9t\u00e9 cr\u00e9\u00e9e et enseign\u00e9e par Michel Odoul, auteur de \"Dis-moi o\u00f9 tu as mal, je te dirai pourquoi\". Celle-ci\u00a0\u00e9tablit les relations existantes entre le corps et l\u2019esprit. Aussi, elle se r\u00e9f\u00e8re aussi \u00e0 la M\u00e9decine Traditionnelle Chinoise et \u00e0 la psychologie occidentale.\u00a0 La\u2026","rel":"","context":"Article similaire","block_context":{"text":"Article similaire","link":""},"img":{"alt_text":"","src":"https:\/\/i0.wp.com\/reflexologie-shiatsu-nantes.fr\/wp-content\/uploads\/2017\/07\/pexels-photo-201122-300x200.jpeg?resize=350%2C200","width":350,"height":200},"classes":[]},{"id":323,"url":"https:\/\/reflexologie-shiatsu-nantes.fr\/index.php\/la-reflexologie\/","url_meta":{"origin":98,"position":5},"title":"Les r\u00e9flexologies","author":"Claire Cottais","date":"13 juillet 2017","format":false,"excerpt":"La r\u00e9flexologie sud-africaine, dite \u00ab\u00a0douce\u00a0\u00bb ou \u00ab\u00a0m\u00e9tamorphique\u00a0\u00bb La\u00a0r\u00e9flexologie\u00a0sud-africaine est\u00a0cr\u00e9\u00e9e par Chris Stormer dans les ann\u00e9es 80. Elle se d\u00e9marque par la qualit\u00e9 de finesse de son toucher particuli\u00e8rement doux et indolore. Aussi, elle agit notamment sur le champ \u00e9motionnel par le biais des syst\u00e8mes nerveux (central et autonome) et endocrinien\u2026","rel":"","context":"Article similaire","block_context":{"text":"Article similaire","link":""},"img":{"alt_text":"","src":"","width":0,"height":0},"classes":[]}],"_links":{"self":[{"href":"https:\/\/reflexologie-shiatsu-nantes.fr\/index.php\/wp-json\/wp\/v2\/pages\/98"}],"collection":[{"href":"https:\/\/reflexologie-shiatsu-nantes.fr\/index.php\/wp-json\/wp\/v2\/pages"}],"about":[{"href":"https:\/\/reflexologie-shiatsu-nantes.fr\/index.php\/wp-json\/wp\/v2\/types\/page"}],"author":[{"embeddable":true,"href":"https:\/\/reflexologie-shiatsu-nantes.fr\/index.php\/wp-json\/wp\/v2\/users\/2"}],"replies":[{"embeddable":true,"href":"https:\/\/reflexologie-shiatsu-nantes.fr\/index.php\/wp-json\/wp\/v2\/comments?post=98"}],"version-history":[{"count":6,"href":"https:\/\/reflexologie-shiatsu-nantes.fr\/index.php\/wp-json\/wp\/v2\/pages\/98\/revisions"}],"predecessor-version":[{"id":446,"href":"https:\/\/reflexologie-shiatsu-nantes.fr\/index.php\/wp-json\/wp\/v2\/pages\/98\/revisions\/446"}],"wp:attachment":[{"href":"https:\/\/reflexologie-shiatsu-nantes.fr\/index.php\/wp-json\/wp\/v2\/media?parent=98"}],"curies":[{"name":"wp","href":"https:\/\/api.w.org\/{rel}","templated":true}]}}