{"id":90,"date":"2017-07-03T16:11:39","date_gmt":"2017-07-03T14:11:39","guid":{"rendered":"http:\/\/reflexologie-shiatsu-nantes.fr\/?page_id=90"},"modified":"2020-10-25T20:52:25","modified_gmt":"2020-10-25T19:52:25","slug":"approches-complementaires","status":"publish","type":"page","link":"https:\/\/reflexologie-shiatsu-nantes.fr\/index.php\/approches-complementaires\/","title":{"rendered":"Autres pratiques"},"content":{"rendered":"<div id=\"dslc-theme-content\"><div id=\"dslc-theme-content-inner\"><div class=\"pbs-main-wrapper\"><h4>Mes autres pratiques<\/h4>\n<p>Ici, je vous conseille sur la <a href=\"http:\/\/reflexologie-shiatsu-nantes.fr\/index.php\/pyscho-energetique\/\"><strong>Psycho. Energ\u00e9tique<\/strong><\/a>, la <a href=\"http:\/\/reflexologie-shiatsu-nantes.fr\/index.php\/dietetique-chinoise\/\"><strong>Di\u00e9t\u00e9tique Energ\u00e9tique Chinoise<\/strong><\/a>, les <a href=\"http:\/\/reflexologie-shiatsu-nantes.fr\/index.php\/huiles-essentielles\/\"><strong>Huiles Essentielles<\/strong><\/a>&nbsp;et le <a href=\"http:\/\/reflexologie-shiatsu-nantes.fr\/index.php\/do-in\/\"><strong>Do In<\/strong><\/a>. Ces diff\u00e9rentes techniques vous aideront \u00e0 retrouver un <strong>\u00e9quilibre int\u00e9rieur<\/strong>. Aussi, n&#8217;h\u00e9sitez pas \u00e0 les d\u00e9couvrir en cliquant sur les liens.<\/p>\n<\/div><\/div><\/div>","protected":false},"excerpt":{"rendered":"<p>Mes autres pratiques Ici, je vous conseille sur la Psycho. Energ\u00e9tique, la Di\u00e9t\u00e9tique Energ\u00e9tique Chinoise, les Huiles Essentielles&nbsp;et le Do In. Ces diff\u00e9rentes techniques vous aideront \u00e0 retrouver un \u00e9quilibre int\u00e9rieur. Aussi, n&#8217;h\u00e9sitez pas \u00e0 les d\u00e9couvrir en cliquant sur les liens.<\/p>\n","protected":false},"author":2,"featured_media":0,"parent":0,"menu_order":0,"comment_status":"closed","ping_status":"closed","template":"","meta":{"jetpack_post_was_ever_published":false,"footnotes":""},"yoast_head":"<!-- This site is optimized with the Yoast SEO plugin v21.7 - https:\/\/yoast.com\/wordpress\/plugins\/seo\/ -->\n<title>Autres pratiques - R\u00e9flexologie, Shiatsu et Kobido \u00e0 Nantes<\/title>\n<meta name=\"robots\" content=\"index, follow, max-snippet:-1, max-image-preview:large, max-video-preview:-1\" \/>\n<link rel=\"canonical\" href=\"https:\/\/reflexologie-shiatsu-nantes.fr\/index.php\/approches-complementaires\/\" \/>\n<meta property=\"og:locale\" content=\"fr_FR\" \/>\n<meta property=\"og:type\" content=\"article\" \/>\n<meta property=\"og:title\" content=\"Autres pratiques - R\u00e9flexologie, Shiatsu et Kobido \u00e0 Nantes\" \/>\n<meta property=\"og:description\" content=\"Mes autres pratiques Ici, je vous conseille sur la Psycho. Energ\u00e9tique, la Di\u00e9t\u00e9tique Energ\u00e9tique Chinoise, les Huiles Essentielles&nbsp;et le Do In. Ces diff\u00e9rentes techniques vous aideront \u00e0 retrouver un \u00e9quilibre int\u00e9rieur. Aussi, n&#8217;h\u00e9sitez pas \u00e0 les d\u00e9couvrir en cliquant sur les liens.\" \/>\n<meta property=\"og:url\" content=\"https:\/\/reflexologie-shiatsu-nantes.fr\/index.php\/approches-complementaires\/\" \/>\n<meta property=\"og:site_name\" content=\"R\u00e9flexologie, Shiatsu et Kobido \u00e0 Nantes\" \/>\n<meta property=\"article:modified_time\" content=\"2020-10-25T19:52:25+00:00\" \/>\n<meta name=\"twitter:card\" content=\"summary_large_image\" \/>\n<script type=\"application\/ld+json\" class=\"yoast-schema-graph\">{\"@context\":\"https:\/\/schema.org\",\"@graph\":[{\"@type\":\"WebPage\",\"@id\":\"https:\/\/reflexologie-shiatsu-nantes.fr\/index.php\/approches-complementaires\/\",\"url\":\"https:\/\/reflexologie-shiatsu-nantes.fr\/index.php\/approches-complementaires\/\",\"name\":\"Autres pratiques - R\u00e9flexologie, Shiatsu et Kobido \u00e0 Nantes\",\"isPartOf\":{\"@id\":\"https:\/\/reflexologie-shiatsu-nantes.fr\/#website\"},\"datePublished\":\"2017-07-03T14:11:39+00:00\",\"dateModified\":\"2020-10-25T19:52:25+00:00\",\"breadcrumb\":{\"@id\":\"https:\/\/reflexologie-shiatsu-nantes.fr\/index.php\/approches-complementaires\/#breadcrumb\"},\"inLanguage\":\"fr-FR\",\"potentialAction\":[{\"@type\":\"ReadAction\",\"target\":[\"https:\/\/reflexologie-shiatsu-nantes.fr\/index.php\/approches-complementaires\/\"]}]},{\"@type\":\"BreadcrumbList\",\"@id\":\"https:\/\/reflexologie-shiatsu-nantes.fr\/index.php\/approches-complementaires\/#breadcrumb\",\"itemListElement\":[{\"@type\":\"ListItem\",\"position\":1,\"name\":\"Accueil\",\"item\":\"https:\/\/reflexologie-shiatsu-nantes.fr\/\"},{\"@type\":\"ListItem\",\"position\":2,\"name\":\"Autres pratiques\"}]},{\"@type\":\"WebSite\",\"@id\":\"https:\/\/reflexologie-shiatsu-nantes.fr\/#website\",\"url\":\"https:\/\/reflexologie-shiatsu-nantes.fr\/\",\"name\":\"R\u00e9flexologie, Shiatsu et Kobido \u00e0 Nantes\",\"description\":\"Bienvenue\",\"potentialAction\":[{\"@type\":\"SearchAction\",\"target\":{\"@type\":\"EntryPoint\",\"urlTemplate\":\"https:\/\/reflexologie-shiatsu-nantes.fr\/?s={search_term_string}\"},\"query-input\":\"required name=search_term_string\"}],\"inLanguage\":\"fr-FR\"}]}<\/script>\n<!-- \/ Yoast SEO plugin. -->","yoast_head_json":{"title":"Autres pratiques - R\u00e9flexologie, Shiatsu et Kobido \u00e0 Nantes","robots":{"index":"index","follow":"follow","max-snippet":"max-snippet:-1","max-image-preview":"max-image-preview:large","max-video-preview":"max-video-preview:-1"},"canonical":"https:\/\/reflexologie-shiatsu-nantes.fr\/index.php\/approches-complementaires\/","og_locale":"fr_FR","og_type":"article","og_title":"Autres pratiques - R\u00e9flexologie, Shiatsu et Kobido \u00e0 Nantes","og_description":"Mes autres pratiques Ici, je vous conseille sur la Psycho. Energ\u00e9tique, la Di\u00e9t\u00e9tique Energ\u00e9tique Chinoise, les Huiles Essentielles&nbsp;et le Do In. Ces diff\u00e9rentes techniques vous aideront \u00e0 retrouver un \u00e9quilibre int\u00e9rieur. Aussi, n&#8217;h\u00e9sitez pas \u00e0 les d\u00e9couvrir en cliquant sur les liens.","og_url":"https:\/\/reflexologie-shiatsu-nantes.fr\/index.php\/approches-complementaires\/","og_site_name":"R\u00e9flexologie, Shiatsu et Kobido \u00e0 Nantes","article_modified_time":"2020-10-25T19:52:25+00:00","twitter_card":"summary_large_image","schema":{"@context":"https:\/\/schema.org","@graph":[{"@type":"WebPage","@id":"https:\/\/reflexologie-shiatsu-nantes.fr\/index.php\/approches-complementaires\/","url":"https:\/\/reflexologie-shiatsu-nantes.fr\/index.php\/approches-complementaires\/","name":"Autres pratiques - R\u00e9flexologie, Shiatsu et Kobido \u00e0 Nantes","isPartOf":{"@id":"https:\/\/reflexologie-shiatsu-nantes.fr\/#website"},"datePublished":"2017-07-03T14:11:39+00:00","dateModified":"2020-10-25T19:52:25+00:00","breadcrumb":{"@id":"https:\/\/reflexologie-shiatsu-nantes.fr\/index.php\/approches-complementaires\/#breadcrumb"},"inLanguage":"fr-FR","potentialAction":[{"@type":"ReadAction","target":["https:\/\/reflexologie-shiatsu-nantes.fr\/index.php\/approches-complementaires\/"]}]},{"@type":"BreadcrumbList","@id":"https:\/\/reflexologie-shiatsu-nantes.fr\/index.php\/approches-complementaires\/#breadcrumb","itemListElement":[{"@type":"ListItem","position":1,"name":"Accueil","item":"https:\/\/reflexologie-shiatsu-nantes.fr\/"},{"@type":"ListItem","position":2,"name":"Autres pratiques"}]},{"@type":"WebSite","@id":"https:\/\/reflexologie-shiatsu-nantes.fr\/#website","url":"https:\/\/reflexologie-shiatsu-nantes.fr\/","name":"R\u00e9flexologie, Shiatsu et Kobido \u00e0 Nantes","description":"Bienvenue","potentialAction":[{"@type":"SearchAction","target":{"@type":"EntryPoint","urlTemplate":"https:\/\/reflexologie-shiatsu-nantes.fr\/?s={search_term_string}"},"query-input":"required name=search_term_string"}],"inLanguage":"fr-FR"}]}},"jetpack_sharing_enabled":true,"jetpack_shortlink":"https:\/\/wp.me\/P8fx45-1s","jetpack-related-posts":[{"id":106,"url":"https:\/\/reflexologie-shiatsu-nantes.fr\/index.php\/dietetique-chinoise\/","url_meta":{"origin":90,"position":0},"title":"Di\u00e9t\u00e9tique \u00e9nerg\u00e9tique chinoise","author":"Claire Cottais","date":"3 juillet 2017","format":false,"excerpt":"La Di\u00e9t\u00e9tique Energ\u00e9tique Chinoise, dite du \u00ab\u00a0juste milieu\u00a0\u00bb Avoir une alimentation \u00e9quilibr\u00e9e fait partie int\u00e9grante d\u2019une d\u00e9marche hygi\u00e9niste de pr\u00e9servation et de conservation de l\u2019\u00e9tat de sant\u00e9.Face \u00e0 la profusion d\u2019informations contradictoires sur le sujet, il n\u2019est pas toujours ais\u00e9 de s\u2019y retrouver. Je vous propose des conseils pratiques, simples,\u2026","rel":"","context":"Article similaire","block_context":{"text":"Article similaire","link":""},"img":{"alt_text":"","src":"","width":0,"height":0},"classes":[]},{"id":104,"url":"https:\/\/reflexologie-shiatsu-nantes.fr\/index.php\/pyscho-energetique\/","url_meta":{"origin":90,"position":1},"title":"Pyscho \u00e9nerg\u00e9tique","author":"Claire Cottais","date":"3 juillet 2017","format":false,"excerpt":"La psycho \u00e9nerg\u00e9tique La psycho \u00e9nerg\u00e9tique a \u00e9t\u00e9 cr\u00e9\u00e9e et enseign\u00e9e par Michel Odoul, auteur de \"Dis-moi o\u00f9 tu as mal, je te dirai pourquoi\". Celle-ci\u00a0\u00e9tablit les relations existantes entre le corps et l\u2019esprit. Aussi, elle se r\u00e9f\u00e8re aussi \u00e0 la M\u00e9decine Traditionnelle Chinoise et \u00e0 la psychologie occidentale.\u00a0 La\u2026","rel":"","context":"Article similaire","block_context":{"text":"Article similaire","link":""},"img":{"alt_text":"","src":"https:\/\/i0.wp.com\/reflexologie-shiatsu-nantes.fr\/wp-content\/uploads\/2017\/07\/pexels-photo-201122-300x200.jpeg?resize=350%2C200","width":350,"height":200},"classes":[]},{"id":98,"url":"https:\/\/reflexologie-shiatsu-nantes.fr\/index.php\/la-seance-de-shiatsu\/","url_meta":{"origin":90,"position":2},"title":"Votre s\u00e9ance","author":"Claire Cottais","date":"3 juillet 2017","format":false,"excerpt":"La s\u00e9ance de Shiatsu Un entretien pr\u00e9alable vise \u00e0 d\u00e9cider du soin ad\u00e9quat ax\u00e9 sur la demande de la personne et du 1er bilan \u00e9nerg\u00e9tique effectu\u00e9 durant la s\u00e9ance de Shiatsu.\u00a0Puis, le receveur s\u2019allonge au sol sur un tatami. Il est v\u00eatu d\u2019habits amples pour un soin de confort ou\u2026","rel":"","context":"Article similaire","block_context":{"text":"Article similaire","link":""},"img":{"alt_text":"","src":"","width":0,"height":0},"classes":[]},{"id":136,"url":"https:\/\/reflexologie-shiatsu-nantes.fr\/index.php\/liens-bibliographie\/","url_meta":{"origin":90,"position":3},"title":"Liens | Bibliographie","author":"Claire Cottais","date":"3 juillet 2017","format":false,"excerpt":"Liens Institut Fran\u00e7ais de Shiatsu\u00a0:http:\/\/www.shiatsu-institut.fr\/ Institut Fran\u00e7ais de R\u00e9flexologie :\u00a0http:\/\/www.reflexologie-institut.fr\/ Site de Jean P\u00e9lissier :\u00a0http:\/\/www.jeanpelissier.com\/ Pour apprendre l\u2019usage respectueux et responsable des Huiles Essentielles : https:\/\/pro.biosante-editions.fr\/p\/MHE01\/WMHET302\/?h=true Bibliographie Quelques ouvrages non exhaustifs pour approfondir l\u2019essence des disciplines propos\u00e9es : R\u00e9flexologie : Le guide des r\u00e9flexologies, Eske Miles (ed. Albin Michel) Psycho-\u00e9nerg\u00e9tique\u2026","rel":"","context":"Article similaire","block_context":{"text":"Article similaire","link":""},"img":{"alt_text":"","src":"","width":0,"height":0},"classes":[]},{"id":72,"url":"https:\/\/reflexologie-shiatsu-nantes.fr\/index.php\/praticienne\/","url_meta":{"origin":90,"position":4},"title":"Praticienne","author":"Claire Cottais","date":"3 juillet 2017","format":false,"excerpt":"La Praticienne Dipl\u00f4m\u00e9e : De L\u2019Institut Fran\u00e7ais de Shiatsu et de Psychologie Corporelle Appliqu\u00e9e (cr\u00e9\u00e9 et dirig\u00e9 par Michel Odoul) - Praticien Shiatsu de Confort De l\u2019Institut Fran\u00e7ais de R\u00e9flexologie (d\u00e9partement le l\u2019IFS) - Praticien de Confort en R\u00e9flexologie Plantaire Assistante de formation et praticienne r\u00e9f\u00e9renc\u00e9e \u00e0 l\u2019IFS et l\u2019IFR\u2026","rel":"","context":"Article similaire","block_context":{"text":"Article similaire","link":""},"img":{"alt_text":"","src":"https:\/\/i0.wp.com\/reflexologie-shiatsu-nantes.fr\/wp-content\/uploads\/2017\/07\/praticienne-reflexologie-shiatsu-nantes-200x300.jpg?resize=350%2C200","width":350,"height":200},"classes":[]},{"id":323,"url":"https:\/\/reflexologie-shiatsu-nantes.fr\/index.php\/la-reflexologie\/","url_meta":{"origin":90,"position":5},"title":"Les r\u00e9flexologies","author":"Claire Cottais","date":"13 juillet 2017","format":false,"excerpt":"La r\u00e9flexologie sud-africaine, dite \u00ab\u00a0douce\u00a0\u00bb ou \u00ab\u00a0m\u00e9tamorphique\u00a0\u00bb La\u00a0r\u00e9flexologie\u00a0sud-africaine est\u00a0cr\u00e9\u00e9e par Chris Stormer dans les ann\u00e9es 80. Elle se d\u00e9marque par la qualit\u00e9 de finesse de son toucher particuli\u00e8rement doux et indolore. Aussi, elle agit notamment sur le champ \u00e9motionnel par le biais des syst\u00e8mes nerveux (central et autonome) et endocrinien\u2026","rel":"","context":"Article similaire","block_context":{"text":"Article similaire","link":""},"img":{"alt_text":"","src":"","width":0,"height":0},"classes":[]}],"_links":{"self":[{"href":"https:\/\/reflexologie-shiatsu-nantes.fr\/index.php\/wp-json\/wp\/v2\/pages\/90"}],"collection":[{"href":"https:\/\/reflexologie-shiatsu-nantes.fr\/index.php\/wp-json\/wp\/v2\/pages"}],"about":[{"href":"https:\/\/reflexologie-shiatsu-nantes.fr\/index.php\/wp-json\/wp\/v2\/types\/page"}],"author":[{"embeddable":true,"href":"https:\/\/reflexologie-shiatsu-nantes.fr\/index.php\/wp-json\/wp\/v2\/users\/2"}],"replies":[{"embeddable":true,"href":"https:\/\/reflexologie-shiatsu-nantes.fr\/index.php\/wp-json\/wp\/v2\/comments?post=90"}],"version-history":[{"count":6,"href":"https:\/\/reflexologie-shiatsu-nantes.fr\/index.php\/wp-json\/wp\/v2\/pages\/90\/revisions"}],"predecessor-version":[{"id":723,"href":"https:\/\/reflexologie-shiatsu-nantes.fr\/index.php\/wp-json\/wp\/v2\/pages\/90\/revisions\/723"}],"wp:attachment":[{"href":"https:\/\/reflexologie-shiatsu-nantes.fr\/index.php\/wp-json\/wp\/v2\/media?parent=90"}],"curies":[{"name":"wp","href":"https:\/\/api.w.org\/{rel}","templated":true}]}}