{"id":72,"date":"2017-07-03T16:13:02","date_gmt":"2017-07-03T14:13:02","guid":{"rendered":"http:\/\/reflexologie-shiatsu-nantes.fr\/?page_id=72"},"modified":"2019-10-21T06:15:53","modified_gmt":"2019-10-21T04:15:53","slug":"praticienne","status":"publish","type":"page","link":"https:\/\/reflexologie-shiatsu-nantes.fr\/index.php\/praticienne\/","title":{"rendered":"Praticienne"},"content":{"rendered":"<div id=\"dslc-theme-content\"><div id=\"dslc-theme-content-inner\">\t\t<div data-elementor-type=\"wp-page\" data-elementor-id=\"72\" class=\"elementor elementor-72\">\n\t\t\t\t\t\t\t\t\t<section class=\"elementor-section elementor-top-section elementor-element elementor-element-wcgijut elementor-section-boxed elementor-section-height-default elementor-section-height-default\" data-id=\"wcgijut\" data-element_type=\"section\">\n\t\t\t\t\t\t<div class=\"elementor-container elementor-column-gap-default\">\n\t\t\t\t\t<div class=\"elementor-column elementor-col-100 elementor-top-column elementor-element elementor-element-vhboszf\" data-id=\"vhboszf\" data-element_type=\"column\">\n\t\t\t<div class=\"elementor-widget-wrap elementor-element-populated\">\n\t\t\t\t\t\t\t\t<div class=\"elementor-element elementor-element-rowte1t elementor-widget elementor-widget-heading\" data-id=\"rowte1t\" data-element_type=\"widget\" data-widget_type=\"heading.default\">\n\t\t\t\t<div class=\"elementor-widget-container\">\n\t\t\t<h3 class=\"elementor-heading-title elementor-size-default\">La Praticienne<\/h3>\t\t<\/div>\n\t\t\t\t<\/div>\n\t\t\t\t<div class=\"elementor-element elementor-element-ndlsqes elementor-widget elementor-widget-text-editor\" data-id=\"ndlsqes\" data-element_type=\"widget\" data-widget_type=\"text-editor.default\">\n\t\t\t\t<div class=\"elementor-widget-container\">\n\t\t\t\t\t\t\t<h4>Dipl\u00f4m\u00e9e :<\/h4><ul><li><span class=\"s2\">De L\u2019<a href=\"https:\/\/www.shiatsu-institut.fr\/\"><strong>Institut Fran\u00e7ais de Shiatsu<\/strong><\/a> et de Psychologie Corporelle Appliqu\u00e9e (cr\u00e9\u00e9 et dirig\u00e9 par <strong>Michel Odoul<\/strong>) &#8211; Praticien <strong>Shiatsu<\/strong> de Confort<\/span><\/li><\/ul><ul class=\"ul1\"><li class=\"li1\"><span class=\"s2\">De l\u2019<a href=\"http:\/\/www.reflexologie-institut.fr\/\">Institut Fran\u00e7ais de <strong>R\u00e9flexologie<\/strong><\/a> (d\u00e9partement le l\u2019IFS) &#8211; Praticien de Confort en <strong>R\u00e9flexologie Plantaire<\/strong><\/span><\/li><li class=\"li1\"><span class=\"s2\">Assistante de formation et <em>praticienne<\/em> r\u00e9f\u00e9renc\u00e9e \u00e0 l\u2019IFS et l\u2019IFR<\/span><\/li><\/ul>\t\t\t\t\t\t<\/div>\n\t\t\t\t<\/div>\n\t\t\t\t\t<\/div>\n\t\t<\/div>\n\t\t\t\t\t\t\t<\/div>\n\t\t<\/section>\n\t\t\t\t<section class=\"elementor-section elementor-top-section elementor-element elementor-element-25f02o7 elementor-section-boxed elementor-section-height-default elementor-section-height-default\" data-id=\"25f02o7\" data-element_type=\"section\">\n\t\t\t\t\t\t<div class=\"elementor-container elementor-column-gap-default\">\n\t\t\t\t\t<div class=\"elementor-column elementor-col-100 elementor-top-column elementor-element elementor-element-7n8n3l7\" data-id=\"7n8n3l7\" data-element_type=\"column\">\n\t\t\t<div class=\"elementor-widget-wrap elementor-element-populated\">\n\t\t\t\t\t\t\t\t<div class=\"elementor-element elementor-element-lg5tmll elementor-widget-divider--view-line elementor-widget elementor-widget-divider\" data-id=\"lg5tmll\" data-element_type=\"widget\" data-widget_type=\"divider.default\">\n\t\t\t\t<div class=\"elementor-widget-container\">\n\t\t\t\t\t<div class=\"elementor-divider\">\n\t\t\t<span class=\"elementor-divider-separator\">\n\t\t\t\t\t\t<\/span>\n\t\t<\/div>\n\t\t\t\t<\/div>\n\t\t\t\t<\/div>\n\t\t\t\t<div class=\"elementor-element elementor-element-75pe5en elementor-widget elementor-widget-text-editor\" data-id=\"75pe5en\" data-element_type=\"widget\" data-widget_type=\"text-editor.default\">\n\t\t\t\t<div class=\"elementor-widget-container\">\n\t\t\t\t\t\t\t<h4>Formation :<\/h4><ul><li class=\"p1\"><span class=\"s2\"><strong>Psycho-\u00e9nerg\u00e9tique<\/strong>, Psychologie Corporelle Appliqu\u00e9e : form\u00e9e par <strong>Michel Odoul<\/strong><\/span><\/li><\/ul><ul><li class=\"p1\"><span class=\"s2\"><strong>Shiatsu<\/strong> : confort\/th\u00e9rapeutique (au sol) : form\u00e9e par Bertrand Caillet<\/span><\/li><\/ul><ul><li class=\"p1\"><span class=\"s2\"><strong>Amma<\/strong> (assis) : form\u00e9e par Jacques Blanc<\/span><\/li><\/ul><ul><li class=\"p1\"><span class=\"s2\">Anatomie, Physio-pathologie : form\u00e9e par David Sayag<\/span><\/li><\/ul><ul><li class=\"p1\"><span class=\"s2\"><strong>R\u00e9flexologie<\/strong> : <strong>plantaire<\/strong> (sud-africaine, orientale, podo-<strong>r\u00e9flexologie<\/strong> appliqu\u00e9e), palmaire, faciale (Dien Cham), : form\u00e9e par Elske Miles<\/span><\/li><\/ul><ul><li class=\"p1\"><span class=\"s2\"><strong>Aromath\u00e9rapie<\/strong>, <strong>phyto-\u00e9nerg\u00e9tique<\/strong>, olfacto-th\u00e9rapie : form\u00e9e par Elske Miles<\/span><\/li><\/ul><ul><li class=\"p1\"><span class=\"s2\"><strong>Do in<\/strong> (auto-massage), Kototama Futomani (m\u00e9ditation vibratoire) : form\u00e9e par Ludovic Charton<\/span><\/li><li class=\"p1\"><span class=\"s2\">La<strong> di\u00e9t\u00e9tique \u00e9nerg\u00e9tique chinoise<\/strong> : form\u00e9e par Jean P\u00e9lissier<\/span><\/li><\/ul>\t\t\t\t\t\t<\/div>\n\t\t\t\t<\/div>\n\t\t\t\t\t<\/div>\n\t\t<\/div>\n\t\t\t\t\t\t\t<\/div>\n\t\t<\/section>\n\t\t\t\t<section class=\"elementor-section elementor-top-section elementor-element elementor-element-a3z6rr7 elementor-section-boxed elementor-section-height-default elementor-section-height-default\" data-id=\"a3z6rr7\" data-element_type=\"section\">\n\t\t\t\t\t\t<div class=\"elementor-container elementor-column-gap-default\">\n\t\t\t\t\t<div class=\"elementor-column elementor-col-100 elementor-top-column elementor-element elementor-element-hrz0138\" data-id=\"hrz0138\" data-element_type=\"column\">\n\t\t\t<div class=\"elementor-widget-wrap elementor-element-populated\">\n\t\t\t\t\t\t\t\t<div class=\"elementor-element elementor-element-940aumv elementor-widget elementor-widget-image\" data-id=\"940aumv\" data-element_type=\"widget\" data-widget_type=\"image.default\">\n\t\t\t\t<div class=\"elementor-widget-container\">\n\t\t\t\t\t\t\t\t\t\t\t\t\t\t\t<img fetchpriority=\"high\" decoding=\"async\" data-attachment-id=\"231\" data-permalink=\"https:\/\/reflexologie-shiatsu-nantes.fr\/praticienne-reflexologie-shiatsu-nantes\/\" data-orig-file=\"https:\/\/i0.wp.com\/reflexologie-shiatsu-nantes.fr\/wp-content\/uploads\/2017\/07\/praticienne-reflexologie-shiatsu-nantes.jpg?fit=3456%2C5184&amp;ssl=1\" data-orig-size=\"3456,5184\" data-comments-opened=\"0\" data-image-meta=\"{&quot;aperture&quot;:&quot;4.5&quot;,&quot;credit&quot;:&quot;Benoit Fauvet&quot;,&quot;camera&quot;:&quot;Canon EOS 600D&quot;,&quot;caption&quot;:&quot;&quot;,&quot;created_timestamp&quot;:&quot;1482772192&quot;,&quot;copyright&quot;:&quot;&quot;,&quot;focal_length&quot;:&quot;33&quot;,&quot;iso&quot;:&quot;400&quot;,&quot;shutter_speed&quot;:&quot;0.025&quot;,&quot;title&quot;:&quot;&quot;,&quot;orientation&quot;:&quot;0&quot;}\" data-image-title=\"praticienne-reflexologie-shiatsu-nantes\" data-image-description=\"\" data-image-caption=\"\" data-medium-file=\"https:\/\/i0.wp.com\/reflexologie-shiatsu-nantes.fr\/wp-content\/uploads\/2017\/07\/praticienne-reflexologie-shiatsu-nantes.jpg?fit=200%2C300&amp;ssl=1\" data-large-file=\"https:\/\/i0.wp.com\/reflexologie-shiatsu-nantes.fr\/wp-content\/uploads\/2017\/07\/praticienne-reflexologie-shiatsu-nantes.jpg?fit=683%2C1024&amp;ssl=1\" width=\"200\" height=\"300\" src=\"https:\/\/i0.wp.com\/reflexologie-shiatsu-nantes.fr\/wp-content\/uploads\/2017\/07\/praticienne-reflexologie-shiatsu-nantes.jpg?fit=200%2C300&amp;ssl=1\" class=\"attachment-medium size-medium wp-image-231\" alt=\"\" srcset=\"https:\/\/i0.wp.com\/reflexologie-shiatsu-nantes.fr\/wp-content\/uploads\/2017\/07\/praticienne-reflexologie-shiatsu-nantes.jpg?w=3456&amp;ssl=1 3456w, https:\/\/i0.wp.com\/reflexologie-shiatsu-nantes.fr\/wp-content\/uploads\/2017\/07\/praticienne-reflexologie-shiatsu-nantes.jpg?resize=200%2C300&amp;ssl=1 200w, https:\/\/i0.wp.com\/reflexologie-shiatsu-nantes.fr\/wp-content\/uploads\/2017\/07\/praticienne-reflexologie-shiatsu-nantes.jpg?resize=768%2C1152&amp;ssl=1 768w, https:\/\/i0.wp.com\/reflexologie-shiatsu-nantes.fr\/wp-content\/uploads\/2017\/07\/praticienne-reflexologie-shiatsu-nantes.jpg?resize=683%2C1024&amp;ssl=1 683w, https:\/\/i0.wp.com\/reflexologie-shiatsu-nantes.fr\/wp-content\/uploads\/2017\/07\/praticienne-reflexologie-shiatsu-nantes.jpg?w=1460&amp;ssl=1 1460w, https:\/\/i0.wp.com\/reflexologie-shiatsu-nantes.fr\/wp-content\/uploads\/2017\/07\/praticienne-reflexologie-shiatsu-nantes.jpg?w=2190&amp;ssl=1 2190w\" sizes=\"(max-width: 200px) 100vw, 200px\" \/>\t\t\t\t\t\t\t\t\t\t\t\t\t\t\t<\/div>\n\t\t\t\t<\/div>\n\t\t\t\t\t<\/div>\n\t\t<\/div>\n\t\t\t\t\t\t\t<\/div>\n\t\t<\/section>\n\t\t\t\t<section class=\"elementor-section elementor-top-section elementor-element elementor-element-1ik3k4c elementor-section-boxed elementor-section-height-default elementor-section-height-default\" data-id=\"1ik3k4c\" data-element_type=\"section\">\n\t\t\t\t\t\t<div class=\"elementor-container elementor-column-gap-default\">\n\t\t\t\t\t<div class=\"elementor-column elementor-col-100 elementor-top-column elementor-element elementor-element-fppmq6i\" data-id=\"fppmq6i\" data-element_type=\"column\">\n\t\t\t<div class=\"elementor-widget-wrap elementor-element-populated\">\n\t\t\t\t\t\t\t\t<div class=\"elementor-element elementor-element-6a2h23v elementor-widget elementor-widget-text-editor\" data-id=\"6a2h23v\" data-element_type=\"widget\" data-widget_type=\"text-editor.default\">\n\t\t\t\t<div class=\"elementor-widget-container\">\n\t\t\t\t\t\t\t<p><span class=\"s2\">Je pratique le Misogi, le Kototama, la M\u00e9ditation, le Qi gong et la marche et<\/span><span class=\"s2\">\u00a0je suis titulaire d\u2019une assurance responsabilit\u00e9 civile professionnelle.<\/span><\/p>\t\t\t\t\t\t<\/div>\n\t\t\t\t<\/div>\n\t\t\t\t\t<\/div>\n\t\t<\/div>\n\t\t\t\t\t\t\t<\/div>\n\t\t<\/section>\n\t\t\t\t\t\t\t<\/div>\n\t\t<\/div><\/div>","protected":false},"excerpt":{"rendered":"<p>La Praticienne Dipl\u00f4m\u00e9e : De L\u2019Institut Fran\u00e7ais de Shiatsu et de Psychologie Corporelle Appliqu\u00e9e (cr\u00e9\u00e9 et dirig\u00e9 par Michel Odoul) &#8211; Praticien Shiatsu de Confort De l\u2019Institut Fran\u00e7ais de R\u00e9flexologie (d\u00e9partement le l\u2019IFS) &#8211; Praticien de Confort en R\u00e9flexologie Plantaire Assistante de formation et praticienne r\u00e9f\u00e9renc\u00e9e \u00e0 l\u2019IFS et l\u2019IFR Formation : Psycho-\u00e9nerg\u00e9tique, Psychologie Corporelle<a class=\"moretag\" href=\"https:\/\/reflexologie-shiatsu-nantes.fr\/index.php\/praticienne\/\"><span class=\"screen-reader-text\">En savoir plus surPraticienne<\/span>[&#8230;]<\/a><\/p>\n","protected":false},"author":2,"featured_media":0,"parent":0,"menu_order":0,"comment_status":"closed","ping_status":"closed","template":"","meta":{"jetpack_post_was_ever_published":false,"footnotes":""},"yoast_head":"<!-- This site is optimized with the Yoast SEO plugin v21.7 - https:\/\/yoast.com\/wordpress\/plugins\/seo\/ -->\n<title>Pr\u00e9sentation de la Praticienne | R\u00e9flexologie et Shiatsu \u00e0 Nantes<\/title>\n<meta name=\"description\" content=\"En tant que praticienne, je suis dipl\u00f4m\u00e9e de l&#039;Institut Fran\u00e7ais de Shiatsu mais aussi celui de R\u00e9flexologie et form\u00e9e \u00e0 diff\u00e9rentes pratiques expos\u00e9es ici.\" \/>\n<meta name=\"robots\" content=\"index, follow, max-snippet:-1, max-image-preview:large, max-video-preview:-1\" \/>\n<link rel=\"canonical\" href=\"https:\/\/reflexologie-shiatsu-nantes.fr\/index.php\/praticienne\/\" \/>\n<meta property=\"og:locale\" content=\"fr_FR\" \/>\n<meta property=\"og:type\" content=\"article\" \/>\n<meta property=\"og:title\" content=\"Pr\u00e9sentation de la Praticienne | R\u00e9flexologie et Shiatsu \u00e0 Nantes\" \/>\n<meta property=\"og:description\" content=\"En tant que praticienne, je suis dipl\u00f4m\u00e9e de l&#039;Institut Fran\u00e7ais de Shiatsu mais aussi celui de R\u00e9flexologie et form\u00e9e \u00e0 diff\u00e9rentes pratiques expos\u00e9es ici.\" \/>\n<meta property=\"og:url\" content=\"https:\/\/reflexologie-shiatsu-nantes.fr\/index.php\/praticienne\/\" \/>\n<meta property=\"og:site_name\" content=\"R\u00e9flexologie, Shiatsu et Kobido \u00e0 Nantes\" \/>\n<meta property=\"article:modified_time\" content=\"2019-10-21T04:15:53+00:00\" \/>\n<meta property=\"og:image\" content=\"http:\/\/reflexologie-shiatsu-nantes.fr\/wp-content\/uploads\/2017\/07\/praticienne-reflexologie-shiatsu-nantes-200x300.jpg\" \/>\n<meta name=\"twitter:card\" content=\"summary_large_image\" \/>\n<meta name=\"twitter:label1\" content=\"Dur\u00e9e de lecture estim\u00e9e\" \/>\n\t<meta name=\"twitter:data1\" content=\"1 minute\" \/>\n<script type=\"application\/ld+json\" class=\"yoast-schema-graph\">{\"@context\":\"https:\/\/schema.org\",\"@graph\":[{\"@type\":\"WebPage\",\"@id\":\"https:\/\/reflexologie-shiatsu-nantes.fr\/index.php\/praticienne\/\",\"url\":\"https:\/\/reflexologie-shiatsu-nantes.fr\/index.php\/praticienne\/\",\"name\":\"Pr\u00e9sentation de la Praticienne | R\u00e9flexologie et Shiatsu \u00e0 Nantes\",\"isPartOf\":{\"@id\":\"https:\/\/reflexologie-shiatsu-nantes.fr\/#website\"},\"datePublished\":\"2017-07-03T14:13:02+00:00\",\"dateModified\":\"2019-10-21T04:15:53+00:00\",\"description\":\"En tant que praticienne, je suis dipl\u00f4m\u00e9e de l'Institut Fran\u00e7ais de Shiatsu mais aussi celui de R\u00e9flexologie et form\u00e9e \u00e0 diff\u00e9rentes pratiques expos\u00e9es ici.\",\"breadcrumb\":{\"@id\":\"https:\/\/reflexologie-shiatsu-nantes.fr\/index.php\/praticienne\/#breadcrumb\"},\"inLanguage\":\"fr-FR\",\"potentialAction\":[{\"@type\":\"ReadAction\",\"target\":[\"https:\/\/reflexologie-shiatsu-nantes.fr\/index.php\/praticienne\/\"]}]},{\"@type\":\"BreadcrumbList\",\"@id\":\"https:\/\/reflexologie-shiatsu-nantes.fr\/index.php\/praticienne\/#breadcrumb\",\"itemListElement\":[{\"@type\":\"ListItem\",\"position\":1,\"name\":\"Accueil\",\"item\":\"https:\/\/reflexologie-shiatsu-nantes.fr\/\"},{\"@type\":\"ListItem\",\"position\":2,\"name\":\"Praticienne\"}]},{\"@type\":\"WebSite\",\"@id\":\"https:\/\/reflexologie-shiatsu-nantes.fr\/#website\",\"url\":\"https:\/\/reflexologie-shiatsu-nantes.fr\/\",\"name\":\"R\u00e9flexologie, Shiatsu et Kobido \u00e0 Nantes\",\"description\":\"Bienvenue\",\"potentialAction\":[{\"@type\":\"SearchAction\",\"target\":{\"@type\":\"EntryPoint\",\"urlTemplate\":\"https:\/\/reflexologie-shiatsu-nantes.fr\/?s={search_term_string}\"},\"query-input\":\"required name=search_term_string\"}],\"inLanguage\":\"fr-FR\"}]}<\/script>\n<!-- \/ Yoast SEO plugin. -->","yoast_head_json":{"title":"Pr\u00e9sentation de la Praticienne | R\u00e9flexologie et Shiatsu \u00e0 Nantes","description":"En tant que praticienne, je suis dipl\u00f4m\u00e9e de l'Institut Fran\u00e7ais de Shiatsu mais aussi celui de R\u00e9flexologie et form\u00e9e \u00e0 diff\u00e9rentes pratiques expos\u00e9es ici.","robots":{"index":"index","follow":"follow","max-snippet":"max-snippet:-1","max-image-preview":"max-image-preview:large","max-video-preview":"max-video-preview:-1"},"canonical":"https:\/\/reflexologie-shiatsu-nantes.fr\/index.php\/praticienne\/","og_locale":"fr_FR","og_type":"article","og_title":"Pr\u00e9sentation de la Praticienne | R\u00e9flexologie et Shiatsu \u00e0 Nantes","og_description":"En tant que praticienne, je suis dipl\u00f4m\u00e9e de l'Institut Fran\u00e7ais de Shiatsu mais aussi celui de R\u00e9flexologie et form\u00e9e \u00e0 diff\u00e9rentes pratiques expos\u00e9es ici.","og_url":"https:\/\/reflexologie-shiatsu-nantes.fr\/index.php\/praticienne\/","og_site_name":"R\u00e9flexologie, Shiatsu et Kobido \u00e0 Nantes","article_modified_time":"2019-10-21T04:15:53+00:00","og_image":[{"url":"http:\/\/reflexologie-shiatsu-nantes.fr\/wp-content\/uploads\/2017\/07\/praticienne-reflexologie-shiatsu-nantes-200x300.jpg"}],"twitter_card":"summary_large_image","twitter_misc":{"Dur\u00e9e de lecture estim\u00e9e":"1 minute"},"schema":{"@context":"https:\/\/schema.org","@graph":[{"@type":"WebPage","@id":"https:\/\/reflexologie-shiatsu-nantes.fr\/index.php\/praticienne\/","url":"https:\/\/reflexologie-shiatsu-nantes.fr\/index.php\/praticienne\/","name":"Pr\u00e9sentation de la Praticienne | R\u00e9flexologie et Shiatsu \u00e0 Nantes","isPartOf":{"@id":"https:\/\/reflexologie-shiatsu-nantes.fr\/#website"},"datePublished":"2017-07-03T14:13:02+00:00","dateModified":"2019-10-21T04:15:53+00:00","description":"En tant que praticienne, je suis dipl\u00f4m\u00e9e de l'Institut Fran\u00e7ais de Shiatsu mais aussi celui de R\u00e9flexologie et form\u00e9e \u00e0 diff\u00e9rentes pratiques expos\u00e9es ici.","breadcrumb":{"@id":"https:\/\/reflexologie-shiatsu-nantes.fr\/index.php\/praticienne\/#breadcrumb"},"inLanguage":"fr-FR","potentialAction":[{"@type":"ReadAction","target":["https:\/\/reflexologie-shiatsu-nantes.fr\/index.php\/praticienne\/"]}]},{"@type":"BreadcrumbList","@id":"https:\/\/reflexologie-shiatsu-nantes.fr\/index.php\/praticienne\/#breadcrumb","itemListElement":[{"@type":"ListItem","position":1,"name":"Accueil","item":"https:\/\/reflexologie-shiatsu-nantes.fr\/"},{"@type":"ListItem","position":2,"name":"Praticienne"}]},{"@type":"WebSite","@id":"https:\/\/reflexologie-shiatsu-nantes.fr\/#website","url":"https:\/\/reflexologie-shiatsu-nantes.fr\/","name":"R\u00e9flexologie, Shiatsu et Kobido \u00e0 Nantes","description":"Bienvenue","potentialAction":[{"@type":"SearchAction","target":{"@type":"EntryPoint","urlTemplate":"https:\/\/reflexologie-shiatsu-nantes.fr\/?s={search_term_string}"},"query-input":"required name=search_term_string"}],"inLanguage":"fr-FR"}]}},"jetpack_sharing_enabled":true,"jetpack_shortlink":"https:\/\/wp.me\/P8fx45-1a","jetpack-related-posts":[{"id":136,"url":"https:\/\/reflexologie-shiatsu-nantes.fr\/index.php\/liens-bibliographie\/","url_meta":{"origin":72,"position":0},"title":"Liens | Bibliographie","author":"Claire Cottais","date":"3 juillet 2017","format":false,"excerpt":"Liens Institut Fran\u00e7ais de Shiatsu\u00a0:http:\/\/www.shiatsu-institut.fr\/ Institut Fran\u00e7ais de R\u00e9flexologie :\u00a0http:\/\/www.reflexologie-institut.fr\/ Site de Jean P\u00e9lissier :\u00a0http:\/\/www.jeanpelissier.com\/ Pour apprendre l\u2019usage respectueux et responsable des Huiles Essentielles : https:\/\/pro.biosante-editions.fr\/p\/MHE01\/WMHET302\/?h=true Bibliographie Quelques ouvrages non exhaustifs pour approfondir l\u2019essence des disciplines propos\u00e9es : R\u00e9flexologie : Le guide des r\u00e9flexologies, Eske Miles (ed. Albin Michel) Psycho-\u00e9nerg\u00e9tique\u2026","rel":"","context":"Article similaire","block_context":{"text":"Article similaire","link":""},"img":{"alt_text":"","src":"","width":0,"height":0},"classes":[]},{"id":104,"url":"https:\/\/reflexologie-shiatsu-nantes.fr\/index.php\/pyscho-energetique\/","url_meta":{"origin":72,"position":1},"title":"Pyscho \u00e9nerg\u00e9tique","author":"Claire Cottais","date":"3 juillet 2017","format":false,"excerpt":"La psycho \u00e9nerg\u00e9tique La psycho \u00e9nerg\u00e9tique a \u00e9t\u00e9 cr\u00e9\u00e9e et enseign\u00e9e par Michel Odoul, auteur de \"Dis-moi o\u00f9 tu as mal, je te dirai pourquoi\". Celle-ci\u00a0\u00e9tablit les relations existantes entre le corps et l\u2019esprit. Aussi, elle se r\u00e9f\u00e8re aussi \u00e0 la M\u00e9decine Traditionnelle Chinoise et \u00e0 la psychologie occidentale.\u00a0 La\u2026","rel":"","context":"Article similaire","block_context":{"text":"Article similaire","link":""},"img":{"alt_text":"","src":"https:\/\/i0.wp.com\/reflexologie-shiatsu-nantes.fr\/wp-content\/uploads\/2017\/07\/pexels-photo-201122-300x200.jpeg?resize=350%2C200","width":350,"height":200},"classes":[]},{"id":98,"url":"https:\/\/reflexologie-shiatsu-nantes.fr\/index.php\/la-seance-de-shiatsu\/","url_meta":{"origin":72,"position":2},"title":"Votre s\u00e9ance","author":"Claire Cottais","date":"3 juillet 2017","format":false,"excerpt":"La s\u00e9ance de Shiatsu Un entretien pr\u00e9alable vise \u00e0 d\u00e9cider du soin ad\u00e9quat ax\u00e9 sur la demande de la personne et du 1er bilan \u00e9nerg\u00e9tique effectu\u00e9 durant la s\u00e9ance de Shiatsu.\u00a0Puis, le receveur s\u2019allonge au sol sur un tatami. Il est v\u00eatu d\u2019habits amples pour un soin de confort ou\u2026","rel":"","context":"Article similaire","block_context":{"text":"Article similaire","link":""},"img":{"alt_text":"","src":"","width":0,"height":0},"classes":[]},{"id":132,"url":"https:\/\/reflexologie-shiatsu-nantes.fr\/index.php\/deotonlogie-ethique\/","url_meta":{"origin":72,"position":3},"title":"D\u00e9ontologie | Ethique","author":"Claire Cottais","date":"3 juillet 2017","format":false,"excerpt":"Code de d\u00e9ontologie Le r\u00e9f\u00e9rencement requiert de la part du r\u00e9cipiendaire une adh\u00e9sion sans r\u00e9serve au code de d\u00e9ontologie\u00a0et \u00e0 l'\u00e9thique, conformes \u00e0 l\u2019esprit du Shiatsu, des R\u00e9flexologies et de la pratique des Huiles Essentielles. Ainsi bien s\u00fbr qu\u2019avec les lois et r\u00e8glements en vigueur, tant europ\u00e9ens que fran\u00e7ais. En\u2026","rel":"","context":"Article similaire","block_context":{"text":"Article similaire","link":""},"img":{"alt_text":"","src":"","width":0,"height":0},"classes":[]},{"id":323,"url":"https:\/\/reflexologie-shiatsu-nantes.fr\/index.php\/la-reflexologie\/","url_meta":{"origin":72,"position":4},"title":"Les r\u00e9flexologies","author":"Claire Cottais","date":"13 juillet 2017","format":false,"excerpt":"La r\u00e9flexologie sud-africaine, dite \u00ab\u00a0douce\u00a0\u00bb ou \u00ab\u00a0m\u00e9tamorphique\u00a0\u00bb La\u00a0r\u00e9flexologie\u00a0sud-africaine est\u00a0cr\u00e9\u00e9e par Chris Stormer dans les ann\u00e9es 80. Elle se d\u00e9marque par la qualit\u00e9 de finesse de son toucher particuli\u00e8rement doux et indolore. Aussi, elle agit notamment sur le champ \u00e9motionnel par le biais des syst\u00e8mes nerveux (central et autonome) et endocrinien\u2026","rel":"","context":"Article similaire","block_context":{"text":"Article similaire","link":""},"img":{"alt_text":"","src":"","width":0,"height":0},"classes":[]},{"id":485,"url":"https:\/\/reflexologie-shiatsu-nantes.fr\/index.php\/votre-seance\/","url_meta":{"origin":72,"position":5},"title":"Votre s\u00e9ance","author":"MICHEL SEVIN","date":"11 septembre 2019","format":false,"excerpt":"La s\u00e9ance de Kobido Vous \u00eates confortablement allong\u00e9(e) sur une table de massage.Le Kobido se pratique manuellement sur un visage nettoy\u00e9 et d\u00e9maquill\u00e9 ainsi que sur le d\u00e9collet\u00e9.Chaque personne (homme - femme) de tout \u00e2ge peut en b\u00e9n\u00e9ficier pour pr\u00e9server la jeunesse et la qualit\u00e9 de sa peau. Avant tout\u2026","rel":"","context":"Article similaire","block_context":{"text":"Article similaire","link":""},"img":{"alt_text":"","src":"","width":0,"height":0},"classes":[]}],"_links":{"self":[{"href":"https:\/\/reflexologie-shiatsu-nantes.fr\/index.php\/wp-json\/wp\/v2\/pages\/72"}],"collection":[{"href":"https:\/\/reflexologie-shiatsu-nantes.fr\/index.php\/wp-json\/wp\/v2\/pages"}],"about":[{"href":"https:\/\/reflexologie-shiatsu-nantes.fr\/index.php\/wp-json\/wp\/v2\/types\/page"}],"author":[{"embeddable":true,"href":"https:\/\/reflexologie-shiatsu-nantes.fr\/index.php\/wp-json\/wp\/v2\/users\/2"}],"replies":[{"embeddable":true,"href":"https:\/\/reflexologie-shiatsu-nantes.fr\/index.php\/wp-json\/wp\/v2\/comments?post=72"}],"version-history":[{"count":5,"href":"https:\/\/reflexologie-shiatsu-nantes.fr\/index.php\/wp-json\/wp\/v2\/pages\/72\/revisions"}],"predecessor-version":[{"id":561,"href":"https:\/\/reflexologie-shiatsu-nantes.fr\/index.php\/wp-json\/wp\/v2\/pages\/72\/revisions\/561"}],"wp:attachment":[{"href":"https:\/\/reflexologie-shiatsu-nantes.fr\/index.php\/wp-json\/wp\/v2\/media?parent=72"}],"curies":[{"name":"wp","href":"https:\/\/api.w.org\/{rel}","templated":true}]}}