{"id":70,"date":"2017-07-03T16:10:45","date_gmt":"2017-07-03T14:10:45","guid":{"rendered":"http:\/\/reflexologie-shiatsu-nantes.fr\/?page_id=70"},"modified":"2019-09-15T19:43:05","modified_gmt":"2019-09-15T17:43:05","slug":"shiatsu","status":"publish","type":"page","link":"https:\/\/reflexologie-shiatsu-nantes.fr\/index.php\/shiatsu\/","title":{"rendered":"Shiatsu"},"content":{"rendered":"<div id=\"dslc-theme-content\"><div id=\"dslc-theme-content-inner\">\t\t<div data-elementor-type=\"wp-page\" data-elementor-id=\"70\" class=\"elementor elementor-70\">\n\t\t\t\t\t\t\t\t\t<section class=\"elementor-section elementor-top-section elementor-element elementor-element-1a45677 elementor-section-boxed elementor-section-height-default elementor-section-height-default\" data-id=\"1a45677\" data-element_type=\"section\">\n\t\t\t\t\t\t<div class=\"elementor-container elementor-column-gap-default\">\n\t\t\t\t\t<div class=\"elementor-column elementor-col-100 elementor-top-column elementor-element elementor-element-8f8fa98\" data-id=\"8f8fa98\" data-element_type=\"column\">\n\t\t\t<div class=\"elementor-widget-wrap elementor-element-populated\">\n\t\t\t\t\t\t\t\t<div class=\"elementor-element elementor-element-ff792ad elementor-widget elementor-widget-text-editor\" data-id=\"ff792ad\" data-element_type=\"widget\" data-widget_type=\"text-editor.default\">\n\t\t\t\t<div class=\"elementor-widget-container\">\n\t\t\t\t\t\t\t<p>Ici, vous trouverez plusieurs \u00e9l\u00e9ments pour en savoir plus sur les soins de shiatsu<\/p><ul><li>Les <a href=\"http:\/\/reflexologie-shiatsu-nantes.fr\/index.php\/origines-bases-theoriques\">origines et la pr\u00e9sentation<\/a> de cette pratique<\/li><li>Le<a href=\"http:\/\/reflexologie-shiatsu-nantes.fr\/index.php\/amma\"> amma<\/a> (shiatsu assis)<\/li><li>Le d\u00e9roulement de <a href=\"http:\/\/reflexologie-shiatsu-nantes.fr\/index.php\/la-seance-de-shiatsu\/\">votre s\u00e9ance<\/a> de shiatsu<\/li><\/ul>\t\t\t\t\t\t<\/div>\n\t\t\t\t<\/div>\n\t\t\t\t\t<\/div>\n\t\t<\/div>\n\t\t\t\t\t\t\t<\/div>\n\t\t<\/section>\n\t\t\t\t\t\t\t<\/div>\n\t\t<\/div><\/div>","protected":false},"excerpt":{"rendered":"<p>Ici, vous trouverez plusieurs \u00e9l\u00e9ments pour en savoir plus sur les soins de shiatsu Les origines et la pr\u00e9sentation de cette pratique Le amma (shiatsu assis) Le d\u00e9roulement de votre s\u00e9ance de shiatsu<\/p>\n","protected":false},"author":2,"featured_media":0,"parent":0,"menu_order":0,"comment_status":"closed","ping_status":"closed","template":"","meta":{"jetpack_post_was_ever_published":false,"footnotes":""},"yoast_head":"<!-- This site is optimized with the Yoast SEO plugin v21.7 - https:\/\/yoast.com\/wordpress\/plugins\/seo\/ -->\n<title>Shiatsu - R\u00e9flexologie, Shiatsu et Kobido \u00e0 Nantes<\/title>\n<meta name=\"robots\" content=\"index, follow, max-snippet:-1, max-image-preview:large, max-video-preview:-1\" \/>\n<link rel=\"canonical\" href=\"https:\/\/reflexologie-shiatsu-nantes.fr\/index.php\/shiatsu\/\" \/>\n<meta property=\"og:locale\" content=\"fr_FR\" \/>\n<meta property=\"og:type\" content=\"article\" \/>\n<meta property=\"og:title\" content=\"Shiatsu - R\u00e9flexologie, Shiatsu et Kobido \u00e0 Nantes\" \/>\n<meta property=\"og:description\" content=\"Ici, vous trouverez plusieurs \u00e9l\u00e9ments pour en savoir plus sur les soins de shiatsu Les origines et la pr\u00e9sentation de cette pratique Le amma (shiatsu assis) Le d\u00e9roulement de votre s\u00e9ance de shiatsu\" \/>\n<meta property=\"og:url\" content=\"https:\/\/reflexologie-shiatsu-nantes.fr\/index.php\/shiatsu\/\" \/>\n<meta property=\"og:site_name\" content=\"R\u00e9flexologie, Shiatsu et Kobido \u00e0 Nantes\" \/>\n<meta property=\"article:modified_time\" content=\"2019-09-15T17:43:05+00:00\" \/>\n<meta name=\"twitter:card\" content=\"summary_large_image\" \/>\n<script type=\"application\/ld+json\" class=\"yoast-schema-graph\">{\"@context\":\"https:\/\/schema.org\",\"@graph\":[{\"@type\":\"WebPage\",\"@id\":\"https:\/\/reflexologie-shiatsu-nantes.fr\/index.php\/shiatsu\/\",\"url\":\"https:\/\/reflexologie-shiatsu-nantes.fr\/index.php\/shiatsu\/\",\"name\":\"Shiatsu - R\u00e9flexologie, Shiatsu et Kobido \u00e0 Nantes\",\"isPartOf\":{\"@id\":\"https:\/\/reflexologie-shiatsu-nantes.fr\/#website\"},\"datePublished\":\"2017-07-03T14:10:45+00:00\",\"dateModified\":\"2019-09-15T17:43:05+00:00\",\"breadcrumb\":{\"@id\":\"https:\/\/reflexologie-shiatsu-nantes.fr\/index.php\/shiatsu\/#breadcrumb\"},\"inLanguage\":\"fr-FR\",\"potentialAction\":[{\"@type\":\"ReadAction\",\"target\":[\"https:\/\/reflexologie-shiatsu-nantes.fr\/index.php\/shiatsu\/\"]}]},{\"@type\":\"BreadcrumbList\",\"@id\":\"https:\/\/reflexologie-shiatsu-nantes.fr\/index.php\/shiatsu\/#breadcrumb\",\"itemListElement\":[{\"@type\":\"ListItem\",\"position\":1,\"name\":\"Accueil\",\"item\":\"https:\/\/reflexologie-shiatsu-nantes.fr\/\"},{\"@type\":\"ListItem\",\"position\":2,\"name\":\"Shiatsu\"}]},{\"@type\":\"WebSite\",\"@id\":\"https:\/\/reflexologie-shiatsu-nantes.fr\/#website\",\"url\":\"https:\/\/reflexologie-shiatsu-nantes.fr\/\",\"name\":\"R\u00e9flexologie, Shiatsu et Kobido \u00e0 Nantes\",\"description\":\"Bienvenue\",\"potentialAction\":[{\"@type\":\"SearchAction\",\"target\":{\"@type\":\"EntryPoint\",\"urlTemplate\":\"https:\/\/reflexologie-shiatsu-nantes.fr\/?s={search_term_string}\"},\"query-input\":\"required name=search_term_string\"}],\"inLanguage\":\"fr-FR\"}]}<\/script>\n<!-- \/ Yoast SEO plugin. -->","yoast_head_json":{"title":"Shiatsu - R\u00e9flexologie, Shiatsu et Kobido \u00e0 Nantes","robots":{"index":"index","follow":"follow","max-snippet":"max-snippet:-1","max-image-preview":"max-image-preview:large","max-video-preview":"max-video-preview:-1"},"canonical":"https:\/\/reflexologie-shiatsu-nantes.fr\/index.php\/shiatsu\/","og_locale":"fr_FR","og_type":"article","og_title":"Shiatsu - R\u00e9flexologie, Shiatsu et Kobido \u00e0 Nantes","og_description":"Ici, vous trouverez plusieurs \u00e9l\u00e9ments pour en savoir plus sur les soins de shiatsu Les origines et la pr\u00e9sentation de cette pratique Le amma (shiatsu assis) Le d\u00e9roulement de votre s\u00e9ance de shiatsu","og_url":"https:\/\/reflexologie-shiatsu-nantes.fr\/index.php\/shiatsu\/","og_site_name":"R\u00e9flexologie, Shiatsu et Kobido \u00e0 Nantes","article_modified_time":"2019-09-15T17:43:05+00:00","twitter_card":"summary_large_image","schema":{"@context":"https:\/\/schema.org","@graph":[{"@type":"WebPage","@id":"https:\/\/reflexologie-shiatsu-nantes.fr\/index.php\/shiatsu\/","url":"https:\/\/reflexologie-shiatsu-nantes.fr\/index.php\/shiatsu\/","name":"Shiatsu - R\u00e9flexologie, Shiatsu et Kobido \u00e0 Nantes","isPartOf":{"@id":"https:\/\/reflexologie-shiatsu-nantes.fr\/#website"},"datePublished":"2017-07-03T14:10:45+00:00","dateModified":"2019-09-15T17:43:05+00:00","breadcrumb":{"@id":"https:\/\/reflexologie-shiatsu-nantes.fr\/index.php\/shiatsu\/#breadcrumb"},"inLanguage":"fr-FR","potentialAction":[{"@type":"ReadAction","target":["https:\/\/reflexologie-shiatsu-nantes.fr\/index.php\/shiatsu\/"]}]},{"@type":"BreadcrumbList","@id":"https:\/\/reflexologie-shiatsu-nantes.fr\/index.php\/shiatsu\/#breadcrumb","itemListElement":[{"@type":"ListItem","position":1,"name":"Accueil","item":"https:\/\/reflexologie-shiatsu-nantes.fr\/"},{"@type":"ListItem","position":2,"name":"Shiatsu"}]},{"@type":"WebSite","@id":"https:\/\/reflexologie-shiatsu-nantes.fr\/#website","url":"https:\/\/reflexologie-shiatsu-nantes.fr\/","name":"R\u00e9flexologie, Shiatsu et Kobido \u00e0 Nantes","description":"Bienvenue","potentialAction":[{"@type":"SearchAction","target":{"@type":"EntryPoint","urlTemplate":"https:\/\/reflexologie-shiatsu-nantes.fr\/?s={search_term_string}"},"query-input":"required name=search_term_string"}],"inLanguage":"fr-FR"}]}},"jetpack_sharing_enabled":true,"jetpack_shortlink":"https:\/\/wp.me\/P8fx45-18","jetpack-related-posts":[{"id":98,"url":"https:\/\/reflexologie-shiatsu-nantes.fr\/index.php\/la-seance-de-shiatsu\/","url_meta":{"origin":70,"position":0},"title":"Votre s\u00e9ance","author":"Claire Cottais","date":"3 juillet 2017","format":false,"excerpt":"La s\u00e9ance de Shiatsu Un entretien pr\u00e9alable vise \u00e0 d\u00e9cider du soin ad\u00e9quat ax\u00e9 sur la demande de la personne et du 1er bilan \u00e9nerg\u00e9tique effectu\u00e9 durant la s\u00e9ance de Shiatsu.\u00a0Puis, le receveur s\u2019allonge au sol sur un tatami. Il est v\u00eatu d\u2019habits amples pour un soin de confort ou\u2026","rel":"","context":"Article similaire","block_context":{"text":"Article similaire","link":""},"img":{"alt_text":"","src":"","width":0,"height":0},"classes":[]},{"id":136,"url":"https:\/\/reflexologie-shiatsu-nantes.fr\/index.php\/liens-bibliographie\/","url_meta":{"origin":70,"position":1},"title":"Liens | Bibliographie","author":"Claire Cottais","date":"3 juillet 2017","format":false,"excerpt":"Liens Institut Fran\u00e7ais de Shiatsu\u00a0:http:\/\/www.shiatsu-institut.fr\/ Institut Fran\u00e7ais de R\u00e9flexologie :\u00a0http:\/\/www.reflexologie-institut.fr\/ Site de Jean P\u00e9lissier :\u00a0http:\/\/www.jeanpelissier.com\/ Pour apprendre l\u2019usage respectueux et responsable des Huiles Essentielles : https:\/\/pro.biosante-editions.fr\/p\/MHE01\/WMHET302\/?h=true Bibliographie Quelques ouvrages non exhaustifs pour approfondir l\u2019essence des disciplines propos\u00e9es : R\u00e9flexologie : Le guide des r\u00e9flexologies, Eske Miles (ed. Albin Michel) Psycho-\u00e9nerg\u00e9tique\u2026","rel":"","context":"Article similaire","block_context":{"text":"Article similaire","link":""},"img":{"alt_text":"","src":"","width":0,"height":0},"classes":[]},{"id":16,"url":"https:\/\/reflexologie-shiatsu-nantes.fr\/","url_meta":{"origin":70,"position":2},"title":"Accueil","author":"admin6897","date":"31 d\u00e9cembre 2016","format":false,"excerpt":"Bienvenue au cabinet de r\u00e9flexologie, shiatsu et\u00a0 kobido \u00e0 Nantes.Heures d'ouverture : du lundi au samedi\u00a0 de 9H \u00e0 19HAdresse : 21 rue Mond\u00e9sir 44000 NANTES","rel":"","context":"Article similaire","block_context":{"text":"Article similaire","link":""},"img":{"alt_text":"","src":"","width":0,"height":0},"classes":[]},{"id":300,"url":"https:\/\/reflexologie-shiatsu-nantes.fr\/index.php\/amma\/","url_meta":{"origin":70,"position":3},"title":"Le Amma","author":"Claire Cottais","date":"11 juillet 2017","format":false,"excerpt":"Le Amma ou Shiatsu assis Le shiatsu assis est une variante du shiatsu japonais.\u00a0Le Amma se pratique habill\u00e9 sur une chaise ergonomique et s\u2019articule autour de pressions successives sur le cr\u00e2ne, la nuque, le dos, les hanches, les bras et les mains ainsi que des \u00e9tirements doux.Il n\u2019a pas de\u2026","rel":"","context":"Article similaire","block_context":{"text":"Article similaire","link":""},"img":{"alt_text":"","src":"https:\/\/i0.wp.com\/reflexologie-shiatsu-nantes.fr\/wp-content\/uploads\/2017\/07\/cropped-shiatsu-assis-nantes-1-768x337.jpg?resize=350%2C200","width":350,"height":200,"srcset":"https:\/\/i0.wp.com\/reflexologie-shiatsu-nantes.fr\/wp-content\/uploads\/2017\/07\/cropped-shiatsu-assis-nantes-1-768x337.jpg?resize=350%2C200 1x, https:\/\/i0.wp.com\/reflexologie-shiatsu-nantes.fr\/wp-content\/uploads\/2017\/07\/cropped-shiatsu-assis-nantes-1-768x337.jpg?resize=525%2C300 1.5x, https:\/\/i0.wp.com\/reflexologie-shiatsu-nantes.fr\/wp-content\/uploads\/2017\/07\/cropped-shiatsu-assis-nantes-1-768x337.jpg?resize=700%2C400 2x"},"classes":[]},{"id":18,"url":"https:\/\/reflexologie-shiatsu-nantes.fr\/index.php\/contact\/","url_meta":{"origin":70,"position":4},"title":"Contact | Tarifs","author":"admin6897","date":"31 d\u00e9cembre 2016","format":false,"excerpt":"\u00a0 \u00a0","rel":"","context":"Article similaire","block_context":{"text":"Article similaire","link":""},"img":{"alt_text":"","src":"","width":0,"height":0},"classes":[]},{"id":695,"url":"https:\/\/reflexologie-shiatsu-nantes.fr\/index.php\/0test\/","url_meta":{"origin":70,"position":5},"title":"0test","author":"MICHEL SEVIN","date":"18 octobre 2020","format":false,"excerpt":"","rel":"","context":"Article similaire","block_context":{"text":"Article similaire","link":""},"img":{"alt_text":"","src":"","width":0,"height":0},"classes":[]}],"_links":{"self":[{"href":"https:\/\/reflexologie-shiatsu-nantes.fr\/index.php\/wp-json\/wp\/v2\/pages\/70"}],"collection":[{"href":"https:\/\/reflexologie-shiatsu-nantes.fr\/index.php\/wp-json\/wp\/v2\/pages"}],"about":[{"href":"https:\/\/reflexologie-shiatsu-nantes.fr\/index.php\/wp-json\/wp\/v2\/types\/page"}],"author":[{"embeddable":true,"href":"https:\/\/reflexologie-shiatsu-nantes.fr\/index.php\/wp-json\/wp\/v2\/users\/2"}],"replies":[{"embeddable":true,"href":"https:\/\/reflexologie-shiatsu-nantes.fr\/index.php\/wp-json\/wp\/v2\/comments?post=70"}],"version-history":[{"count":6,"href":"https:\/\/reflexologie-shiatsu-nantes.fr\/index.php\/wp-json\/wp\/v2\/pages\/70\/revisions"}],"predecessor-version":[{"id":518,"href":"https:\/\/reflexologie-shiatsu-nantes.fr\/index.php\/wp-json\/wp\/v2\/pages\/70\/revisions\/518"}],"wp:attachment":[{"href":"https:\/\/reflexologie-shiatsu-nantes.fr\/index.php\/wp-json\/wp\/v2\/media?parent=70"}],"curies":[{"name":"wp","href":"https:\/\/api.w.org\/{rel}","templated":true}]}}