{"id":68,"date":"2017-07-03T16:10:18","date_gmt":"2017-07-03T14:10:18","guid":{"rendered":"http:\/\/reflexologie-shiatsu-nantes.fr\/?page_id=68"},"modified":"2022-06-06T20:44:18","modified_gmt":"2022-06-06T18:44:18","slug":"soins-en-reflexologie","status":"publish","type":"page","link":"https:\/\/reflexologie-shiatsu-nantes.fr\/index.php\/soins-en-reflexologie\/","title":{"rendered":"R\u00e9flexologie"},"content":{"rendered":"<div id=\"dslc-theme-content\"><div id=\"dslc-theme-content-inner\">\t\t<div data-elementor-type=\"wp-page\" data-elementor-id=\"68\" class=\"elementor elementor-68\">\n\t\t\t\t\t\t\t\t\t<section class=\"elementor-section elementor-top-section elementor-element elementor-element-512f0dbd elementor-section-boxed elementor-section-height-default elementor-section-height-default\" data-id=\"512f0dbd\" data-element_type=\"section\">\n\t\t\t\t\t\t<div class=\"elementor-container elementor-column-gap-default\">\n\t\t\t\t\t<div class=\"elementor-column elementor-col-100 elementor-top-column elementor-element elementor-element-7422b454\" data-id=\"7422b454\" data-element_type=\"column\">\n\t\t\t<div class=\"elementor-widget-wrap elementor-element-populated\">\n\t\t\t\t\t\t\t\t<div class=\"elementor-element elementor-element-1eba43fe elementor-widget elementor-widget-text-editor\" data-id=\"1eba43fe\" data-element_type=\"widget\" data-widget_type=\"text-editor.default\">\n\t\t\t\t<div class=\"elementor-widget-container\">\n\t\t\t\t\t\t\t<h4>Les soins en r\u00e9flexologie<\/h4><p>Ici, vous trouverez plusieurs \u00e9l\u00e9ments pour en savoir plus sur <strong>les soins en\u00a0r\u00e9flexologie<\/strong>.<\/p><ul><li><a href=\"https:\/\/reflexologie-shiatsu-nantes.fr\/index.php\/origines-presentation\/\">Les origines et la pr\u00e9sentation<\/a> de cette pratique<\/li><li>Les <a href=\"https:\/\/reflexologie-shiatsu-nantes.fr\/index.php\/la-reflexologie\/\">diff\u00e9rentes <strong>r\u00e9flexologies<\/strong><\/a> pratiqu\u00e9es dans mon cabinet \u00e0 <strong>Nantes<\/strong><\/li><li>Le d\u00e9roulement de <a href=\"https:\/\/reflexologie-shiatsu-nantes.fr\/index.php\/votre-seance\/\">votre s\u00e9ance<\/a> en <strong>r\u00e9flexologie<\/strong>.<\/li><\/ul>\t\t\t\t\t\t<\/div>\n\t\t\t\t<\/div>\n\t\t\t\t\t<\/div>\n\t\t<\/div>\n\t\t\t\t\t\t\t<\/div>\n\t\t<\/section>\n\t\t\t\t\t\t\t<\/div>\n\t\t<\/div><\/div>","protected":false},"excerpt":{"rendered":"<p>Les soins en r\u00e9flexologie Ici, vous trouverez plusieurs \u00e9l\u00e9ments pour en savoir plus sur les soins en\u00a0r\u00e9flexologie. Les origines et la pr\u00e9sentation de cette pratique Les diff\u00e9rentes r\u00e9flexologies pratiqu\u00e9es dans mon cabinet \u00e0 Nantes Le d\u00e9roulement de votre s\u00e9ance en r\u00e9flexologie.<\/p>\n","protected":false},"author":2,"featured_media":0,"parent":0,"menu_order":0,"comment_status":"closed","ping_status":"closed","template":"","meta":{"jetpack_post_was_ever_published":false,"footnotes":""},"yoast_head":"<!-- This site is optimized with the Yoast SEO plugin v21.7 - https:\/\/yoast.com\/wordpress\/plugins\/seo\/ -->\n<title>Soins en r\u00e9flexologie | R\u00e9flexologie et Shiatsu \u00e0 Nantes<\/title>\n<meta name=\"description\" content=\"Je vous pr\u00e9sente les diff\u00e9rents soins en r\u00e9flexologie que je pratique au coeur de mon cabinet \u00e0 Nantes. D\u00e9couvrez le d\u00e9roulement de votre s\u00e9ance.\" \/>\n<meta name=\"robots\" content=\"index, follow, max-snippet:-1, max-image-preview:large, max-video-preview:-1\" \/>\n<link rel=\"canonical\" href=\"https:\/\/reflexologie-shiatsu-nantes.fr\/index.php\/soins-en-reflexologie\/\" \/>\n<meta property=\"og:locale\" content=\"fr_FR\" \/>\n<meta property=\"og:type\" content=\"article\" \/>\n<meta property=\"og:title\" content=\"Soins en r\u00e9flexologie | R\u00e9flexologie et Shiatsu \u00e0 Nantes\" \/>\n<meta property=\"og:description\" content=\"Je vous pr\u00e9sente les diff\u00e9rents soins en r\u00e9flexologie que je pratique au coeur de mon cabinet \u00e0 Nantes. D\u00e9couvrez le d\u00e9roulement de votre s\u00e9ance.\" \/>\n<meta property=\"og:url\" content=\"https:\/\/reflexologie-shiatsu-nantes.fr\/index.php\/soins-en-reflexologie\/\" \/>\n<meta property=\"og:site_name\" content=\"R\u00e9flexologie, Shiatsu et Kobido \u00e0 Nantes\" \/>\n<meta property=\"article:modified_time\" content=\"2022-06-06T18:44:18+00:00\" \/>\n<meta name=\"twitter:card\" content=\"summary_large_image\" \/>\n<meta name=\"twitter:label1\" content=\"Dur\u00e9e de lecture estim\u00e9e\" \/>\n\t<meta name=\"twitter:data1\" content=\"1 minute\" \/>\n<script type=\"application\/ld+json\" class=\"yoast-schema-graph\">{\"@context\":\"https:\/\/schema.org\",\"@graph\":[{\"@type\":\"WebPage\",\"@id\":\"https:\/\/reflexologie-shiatsu-nantes.fr\/index.php\/soins-en-reflexologie\/\",\"url\":\"https:\/\/reflexologie-shiatsu-nantes.fr\/index.php\/soins-en-reflexologie\/\",\"name\":\"Soins en r\u00e9flexologie | R\u00e9flexologie et Shiatsu \u00e0 Nantes\",\"isPartOf\":{\"@id\":\"https:\/\/reflexologie-shiatsu-nantes.fr\/#website\"},\"datePublished\":\"2017-07-03T14:10:18+00:00\",\"dateModified\":\"2022-06-06T18:44:18+00:00\",\"description\":\"Je vous pr\u00e9sente les diff\u00e9rents soins en r\u00e9flexologie que je pratique au coeur de mon cabinet \u00e0 Nantes. D\u00e9couvrez le d\u00e9roulement de votre s\u00e9ance.\",\"breadcrumb\":{\"@id\":\"https:\/\/reflexologie-shiatsu-nantes.fr\/index.php\/soins-en-reflexologie\/#breadcrumb\"},\"inLanguage\":\"fr-FR\",\"potentialAction\":[{\"@type\":\"ReadAction\",\"target\":[\"https:\/\/reflexologie-shiatsu-nantes.fr\/index.php\/soins-en-reflexologie\/\"]}]},{\"@type\":\"BreadcrumbList\",\"@id\":\"https:\/\/reflexologie-shiatsu-nantes.fr\/index.php\/soins-en-reflexologie\/#breadcrumb\",\"itemListElement\":[{\"@type\":\"ListItem\",\"position\":1,\"name\":\"Accueil\",\"item\":\"https:\/\/reflexologie-shiatsu-nantes.fr\/\"},{\"@type\":\"ListItem\",\"position\":2,\"name\":\"R\u00e9flexologie\"}]},{\"@type\":\"WebSite\",\"@id\":\"https:\/\/reflexologie-shiatsu-nantes.fr\/#website\",\"url\":\"https:\/\/reflexologie-shiatsu-nantes.fr\/\",\"name\":\"R\u00e9flexologie, Shiatsu et Kobido \u00e0 Nantes\",\"description\":\"Bienvenue\",\"potentialAction\":[{\"@type\":\"SearchAction\",\"target\":{\"@type\":\"EntryPoint\",\"urlTemplate\":\"https:\/\/reflexologie-shiatsu-nantes.fr\/?s={search_term_string}\"},\"query-input\":\"required name=search_term_string\"}],\"inLanguage\":\"fr-FR\"}]}<\/script>\n<!-- \/ Yoast SEO plugin. -->","yoast_head_json":{"title":"Soins en r\u00e9flexologie | R\u00e9flexologie et Shiatsu \u00e0 Nantes","description":"Je vous pr\u00e9sente les diff\u00e9rents soins en r\u00e9flexologie que je pratique au coeur de mon cabinet \u00e0 Nantes. D\u00e9couvrez le d\u00e9roulement de votre s\u00e9ance.","robots":{"index":"index","follow":"follow","max-snippet":"max-snippet:-1","max-image-preview":"max-image-preview:large","max-video-preview":"max-video-preview:-1"},"canonical":"https:\/\/reflexologie-shiatsu-nantes.fr\/index.php\/soins-en-reflexologie\/","og_locale":"fr_FR","og_type":"article","og_title":"Soins en r\u00e9flexologie | R\u00e9flexologie et Shiatsu \u00e0 Nantes","og_description":"Je vous pr\u00e9sente les diff\u00e9rents soins en r\u00e9flexologie que je pratique au coeur de mon cabinet \u00e0 Nantes. D\u00e9couvrez le d\u00e9roulement de votre s\u00e9ance.","og_url":"https:\/\/reflexologie-shiatsu-nantes.fr\/index.php\/soins-en-reflexologie\/","og_site_name":"R\u00e9flexologie, Shiatsu et Kobido \u00e0 Nantes","article_modified_time":"2022-06-06T18:44:18+00:00","twitter_card":"summary_large_image","twitter_misc":{"Dur\u00e9e de lecture estim\u00e9e":"1 minute"},"schema":{"@context":"https:\/\/schema.org","@graph":[{"@type":"WebPage","@id":"https:\/\/reflexologie-shiatsu-nantes.fr\/index.php\/soins-en-reflexologie\/","url":"https:\/\/reflexologie-shiatsu-nantes.fr\/index.php\/soins-en-reflexologie\/","name":"Soins en r\u00e9flexologie | R\u00e9flexologie et Shiatsu \u00e0 Nantes","isPartOf":{"@id":"https:\/\/reflexologie-shiatsu-nantes.fr\/#website"},"datePublished":"2017-07-03T14:10:18+00:00","dateModified":"2022-06-06T18:44:18+00:00","description":"Je vous pr\u00e9sente les diff\u00e9rents soins en r\u00e9flexologie que je pratique au coeur de mon cabinet \u00e0 Nantes. D\u00e9couvrez le d\u00e9roulement de votre s\u00e9ance.","breadcrumb":{"@id":"https:\/\/reflexologie-shiatsu-nantes.fr\/index.php\/soins-en-reflexologie\/#breadcrumb"},"inLanguage":"fr-FR","potentialAction":[{"@type":"ReadAction","target":["https:\/\/reflexologie-shiatsu-nantes.fr\/index.php\/soins-en-reflexologie\/"]}]},{"@type":"BreadcrumbList","@id":"https:\/\/reflexologie-shiatsu-nantes.fr\/index.php\/soins-en-reflexologie\/#breadcrumb","itemListElement":[{"@type":"ListItem","position":1,"name":"Accueil","item":"https:\/\/reflexologie-shiatsu-nantes.fr\/"},{"@type":"ListItem","position":2,"name":"R\u00e9flexologie"}]},{"@type":"WebSite","@id":"https:\/\/reflexologie-shiatsu-nantes.fr\/#website","url":"https:\/\/reflexologie-shiatsu-nantes.fr\/","name":"R\u00e9flexologie, Shiatsu et Kobido \u00e0 Nantes","description":"Bienvenue","potentialAction":[{"@type":"SearchAction","target":{"@type":"EntryPoint","urlTemplate":"https:\/\/reflexologie-shiatsu-nantes.fr\/?s={search_term_string}"},"query-input":"required name=search_term_string"}],"inLanguage":"fr-FR"}]}},"jetpack_sharing_enabled":true,"jetpack_shortlink":"https:\/\/wp.me\/P8fx45-16","jetpack-related-posts":[{"id":113,"url":"https:\/\/reflexologie-shiatsu-nantes.fr\/index.php\/soins-tarifs\/","url_meta":{"origin":68,"position":0},"title":"Tarifs","author":"Claire Cottais","date":"3 juillet 2017","format":false,"excerpt":"Les diff\u00e9rents soins et tarifs en vigueur au 15\/02\/2024 Soins de R\u00e9flexologie,\u00a0Shiatsuou\u00a0Shiatsu assis (Amma) :Une heure : 70 \u20ac30 minutes : 40 \u20acSoins de Kobido :1 soin\u00a0 \u00a0:\u00a0 \u00a0 80\u20ac3 soins\u00a0 \u00a0:\u00a0 \u00a0 230\u20ac5 soins\u00a0 \u00a0 :\u00a0 \u00a0 380\u20ac10 soins\u00a0 \u00a0:\u00a0 \u00a0 720\u20acShiatsu assis en entreprise \u00e0 Nantes\u00a0: me consulter\u2026","rel":"","context":"Article similaire","block_context":{"text":"Article similaire","link":""},"img":{"alt_text":"","src":"","width":0,"height":0},"classes":[]},{"id":70,"url":"https:\/\/reflexologie-shiatsu-nantes.fr\/index.php\/shiatsu\/","url_meta":{"origin":68,"position":1},"title":"Shiatsu","author":"Claire Cottais","date":"3 juillet 2017","format":false,"excerpt":"Ici, vous trouverez plusieurs \u00e9l\u00e9ments pour en savoir plus sur les soins de shiatsuLes origines et la pr\u00e9sentation de cette pratiqueLe amma (shiatsu assis)Le d\u00e9roulement de votre s\u00e9ance de shiatsu","rel":"","context":"Article similaire","block_context":{"text":"Article similaire","link":""},"img":{"alt_text":"","src":"","width":0,"height":0},"classes":[]},{"id":480,"url":"https:\/\/reflexologie-shiatsu-nantes.fr\/index.php\/le-kobido\/","url_meta":{"origin":68,"position":2},"title":"Le Kobido","author":"MICHEL SEVIN","date":"11 septembre 2019","format":false,"excerpt":"Le Kobido Kobido est le nom d\u2019une maison (compagnie) et d\u2019une lign\u00e9e japonaise proposant un des soins du visage les plus sophistiqu\u00e9s. Il est constitu\u00e9 de centaines de techniques regroup\u00e9es en 48 cat\u00e9gories qui ont chacune leurs sp\u00e9cificit\u00e9s en fonction de la partie du visage trait\u00e9e: lissage, percussion, vibration, p\u00e9trissage\u2026\u2026","rel":"","context":"Article similaire","block_context":{"text":"Article similaire","link":""},"img":{"alt_text":"","src":"","width":0,"height":0},"classes":[]},{"id":473,"url":"https:\/\/reflexologie-shiatsu-nantes.fr\/index.php\/origines-presentation\/","url_meta":{"origin":68,"position":3},"title":"Origines | Pr\u00e9sentation","author":"MICHEL SEVIN","date":"11 septembre 2019","format":false,"excerpt":"Les origines du Kobido Le Kobido prend sa source au milieu du 15 \u00e8me si\u00e8cle au Japon.A l\u2019\u00e9poque, la forme existante de massage est l'Anma. Une longue comp\u00e9tition a motiv\u00e9 l\u2019int\u00e9r\u00eat de deux des meilleurs ma\u00eetres dans cet art. Ils se sont notamment affront\u00e9s dans la pratique des soins du\u2026","rel":"","context":"Article similaire","block_context":{"text":"Article similaire","link":""},"img":{"alt_text":"","src":"","width":0,"height":0},"classes":[]},{"id":323,"url":"https:\/\/reflexologie-shiatsu-nantes.fr\/index.php\/la-reflexologie\/","url_meta":{"origin":68,"position":4},"title":"Les r\u00e9flexologies","author":"Claire Cottais","date":"13 juillet 2017","format":false,"excerpt":"La r\u00e9flexologie sud-africaine, dite \u00ab\u00a0douce\u00a0\u00bb ou \u00ab\u00a0m\u00e9tamorphique\u00a0\u00bb La\u00a0r\u00e9flexologie\u00a0sud-africaine est\u00a0cr\u00e9\u00e9e par Chris Stormer dans les ann\u00e9es 80. Elle se d\u00e9marque par la qualit\u00e9 de finesse de son toucher particuli\u00e8rement doux et indolore. Aussi, elle agit notamment sur le champ \u00e9motionnel par le biais des syst\u00e8mes nerveux (central et autonome) et endocrinien\u2026","rel":"","context":"Article similaire","block_context":{"text":"Article similaire","link":""},"img":{"alt_text":"","src":"","width":0,"height":0},"classes":[]},{"id":93,"url":"https:\/\/reflexologie-shiatsu-nantes.fr\/index.php\/origines\/","url_meta":{"origin":68,"position":5},"title":"Origines | Pr\u00e9sentation","author":"Claire Cottais","date":"3 juillet 2017","format":false,"excerpt":"Les origines de la R\u00e9flexologie Les r\u00e9flexologies\u00a0se d\u00e9clinent dans le monde sous diff\u00e9rentes caract\u00e9ristiques conform\u00e9ment \u00e0 la culture de chacun. On recense le plus ancien document traitant du massage des pieds dans l\u2019Egypte ancienne (environ 2500 ans avant notre \u00e8re), dans la tombe du m\u00e9decin Ankmahor. Les techniques th\u00e9rapeutiques plantaires\u2026","rel":"","context":"Article similaire","block_context":{"text":"Article similaire","link":""},"img":{"alt_text":"","src":"https:\/\/i0.wp.com\/reflexologie-shiatsu-nantes.fr\/wp-content\/uploads\/2017\/07\/reflexologie-nantes-2-768x1152.jpg?resize=350%2C200","width":350,"height":200,"srcset":"https:\/\/i0.wp.com\/reflexologie-shiatsu-nantes.fr\/wp-content\/uploads\/2017\/07\/reflexologie-nantes-2-768x1152.jpg?resize=350%2C200 1x, https:\/\/i0.wp.com\/reflexologie-shiatsu-nantes.fr\/wp-content\/uploads\/2017\/07\/reflexologie-nantes-2-768x1152.jpg?resize=525%2C300 1.5x, https:\/\/i0.wp.com\/reflexologie-shiatsu-nantes.fr\/wp-content\/uploads\/2017\/07\/reflexologie-nantes-2-768x1152.jpg?resize=700%2C400 2x"},"classes":[]}],"_links":{"self":[{"href":"https:\/\/reflexologie-shiatsu-nantes.fr\/index.php\/wp-json\/wp\/v2\/pages\/68"}],"collection":[{"href":"https:\/\/reflexologie-shiatsu-nantes.fr\/index.php\/wp-json\/wp\/v2\/pages"}],"about":[{"href":"https:\/\/reflexologie-shiatsu-nantes.fr\/index.php\/wp-json\/wp\/v2\/types\/page"}],"author":[{"embeddable":true,"href":"https:\/\/reflexologie-shiatsu-nantes.fr\/index.php\/wp-json\/wp\/v2\/users\/2"}],"replies":[{"embeddable":true,"href":"https:\/\/reflexologie-shiatsu-nantes.fr\/index.php\/wp-json\/wp\/v2\/comments?post=68"}],"version-history":[{"count":11,"href":"https:\/\/reflexologie-shiatsu-nantes.fr\/index.php\/wp-json\/wp\/v2\/pages\/68\/revisions"}],"predecessor-version":[{"id":748,"href":"https:\/\/reflexologie-shiatsu-nantes.fr\/index.php\/wp-json\/wp\/v2\/pages\/68\/revisions\/748"}],"wp:attachment":[{"href":"https:\/\/reflexologie-shiatsu-nantes.fr\/index.php\/wp-json\/wp\/v2\/media?parent=68"}],"curies":[{"name":"wp","href":"https:\/\/api.w.org\/{rel}","templated":true}]}}