{"id":485,"date":"2019-09-11T15:34:57","date_gmt":"2019-09-11T13:34:57","guid":{"rendered":"http:\/\/reflexologie-shiatsu-nantes.fr\/?page_id=485"},"modified":"2019-09-11T15:36:58","modified_gmt":"2019-09-11T13:36:58","slug":"votre-seance","status":"publish","type":"page","link":"https:\/\/reflexologie-shiatsu-nantes.fr\/index.php\/votre-seance\/","title":{"rendered":"Votre s\u00e9ance"},"content":{"rendered":"<div id=\"dslc-theme-content\"><div id=\"dslc-theme-content-inner\">\t\t<div data-elementor-type=\"wp-page\" data-elementor-id=\"485\" class=\"elementor elementor-485\">\n\t\t\t\t\t\t\t\t\t<section class=\"elementor-section elementor-top-section elementor-element elementor-element-8a737b9 elementor-section-boxed elementor-section-height-default elementor-section-height-default\" data-id=\"8a737b9\" data-element_type=\"section\">\n\t\t\t\t\t\t<div class=\"elementor-container elementor-column-gap-default\">\n\t\t\t\t\t<div class=\"elementor-column elementor-col-100 elementor-top-column elementor-element elementor-element-14afe18\" data-id=\"14afe18\" data-element_type=\"column\">\n\t\t\t<div class=\"elementor-widget-wrap elementor-element-populated\">\n\t\t\t\t\t\t\t\t<div class=\"elementor-element elementor-element-361a015 elementor-widget elementor-widget-heading\" data-id=\"361a015\" data-element_type=\"widget\" data-widget_type=\"heading.default\">\n\t\t\t\t<div class=\"elementor-widget-container\">\n\t\t\t<h2 class=\"elementor-heading-title elementor-size-default\">La s\u00e9ance de Kobido<\/h2>\t\t<\/div>\n\t\t\t\t<\/div>\n\t\t\t\t\t<\/div>\n\t\t<\/div>\n\t\t\t\t\t\t\t<\/div>\n\t\t<\/section>\n\t\t\t\t<section class=\"elementor-section elementor-top-section elementor-element elementor-element-feb2b8b elementor-section-boxed elementor-section-height-default elementor-section-height-default\" data-id=\"feb2b8b\" data-element_type=\"section\">\n\t\t\t\t\t\t<div class=\"elementor-container elementor-column-gap-default\">\n\t\t\t\t\t<div class=\"elementor-column elementor-col-100 elementor-top-column elementor-element elementor-element-155f562\" data-id=\"155f562\" data-element_type=\"column\">\n\t\t\t<div class=\"elementor-widget-wrap elementor-element-populated\">\n\t\t\t\t\t\t\t\t<div class=\"elementor-element elementor-element-6ee3cb0 elementor-widget elementor-widget-text-editor\" data-id=\"6ee3cb0\" data-element_type=\"widget\" data-widget_type=\"text-editor.default\">\n\t\t\t\t<div class=\"elementor-widget-container\">\n\t\t\t\t\t\t\t<p>Vous \u00eates confortablement allong\u00e9(e) sur une table de massage.<br \/>Le Kobido se pratique manuellement sur un visage nettoy\u00e9 et d\u00e9maquill\u00e9 ainsi que sur le d\u00e9collet\u00e9.<br \/>Chaque personne (homme &#8211; femme) de tout \u00e2ge peut en b\u00e9n\u00e9ficier pour pr\u00e9server la jeunesse et la qualit\u00e9 de sa peau. <br \/>Avant tout pr\u00e9ventif, il est conseill\u00e9 de le recevoir avant les premiers signes du temps.<\/p><p><br \/>L\u2019id\u00e9al est de recevoir une dizaine de s\u00e9ances rapproch\u00e9es puis un entretien d\u2019une \u00e0 deux s\u00e9ances par mois.<br \/>La s\u00e9ance de Kobido dure 1 heure.<\/p>\t\t\t\t\t\t<\/div>\n\t\t\t\t<\/div>\n\t\t\t\t\t<\/div>\n\t\t<\/div>\n\t\t\t\t\t\t\t<\/div>\n\t\t<\/section>\n\t\t\t\t\t\t\t<\/div>\n\t\t<\/div><\/div>","protected":false},"excerpt":{"rendered":"<p>La s\u00e9ance de Kobido Vous \u00eates confortablement allong\u00e9(e) sur une table de massage.Le Kobido se pratique manuellement sur un visage nettoy\u00e9 et d\u00e9maquill\u00e9 ainsi que sur le d\u00e9collet\u00e9.Chaque personne (homme &#8211; femme) de tout \u00e2ge peut en b\u00e9n\u00e9ficier pour pr\u00e9server la jeunesse et la qualit\u00e9 de sa peau. Avant tout pr\u00e9ventif, il est conseill\u00e9 de<a class=\"moretag\" href=\"https:\/\/reflexologie-shiatsu-nantes.fr\/index.php\/votre-seance\/\"><span class=\"screen-reader-text\">En savoir plus surVotre s\u00e9ance<\/span>[&#8230;]<\/a><\/p>\n","protected":false},"author":3,"featured_media":0,"parent":0,"menu_order":0,"comment_status":"closed","ping_status":"closed","template":"","meta":{"jetpack_post_was_ever_published":false,"footnotes":""},"yoast_head":"<!-- This site is optimized with the Yoast SEO plugin v21.7 - https:\/\/yoast.com\/wordpress\/plugins\/seo\/ -->\n<title>Votre s\u00e9ance - R\u00e9flexologie, Shiatsu et Kobido \u00e0 Nantes<\/title>\n<meta name=\"robots\" content=\"index, follow, max-snippet:-1, max-image-preview:large, max-video-preview:-1\" \/>\n<link rel=\"canonical\" href=\"https:\/\/reflexologie-shiatsu-nantes.fr\/index.php\/votre-seance\/\" \/>\n<meta property=\"og:locale\" content=\"fr_FR\" \/>\n<meta property=\"og:type\" content=\"article\" \/>\n<meta property=\"og:title\" content=\"Votre s\u00e9ance - R\u00e9flexologie, Shiatsu et Kobido \u00e0 Nantes\" \/>\n<meta property=\"og:description\" content=\"La s\u00e9ance de Kobido Vous \u00eates confortablement allong\u00e9(e) sur une table de massage.Le Kobido se pratique manuellement sur un visage nettoy\u00e9 et d\u00e9maquill\u00e9 ainsi que sur le d\u00e9collet\u00e9.Chaque personne (homme &#8211; femme) de tout \u00e2ge peut en b\u00e9n\u00e9ficier pour pr\u00e9server la jeunesse et la qualit\u00e9 de sa peau. Avant tout pr\u00e9ventif, il est conseill\u00e9 deEn savoir plus surVotre s\u00e9ance[...]\" \/>\n<meta property=\"og:url\" content=\"https:\/\/reflexologie-shiatsu-nantes.fr\/index.php\/votre-seance\/\" \/>\n<meta property=\"og:site_name\" content=\"R\u00e9flexologie, Shiatsu et Kobido \u00e0 Nantes\" \/>\n<meta property=\"article:modified_time\" content=\"2019-09-11T13:36:58+00:00\" \/>\n<meta name=\"twitter:card\" content=\"summary_large_image\" \/>\n<meta name=\"twitter:label1\" content=\"Dur\u00e9e de lecture estim\u00e9e\" \/>\n\t<meta name=\"twitter:data1\" content=\"1 minute\" \/>\n<script type=\"application\/ld+json\" class=\"yoast-schema-graph\">{\"@context\":\"https:\/\/schema.org\",\"@graph\":[{\"@type\":\"WebPage\",\"@id\":\"https:\/\/reflexologie-shiatsu-nantes.fr\/index.php\/votre-seance\/\",\"url\":\"https:\/\/reflexologie-shiatsu-nantes.fr\/index.php\/votre-seance\/\",\"name\":\"Votre s\u00e9ance - R\u00e9flexologie, Shiatsu et Kobido \u00e0 Nantes\",\"isPartOf\":{\"@id\":\"https:\/\/reflexologie-shiatsu-nantes.fr\/#website\"},\"datePublished\":\"2019-09-11T13:34:57+00:00\",\"dateModified\":\"2019-09-11T13:36:58+00:00\",\"breadcrumb\":{\"@id\":\"https:\/\/reflexologie-shiatsu-nantes.fr\/index.php\/votre-seance\/#breadcrumb\"},\"inLanguage\":\"fr-FR\",\"potentialAction\":[{\"@type\":\"ReadAction\",\"target\":[\"https:\/\/reflexologie-shiatsu-nantes.fr\/index.php\/votre-seance\/\"]}]},{\"@type\":\"BreadcrumbList\",\"@id\":\"https:\/\/reflexologie-shiatsu-nantes.fr\/index.php\/votre-seance\/#breadcrumb\",\"itemListElement\":[{\"@type\":\"ListItem\",\"position\":1,\"name\":\"Accueil\",\"item\":\"https:\/\/reflexologie-shiatsu-nantes.fr\/\"},{\"@type\":\"ListItem\",\"position\":2,\"name\":\"Votre s\u00e9ance\"}]},{\"@type\":\"WebSite\",\"@id\":\"https:\/\/reflexologie-shiatsu-nantes.fr\/#website\",\"url\":\"https:\/\/reflexologie-shiatsu-nantes.fr\/\",\"name\":\"R\u00e9flexologie, Shiatsu et Kobido \u00e0 Nantes\",\"description\":\"Bienvenue\",\"potentialAction\":[{\"@type\":\"SearchAction\",\"target\":{\"@type\":\"EntryPoint\",\"urlTemplate\":\"https:\/\/reflexologie-shiatsu-nantes.fr\/?s={search_term_string}\"},\"query-input\":\"required name=search_term_string\"}],\"inLanguage\":\"fr-FR\"}]}<\/script>\n<!-- \/ Yoast SEO plugin. -->","yoast_head_json":{"title":"Votre s\u00e9ance - R\u00e9flexologie, Shiatsu et Kobido \u00e0 Nantes","robots":{"index":"index","follow":"follow","max-snippet":"max-snippet:-1","max-image-preview":"max-image-preview:large","max-video-preview":"max-video-preview:-1"},"canonical":"https:\/\/reflexologie-shiatsu-nantes.fr\/index.php\/votre-seance\/","og_locale":"fr_FR","og_type":"article","og_title":"Votre s\u00e9ance - R\u00e9flexologie, Shiatsu et Kobido \u00e0 Nantes","og_description":"La s\u00e9ance de Kobido Vous \u00eates confortablement allong\u00e9(e) sur une table de massage.Le Kobido se pratique manuellement sur un visage nettoy\u00e9 et d\u00e9maquill\u00e9 ainsi que sur le d\u00e9collet\u00e9.Chaque personne (homme &#8211; femme) de tout \u00e2ge peut en b\u00e9n\u00e9ficier pour pr\u00e9server la jeunesse et la qualit\u00e9 de sa peau. Avant tout pr\u00e9ventif, il est conseill\u00e9 deEn savoir plus surVotre s\u00e9ance[...]","og_url":"https:\/\/reflexologie-shiatsu-nantes.fr\/index.php\/votre-seance\/","og_site_name":"R\u00e9flexologie, Shiatsu et Kobido \u00e0 Nantes","article_modified_time":"2019-09-11T13:36:58+00:00","twitter_card":"summary_large_image","twitter_misc":{"Dur\u00e9e de lecture estim\u00e9e":"1 minute"},"schema":{"@context":"https:\/\/schema.org","@graph":[{"@type":"WebPage","@id":"https:\/\/reflexologie-shiatsu-nantes.fr\/index.php\/votre-seance\/","url":"https:\/\/reflexologie-shiatsu-nantes.fr\/index.php\/votre-seance\/","name":"Votre s\u00e9ance - R\u00e9flexologie, Shiatsu et Kobido \u00e0 Nantes","isPartOf":{"@id":"https:\/\/reflexologie-shiatsu-nantes.fr\/#website"},"datePublished":"2019-09-11T13:34:57+00:00","dateModified":"2019-09-11T13:36:58+00:00","breadcrumb":{"@id":"https:\/\/reflexologie-shiatsu-nantes.fr\/index.php\/votre-seance\/#breadcrumb"},"inLanguage":"fr-FR","potentialAction":[{"@type":"ReadAction","target":["https:\/\/reflexologie-shiatsu-nantes.fr\/index.php\/votre-seance\/"]}]},{"@type":"BreadcrumbList","@id":"https:\/\/reflexologie-shiatsu-nantes.fr\/index.php\/votre-seance\/#breadcrumb","itemListElement":[{"@type":"ListItem","position":1,"name":"Accueil","item":"https:\/\/reflexologie-shiatsu-nantes.fr\/"},{"@type":"ListItem","position":2,"name":"Votre s\u00e9ance"}]},{"@type":"WebSite","@id":"https:\/\/reflexologie-shiatsu-nantes.fr\/#website","url":"https:\/\/reflexologie-shiatsu-nantes.fr\/","name":"R\u00e9flexologie, Shiatsu et Kobido \u00e0 Nantes","description":"Bienvenue","potentialAction":[{"@type":"SearchAction","target":{"@type":"EntryPoint","urlTemplate":"https:\/\/reflexologie-shiatsu-nantes.fr\/?s={search_term_string}"},"query-input":"required name=search_term_string"}],"inLanguage":"fr-FR"}]}},"jetpack_sharing_enabled":true,"jetpack_shortlink":"https:\/\/wp.me\/P8fx45-7P","jetpack-related-posts":[{"id":512,"url":"https:\/\/reflexologie-shiatsu-nantes.fr\/index.php\/kobido\/","url_meta":{"origin":485,"position":0},"title":"kobido","author":"Claire Cottais","date":"15 septembre 2019","format":false,"excerpt":"Ici, vous trouverez plusieurs \u00e9l\u00e9ments pour en savoir plus sur le Kobido Les origines et la pr\u00e9sentation de cette pratique Le Kobido Le d\u00e9roulement de votre s\u00e9ance de Kobido","rel":"","context":"Article similaire","block_context":{"text":"Article similaire","link":""},"img":{"alt_text":"","src":"","width":0,"height":0},"classes":[]},{"id":473,"url":"https:\/\/reflexologie-shiatsu-nantes.fr\/index.php\/origines-presentation\/","url_meta":{"origin":485,"position":1},"title":"Origines | Pr\u00e9sentation","author":"MICHEL SEVIN","date":"11 septembre 2019","format":false,"excerpt":"Les origines du Kobido Le Kobido prend sa source au milieu du 15 \u00e8me si\u00e8cle au Japon.A l\u2019\u00e9poque, la forme existante de massage est l'Anma. Une longue comp\u00e9tition a motiv\u00e9 l\u2019int\u00e9r\u00eat de deux des meilleurs ma\u00eetres dans cet art. Ils se sont notamment affront\u00e9s dans la pratique des soins du\u2026","rel":"","context":"Article similaire","block_context":{"text":"Article similaire","link":""},"img":{"alt_text":"","src":"","width":0,"height":0},"classes":[]},{"id":480,"url":"https:\/\/reflexologie-shiatsu-nantes.fr\/index.php\/le-kobido\/","url_meta":{"origin":485,"position":2},"title":"Le Kobido","author":"MICHEL SEVIN","date":"11 septembre 2019","format":false,"excerpt":"Le Kobido Kobido est le nom d\u2019une maison (compagnie) et d\u2019une lign\u00e9e japonaise proposant un des soins du visage les plus sophistiqu\u00e9s. Il est constitu\u00e9 de centaines de techniques regroup\u00e9es en 48 cat\u00e9gories qui ont chacune leurs sp\u00e9cificit\u00e9s en fonction de la partie du visage trait\u00e9e: lissage, percussion, vibration, p\u00e9trissage\u2026\u2026","rel":"","context":"Article similaire","block_context":{"text":"Article similaire","link":""},"img":{"alt_text":"","src":"","width":0,"height":0},"classes":[]},{"id":113,"url":"https:\/\/reflexologie-shiatsu-nantes.fr\/index.php\/soins-tarifs\/","url_meta":{"origin":485,"position":3},"title":"Tarifs","author":"Claire Cottais","date":"3 juillet 2017","format":false,"excerpt":"Les diff\u00e9rents soins et tarifs en vigueur au 15\/02\/2024 Soins de R\u00e9flexologie,\u00a0Shiatsuou\u00a0Shiatsu assis (Amma) :Une heure : 70 \u20ac30 minutes : 40 \u20acSoins de Kobido :1 soin\u00a0 \u00a0:\u00a0 \u00a0 80\u20ac3 soins\u00a0 \u00a0:\u00a0 \u00a0 230\u20ac5 soins\u00a0 \u00a0 :\u00a0 \u00a0 380\u20ac10 soins\u00a0 \u00a0:\u00a0 \u00a0 720\u20acShiatsu assis en entreprise \u00e0 Nantes\u00a0: me consulter\u2026","rel":"","context":"Article similaire","block_context":{"text":"Article similaire","link":""},"img":{"alt_text":"","src":"","width":0,"height":0},"classes":[]},{"id":110,"url":"https:\/\/reflexologie-shiatsu-nantes.fr\/index.php\/carte-cadeau\/","url_meta":{"origin":485,"position":4},"title":"Carte cadeau","author":"Claire Cottais","date":"3 juillet 2017","format":false,"excerpt":"Un cadeau pour vous ou un de vos proches Offrir ou s\u2019offrir une parenth\u00e8se ressour\u00e7ante \u00e0 Nantes\u00a0gr\u00e2ce \u00e0 une carte cadeau\u00a0?\u00a0Un soin de R\u00e9flexologie ,\u00a0\u00a0Shiatsu\u00a0ou Kobido est une opportunit\u00e9 pour se d\u00e9tendre, d\u00e9poser un instant son quotidien et aussi prendre soin de soi tout en douceur.\u00a0A r\u00e9ception de votre paiement,\u2026","rel":"","context":"Article similaire","block_context":{"text":"Article similaire","link":""},"img":{"alt_text":"","src":"","width":0,"height":0},"classes":[]},{"id":16,"url":"https:\/\/reflexologie-shiatsu-nantes.fr\/","url_meta":{"origin":485,"position":5},"title":"Accueil","author":"admin6897","date":"31 d\u00e9cembre 2016","format":false,"excerpt":"Bienvenue au cabinet de r\u00e9flexologie, shiatsu et\u00a0 kobido \u00e0 Nantes.Heures d'ouverture : du lundi au samedi\u00a0 de 9H \u00e0 19HAdresse : 21 rue Mond\u00e9sir 44000 NANTES","rel":"","context":"Article similaire","block_context":{"text":"Article similaire","link":""},"img":{"alt_text":"","src":"","width":0,"height":0},"classes":[]}],"_links":{"self":[{"href":"https:\/\/reflexologie-shiatsu-nantes.fr\/index.php\/wp-json\/wp\/v2\/pages\/485"}],"collection":[{"href":"https:\/\/reflexologie-shiatsu-nantes.fr\/index.php\/wp-json\/wp\/v2\/pages"}],"about":[{"href":"https:\/\/reflexologie-shiatsu-nantes.fr\/index.php\/wp-json\/wp\/v2\/types\/page"}],"author":[{"embeddable":true,"href":"https:\/\/reflexologie-shiatsu-nantes.fr\/index.php\/wp-json\/wp\/v2\/users\/3"}],"replies":[{"embeddable":true,"href":"https:\/\/reflexologie-shiatsu-nantes.fr\/index.php\/wp-json\/wp\/v2\/comments?post=485"}],"version-history":[{"count":3,"href":"https:\/\/reflexologie-shiatsu-nantes.fr\/index.php\/wp-json\/wp\/v2\/pages\/485\/revisions"}],"predecessor-version":[{"id":488,"href":"https:\/\/reflexologie-shiatsu-nantes.fr\/index.php\/wp-json\/wp\/v2\/pages\/485\/revisions\/488"}],"wp:attachment":[{"href":"https:\/\/reflexologie-shiatsu-nantes.fr\/index.php\/wp-json\/wp\/v2\/media?parent=485"}],"curies":[{"name":"wp","href":"https:\/\/api.w.org\/{rel}","templated":true}]}}