{"id":473,"date":"2019-09-11T15:11:41","date_gmt":"2019-09-11T13:11:41","guid":{"rendered":"http:\/\/reflexologie-shiatsu-nantes.fr\/?page_id=473"},"modified":"2019-09-11T15:22:59","modified_gmt":"2019-09-11T13:22:59","slug":"origines-presentation","status":"publish","type":"page","link":"https:\/\/reflexologie-shiatsu-nantes.fr\/index.php\/origines-presentation\/","title":{"rendered":"Origines | Pr\u00e9sentation"},"content":{"rendered":"<div id=\"dslc-theme-content\"><div id=\"dslc-theme-content-inner\">\t\t<div data-elementor-type=\"wp-page\" data-elementor-id=\"473\" class=\"elementor elementor-473\">\n\t\t\t\t\t\t\t\t\t<section class=\"elementor-section elementor-top-section elementor-element elementor-element-674a8d2 elementor-section-boxed elementor-section-height-default elementor-section-height-default\" data-id=\"674a8d2\" data-element_type=\"section\">\n\t\t\t\t\t\t<div class=\"elementor-container elementor-column-gap-default\">\n\t\t\t\t\t<div class=\"elementor-column elementor-col-100 elementor-top-column elementor-element elementor-element-e7c9013\" data-id=\"e7c9013\" data-element_type=\"column\">\n\t\t\t<div class=\"elementor-widget-wrap elementor-element-populated\">\n\t\t\t\t\t\t\t\t<div class=\"elementor-element elementor-element-9c54a83 elementor-widget elementor-widget-heading\" data-id=\"9c54a83\" data-element_type=\"widget\" data-widget_type=\"heading.default\">\n\t\t\t\t<div class=\"elementor-widget-container\">\n\t\t\t<h2 class=\"elementor-heading-title elementor-size-default\">Les origines du Kobido<\/h2>\t\t<\/div>\n\t\t\t\t<\/div>\n\t\t\t\t\t<\/div>\n\t\t<\/div>\n\t\t\t\t\t\t\t<\/div>\n\t\t<\/section>\n\t\t\t\t<section class=\"elementor-section elementor-top-section elementor-element elementor-element-4afa28c elementor-section-boxed elementor-section-height-default elementor-section-height-default\" data-id=\"4afa28c\" data-element_type=\"section\">\n\t\t\t\t\t\t<div class=\"elementor-container elementor-column-gap-default\">\n\t\t\t\t\t<div class=\"elementor-column elementor-col-100 elementor-top-column elementor-element elementor-element-a417a2b\" data-id=\"a417a2b\" data-element_type=\"column\">\n\t\t\t<div class=\"elementor-widget-wrap elementor-element-populated\">\n\t\t\t\t\t\t\t\t<div class=\"elementor-element elementor-element-36678bb elementor-widget elementor-widget-text-editor\" data-id=\"36678bb\" data-element_type=\"widget\" data-widget_type=\"text-editor.default\">\n\t\t\t\t<div class=\"elementor-widget-container\">\n\t\t\t\t\t\t\t<p>Le Kobido prend sa source au milieu du 15 \u00e8me si\u00e8cle au Japon.<\/p><p>A l\u2019\u00e9poque, la forme existante de massage est l&#8217;Anma. Une longue comp\u00e9tition a motiv\u00e9 l\u2019int\u00e9r\u00eat de deux des meilleurs ma\u00eetres dans cet art. Ils se sont notamment affront\u00e9s dans la pratique des soins du visage en utilisant le Kyoku-te, une technique de percussions particuli\u00e8re.<\/p><p>Au bout du compte, la d\u00e9cision fut prise d\u2019associer leurs comp\u00e9tences respectives et de cr\u00e9er une maison (compagnie) nomm\u00e9e KOBIDO (litt\u00e9ralement \u00ab Maison de Parfum et de Beaut\u00e9), qui compte aujourd\u2019hui 48 techniques ancestrales.<\/p><p>Le \u00ab Kobido \u00bb se distingue d\u2019autres formes de soins du visage; il est enseign\u00e9 uniquement de ma\u00eetres \u00e0 apprentis.<\/p><p>Actuellement, le Dr. Shogo Mochizuki est le ma\u00eetre de la 26 \u00e8me g\u00e9n\u00e9ration de la maison et lign\u00e9e Kobido. D\u00e9sign\u00e9 par Ma\u00eetre Ito pour le succ\u00e9der, il est le seul habilit\u00e9 \u00e0 transmettre cet art ancestral.<\/p>\t\t\t\t\t\t<\/div>\n\t\t\t\t<\/div>\n\t\t\t\t\t<\/div>\n\t\t<\/div>\n\t\t\t\t\t\t\t<\/div>\n\t\t<\/section>\n\t\t\t\t<section class=\"elementor-section elementor-top-section elementor-element elementor-element-825feb5 elementor-section-boxed elementor-section-height-default elementor-section-height-default\" data-id=\"825feb5\" data-element_type=\"section\">\n\t\t\t\t\t\t<div class=\"elementor-container elementor-column-gap-default\">\n\t\t\t\t\t<div class=\"elementor-column elementor-col-100 elementor-top-column elementor-element elementor-element-2f077c0\" data-id=\"2f077c0\" data-element_type=\"column\">\n\t\t\t<div class=\"elementor-widget-wrap elementor-element-populated\">\n\t\t\t\t\t\t\t\t<div class=\"elementor-element elementor-element-233c691 elementor-widget elementor-widget-heading\" data-id=\"233c691\" data-element_type=\"widget\" data-widget_type=\"heading.default\">\n\t\t\t\t<div class=\"elementor-widget-container\">\n\t\t\t<h2 class=\"elementor-heading-title elementor-size-default\">Pr\u00e9sentation du Kobido<\/h2>\t\t<\/div>\n\t\t\t\t<\/div>\n\t\t\t\t\t<\/div>\n\t\t<\/div>\n\t\t\t\t\t\t\t<\/div>\n\t\t<\/section>\n\t\t\t\t<section class=\"elementor-section elementor-top-section elementor-element elementor-element-58ffbf0 elementor-section-boxed elementor-section-height-default elementor-section-height-default\" data-id=\"58ffbf0\" data-element_type=\"section\">\n\t\t\t\t\t\t<div class=\"elementor-container elementor-column-gap-default\">\n\t\t\t\t\t<div class=\"elementor-column elementor-col-100 elementor-top-column elementor-element elementor-element-b650713\" data-id=\"b650713\" data-element_type=\"column\">\n\t\t\t<div class=\"elementor-widget-wrap elementor-element-populated\">\n\t\t\t\t\t\t\t\t<div class=\"elementor-element elementor-element-dffd426 elementor-widget elementor-widget-text-editor\" data-id=\"dffd426\" data-element_type=\"widget\" data-widget_type=\"text-editor.default\">\n\t\t\t\t<div class=\"elementor-widget-container\">\n\t\t\t\t\t\t\t<p>Dans son \u00e9volution actuelle, Kobido signifie litt\u00e9ralement \u00ab Voie ancestrale de la beaut\u00e9 \u00bb.<br \/>La qu\u00eate de la sant\u00e9 et de la long\u00e9vit\u00e9 est ancr\u00e9e dans la tradition orientale et port\u00e9e par les principes de la M\u00e9decine Traditionnelle Chinoise (et par extension japonaise). <br \/>La beaut\u00e9 est l\u2019aspect visible d\u2019un \u00e9quilibre physique, psychique et spirituel. <br \/>Selon un proverbe japonais \u00abmille personnes ont mille visages \u00bb. <br \/>Le soin Kobido est personnalis\u00e9. Il r\u00e9v\u00e8le votre beaut\u00e9 int\u00e9rieure pour qu\u2019elle se manifeste et rayonne sur vos traits au fil des soins.<\/p>\t\t\t\t\t\t<\/div>\n\t\t\t\t<\/div>\n\t\t\t\t\t<\/div>\n\t\t<\/div>\n\t\t\t\t\t\t\t<\/div>\n\t\t<\/section>\n\t\t\t\t\t\t\t<\/div>\n\t\t<\/div><\/div>","protected":false},"excerpt":{"rendered":"<p>Les origines du Kobido Le Kobido prend sa source au milieu du 15 \u00e8me si\u00e8cle au Japon. A l\u2019\u00e9poque, la forme existante de massage est l&#8217;Anma. Une longue comp\u00e9tition a motiv\u00e9 l\u2019int\u00e9r\u00eat de deux des meilleurs ma\u00eetres dans cet art. Ils se sont notamment affront\u00e9s dans la pratique des soins du visage en utilisant le<a class=\"moretag\" href=\"https:\/\/reflexologie-shiatsu-nantes.fr\/index.php\/origines-presentation\/\"><span class=\"screen-reader-text\">En savoir plus surOrigines | Pr\u00e9sentation<\/span>[&#8230;]<\/a><\/p>\n","protected":false},"author":3,"featured_media":0,"parent":0,"menu_order":0,"comment_status":"closed","ping_status":"closed","template":"","meta":{"jetpack_post_was_ever_published":false,"footnotes":""},"yoast_head":"<!-- This site is optimized with the Yoast SEO plugin v21.7 - https:\/\/yoast.com\/wordpress\/plugins\/seo\/ -->\n<title>Origines | Pr\u00e9sentation - R\u00e9flexologie, Shiatsu et Kobido \u00e0 Nantes<\/title>\n<meta name=\"robots\" content=\"index, follow, max-snippet:-1, max-image-preview:large, max-video-preview:-1\" \/>\n<link rel=\"canonical\" href=\"https:\/\/reflexologie-shiatsu-nantes.fr\/index.php\/origines-presentation\/\" \/>\n<meta property=\"og:locale\" content=\"fr_FR\" \/>\n<meta property=\"og:type\" content=\"article\" \/>\n<meta property=\"og:title\" content=\"Origines | Pr\u00e9sentation - R\u00e9flexologie, Shiatsu et Kobido \u00e0 Nantes\" \/>\n<meta property=\"og:description\" content=\"Les origines du Kobido Le Kobido prend sa source au milieu du 15 \u00e8me si\u00e8cle au Japon. A l\u2019\u00e9poque, la forme existante de massage est l&#8217;Anma. Une longue comp\u00e9tition a motiv\u00e9 l\u2019int\u00e9r\u00eat de deux des meilleurs ma\u00eetres dans cet art. Ils se sont notamment affront\u00e9s dans la pratique des soins du visage en utilisant leEn savoir plus surOrigines | Pr\u00e9sentation[...]\" \/>\n<meta property=\"og:url\" content=\"https:\/\/reflexologie-shiatsu-nantes.fr\/index.php\/origines-presentation\/\" \/>\n<meta property=\"og:site_name\" content=\"R\u00e9flexologie, Shiatsu et Kobido \u00e0 Nantes\" \/>\n<meta property=\"article:modified_time\" content=\"2019-09-11T13:22:59+00:00\" \/>\n<meta name=\"twitter:card\" content=\"summary_large_image\" \/>\n<meta name=\"twitter:label1\" content=\"Dur\u00e9e de lecture estim\u00e9e\" \/>\n\t<meta name=\"twitter:data1\" content=\"1 minute\" \/>\n<script type=\"application\/ld+json\" class=\"yoast-schema-graph\">{\"@context\":\"https:\/\/schema.org\",\"@graph\":[{\"@type\":\"WebPage\",\"@id\":\"https:\/\/reflexologie-shiatsu-nantes.fr\/index.php\/origines-presentation\/\",\"url\":\"https:\/\/reflexologie-shiatsu-nantes.fr\/index.php\/origines-presentation\/\",\"name\":\"Origines | Pr\u00e9sentation - R\u00e9flexologie, Shiatsu et Kobido \u00e0 Nantes\",\"isPartOf\":{\"@id\":\"https:\/\/reflexologie-shiatsu-nantes.fr\/#website\"},\"datePublished\":\"2019-09-11T13:11:41+00:00\",\"dateModified\":\"2019-09-11T13:22:59+00:00\",\"breadcrumb\":{\"@id\":\"https:\/\/reflexologie-shiatsu-nantes.fr\/index.php\/origines-presentation\/#breadcrumb\"},\"inLanguage\":\"fr-FR\",\"potentialAction\":[{\"@type\":\"ReadAction\",\"target\":[\"https:\/\/reflexologie-shiatsu-nantes.fr\/index.php\/origines-presentation\/\"]}]},{\"@type\":\"BreadcrumbList\",\"@id\":\"https:\/\/reflexologie-shiatsu-nantes.fr\/index.php\/origines-presentation\/#breadcrumb\",\"itemListElement\":[{\"@type\":\"ListItem\",\"position\":1,\"name\":\"Accueil\",\"item\":\"https:\/\/reflexologie-shiatsu-nantes.fr\/\"},{\"@type\":\"ListItem\",\"position\":2,\"name\":\"Origines | Pr\u00e9sentation\"}]},{\"@type\":\"WebSite\",\"@id\":\"https:\/\/reflexologie-shiatsu-nantes.fr\/#website\",\"url\":\"https:\/\/reflexologie-shiatsu-nantes.fr\/\",\"name\":\"R\u00e9flexologie, Shiatsu et Kobido \u00e0 Nantes\",\"description\":\"Bienvenue\",\"potentialAction\":[{\"@type\":\"SearchAction\",\"target\":{\"@type\":\"EntryPoint\",\"urlTemplate\":\"https:\/\/reflexologie-shiatsu-nantes.fr\/?s={search_term_string}\"},\"query-input\":\"required name=search_term_string\"}],\"inLanguage\":\"fr-FR\"}]}<\/script>\n<!-- \/ Yoast SEO plugin. -->","yoast_head_json":{"title":"Origines | Pr\u00e9sentation - R\u00e9flexologie, Shiatsu et Kobido \u00e0 Nantes","robots":{"index":"index","follow":"follow","max-snippet":"max-snippet:-1","max-image-preview":"max-image-preview:large","max-video-preview":"max-video-preview:-1"},"canonical":"https:\/\/reflexologie-shiatsu-nantes.fr\/index.php\/origines-presentation\/","og_locale":"fr_FR","og_type":"article","og_title":"Origines | Pr\u00e9sentation - R\u00e9flexologie, Shiatsu et Kobido \u00e0 Nantes","og_description":"Les origines du Kobido Le Kobido prend sa source au milieu du 15 \u00e8me si\u00e8cle au Japon. A l\u2019\u00e9poque, la forme existante de massage est l&#8217;Anma. Une longue comp\u00e9tition a motiv\u00e9 l\u2019int\u00e9r\u00eat de deux des meilleurs ma\u00eetres dans cet art. Ils se sont notamment affront\u00e9s dans la pratique des soins du visage en utilisant leEn savoir plus surOrigines | Pr\u00e9sentation[...]","og_url":"https:\/\/reflexologie-shiatsu-nantes.fr\/index.php\/origines-presentation\/","og_site_name":"R\u00e9flexologie, Shiatsu et Kobido \u00e0 Nantes","article_modified_time":"2019-09-11T13:22:59+00:00","twitter_card":"summary_large_image","twitter_misc":{"Dur\u00e9e de lecture estim\u00e9e":"1 minute"},"schema":{"@context":"https:\/\/schema.org","@graph":[{"@type":"WebPage","@id":"https:\/\/reflexologie-shiatsu-nantes.fr\/index.php\/origines-presentation\/","url":"https:\/\/reflexologie-shiatsu-nantes.fr\/index.php\/origines-presentation\/","name":"Origines | Pr\u00e9sentation - R\u00e9flexologie, Shiatsu et Kobido \u00e0 Nantes","isPartOf":{"@id":"https:\/\/reflexologie-shiatsu-nantes.fr\/#website"},"datePublished":"2019-09-11T13:11:41+00:00","dateModified":"2019-09-11T13:22:59+00:00","breadcrumb":{"@id":"https:\/\/reflexologie-shiatsu-nantes.fr\/index.php\/origines-presentation\/#breadcrumb"},"inLanguage":"fr-FR","potentialAction":[{"@type":"ReadAction","target":["https:\/\/reflexologie-shiatsu-nantes.fr\/index.php\/origines-presentation\/"]}]},{"@type":"BreadcrumbList","@id":"https:\/\/reflexologie-shiatsu-nantes.fr\/index.php\/origines-presentation\/#breadcrumb","itemListElement":[{"@type":"ListItem","position":1,"name":"Accueil","item":"https:\/\/reflexologie-shiatsu-nantes.fr\/"},{"@type":"ListItem","position":2,"name":"Origines | Pr\u00e9sentation"}]},{"@type":"WebSite","@id":"https:\/\/reflexologie-shiatsu-nantes.fr\/#website","url":"https:\/\/reflexologie-shiatsu-nantes.fr\/","name":"R\u00e9flexologie, Shiatsu et Kobido \u00e0 Nantes","description":"Bienvenue","potentialAction":[{"@type":"SearchAction","target":{"@type":"EntryPoint","urlTemplate":"https:\/\/reflexologie-shiatsu-nantes.fr\/?s={search_term_string}"},"query-input":"required name=search_term_string"}],"inLanguage":"fr-FR"}]}},"jetpack_sharing_enabled":true,"jetpack_shortlink":"https:\/\/wp.me\/P8fx45-7D","jetpack-related-posts":[{"id":480,"url":"https:\/\/reflexologie-shiatsu-nantes.fr\/index.php\/le-kobido\/","url_meta":{"origin":473,"position":0},"title":"Le Kobido","author":"MICHEL SEVIN","date":"11 septembre 2019","format":false,"excerpt":"Le Kobido Kobido est le nom d\u2019une maison (compagnie) et d\u2019une lign\u00e9e japonaise proposant un des soins du visage les plus sophistiqu\u00e9s. Il est constitu\u00e9 de centaines de techniques regroup\u00e9es en 48 cat\u00e9gories qui ont chacune leurs sp\u00e9cificit\u00e9s en fonction de la partie du visage trait\u00e9e: lissage, percussion, vibration, p\u00e9trissage\u2026\u2026","rel":"","context":"Article similaire","block_context":{"text":"Article similaire","link":""},"img":{"alt_text":"","src":"","width":0,"height":0},"classes":[]},{"id":485,"url":"https:\/\/reflexologie-shiatsu-nantes.fr\/index.php\/votre-seance\/","url_meta":{"origin":473,"position":1},"title":"Votre s\u00e9ance","author":"MICHEL SEVIN","date":"11 septembre 2019","format":false,"excerpt":"La s\u00e9ance de Kobido Vous \u00eates confortablement allong\u00e9(e) sur une table de massage.Le Kobido se pratique manuellement sur un visage nettoy\u00e9 et d\u00e9maquill\u00e9 ainsi que sur le d\u00e9collet\u00e9.Chaque personne (homme - femme) de tout \u00e2ge peut en b\u00e9n\u00e9ficier pour pr\u00e9server la jeunesse et la qualit\u00e9 de sa peau. Avant tout\u2026","rel":"","context":"Article similaire","block_context":{"text":"Article similaire","link":""},"img":{"alt_text":"","src":"","width":0,"height":0},"classes":[]},{"id":512,"url":"https:\/\/reflexologie-shiatsu-nantes.fr\/index.php\/kobido\/","url_meta":{"origin":473,"position":2},"title":"kobido","author":"Claire Cottais","date":"15 septembre 2019","format":false,"excerpt":"Ici, vous trouverez plusieurs \u00e9l\u00e9ments pour en savoir plus sur le Kobido Les origines et la pr\u00e9sentation de cette pratique Le Kobido Le d\u00e9roulement de votre s\u00e9ance de Kobido","rel":"","context":"Article similaire","block_context":{"text":"Article similaire","link":""},"img":{"alt_text":"","src":"","width":0,"height":0},"classes":[]},{"id":16,"url":"https:\/\/reflexologie-shiatsu-nantes.fr\/","url_meta":{"origin":473,"position":3},"title":"Accueil","author":"admin6897","date":"31 d\u00e9cembre 2016","format":false,"excerpt":"Bienvenue au cabinet de r\u00e9flexologie, shiatsu et\u00a0 kobido \u00e0 Nantes.Heures d'ouverture : du lundi au samedi\u00a0 de 9H \u00e0 19HAdresse : 21 rue Mond\u00e9sir 44000 NANTES","rel":"","context":"Article similaire","block_context":{"text":"Article similaire","link":""},"img":{"alt_text":"","src":"","width":0,"height":0},"classes":[]},{"id":113,"url":"https:\/\/reflexologie-shiatsu-nantes.fr\/index.php\/soins-tarifs\/","url_meta":{"origin":473,"position":4},"title":"Tarifs","author":"Claire Cottais","date":"3 juillet 2017","format":false,"excerpt":"Les diff\u00e9rents soins et tarifs en vigueur au 15\/02\/2024 Soins de R\u00e9flexologie,\u00a0Shiatsuou\u00a0Shiatsu assis (Amma) :Une heure : 70 \u20ac30 minutes : 40 \u20acSoins de Kobido :1 soin\u00a0 \u00a0:\u00a0 \u00a0 80\u20ac3 soins\u00a0 \u00a0:\u00a0 \u00a0 230\u20ac5 soins\u00a0 \u00a0 :\u00a0 \u00a0 380\u20ac10 soins\u00a0 \u00a0:\u00a0 \u00a0 720\u20acShiatsu assis en entreprise \u00e0 Nantes\u00a0: me consulter\u2026","rel":"","context":"Article similaire","block_context":{"text":"Article similaire","link":""},"img":{"alt_text":"","src":"","width":0,"height":0},"classes":[]},{"id":108,"url":"https:\/\/reflexologie-shiatsu-nantes.fr\/index.php\/contact-2\/","url_meta":{"origin":473,"position":5},"title":"Contact","author":"Claire Cottais","date":"3 juillet 2017","format":false,"excerpt":"Je vous accueille sur rendez-vous au cabinet de Shiatsu,\u00a0R\u00e9flexologie et Kobido en plein coeur de Nantes (quartier Guist'hau) :Adresse21 rue Mond\u00e9sir |\u00a044000 NantesJours et heures d'ouvertureDu Lundi au Samedi de 9h00 \u00e0 19h00\u00a0 Coordonn\u00e9esT\u00e9l\u00e9phone : 06 82 65 96 26Adresse mail : elodie.cottais@icloud.comAcc\u00e8s\u00a0Transports en commun :Bus ( \u00e0 150 m\u2026","rel":"","context":"Article similaire","block_context":{"text":"Article similaire","link":""},"img":{"alt_text":"","src":"","width":0,"height":0},"classes":[]}],"_links":{"self":[{"href":"https:\/\/reflexologie-shiatsu-nantes.fr\/index.php\/wp-json\/wp\/v2\/pages\/473"}],"collection":[{"href":"https:\/\/reflexologie-shiatsu-nantes.fr\/index.php\/wp-json\/wp\/v2\/pages"}],"about":[{"href":"https:\/\/reflexologie-shiatsu-nantes.fr\/index.php\/wp-json\/wp\/v2\/types\/page"}],"author":[{"embeddable":true,"href":"https:\/\/reflexologie-shiatsu-nantes.fr\/index.php\/wp-json\/wp\/v2\/users\/3"}],"replies":[{"embeddable":true,"href":"https:\/\/reflexologie-shiatsu-nantes.fr\/index.php\/wp-json\/wp\/v2\/comments?post=473"}],"version-history":[{"count":4,"href":"https:\/\/reflexologie-shiatsu-nantes.fr\/index.php\/wp-json\/wp\/v2\/pages\/473\/revisions"}],"predecessor-version":[{"id":478,"href":"https:\/\/reflexologie-shiatsu-nantes.fr\/index.php\/wp-json\/wp\/v2\/pages\/473\/revisions\/478"}],"wp:attachment":[{"href":"https:\/\/reflexologie-shiatsu-nantes.fr\/index.php\/wp-json\/wp\/v2\/media?parent=473"}],"curies":[{"name":"wp","href":"https:\/\/api.w.org\/{rel}","templated":true}]}}