{"id":300,"date":"2017-07-11T20:11:55","date_gmt":"2017-07-11T18:11:55","guid":{"rendered":"http:\/\/reflexologie-shiatsu-nantes.fr\/?page_id=300"},"modified":"2019-07-28T12:50:44","modified_gmt":"2019-07-28T10:50:44","slug":"amma","status":"publish","type":"page","link":"https:\/\/reflexologie-shiatsu-nantes.fr\/index.php\/amma\/","title":{"rendered":"Le Amma"},"content":{"rendered":"<div id=\"dslc-theme-content\"><div id=\"dslc-theme-content-inner\">\t\t<div data-elementor-type=\"wp-page\" data-elementor-id=\"300\" class=\"elementor elementor-300 elementor-bc-flex-widget\">\n\t\t\t\t\t\t\t\t\t<section class=\"elementor-section elementor-top-section elementor-element elementor-element-kzmxgl6 elementor-section-boxed elementor-section-height-default elementor-section-height-default\" data-id=\"kzmxgl6\" data-element_type=\"section\">\n\t\t\t\t\t\t<div class=\"elementor-container elementor-column-gap-default\">\n\t\t\t\t\t<div class=\"elementor-column elementor-col-100 elementor-top-column elementor-element elementor-element-nc5oift\" data-id=\"nc5oift\" data-element_type=\"column\">\n\t\t\t<div class=\"elementor-widget-wrap elementor-element-populated\">\n\t\t\t\t\t\t\t\t<div class=\"elementor-element elementor-element-h5aklio elementor-widget elementor-widget-heading\" data-id=\"h5aklio\" data-element_type=\"widget\" data-widget_type=\"heading.default\">\n\t\t\t\t<div class=\"elementor-widget-container\">\n\t\t\t<h3 class=\"elementor-heading-title elementor-size-default\">Le Amma ou Shiatsu assis<\/h3>\t\t<\/div>\n\t\t\t\t<\/div>\n\t\t\t\t\t<\/div>\n\t\t<\/div>\n\t\t\t\t\t\t\t<\/div>\n\t\t<\/section>\n\t\t\t\t<section class=\"elementor-section elementor-top-section elementor-element elementor-element-pk6h4a2 elementor-section-boxed elementor-section-height-default elementor-section-height-default\" data-id=\"pk6h4a2\" data-element_type=\"section\">\n\t\t\t\t\t\t<div class=\"elementor-container elementor-column-gap-default\">\n\t\t\t\t\t<div class=\"elementor-column elementor-col-50 elementor-top-column elementor-element elementor-element-x1bu2aw\" data-id=\"x1bu2aw\" data-element_type=\"column\">\n\t\t\t<div class=\"elementor-widget-wrap elementor-element-populated\">\n\t\t\t\t\t\t\t\t<div class=\"elementor-element elementor-element-p6dyrfv elementor-widget elementor-widget-text-editor\" data-id=\"p6dyrfv\" data-element_type=\"widget\" data-widget_type=\"text-editor.default\">\n\t\t\t\t<div class=\"elementor-widget-container\">\n\t\t\t\t\t\t\t<p class=\"p1\"><span class=\"s1\">Le <strong>shiatsu assis<\/strong> est une variante du <strong>shiatsu japonais<\/strong>.\u00a0<\/span><span class=\"s1\">Le <strong>Amma<\/strong> se pratique habill\u00e9 sur une chaise ergonomique et s\u2019articule autour de pressions successives sur le cr\u00e2ne, la nuque, le dos, les hanches, les bras et les mains ainsi que des \u00e9tirements doux.<\/span><\/p><p class=\"p1\"><span class=\"s1\">Il n\u2019a pas de vis\u00e9e <strong>th\u00e9rapeutique<\/strong> sp\u00e9cifique ; cela dit, la lib\u00e9ration des tensions accumul\u00e9es dans le corps favorise la <strong>relaxation<\/strong> et le <strong>bien-\u00eatre<\/strong> g\u00e9n\u00e9ral.\u00a0<\/span><span class=\"s1\">Le <strong>Amma<\/strong> s\u2019adapte aux contraintes actuelles de temps car il n\u00e9cessite 20 mn pour acc\u00e9der \u00e0 une <strong>d\u00e9tente<\/strong> satisfaisante.\u00a0<\/span><span class=\"s1\">C\u2019est pourquoi il est utilis\u00e9 \u00e9galement en entreprise. <\/span><\/p><p class=\"p1\"><span class=\"s1\">Le <strong>Amma<\/strong> peut durer de 20mn \u00e0 45 mn.<\/span><\/p>\t\t\t\t\t\t<\/div>\n\t\t\t\t<\/div>\n\t\t\t\t<div class=\"elementor-element elementor-element-fn828jw elementor-widget-divider--view-line elementor-widget elementor-widget-divider\" data-id=\"fn828jw\" data-element_type=\"widget\" data-widget_type=\"divider.default\">\n\t\t\t\t<div class=\"elementor-widget-container\">\n\t\t\t\t\t<div class=\"elementor-divider\">\n\t\t\t<span class=\"elementor-divider-separator\">\n\t\t\t\t\t\t<\/span>\n\t\t<\/div>\n\t\t\t\t<\/div>\n\t\t\t\t<\/div>\n\t\t\t\t\t<\/div>\n\t\t<\/div>\n\t\t\t\t<div class=\"elementor-column elementor-col-50 elementor-top-column elementor-element elementor-element-aq3xad7\" data-id=\"aq3xad7\" data-element_type=\"column\">\n\t\t\t<div class=\"elementor-widget-wrap elementor-element-populated\">\n\t\t\t\t\t\t\t\t<div class=\"elementor-element elementor-element-jyzloef elementor-widget elementor-widget-image\" data-id=\"jyzloef\" data-element_type=\"widget\" data-widget_type=\"image.default\">\n\t\t\t\t<div class=\"elementor-widget-container\">\n\t\t\t\t\t\t\t\t\t\t\t\t\t\t\t<img decoding=\"async\" src=\"https:\/\/i0.wp.com\/reflexologie-shiatsu-nantes.fr\/wp-content\/uploads\/2017\/07\/shiatsu-assis-nantes.jpg?fit=250%2C350&amp;ssl=1\" title=\"shiatsu-assis-nantes\" alt=\"shiatsu-assis-nantes\" loading=\"lazy\" \/>\t\t\t\t\t\t\t\t\t\t\t\t\t\t\t<\/div>\n\t\t\t\t<\/div>\n\t\t\t\t\t<\/div>\n\t\t<\/div>\n\t\t\t\t\t\t\t<\/div>\n\t\t<\/section>\n\t\t\t\t<section class=\"elementor-section elementor-top-section elementor-element elementor-element-2jcq2yx elementor-section-boxed elementor-section-height-default elementor-section-height-default\" data-id=\"2jcq2yx\" data-element_type=\"section\">\n\t\t\t\t\t\t<div class=\"elementor-container elementor-column-gap-default\">\n\t\t\t\t\t<div class=\"elementor-column elementor-col-100 elementor-top-column elementor-element elementor-element-ok20hkw\" data-id=\"ok20hkw\" data-element_type=\"column\">\n\t\t\t<div class=\"elementor-widget-wrap elementor-element-populated\">\n\t\t\t\t\t\t\t\t<div class=\"elementor-element elementor-element-rjrv04l elementor-widget elementor-widget-image\" data-id=\"rjrv04l\" data-element_type=\"widget\" data-widget_type=\"image.default\">\n\t\t\t\t<div class=\"elementor-widget-container\">\n\t\t\t\t\t\t\t\t\t\t\t\t\t\t\t<img fetchpriority=\"high\" decoding=\"async\" data-attachment-id=\"346\" data-permalink=\"https:\/\/reflexologie-shiatsu-nantes.fr\/cropped-shiatsu-assis-nantes-1-jpg\/\" data-orig-file=\"https:\/\/i0.wp.com\/reflexologie-shiatsu-nantes.fr\/wp-content\/uploads\/2017\/07\/cropped-shiatsu-assis-nantes-1.jpg?fit=1500%2C659&amp;ssl=1\" data-orig-size=\"1500,659\" data-comments-opened=\"0\" data-image-meta=\"{&quot;aperture&quot;:&quot;0&quot;,&quot;credit&quot;:&quot;&quot;,&quot;camera&quot;:&quot;&quot;,&quot;caption&quot;:&quot;&quot;,&quot;created_timestamp&quot;:&quot;0&quot;,&quot;copyright&quot;:&quot;&quot;,&quot;focal_length&quot;:&quot;0&quot;,&quot;iso&quot;:&quot;0&quot;,&quot;shutter_speed&quot;:&quot;0&quot;,&quot;title&quot;:&quot;&quot;,&quot;orientation&quot;:&quot;0&quot;}\" data-image-title=\"cropped-shiatsu-assis-nantes-1.jpg\" data-image-description=\"\" data-image-caption=\"\" data-medium-file=\"https:\/\/i0.wp.com\/reflexologie-shiatsu-nantes.fr\/wp-content\/uploads\/2017\/07\/cropped-shiatsu-assis-nantes-1.jpg?fit=300%2C132&amp;ssl=1\" data-large-file=\"https:\/\/i0.wp.com\/reflexologie-shiatsu-nantes.fr\/wp-content\/uploads\/2017\/07\/cropped-shiatsu-assis-nantes-1.jpg?fit=730%2C321&amp;ssl=1\" width=\"730\" height=\"320\" src=\"https:\/\/i0.wp.com\/reflexologie-shiatsu-nantes.fr\/wp-content\/uploads\/2017\/07\/cropped-shiatsu-assis-nantes-1.jpg?fit=730%2C320&amp;ssl=1\" class=\"attachment-medium_large size-medium_large wp-image-346\" alt=\"\" srcset=\"https:\/\/i0.wp.com\/reflexologie-shiatsu-nantes.fr\/wp-content\/uploads\/2017\/07\/cropped-shiatsu-assis-nantes-1.jpg?w=1500&amp;ssl=1 1500w, https:\/\/i0.wp.com\/reflexologie-shiatsu-nantes.fr\/wp-content\/uploads\/2017\/07\/cropped-shiatsu-assis-nantes-1.jpg?resize=300%2C132&amp;ssl=1 300w, https:\/\/i0.wp.com\/reflexologie-shiatsu-nantes.fr\/wp-content\/uploads\/2017\/07\/cropped-shiatsu-assis-nantes-1.jpg?resize=768%2C337&amp;ssl=1 768w, https:\/\/i0.wp.com\/reflexologie-shiatsu-nantes.fr\/wp-content\/uploads\/2017\/07\/cropped-shiatsu-assis-nantes-1.jpg?resize=1024%2C450&amp;ssl=1 1024w\" sizes=\"(max-width: 730px) 100vw, 730px\" \/>\t\t\t\t\t\t\t\t\t\t\t\t\t\t\t<\/div>\n\t\t\t\t<\/div>\n\t\t\t\t\t<\/div>\n\t\t<\/div>\n\t\t\t\t\t\t\t<\/div>\n\t\t<\/section>\n\t\t\t\t\t\t\t<\/div>\n\t\t<\/div><\/div>","protected":false},"excerpt":{"rendered":"<p>Le Amma ou Shiatsu assis Le shiatsu assis est une variante du shiatsu japonais.\u00a0Le Amma se pratique habill\u00e9 sur une chaise ergonomique et s\u2019articule autour de pressions successives sur le cr\u00e2ne, la nuque, le dos, les hanches, les bras et les mains ainsi que des \u00e9tirements doux. Il n\u2019a pas de vis\u00e9e th\u00e9rapeutique sp\u00e9cifique ;<a class=\"moretag\" href=\"https:\/\/reflexologie-shiatsu-nantes.fr\/index.php\/amma\/\"><span class=\"screen-reader-text\">En savoir plus surLe Amma<\/span>[&#8230;]<\/a><\/p>\n","protected":false},"author":2,"featured_media":0,"parent":0,"menu_order":0,"comment_status":"closed","ping_status":"closed","template":"","meta":{"jetpack_post_was_ever_published":false,"footnotes":""},"yoast_head":"<!-- This site is optimized with the Yoast SEO plugin v21.7 - https:\/\/yoast.com\/wordpress\/plugins\/seo\/ -->\n<title>Le Amma - R\u00e9flexologie, Shiatsu et Kobido \u00e0 Nantes<\/title>\n<meta name=\"robots\" content=\"index, follow, max-snippet:-1, max-image-preview:large, max-video-preview:-1\" \/>\n<link rel=\"canonical\" href=\"https:\/\/reflexologie-shiatsu-nantes.fr\/index.php\/amma\/\" \/>\n<meta property=\"og:locale\" content=\"fr_FR\" \/>\n<meta property=\"og:type\" content=\"article\" \/>\n<meta property=\"og:title\" content=\"Le Amma - R\u00e9flexologie, Shiatsu et Kobido \u00e0 Nantes\" \/>\n<meta property=\"og:description\" content=\"Le Amma ou Shiatsu assis Le shiatsu assis est une variante du shiatsu japonais.\u00a0Le Amma se pratique habill\u00e9 sur une chaise ergonomique et s\u2019articule autour de pressions successives sur le cr\u00e2ne, la nuque, le dos, les hanches, les bras et les mains ainsi que des \u00e9tirements doux. Il n\u2019a pas de vis\u00e9e th\u00e9rapeutique sp\u00e9cifique ;En savoir plus surLe Amma[...]\" \/>\n<meta property=\"og:url\" content=\"https:\/\/reflexologie-shiatsu-nantes.fr\/index.php\/amma\/\" \/>\n<meta property=\"og:site_name\" content=\"R\u00e9flexologie, Shiatsu et Kobido \u00e0 Nantes\" \/>\n<meta property=\"article:modified_time\" content=\"2019-07-28T10:50:44+00:00\" \/>\n<meta property=\"og:image\" content=\"http:\/\/reflexologie-shiatsu-nantes.fr\/wp-content\/uploads\/elementor\/thumbs\/shiatsu-assis-nantes-nbdcmab5a17brvxrea7tbl0hojqdgbbqtiq4ra3e3w.jpg\" \/>\n<meta name=\"twitter:card\" content=\"summary_large_image\" \/>\n<meta name=\"twitter:label1\" content=\"Dur\u00e9e de lecture estim\u00e9e\" \/>\n\t<meta name=\"twitter:data1\" content=\"1 minute\" \/>\n<script type=\"application\/ld+json\" class=\"yoast-schema-graph\">{\"@context\":\"https:\/\/schema.org\",\"@graph\":[{\"@type\":\"WebPage\",\"@id\":\"https:\/\/reflexologie-shiatsu-nantes.fr\/index.php\/amma\/\",\"url\":\"https:\/\/reflexologie-shiatsu-nantes.fr\/index.php\/amma\/\",\"name\":\"Le Amma - R\u00e9flexologie, Shiatsu et Kobido \u00e0 Nantes\",\"isPartOf\":{\"@id\":\"https:\/\/reflexologie-shiatsu-nantes.fr\/#website\"},\"datePublished\":\"2017-07-11T18:11:55+00:00\",\"dateModified\":\"2019-07-28T10:50:44+00:00\",\"breadcrumb\":{\"@id\":\"https:\/\/reflexologie-shiatsu-nantes.fr\/index.php\/amma\/#breadcrumb\"},\"inLanguage\":\"fr-FR\",\"potentialAction\":[{\"@type\":\"ReadAction\",\"target\":[\"https:\/\/reflexologie-shiatsu-nantes.fr\/index.php\/amma\/\"]}]},{\"@type\":\"BreadcrumbList\",\"@id\":\"https:\/\/reflexologie-shiatsu-nantes.fr\/index.php\/amma\/#breadcrumb\",\"itemListElement\":[{\"@type\":\"ListItem\",\"position\":1,\"name\":\"Accueil\",\"item\":\"https:\/\/reflexologie-shiatsu-nantes.fr\/\"},{\"@type\":\"ListItem\",\"position\":2,\"name\":\"Le Amma\"}]},{\"@type\":\"WebSite\",\"@id\":\"https:\/\/reflexologie-shiatsu-nantes.fr\/#website\",\"url\":\"https:\/\/reflexologie-shiatsu-nantes.fr\/\",\"name\":\"R\u00e9flexologie, Shiatsu et Kobido \u00e0 Nantes\",\"description\":\"Bienvenue\",\"potentialAction\":[{\"@type\":\"SearchAction\",\"target\":{\"@type\":\"EntryPoint\",\"urlTemplate\":\"https:\/\/reflexologie-shiatsu-nantes.fr\/?s={search_term_string}\"},\"query-input\":\"required name=search_term_string\"}],\"inLanguage\":\"fr-FR\"}]}<\/script>\n<!-- \/ Yoast SEO plugin. -->","yoast_head_json":{"title":"Le Amma - R\u00e9flexologie, Shiatsu et Kobido \u00e0 Nantes","robots":{"index":"index","follow":"follow","max-snippet":"max-snippet:-1","max-image-preview":"max-image-preview:large","max-video-preview":"max-video-preview:-1"},"canonical":"https:\/\/reflexologie-shiatsu-nantes.fr\/index.php\/amma\/","og_locale":"fr_FR","og_type":"article","og_title":"Le Amma - R\u00e9flexologie, Shiatsu et Kobido \u00e0 Nantes","og_description":"Le Amma ou Shiatsu assis Le shiatsu assis est une variante du shiatsu japonais.\u00a0Le Amma se pratique habill\u00e9 sur une chaise ergonomique et s\u2019articule autour de pressions successives sur le cr\u00e2ne, la nuque, le dos, les hanches, les bras et les mains ainsi que des \u00e9tirements doux. Il n\u2019a pas de vis\u00e9e th\u00e9rapeutique sp\u00e9cifique ;En savoir plus surLe Amma[...]","og_url":"https:\/\/reflexologie-shiatsu-nantes.fr\/index.php\/amma\/","og_site_name":"R\u00e9flexologie, Shiatsu et Kobido \u00e0 Nantes","article_modified_time":"2019-07-28T10:50:44+00:00","og_image":[{"url":"http:\/\/reflexologie-shiatsu-nantes.fr\/wp-content\/uploads\/elementor\/thumbs\/shiatsu-assis-nantes-nbdcmab5a17brvxrea7tbl0hojqdgbbqtiq4ra3e3w.jpg"}],"twitter_card":"summary_large_image","twitter_misc":{"Dur\u00e9e de lecture estim\u00e9e":"1 minute"},"schema":{"@context":"https:\/\/schema.org","@graph":[{"@type":"WebPage","@id":"https:\/\/reflexologie-shiatsu-nantes.fr\/index.php\/amma\/","url":"https:\/\/reflexologie-shiatsu-nantes.fr\/index.php\/amma\/","name":"Le Amma - R\u00e9flexologie, Shiatsu et Kobido \u00e0 Nantes","isPartOf":{"@id":"https:\/\/reflexologie-shiatsu-nantes.fr\/#website"},"datePublished":"2017-07-11T18:11:55+00:00","dateModified":"2019-07-28T10:50:44+00:00","breadcrumb":{"@id":"https:\/\/reflexologie-shiatsu-nantes.fr\/index.php\/amma\/#breadcrumb"},"inLanguage":"fr-FR","potentialAction":[{"@type":"ReadAction","target":["https:\/\/reflexologie-shiatsu-nantes.fr\/index.php\/amma\/"]}]},{"@type":"BreadcrumbList","@id":"https:\/\/reflexologie-shiatsu-nantes.fr\/index.php\/amma\/#breadcrumb","itemListElement":[{"@type":"ListItem","position":1,"name":"Accueil","item":"https:\/\/reflexologie-shiatsu-nantes.fr\/"},{"@type":"ListItem","position":2,"name":"Le Amma"}]},{"@type":"WebSite","@id":"https:\/\/reflexologie-shiatsu-nantes.fr\/#website","url":"https:\/\/reflexologie-shiatsu-nantes.fr\/","name":"R\u00e9flexologie, Shiatsu et Kobido \u00e0 Nantes","description":"Bienvenue","potentialAction":[{"@type":"SearchAction","target":{"@type":"EntryPoint","urlTemplate":"https:\/\/reflexologie-shiatsu-nantes.fr\/?s={search_term_string}"},"query-input":"required name=search_term_string"}],"inLanguage":"fr-FR"}]}},"jetpack_sharing_enabled":true,"jetpack_shortlink":"https:\/\/wp.me\/P8fx45-4Q","jetpack-related-posts":[{"id":70,"url":"https:\/\/reflexologie-shiatsu-nantes.fr\/index.php\/shiatsu\/","url_meta":{"origin":300,"position":0},"title":"Shiatsu","author":"Claire Cottais","date":"3 juillet 2017","format":false,"excerpt":"Ici, vous trouverez plusieurs \u00e9l\u00e9ments pour en savoir plus sur les soins de shiatsuLes origines et la pr\u00e9sentation de cette pratiqueLe amma (shiatsu assis)Le d\u00e9roulement de votre s\u00e9ance de shiatsu","rel":"","context":"Article similaire","block_context":{"text":"Article similaire","link":""},"img":{"alt_text":"","src":"","width":0,"height":0},"classes":[]},{"id":113,"url":"https:\/\/reflexologie-shiatsu-nantes.fr\/index.php\/soins-tarifs\/","url_meta":{"origin":300,"position":1},"title":"Tarifs","author":"Claire Cottais","date":"3 juillet 2017","format":false,"excerpt":"Les diff\u00e9rents soins et tarifs en vigueur au 15\/02\/2024 Soins de R\u00e9flexologie,\u00a0Shiatsuou\u00a0Shiatsu assis (Amma) :Une heure : 70 \u20ac30 minutes : 40 \u20acSoins de Kobido :1 soin\u00a0 \u00a0:\u00a0 \u00a0 80\u20ac3 soins\u00a0 \u00a0:\u00a0 \u00a0 230\u20ac5 soins\u00a0 \u00a0 :\u00a0 \u00a0 380\u20ac10 soins\u00a0 \u00a0:\u00a0 \u00a0 720\u20acShiatsu assis en entreprise \u00e0 Nantes\u00a0: me consulter\u2026","rel":"","context":"Article similaire","block_context":{"text":"Article similaire","link":""},"img":{"alt_text":"","src":"","width":0,"height":0},"classes":[]},{"id":72,"url":"https:\/\/reflexologie-shiatsu-nantes.fr\/index.php\/praticienne\/","url_meta":{"origin":300,"position":2},"title":"Praticienne","author":"Claire Cottais","date":"3 juillet 2017","format":false,"excerpt":"La Praticienne Dipl\u00f4m\u00e9e : De L\u2019Institut Fran\u00e7ais de Shiatsu et de Psychologie Corporelle Appliqu\u00e9e (cr\u00e9\u00e9 et dirig\u00e9 par Michel Odoul) - Praticien Shiatsu de Confort De l\u2019Institut Fran\u00e7ais de R\u00e9flexologie (d\u00e9partement le l\u2019IFS) - Praticien de Confort en R\u00e9flexologie Plantaire Assistante de formation et praticienne r\u00e9f\u00e9renc\u00e9e \u00e0 l\u2019IFS et l\u2019IFR\u2026","rel":"","context":"Article similaire","block_context":{"text":"Article similaire","link":""},"img":{"alt_text":"","src":"https:\/\/i0.wp.com\/reflexologie-shiatsu-nantes.fr\/wp-content\/uploads\/2017\/07\/praticienne-reflexologie-shiatsu-nantes-200x300.jpg?resize=350%2C200","width":350,"height":200},"classes":[]},{"id":98,"url":"https:\/\/reflexologie-shiatsu-nantes.fr\/index.php\/la-seance-de-shiatsu\/","url_meta":{"origin":300,"position":3},"title":"Votre s\u00e9ance","author":"Claire Cottais","date":"3 juillet 2017","format":false,"excerpt":"La s\u00e9ance de Shiatsu Un entretien pr\u00e9alable vise \u00e0 d\u00e9cider du soin ad\u00e9quat ax\u00e9 sur la demande de la personne et du 1er bilan \u00e9nerg\u00e9tique effectu\u00e9 durant la s\u00e9ance de Shiatsu.\u00a0Puis, le receveur s\u2019allonge au sol sur un tatami. Il est v\u00eatu d\u2019habits amples pour un soin de confort ou\u2026","rel":"","context":"Article similaire","block_context":{"text":"Article similaire","link":""},"img":{"alt_text":"","src":"","width":0,"height":0},"classes":[]},{"id":100,"url":"https:\/\/reflexologie-shiatsu-nantes.fr\/index.php\/origines-bases-theoriques\/","url_meta":{"origin":300,"position":4},"title":"Origines | Pr\u00e9sentation","author":"Claire Cottais","date":"3 juillet 2017","format":false,"excerpt":"Les origines | Pr\u00e9sentation du Shiatsu Le Shiatsu est une technique manuelle japonaise qui vise \u00e0 \u00e9quilibrer les flux \u00e9nerg\u00e9tiques dans le corps pour pr\u00e9server et maintenir l\u2019\u00e9tat de sant\u00e9. Il signifie litt\u00e9ralement \u00ab\u00a0pression des doigts\u00a0\u00bb.\u00a0Cet art traditionnel s\u2019ancre dans les fondements de la M\u00e9decine Traditionnelle Chinoise et la philosophie\u2026","rel":"","context":"Article similaire","block_context":{"text":"Article similaire","link":""},"img":{"alt_text":"","src":"https:\/\/i0.wp.com\/reflexologie-shiatsu-nantes.fr\/wp-content\/uploads\/2017\/07\/shiatsu-nantes-768x509.jpg?resize=350%2C200","width":350,"height":200,"srcset":"https:\/\/i0.wp.com\/reflexologie-shiatsu-nantes.fr\/wp-content\/uploads\/2017\/07\/shiatsu-nantes-768x509.jpg?resize=350%2C200 1x, https:\/\/i0.wp.com\/reflexologie-shiatsu-nantes.fr\/wp-content\/uploads\/2017\/07\/shiatsu-nantes-768x509.jpg?resize=525%2C300 1.5x, https:\/\/i0.wp.com\/reflexologie-shiatsu-nantes.fr\/wp-content\/uploads\/2017\/07\/shiatsu-nantes-768x509.jpg?resize=700%2C400 2x"},"classes":[]},{"id":132,"url":"https:\/\/reflexologie-shiatsu-nantes.fr\/index.php\/deotonlogie-ethique\/","url_meta":{"origin":300,"position":5},"title":"D\u00e9ontologie | Ethique","author":"Claire Cottais","date":"3 juillet 2017","format":false,"excerpt":"Code de d\u00e9ontologie Le r\u00e9f\u00e9rencement requiert de la part du r\u00e9cipiendaire une adh\u00e9sion sans r\u00e9serve au code de d\u00e9ontologie\u00a0et \u00e0 l'\u00e9thique, conformes \u00e0 l\u2019esprit du Shiatsu, des R\u00e9flexologies et de la pratique des Huiles Essentielles. Ainsi bien s\u00fbr qu\u2019avec les lois et r\u00e8glements en vigueur, tant europ\u00e9ens que fran\u00e7ais. En\u2026","rel":"","context":"Article similaire","block_context":{"text":"Article similaire","link":""},"img":{"alt_text":"","src":"","width":0,"height":0},"classes":[]}],"_links":{"self":[{"href":"https:\/\/reflexologie-shiatsu-nantes.fr\/index.php\/wp-json\/wp\/v2\/pages\/300"}],"collection":[{"href":"https:\/\/reflexologie-shiatsu-nantes.fr\/index.php\/wp-json\/wp\/v2\/pages"}],"about":[{"href":"https:\/\/reflexologie-shiatsu-nantes.fr\/index.php\/wp-json\/wp\/v2\/types\/page"}],"author":[{"embeddable":true,"href":"https:\/\/reflexologie-shiatsu-nantes.fr\/index.php\/wp-json\/wp\/v2\/users\/2"}],"replies":[{"embeddable":true,"href":"https:\/\/reflexologie-shiatsu-nantes.fr\/index.php\/wp-json\/wp\/v2\/comments?post=300"}],"version-history":[{"count":5,"href":"https:\/\/reflexologie-shiatsu-nantes.fr\/index.php\/wp-json\/wp\/v2\/pages\/300\/revisions"}],"predecessor-version":[{"id":435,"href":"https:\/\/reflexologie-shiatsu-nantes.fr\/index.php\/wp-json\/wp\/v2\/pages\/300\/revisions\/435"}],"wp:attachment":[{"href":"https:\/\/reflexologie-shiatsu-nantes.fr\/index.php\/wp-json\/wp\/v2\/media?parent=300"}],"curies":[{"name":"wp","href":"https:\/\/api.w.org\/{rel}","templated":true}]}}