{"id":268,"date":"2017-07-10T17:44:30","date_gmt":"2017-07-10T15:44:30","guid":{"rendered":"http:\/\/reflexologie-shiatsu-nantes.fr\/?page_id=268"},"modified":"2019-12-09T19:40:18","modified_gmt":"2019-12-09T18:40:18","slug":"do-in","status":"publish","type":"page","link":"https:\/\/reflexologie-shiatsu-nantes.fr\/index.php\/do-in\/","title":{"rendered":"Do In"},"content":{"rendered":"<div id=\"dslc-theme-content\"><div id=\"dslc-theme-content-inner\">\t\t<div data-elementor-type=\"wp-page\" data-elementor-id=\"268\" class=\"elementor elementor-268\">\n\t\t\t\t\t\t\t\t\t<section class=\"elementor-section elementor-top-section elementor-element elementor-element-ptf54f3 elementor-section-boxed elementor-section-height-default elementor-section-height-default\" data-id=\"ptf54f3\" data-element_type=\"section\">\n\t\t\t\t\t\t<div class=\"elementor-container elementor-column-gap-default\">\n\t\t\t\t\t<div class=\"elementor-column elementor-col-100 elementor-top-column elementor-element elementor-element-x40iclk\" data-id=\"x40iclk\" data-element_type=\"column\">\n\t\t\t<div class=\"elementor-widget-wrap elementor-element-populated\">\n\t\t\t\t\t\t\t\t<div class=\"elementor-element elementor-element-gtk5tcj elementor-widget elementor-widget-heading\" data-id=\"gtk5tcj\" data-element_type=\"widget\" data-widget_type=\"heading.default\">\n\t\t\t\t<div class=\"elementor-widget-container\">\n\t\t\t<h3 class=\"elementor-heading-title elementor-size-default\">Le Do In<\/h3>\t\t<\/div>\n\t\t\t\t<\/div>\n\t\t\t\t\t<\/div>\n\t\t<\/div>\n\t\t\t\t\t\t\t<\/div>\n\t\t<\/section>\n\t\t\t\t<section class=\"elementor-section elementor-top-section elementor-element elementor-element-7xipfl3 elementor-section-boxed elementor-section-height-default elementor-section-height-default\" data-id=\"7xipfl3\" data-element_type=\"section\">\n\t\t\t\t\t\t<div class=\"elementor-container elementor-column-gap-default\">\n\t\t\t\t\t<div class=\"elementor-column elementor-col-100 elementor-top-column elementor-element elementor-element-zrfnbu1\" data-id=\"zrfnbu1\" data-element_type=\"column\">\n\t\t\t<div class=\"elementor-widget-wrap elementor-element-populated\">\n\t\t\t\t\t\t\t\t<section class=\"elementor-section elementor-inner-section elementor-element elementor-element-g4ze93n elementor-section-boxed elementor-section-height-default elementor-section-height-default\" data-id=\"g4ze93n\" data-element_type=\"section\">\n\t\t\t\t\t\t<div class=\"elementor-container elementor-column-gap-default\">\n\t\t\t\t\t<div class=\"elementor-column elementor-col-50 elementor-inner-column elementor-element elementor-element-28czidb\" data-id=\"28czidb\" data-element_type=\"column\">\n\t\t\t<div class=\"elementor-widget-wrap elementor-element-populated\">\n\t\t\t\t\t\t\t\t<div class=\"elementor-element elementor-element-6rymbpj elementor-widget elementor-widget-text-editor\" data-id=\"6rymbpj\" data-element_type=\"widget\" data-widget_type=\"text-editor.default\">\n\t\t\t\t<div class=\"elementor-widget-container\">\n\t\t\t\t\t\t\t<p class=\"p1\"><span class=\"s1\">Le <strong>Do In<\/strong> est un terme japonais qui vient du chinois Tao Yin. Il s\u2019inscrit dans les m\u00e9thodes de <strong>pr\u00e9servation de la vie<\/strong> (Yang Sheng).<\/span><\/p><p class=\"p1\"><span class=\"s1\">Il s\u2019agit d\u2019une pratique ancestrale d\u2019auto-massage qui vise \u00e0 favoriser la libre circulation de l\u2019<strong>\u00e9nergie<\/strong> (le Qi).<\/span><\/p><p class=\"p1\"><span class=\"s1\">Il peut facilement \u00eatre reproduit chez soi ; la r\u00e9gularit\u00e9 permet de maintenir et pr\u00e9server son \u00e9tat de sant\u00e9. Elle permet aussi de retrouver et\/ou conserver son <strong>\u00e9quilibre<\/strong> <strong>int\u00e9rieur<\/strong> pour \u00eatre bien avec soi-m\u00eame et son entourage.<\/span><\/p><p class=\"p1\"><span class=\"s1\">Il consiste en une s\u00e9rie de mouvements, pressions, \u00e9tirements, frottements et de respiration.\u00a0<\/span><\/p><p class=\"p1\"><span class=\"s1\">Je vous propose cette discipline en pratique individuelle ou collective, sous forme de cours, atelier ou stage.<\/span><\/p><p class=\"p1\"><span class=\"s1\">Vous pouvez me contacter par t\u00e9l\u00e9phone (06 82 65 96 26) ou par mail pour plus d\u2019informations (elodie.cottais@icloud.com)<\/span><\/p>\t\t\t\t\t\t<\/div>\n\t\t\t\t<\/div>\n\t\t\t\t\t<\/div>\n\t\t<\/div>\n\t\t\t\t<div class=\"elementor-column elementor-col-50 elementor-inner-column elementor-element elementor-element-obc17pz\" data-id=\"obc17pz\" data-element_type=\"column\">\n\t\t\t<div class=\"elementor-widget-wrap elementor-element-populated\">\n\t\t\t\t\t\t\t\t<div class=\"elementor-element elementor-element-22scr0n elementor-widget elementor-widget-image\" data-id=\"22scr0n\" data-element_type=\"widget\" data-widget_type=\"image.default\">\n\t\t\t\t<div class=\"elementor-widget-container\">\n\t\t\t\t\t\t\t\t\t\t\t\t\t\t\t<img decoding=\"async\" src=\"https:\/\/i0.wp.com\/reflexologie-shiatsu-nantes.fr\/wp-content\/uploads\/2017\/07\/Image-10-07-2017-a\u0300-21.05.jpg?fit=350%2C500&amp;ssl=1\" title=\"do-in-nantes\" alt=\"do-in-nantes\" loading=\"lazy\" \/>\t\t\t\t\t\t\t\t\t\t\t\t\t\t\t<\/div>\n\t\t\t\t<\/div>\n\t\t\t\t\t<\/div>\n\t\t<\/div>\n\t\t\t\t\t\t\t<\/div>\n\t\t<\/section>\n\t\t\t\t\t<\/div>\n\t\t<\/div>\n\t\t\t\t\t\t\t<\/div>\n\t\t<\/section>\n\t\t\t\t\t\t\t<\/div>\n\t\t<\/div><\/div>","protected":false},"excerpt":{"rendered":"<p>Le Do In Le Do In est un terme japonais qui vient du chinois Tao Yin. Il s\u2019inscrit dans les m\u00e9thodes de pr\u00e9servation de la vie (Yang Sheng). Il s\u2019agit d\u2019une pratique ancestrale d\u2019auto-massage qui vise \u00e0 favoriser la libre circulation de l\u2019\u00e9nergie (le Qi). Il peut facilement \u00eatre reproduit chez soi ; la r\u00e9gularit\u00e9<a class=\"moretag\" href=\"https:\/\/reflexologie-shiatsu-nantes.fr\/index.php\/do-in\/\"><span class=\"screen-reader-text\">En savoir plus surDo In<\/span>[&#8230;]<\/a><\/p>\n","protected":false},"author":2,"featured_media":0,"parent":0,"menu_order":0,"comment_status":"closed","ping_status":"closed","template":"","meta":{"jetpack_post_was_ever_published":false,"footnotes":""},"yoast_head":"<!-- This site is optimized with the Yoast SEO plugin v21.7 - https:\/\/yoast.com\/wordpress\/plugins\/seo\/ -->\n<title>Do In - R\u00e9flexologie, Shiatsu et Kobido \u00e0 Nantes<\/title>\n<meta name=\"robots\" content=\"index, follow, max-snippet:-1, max-image-preview:large, max-video-preview:-1\" \/>\n<link rel=\"canonical\" href=\"https:\/\/reflexologie-shiatsu-nantes.fr\/index.php\/do-in\/\" \/>\n<meta property=\"og:locale\" content=\"fr_FR\" \/>\n<meta property=\"og:type\" content=\"article\" \/>\n<meta property=\"og:title\" content=\"Do In - R\u00e9flexologie, Shiatsu et Kobido \u00e0 Nantes\" \/>\n<meta property=\"og:description\" content=\"Le Do In Le Do In est un terme japonais qui vient du chinois Tao Yin. Il s\u2019inscrit dans les m\u00e9thodes de pr\u00e9servation de la vie (Yang Sheng). Il s\u2019agit d\u2019une pratique ancestrale d\u2019auto-massage qui vise \u00e0 favoriser la libre circulation de l\u2019\u00e9nergie (le Qi). Il peut facilement \u00eatre reproduit chez soi ; la r\u00e9gularit\u00e9En savoir plus surDo In[...]\" \/>\n<meta property=\"og:url\" content=\"https:\/\/reflexologie-shiatsu-nantes.fr\/index.php\/do-in\/\" \/>\n<meta property=\"og:site_name\" content=\"R\u00e9flexologie, Shiatsu et Kobido \u00e0 Nantes\" \/>\n<meta property=\"article:modified_time\" content=\"2019-12-09T18:40:18+00:00\" \/>\n<meta name=\"twitter:card\" content=\"summary_large_image\" \/>\n<meta name=\"twitter:label1\" content=\"Dur\u00e9e de lecture estim\u00e9e\" \/>\n\t<meta name=\"twitter:data1\" content=\"1 minute\" \/>\n<script type=\"application\/ld+json\" class=\"yoast-schema-graph\">{\"@context\":\"https:\/\/schema.org\",\"@graph\":[{\"@type\":\"WebPage\",\"@id\":\"https:\/\/reflexologie-shiatsu-nantes.fr\/index.php\/do-in\/\",\"url\":\"https:\/\/reflexologie-shiatsu-nantes.fr\/index.php\/do-in\/\",\"name\":\"Do In - R\u00e9flexologie, Shiatsu et Kobido \u00e0 Nantes\",\"isPartOf\":{\"@id\":\"https:\/\/reflexologie-shiatsu-nantes.fr\/#website\"},\"datePublished\":\"2017-07-10T15:44:30+00:00\",\"dateModified\":\"2019-12-09T18:40:18+00:00\",\"breadcrumb\":{\"@id\":\"https:\/\/reflexologie-shiatsu-nantes.fr\/index.php\/do-in\/#breadcrumb\"},\"inLanguage\":\"fr-FR\",\"potentialAction\":[{\"@type\":\"ReadAction\",\"target\":[\"https:\/\/reflexologie-shiatsu-nantes.fr\/index.php\/do-in\/\"]}]},{\"@type\":\"BreadcrumbList\",\"@id\":\"https:\/\/reflexologie-shiatsu-nantes.fr\/index.php\/do-in\/#breadcrumb\",\"itemListElement\":[{\"@type\":\"ListItem\",\"position\":1,\"name\":\"Accueil\",\"item\":\"https:\/\/reflexologie-shiatsu-nantes.fr\/\"},{\"@type\":\"ListItem\",\"position\":2,\"name\":\"Do In\"}]},{\"@type\":\"WebSite\",\"@id\":\"https:\/\/reflexologie-shiatsu-nantes.fr\/#website\",\"url\":\"https:\/\/reflexologie-shiatsu-nantes.fr\/\",\"name\":\"R\u00e9flexologie, Shiatsu et Kobido \u00e0 Nantes\",\"description\":\"Bienvenue\",\"potentialAction\":[{\"@type\":\"SearchAction\",\"target\":{\"@type\":\"EntryPoint\",\"urlTemplate\":\"https:\/\/reflexologie-shiatsu-nantes.fr\/?s={search_term_string}\"},\"query-input\":\"required name=search_term_string\"}],\"inLanguage\":\"fr-FR\"}]}<\/script>\n<!-- \/ Yoast SEO plugin. -->","yoast_head_json":{"title":"Do In - R\u00e9flexologie, Shiatsu et Kobido \u00e0 Nantes","robots":{"index":"index","follow":"follow","max-snippet":"max-snippet:-1","max-image-preview":"max-image-preview:large","max-video-preview":"max-video-preview:-1"},"canonical":"https:\/\/reflexologie-shiatsu-nantes.fr\/index.php\/do-in\/","og_locale":"fr_FR","og_type":"article","og_title":"Do In - R\u00e9flexologie, Shiatsu et Kobido \u00e0 Nantes","og_description":"Le Do In Le Do In est un terme japonais qui vient du chinois Tao Yin. Il s\u2019inscrit dans les m\u00e9thodes de pr\u00e9servation de la vie (Yang Sheng). Il s\u2019agit d\u2019une pratique ancestrale d\u2019auto-massage qui vise \u00e0 favoriser la libre circulation de l\u2019\u00e9nergie (le Qi). Il peut facilement \u00eatre reproduit chez soi ; la r\u00e9gularit\u00e9En savoir plus surDo In[...]","og_url":"https:\/\/reflexologie-shiatsu-nantes.fr\/index.php\/do-in\/","og_site_name":"R\u00e9flexologie, Shiatsu et Kobido \u00e0 Nantes","article_modified_time":"2019-12-09T18:40:18+00:00","twitter_card":"summary_large_image","twitter_misc":{"Dur\u00e9e de lecture estim\u00e9e":"1 minute"},"schema":{"@context":"https:\/\/schema.org","@graph":[{"@type":"WebPage","@id":"https:\/\/reflexologie-shiatsu-nantes.fr\/index.php\/do-in\/","url":"https:\/\/reflexologie-shiatsu-nantes.fr\/index.php\/do-in\/","name":"Do In - R\u00e9flexologie, Shiatsu et Kobido \u00e0 Nantes","isPartOf":{"@id":"https:\/\/reflexologie-shiatsu-nantes.fr\/#website"},"datePublished":"2017-07-10T15:44:30+00:00","dateModified":"2019-12-09T18:40:18+00:00","breadcrumb":{"@id":"https:\/\/reflexologie-shiatsu-nantes.fr\/index.php\/do-in\/#breadcrumb"},"inLanguage":"fr-FR","potentialAction":[{"@type":"ReadAction","target":["https:\/\/reflexologie-shiatsu-nantes.fr\/index.php\/do-in\/"]}]},{"@type":"BreadcrumbList","@id":"https:\/\/reflexologie-shiatsu-nantes.fr\/index.php\/do-in\/#breadcrumb","itemListElement":[{"@type":"ListItem","position":1,"name":"Accueil","item":"https:\/\/reflexologie-shiatsu-nantes.fr\/"},{"@type":"ListItem","position":2,"name":"Do In"}]},{"@type":"WebSite","@id":"https:\/\/reflexologie-shiatsu-nantes.fr\/#website","url":"https:\/\/reflexologie-shiatsu-nantes.fr\/","name":"R\u00e9flexologie, Shiatsu et Kobido \u00e0 Nantes","description":"Bienvenue","potentialAction":[{"@type":"SearchAction","target":{"@type":"EntryPoint","urlTemplate":"https:\/\/reflexologie-shiatsu-nantes.fr\/?s={search_term_string}"},"query-input":"required name=search_term_string"}],"inLanguage":"fr-FR"}]}},"jetpack_sharing_enabled":true,"jetpack_shortlink":"https:\/\/wp.me\/P8fx45-4k","jetpack-related-posts":[{"id":132,"url":"https:\/\/reflexologie-shiatsu-nantes.fr\/index.php\/deotonlogie-ethique\/","url_meta":{"origin":268,"position":0},"title":"D\u00e9ontologie | Ethique","author":"Claire Cottais","date":"3 juillet 2017","format":false,"excerpt":"Code de d\u00e9ontologie Le r\u00e9f\u00e9rencement requiert de la part du r\u00e9cipiendaire une adh\u00e9sion sans r\u00e9serve au code de d\u00e9ontologie\u00a0et \u00e0 l'\u00e9thique, conformes \u00e0 l\u2019esprit du Shiatsu, des R\u00e9flexologies et de la pratique des Huiles Essentielles. Ainsi bien s\u00fbr qu\u2019avec les lois et r\u00e8glements en vigueur, tant europ\u00e9ens que fran\u00e7ais. En\u2026","rel":"","context":"Article similaire","block_context":{"text":"Article similaire","link":""},"img":{"alt_text":"","src":"","width":0,"height":0},"classes":[]},{"id":134,"url":"https:\/\/reflexologie-shiatsu-nantes.fr\/index.php\/mentions-legales\/","url_meta":{"origin":268,"position":1},"title":"Mentions l\u00e9gales","author":"Claire Cottais","date":"3 juillet 2017","format":false,"excerpt":"Informations l\u00e9gales 1. Pr\u00e9sentation du site. En vertu de l'article 6 de la loi n\u00b0 2004-575 du 21 juin 2004 pour la confiance dans l'\u00e9conomie num\u00e9rique, il est pr\u00e9cis\u00e9 aux utilisateurs du site www.reflexologie-shiatsu-nantes.fr l'identit\u00e9 des diff\u00e9rents intervenants dans le cadre de sa r\u00e9alisation et de son suivi : Propri\u00e9taire\u2026","rel":"","context":"Article similaire","block_context":{"text":"Article similaire","link":""},"img":{"alt_text":"","src":"","width":0,"height":0},"classes":[]},{"id":104,"url":"https:\/\/reflexologie-shiatsu-nantes.fr\/index.php\/pyscho-energetique\/","url_meta":{"origin":268,"position":2},"title":"Pyscho \u00e9nerg\u00e9tique","author":"Claire Cottais","date":"3 juillet 2017","format":false,"excerpt":"La psycho \u00e9nerg\u00e9tique La psycho \u00e9nerg\u00e9tique a \u00e9t\u00e9 cr\u00e9\u00e9e et enseign\u00e9e par Michel Odoul, auteur de \"Dis-moi o\u00f9 tu as mal, je te dirai pourquoi\". Celle-ci\u00a0\u00e9tablit les relations existantes entre le corps et l\u2019esprit. Aussi, elle se r\u00e9f\u00e8re aussi \u00e0 la M\u00e9decine Traditionnelle Chinoise et \u00e0 la psychologie occidentale.\u00a0 La\u2026","rel":"","context":"Article similaire","block_context":{"text":"Article similaire","link":""},"img":{"alt_text":"","src":"https:\/\/i0.wp.com\/reflexologie-shiatsu-nantes.fr\/wp-content\/uploads\/2017\/07\/pexels-photo-201122-300x200.jpeg?resize=350%2C200","width":350,"height":200},"classes":[]},{"id":110,"url":"https:\/\/reflexologie-shiatsu-nantes.fr\/index.php\/carte-cadeau\/","url_meta":{"origin":268,"position":3},"title":"Carte cadeau","author":"Claire Cottais","date":"3 juillet 2017","format":false,"excerpt":"Un cadeau pour vous ou un de vos proches Offrir ou s\u2019offrir une parenth\u00e8se ressour\u00e7ante \u00e0 Nantes\u00a0gr\u00e2ce \u00e0 une carte cadeau\u00a0?\u00a0Un soin de R\u00e9flexologie ,\u00a0\u00a0Shiatsu\u00a0ou Kobido est une opportunit\u00e9 pour se d\u00e9tendre, d\u00e9poser un instant son quotidien et aussi prendre soin de soi tout en douceur.\u00a0A r\u00e9ception de votre paiement,\u2026","rel":"","context":"Article similaire","block_context":{"text":"Article similaire","link":""},"img":{"alt_text":"","src":"","width":0,"height":0},"classes":[]},{"id":100,"url":"https:\/\/reflexologie-shiatsu-nantes.fr\/index.php\/origines-bases-theoriques\/","url_meta":{"origin":268,"position":4},"title":"Origines | Pr\u00e9sentation","author":"Claire Cottais","date":"3 juillet 2017","format":false,"excerpt":"Les origines | Pr\u00e9sentation du Shiatsu Le Shiatsu est une technique manuelle japonaise qui vise \u00e0 \u00e9quilibrer les flux \u00e9nerg\u00e9tiques dans le corps pour pr\u00e9server et maintenir l\u2019\u00e9tat de sant\u00e9. Il signifie litt\u00e9ralement \u00ab\u00a0pression des doigts\u00a0\u00bb.\u00a0Cet art traditionnel s\u2019ancre dans les fondements de la M\u00e9decine Traditionnelle Chinoise et la philosophie\u2026","rel":"","context":"Article similaire","block_context":{"text":"Article similaire","link":""},"img":{"alt_text":"","src":"https:\/\/i0.wp.com\/reflexologie-shiatsu-nantes.fr\/wp-content\/uploads\/2017\/07\/shiatsu-nantes-768x509.jpg?resize=350%2C200","width":350,"height":200,"srcset":"https:\/\/i0.wp.com\/reflexologie-shiatsu-nantes.fr\/wp-content\/uploads\/2017\/07\/shiatsu-nantes-768x509.jpg?resize=350%2C200 1x, https:\/\/i0.wp.com\/reflexologie-shiatsu-nantes.fr\/wp-content\/uploads\/2017\/07\/shiatsu-nantes-768x509.jpg?resize=525%2C300 1.5x, https:\/\/i0.wp.com\/reflexologie-shiatsu-nantes.fr\/wp-content\/uploads\/2017\/07\/shiatsu-nantes-768x509.jpg?resize=700%2C400 2x"},"classes":[]},{"id":300,"url":"https:\/\/reflexologie-shiatsu-nantes.fr\/index.php\/amma\/","url_meta":{"origin":268,"position":5},"title":"Le Amma","author":"Claire Cottais","date":"11 juillet 2017","format":false,"excerpt":"Le Amma ou Shiatsu assis Le shiatsu assis est une variante du shiatsu japonais.\u00a0Le Amma se pratique habill\u00e9 sur une chaise ergonomique et s\u2019articule autour de pressions successives sur le cr\u00e2ne, la nuque, le dos, les hanches, les bras et les mains ainsi que des \u00e9tirements doux.Il n\u2019a pas de\u2026","rel":"","context":"Article similaire","block_context":{"text":"Article similaire","link":""},"img":{"alt_text":"","src":"https:\/\/i0.wp.com\/reflexologie-shiatsu-nantes.fr\/wp-content\/uploads\/2017\/07\/cropped-shiatsu-assis-nantes-1-768x337.jpg?resize=350%2C200","width":350,"height":200,"srcset":"https:\/\/i0.wp.com\/reflexologie-shiatsu-nantes.fr\/wp-content\/uploads\/2017\/07\/cropped-shiatsu-assis-nantes-1-768x337.jpg?resize=350%2C200 1x, https:\/\/i0.wp.com\/reflexologie-shiatsu-nantes.fr\/wp-content\/uploads\/2017\/07\/cropped-shiatsu-assis-nantes-1-768x337.jpg?resize=525%2C300 1.5x, https:\/\/i0.wp.com\/reflexologie-shiatsu-nantes.fr\/wp-content\/uploads\/2017\/07\/cropped-shiatsu-assis-nantes-1-768x337.jpg?resize=700%2C400 2x"},"classes":[]}],"_links":{"self":[{"href":"https:\/\/reflexologie-shiatsu-nantes.fr\/index.php\/wp-json\/wp\/v2\/pages\/268"}],"collection":[{"href":"https:\/\/reflexologie-shiatsu-nantes.fr\/index.php\/wp-json\/wp\/v2\/pages"}],"about":[{"href":"https:\/\/reflexologie-shiatsu-nantes.fr\/index.php\/wp-json\/wp\/v2\/types\/page"}],"author":[{"embeddable":true,"href":"https:\/\/reflexologie-shiatsu-nantes.fr\/index.php\/wp-json\/wp\/v2\/users\/2"}],"replies":[{"embeddable":true,"href":"https:\/\/reflexologie-shiatsu-nantes.fr\/index.php\/wp-json\/wp\/v2\/comments?post=268"}],"version-history":[{"count":15,"href":"https:\/\/reflexologie-shiatsu-nantes.fr\/index.php\/wp-json\/wp\/v2\/pages\/268\/revisions"}],"predecessor-version":[{"id":571,"href":"https:\/\/reflexologie-shiatsu-nantes.fr\/index.php\/wp-json\/wp\/v2\/pages\/268\/revisions\/571"}],"wp:attachment":[{"href":"https:\/\/reflexologie-shiatsu-nantes.fr\/index.php\/wp-json\/wp\/v2\/media?parent=268"}],"curies":[{"name":"wp","href":"https:\/\/api.w.org\/{rel}","templated":true}]}}