{"id":16,"date":"2016-12-31T12:07:15","date_gmt":"2016-12-31T11:07:15","guid":{"rendered":"http:\/\/reflexologie-shiatsu-nantes.fr\/?page_id=16"},"modified":"2022-11-25T17:49:46","modified_gmt":"2022-11-25T16:49:46","slug":"accueil-reflexologie-shiatsu-kobido-nantes","status":"publish","type":"page","link":"https:\/\/reflexologie-shiatsu-nantes.fr\/","title":{"rendered":"Accueil"},"content":{"rendered":"<div id=\"dslc-theme-content\"><div id=\"dslc-theme-content-inner\"><div class=\"pbs-main-wrapper\"><p><strong>Bienvenue au cabinet de r\u00e9flexologie, shiatsu et\u00a0 kobido \u00e0 Nantes.<\/strong><\/p>\n<p><strong>Heures d&#8217;ouverture<\/strong> : du lundi au samedi\u00a0 de 9H \u00e0 19H<\/p>\n<p><strong>Adresse<\/strong> : 21 rue Mond\u00e9sir 44000 NANTES<\/p>\n<\/div><\/div><\/div>","protected":false},"excerpt":{"rendered":"<p>Bienvenue au cabinet de r\u00e9flexologie, shiatsu et\u00a0 kobido \u00e0 Nantes. Heures d&#8217;ouverture : du lundi au samedi\u00a0 de 9H \u00e0 19H Adresse : 21 rue Mond\u00e9sir 44000 NANTES<\/p>\n","protected":false},"author":1,"featured_media":0,"parent":0,"menu_order":0,"comment_status":"closed","ping_status":"closed","template":"","meta":{"jetpack_post_was_ever_published":false,"footnotes":""},"yoast_head":"<!-- This site is optimized with the Yoast SEO plugin v21.7 - https:\/\/yoast.com\/wordpress\/plugins\/seo\/ -->\n<title>Accueil | R\u00e9flexologie | Shiatsu | Kobido | Nantes<\/title>\n<meta name=\"description\" content=\"Bienvenue au cabinet de r\u00e9flexologie shiatsu kobido \u00e0 Nantes, je vous invite \u00e0 d\u00e9couvrir mes autres pratiques (huiles essentielles, psycho-\u00e9nerg\u00e9tique...)\" \/>\n<meta name=\"robots\" content=\"index, follow, max-snippet:-1, max-image-preview:large, max-video-preview:-1\" \/>\n<link rel=\"canonical\" href=\"https:\/\/reflexologie-shiatsu-nantes.fr\/\" \/>\n<meta property=\"og:locale\" content=\"fr_FR\" \/>\n<meta property=\"og:type\" content=\"article\" \/>\n<meta property=\"og:title\" content=\"Accueil | R\u00e9flexologie | Shiatsu | Kobido | Nantes\" \/>\n<meta property=\"og:description\" content=\"Bienvenue au cabinet de r\u00e9flexologie shiatsu kobido \u00e0 Nantes, je vous invite \u00e0 d\u00e9couvrir mes autres pratiques (huiles essentielles, psycho-\u00e9nerg\u00e9tique...)\" \/>\n<meta property=\"og:url\" content=\"https:\/\/reflexologie-shiatsu-nantes.fr\/\" \/>\n<meta property=\"og:site_name\" content=\"R\u00e9flexologie, Shiatsu et Kobido \u00e0 Nantes\" \/>\n<meta property=\"article:modified_time\" content=\"2022-11-25T16:49:46+00:00\" \/>\n<meta name=\"twitter:card\" content=\"summary_large_image\" \/>\n<meta name=\"twitter:label1\" content=\"Dur\u00e9e de lecture estim\u00e9e\" \/>\n\t<meta name=\"twitter:data1\" content=\"1 minute\" \/>\n<script type=\"application\/ld+json\" class=\"yoast-schema-graph\">{\"@context\":\"https:\/\/schema.org\",\"@graph\":[{\"@type\":\"WebPage\",\"@id\":\"https:\/\/reflexologie-shiatsu-nantes.fr\/\",\"url\":\"https:\/\/reflexologie-shiatsu-nantes.fr\/\",\"name\":\"Accueil | R\u00e9flexologie | Shiatsu | Kobido | Nantes\",\"isPartOf\":{\"@id\":\"https:\/\/reflexologie-shiatsu-nantes.fr\/#website\"},\"datePublished\":\"2016-12-31T11:07:15+00:00\",\"dateModified\":\"2022-11-25T16:49:46+00:00\",\"description\":\"Bienvenue au cabinet de r\u00e9flexologie shiatsu kobido \u00e0 Nantes, je vous invite \u00e0 d\u00e9couvrir mes autres pratiques (huiles essentielles, psycho-\u00e9nerg\u00e9tique...)\",\"breadcrumb\":{\"@id\":\"https:\/\/reflexologie-shiatsu-nantes.fr\/#breadcrumb\"},\"inLanguage\":\"fr-FR\",\"potentialAction\":[{\"@type\":\"ReadAction\",\"target\":[\"https:\/\/reflexologie-shiatsu-nantes.fr\/\"]}]},{\"@type\":\"BreadcrumbList\",\"@id\":\"https:\/\/reflexologie-shiatsu-nantes.fr\/#breadcrumb\",\"itemListElement\":[{\"@type\":\"ListItem\",\"position\":1,\"name\":\"Accueil\",\"item\":\"https:\/\/reflexologie-shiatsu-nantes.fr\/\"},{\"@type\":\"ListItem\",\"position\":2,\"name\":\"Accueil\"}]},{\"@type\":\"WebSite\",\"@id\":\"https:\/\/reflexologie-shiatsu-nantes.fr\/#website\",\"url\":\"https:\/\/reflexologie-shiatsu-nantes.fr\/\",\"name\":\"R\u00e9flexologie, Shiatsu et Kobido \u00e0 Nantes\",\"description\":\"Bienvenue\",\"potentialAction\":[{\"@type\":\"SearchAction\",\"target\":{\"@type\":\"EntryPoint\",\"urlTemplate\":\"https:\/\/reflexologie-shiatsu-nantes.fr\/?s={search_term_string}\"},\"query-input\":\"required name=search_term_string\"}],\"inLanguage\":\"fr-FR\"}]}<\/script>\n<!-- \/ Yoast SEO plugin. -->","yoast_head_json":{"title":"Accueil | R\u00e9flexologie | Shiatsu | Kobido | Nantes","description":"Bienvenue au cabinet de r\u00e9flexologie shiatsu kobido \u00e0 Nantes, je vous invite \u00e0 d\u00e9couvrir mes autres pratiques (huiles essentielles, psycho-\u00e9nerg\u00e9tique...)","robots":{"index":"index","follow":"follow","max-snippet":"max-snippet:-1","max-image-preview":"max-image-preview:large","max-video-preview":"max-video-preview:-1"},"canonical":"https:\/\/reflexologie-shiatsu-nantes.fr\/","og_locale":"fr_FR","og_type":"article","og_title":"Accueil | R\u00e9flexologie | Shiatsu | Kobido | Nantes","og_description":"Bienvenue au cabinet de r\u00e9flexologie shiatsu kobido \u00e0 Nantes, je vous invite \u00e0 d\u00e9couvrir mes autres pratiques (huiles essentielles, psycho-\u00e9nerg\u00e9tique...)","og_url":"https:\/\/reflexologie-shiatsu-nantes.fr\/","og_site_name":"R\u00e9flexologie, Shiatsu et Kobido \u00e0 Nantes","article_modified_time":"2022-11-25T16:49:46+00:00","twitter_card":"summary_large_image","twitter_misc":{"Dur\u00e9e de lecture estim\u00e9e":"1 minute"},"schema":{"@context":"https:\/\/schema.org","@graph":[{"@type":"WebPage","@id":"https:\/\/reflexologie-shiatsu-nantes.fr\/","url":"https:\/\/reflexologie-shiatsu-nantes.fr\/","name":"Accueil | R\u00e9flexologie | Shiatsu | Kobido | Nantes","isPartOf":{"@id":"https:\/\/reflexologie-shiatsu-nantes.fr\/#website"},"datePublished":"2016-12-31T11:07:15+00:00","dateModified":"2022-11-25T16:49:46+00:00","description":"Bienvenue au cabinet de r\u00e9flexologie shiatsu kobido \u00e0 Nantes, je vous invite \u00e0 d\u00e9couvrir mes autres pratiques (huiles essentielles, psycho-\u00e9nerg\u00e9tique...)","breadcrumb":{"@id":"https:\/\/reflexologie-shiatsu-nantes.fr\/#breadcrumb"},"inLanguage":"fr-FR","potentialAction":[{"@type":"ReadAction","target":["https:\/\/reflexologie-shiatsu-nantes.fr\/"]}]},{"@type":"BreadcrumbList","@id":"https:\/\/reflexologie-shiatsu-nantes.fr\/#breadcrumb","itemListElement":[{"@type":"ListItem","position":1,"name":"Accueil","item":"https:\/\/reflexologie-shiatsu-nantes.fr\/"},{"@type":"ListItem","position":2,"name":"Accueil"}]},{"@type":"WebSite","@id":"https:\/\/reflexologie-shiatsu-nantes.fr\/#website","url":"https:\/\/reflexologie-shiatsu-nantes.fr\/","name":"R\u00e9flexologie, Shiatsu et Kobido \u00e0 Nantes","description":"Bienvenue","potentialAction":[{"@type":"SearchAction","target":{"@type":"EntryPoint","urlTemplate":"https:\/\/reflexologie-shiatsu-nantes.fr\/?s={search_term_string}"},"query-input":"required name=search_term_string"}],"inLanguage":"fr-FR"}]}},"jetpack_sharing_enabled":true,"jetpack_shortlink":"https:\/\/wp.me\/P8fx45-g","jetpack-related-posts":[{"id":473,"url":"https:\/\/reflexologie-shiatsu-nantes.fr\/index.php\/origines-presentation\/","url_meta":{"origin":16,"position":0},"title":"Origines | Pr\u00e9sentation","author":"MICHEL SEVIN","date":"11 septembre 2019","format":false,"excerpt":"Les origines du Kobido Le Kobido prend sa source au milieu du 15 \u00e8me si\u00e8cle au Japon.A l\u2019\u00e9poque, la forme existante de massage est l'Anma. Une longue comp\u00e9tition a motiv\u00e9 l\u2019int\u00e9r\u00eat de deux des meilleurs ma\u00eetres dans cet art. Ils se sont notamment affront\u00e9s dans la pratique des soins du\u2026","rel":"","context":"Article similaire","block_context":{"text":"Article similaire","link":""},"img":{"alt_text":"","src":"","width":0,"height":0},"classes":[]},{"id":108,"url":"https:\/\/reflexologie-shiatsu-nantes.fr\/index.php\/contact-2\/","url_meta":{"origin":16,"position":1},"title":"Contact","author":"Claire Cottais","date":"3 juillet 2017","format":false,"excerpt":"Je vous accueille sur rendez-vous au cabinet de Shiatsu,\u00a0R\u00e9flexologie et Kobido en plein coeur de Nantes (quartier Guist'hau) :Adresse21 rue Mond\u00e9sir |\u00a044000 NantesJours et heures d'ouvertureDu Lundi au Samedi de 9h00 \u00e0 19h00\u00a0 Coordonn\u00e9esT\u00e9l\u00e9phone : 06 82 65 96 26Adresse mail : elodie.cottais@icloud.comAcc\u00e8s\u00a0Transports en commun :Bus ( \u00e0 150 m\u2026","rel":"","context":"Article similaire","block_context":{"text":"Article similaire","link":""},"img":{"alt_text":"","src":"","width":0,"height":0},"classes":[]},{"id":132,"url":"https:\/\/reflexologie-shiatsu-nantes.fr\/index.php\/deotonlogie-ethique\/","url_meta":{"origin":16,"position":2},"title":"D\u00e9ontologie | Ethique","author":"Claire Cottais","date":"3 juillet 2017","format":false,"excerpt":"Code de d\u00e9ontologie Le r\u00e9f\u00e9rencement requiert de la part du r\u00e9cipiendaire une adh\u00e9sion sans r\u00e9serve au code de d\u00e9ontologie\u00a0et \u00e0 l'\u00e9thique, conformes \u00e0 l\u2019esprit du Shiatsu, des R\u00e9flexologies et de la pratique des Huiles Essentielles. Ainsi bien s\u00fbr qu\u2019avec les lois et r\u00e8glements en vigueur, tant europ\u00e9ens que fran\u00e7ais. En\u2026","rel":"","context":"Article similaire","block_context":{"text":"Article similaire","link":""},"img":{"alt_text":"","src":"","width":0,"height":0},"classes":[]},{"id":480,"url":"https:\/\/reflexologie-shiatsu-nantes.fr\/index.php\/le-kobido\/","url_meta":{"origin":16,"position":3},"title":"Le Kobido","author":"MICHEL SEVIN","date":"11 septembre 2019","format":false,"excerpt":"Le Kobido Kobido est le nom d\u2019une maison (compagnie) et d\u2019une lign\u00e9e japonaise proposant un des soins du visage les plus sophistiqu\u00e9s. Il est constitu\u00e9 de centaines de techniques regroup\u00e9es en 48 cat\u00e9gories qui ont chacune leurs sp\u00e9cificit\u00e9s en fonction de la partie du visage trait\u00e9e: lissage, percussion, vibration, p\u00e9trissage\u2026\u2026","rel":"","context":"Article similaire","block_context":{"text":"Article similaire","link":""},"img":{"alt_text":"","src":"","width":0,"height":0},"classes":[]},{"id":113,"url":"https:\/\/reflexologie-shiatsu-nantes.fr\/index.php\/soins-tarifs\/","url_meta":{"origin":16,"position":4},"title":"Tarifs","author":"Claire Cottais","date":"3 juillet 2017","format":false,"excerpt":"Les diff\u00e9rents soins et tarifs en vigueur au 15\/02\/2024 Soins de R\u00e9flexologie,\u00a0Shiatsuou\u00a0Shiatsu assis (Amma) :Une heure : 70 \u20ac30 minutes : 40 \u20acSoins de Kobido :1 soin\u00a0 \u00a0:\u00a0 \u00a0 80\u20ac3 soins\u00a0 \u00a0:\u00a0 \u00a0 230\u20ac5 soins\u00a0 \u00a0 :\u00a0 \u00a0 380\u20ac10 soins\u00a0 \u00a0:\u00a0 \u00a0 720\u20acShiatsu assis en entreprise \u00e0 Nantes\u00a0: me consulter\u2026","rel":"","context":"Article similaire","block_context":{"text":"Article similaire","link":""},"img":{"alt_text":"","src":"","width":0,"height":0},"classes":[]},{"id":72,"url":"https:\/\/reflexologie-shiatsu-nantes.fr\/index.php\/praticienne\/","url_meta":{"origin":16,"position":5},"title":"Praticienne","author":"Claire Cottais","date":"3 juillet 2017","format":false,"excerpt":"La Praticienne Dipl\u00f4m\u00e9e : De L\u2019Institut Fran\u00e7ais de Shiatsu et de Psychologie Corporelle Appliqu\u00e9e (cr\u00e9\u00e9 et dirig\u00e9 par Michel Odoul) - Praticien Shiatsu de Confort De l\u2019Institut Fran\u00e7ais de R\u00e9flexologie (d\u00e9partement le l\u2019IFS) - Praticien de Confort en R\u00e9flexologie Plantaire Assistante de formation et praticienne r\u00e9f\u00e9renc\u00e9e \u00e0 l\u2019IFS et l\u2019IFR\u2026","rel":"","context":"Article similaire","block_context":{"text":"Article similaire","link":""},"img":{"alt_text":"","src":"https:\/\/i0.wp.com\/reflexologie-shiatsu-nantes.fr\/wp-content\/uploads\/2017\/07\/praticienne-reflexologie-shiatsu-nantes-200x300.jpg?resize=350%2C200","width":350,"height":200},"classes":[]}],"_links":{"self":[{"href":"https:\/\/reflexologie-shiatsu-nantes.fr\/index.php\/wp-json\/wp\/v2\/pages\/16"}],"collection":[{"href":"https:\/\/reflexologie-shiatsu-nantes.fr\/index.php\/wp-json\/wp\/v2\/pages"}],"about":[{"href":"https:\/\/reflexologie-shiatsu-nantes.fr\/index.php\/wp-json\/wp\/v2\/types\/page"}],"author":[{"embeddable":true,"href":"https:\/\/reflexologie-shiatsu-nantes.fr\/index.php\/wp-json\/wp\/v2\/users\/1"}],"replies":[{"embeddable":true,"href":"https:\/\/reflexologie-shiatsu-nantes.fr\/index.php\/wp-json\/wp\/v2\/comments?post=16"}],"version-history":[{"count":15,"href":"https:\/\/reflexologie-shiatsu-nantes.fr\/index.php\/wp-json\/wp\/v2\/pages\/16\/revisions"}],"predecessor-version":[{"id":813,"href":"https:\/\/reflexologie-shiatsu-nantes.fr\/index.php\/wp-json\/wp\/v2\/pages\/16\/revisions\/813"}],"wp:attachment":[{"href":"https:\/\/reflexologie-shiatsu-nantes.fr\/index.php\/wp-json\/wp\/v2\/media?parent=16"}],"curies":[{"name":"wp","href":"https:\/\/api.w.org\/{rel}","templated":true}]}}