{"id":136,"date":"2017-07-03T16:30:22","date_gmt":"2017-07-03T14:30:22","guid":{"rendered":"http:\/\/reflexologie-shiatsu-nantes.fr\/?page_id=136"},"modified":"2017-07-22T14:36:35","modified_gmt":"2017-07-22T12:36:35","slug":"liens-bibliographie","status":"publish","type":"page","link":"https:\/\/reflexologie-shiatsu-nantes.fr\/index.php\/liens-bibliographie\/","title":{"rendered":"Liens | Bibliographie"},"content":{"rendered":"<div id=\"dslc-theme-content\"><div id=\"dslc-theme-content-inner\"><div class=\"pbs-main-wrapper\"><h4>Liens<\/h4>\n<p class=\"p1\"><strong>Institut Fran\u00e7ais de Shiatsu<\/strong>\u00a0:<a href=\"http:\/\/www.shiatsu-institut.fr\/\"><span class=\"s2\">http:\/\/www.shiatsu-institut.fr\/<\/span><\/a><\/p>\n<p class=\"p1\"><span class=\"s1\">Institut Fran\u00e7ais de <strong>R\u00e9flexologie<\/strong> :\u00a0<a href=\"http:\/\/www.reflexologie-institut.fr\/\"><span class=\"s2\">http:\/\/www.reflexologie-institut.fr\/<\/span><\/a><\/span><\/p>\n<p class=\"p1\"><span class=\"s1\">Site de Jean P\u00e9lissier :\u00a0<a href=\"http:\/\/www.jeanpelissier.com\/\"><span class=\"s2\">http:\/\/www.jeanpelissier.com\/<\/span><\/a><\/span><\/p>\n<p class=\"p1\"><span class=\"s1\">Pour apprendre l\u2019usage respectueux et responsable des <strong>Huiles Essentielles<\/strong> :<\/span><\/p>\n<p class=\"p1\"><span class=\"s2\"><a href=\"https:\/\/pro.biosante-editions.fr\/p\/MHE01\/WMHET302\/?h=true\">https:\/\/pro.biosante-editions.fr\/p\/MHE01\/WMHET302\/?h=true<\/a><\/span><\/p>\n<h4><\/h4>\n<h4>Bibliographie<\/h4>\n<p class=\"p1\"><span class=\"s1\">Quelques ouvrages non exhaustifs pour approfondir l\u2019essence des disciplines propos\u00e9es :<\/span><\/p>\n<p class=\"p1\"><strong><span class=\"s2\">R\u00e9flexologie<\/span><\/strong><span class=\"s1\"> :<\/span><\/p>\n<ul>\n<li class=\"p1\"><span class=\"s1\">Le guide des <strong>r\u00e9flexologies<\/strong>, Eske Miles (ed. Albin Michel)<\/span><\/li>\n<\/ul>\n<p class=\"p1\"><strong><span class=\"s2\">Psycho-\u00e9nerg\u00e9tique<\/span><\/strong><span class=\"s1\"> :<\/span><\/p>\n<ul>\n<li class=\"p1\"><span class=\"s1\">&#8220;Dis-moi o\u00f9 tu as mal, je te dirai pourquoi&#8221;,\u00a0<strong>Michel Odoul<\/strong> (ed.Albin Michel)<\/span><\/li>\n<\/ul>\n<p class=\"p1\"><strong><span class=\"s2\">Shiatsu<\/span><\/strong><span class=\"s1\"> :<\/span><\/p>\n<ul>\n<li class=\"p1\"><span class=\"s1\"><strong>Shiatsu<\/strong> Fondamental Tome 1 : les techniques, <strong>Michel Odoul<\/strong> (ed. Albin Michel)<\/span><\/li>\n<li class=\"p1\"><span class=\"s1\"><strong>Shiatsu<\/strong> Fondamental Tome 2 : la th\u00e9orie, <strong>Michel Odoul<\/strong><\/span><\/li>\n<li class=\"p1\"><span class=\"s1\"><strong>Shiatsu<\/strong> Fondamental Tome 3 : la philosophie, <strong>Michel Odoul<\/strong><\/span><\/li>\n<li>L&#8217;harmonie des <strong>\u00e9nergies<\/strong>, <strong>Michel Odoul<\/strong> (ed. Albin Michel)<\/li>\n<li class=\"p1\"><span class=\"s1\">Zen <strong>Shiatsu<\/strong>, Shizuto Masunaga (Guy Tr\u00e9daniel \u00e9diteur)<\/span><\/li>\n<\/ul>\n<p class=\"p1\"><strong><span class=\"s2\">Huiles essentielles<\/span><\/strong><span class=\"s1\"> :<\/span><\/p>\n<ul>\n<li class=\"p1\"><span class=\"s1\">Le Grand livre des <strong>Huiles Essentielles<\/strong> pour les nuls, Elske Miles (ed.First)<\/span><\/li>\n<li class=\"p1\"><span class=\"s1\">La <strong>phyto-\u00e9nerg\u00e9tique<\/strong>, <strong>Michel Odoul<\/strong> &#8211; Elske Miles (ed. Albin Michel)<\/span><\/li>\n<li class=\"p1\"><span class=\"s1\">Guide pratique d\u2019<strong>Aromath\u00e9rapie<\/strong> familiale et scientifique par Dominique Baudoux<\/span><\/li>\n<li class=\"p1\"><span class=\"s1\">La nouvelle <strong>aromath\u00e9rapie<\/strong>, Philippe Mailhebiau<\/span><\/li>\n<\/ul>\n<p class=\"p1\"><strong><span class=\"s2\">Di\u00e9t\u00e9tique \u00e9nerg\u00e9tique chinoise<\/span><\/strong><span class=\"s1\"> : <\/span><\/p>\n<ul>\n<li class=\"p1\"><span class=\"s1\">Secrets de centenaires, Jean P\u00e9lissier<\/span><\/li>\n<\/ul>\n<\/div><\/div><\/div>","protected":false},"excerpt":{"rendered":"<p>Liens Institut Fran\u00e7ais de Shiatsu\u00a0:http:\/\/www.shiatsu-institut.fr\/ Institut Fran\u00e7ais de R\u00e9flexologie :\u00a0http:\/\/www.reflexologie-institut.fr\/ Site de Jean P\u00e9lissier :\u00a0http:\/\/www.jeanpelissier.com\/ Pour apprendre l\u2019usage respectueux et responsable des Huiles Essentielles : https:\/\/pro.biosante-editions.fr\/p\/MHE01\/WMHET302\/?h=true Bibliographie Quelques ouvrages non exhaustifs pour approfondir l\u2019essence des disciplines propos\u00e9es : R\u00e9flexologie : Le guide des r\u00e9flexologies, Eske Miles (ed. Albin Michel) Psycho-\u00e9nerg\u00e9tique : &#8220;Dis-moi o\u00f9 tu as<a class=\"moretag\" href=\"https:\/\/reflexologie-shiatsu-nantes.fr\/index.php\/liens-bibliographie\/\"><span class=\"screen-reader-text\">En savoir plus surLiens | Bibliographie<\/span>[&#8230;]<\/a><\/p>\n","protected":false},"author":2,"featured_media":0,"parent":0,"menu_order":0,"comment_status":"closed","ping_status":"closed","template":"","meta":{"jetpack_post_was_ever_published":false,"footnotes":""},"yoast_head":"<!-- This site is optimized with the Yoast SEO plugin v21.7 - https:\/\/yoast.com\/wordpress\/plugins\/seo\/ -->\n<title>Liens | Bibliographie - R\u00e9flexologie, Shiatsu et Kobido \u00e0 Nantes<\/title>\n<meta name=\"description\" content=\"Les diff\u00e9rents liens et bibliographie sur les pratiques de r\u00e9flexologie, shiatsu, huiles essentielles, psycho-\u00e9nerg\u00e9tique, di\u00e9t\u00e9tique \u00e9nerg\u00e9tique chinoise.\" \/>\n<meta name=\"robots\" content=\"index, follow, max-snippet:-1, max-image-preview:large, max-video-preview:-1\" \/>\n<link rel=\"canonical\" href=\"https:\/\/reflexologie-shiatsu-nantes.fr\/index.php\/liens-bibliographie\/\" \/>\n<meta property=\"og:locale\" content=\"fr_FR\" \/>\n<meta property=\"og:type\" content=\"article\" \/>\n<meta property=\"og:title\" content=\"Liens | Bibliographie - R\u00e9flexologie, Shiatsu et Kobido \u00e0 Nantes\" \/>\n<meta property=\"og:description\" content=\"Les diff\u00e9rents liens et bibliographie sur les pratiques de r\u00e9flexologie, shiatsu, huiles essentielles, psycho-\u00e9nerg\u00e9tique, di\u00e9t\u00e9tique \u00e9nerg\u00e9tique chinoise.\" \/>\n<meta property=\"og:url\" content=\"https:\/\/reflexologie-shiatsu-nantes.fr\/index.php\/liens-bibliographie\/\" \/>\n<meta property=\"og:site_name\" content=\"R\u00e9flexologie, Shiatsu et Kobido \u00e0 Nantes\" \/>\n<meta property=\"article:modified_time\" content=\"2017-07-22T12:36:35+00:00\" \/>\n<meta name=\"twitter:card\" content=\"summary_large_image\" \/>\n<meta name=\"twitter:label1\" content=\"Dur\u00e9e de lecture estim\u00e9e\" \/>\n\t<meta name=\"twitter:data1\" content=\"1 minute\" \/>\n<script type=\"application\/ld+json\" class=\"yoast-schema-graph\">{\"@context\":\"https:\/\/schema.org\",\"@graph\":[{\"@type\":\"WebPage\",\"@id\":\"https:\/\/reflexologie-shiatsu-nantes.fr\/index.php\/liens-bibliographie\/\",\"url\":\"https:\/\/reflexologie-shiatsu-nantes.fr\/index.php\/liens-bibliographie\/\",\"name\":\"Liens | Bibliographie - R\u00e9flexologie, Shiatsu et Kobido \u00e0 Nantes\",\"isPartOf\":{\"@id\":\"https:\/\/reflexologie-shiatsu-nantes.fr\/#website\"},\"datePublished\":\"2017-07-03T14:30:22+00:00\",\"dateModified\":\"2017-07-22T12:36:35+00:00\",\"description\":\"Les diff\u00e9rents liens et bibliographie sur les pratiques de r\u00e9flexologie, shiatsu, huiles essentielles, psycho-\u00e9nerg\u00e9tique, di\u00e9t\u00e9tique \u00e9nerg\u00e9tique chinoise.\",\"breadcrumb\":{\"@id\":\"https:\/\/reflexologie-shiatsu-nantes.fr\/index.php\/liens-bibliographie\/#breadcrumb\"},\"inLanguage\":\"fr-FR\",\"potentialAction\":[{\"@type\":\"ReadAction\",\"target\":[\"https:\/\/reflexologie-shiatsu-nantes.fr\/index.php\/liens-bibliographie\/\"]}]},{\"@type\":\"BreadcrumbList\",\"@id\":\"https:\/\/reflexologie-shiatsu-nantes.fr\/index.php\/liens-bibliographie\/#breadcrumb\",\"itemListElement\":[{\"@type\":\"ListItem\",\"position\":1,\"name\":\"Accueil\",\"item\":\"https:\/\/reflexologie-shiatsu-nantes.fr\/\"},{\"@type\":\"ListItem\",\"position\":2,\"name\":\"Liens | Bibliographie\"}]},{\"@type\":\"WebSite\",\"@id\":\"https:\/\/reflexologie-shiatsu-nantes.fr\/#website\",\"url\":\"https:\/\/reflexologie-shiatsu-nantes.fr\/\",\"name\":\"R\u00e9flexologie, Shiatsu et Kobido \u00e0 Nantes\",\"description\":\"Bienvenue\",\"potentialAction\":[{\"@type\":\"SearchAction\",\"target\":{\"@type\":\"EntryPoint\",\"urlTemplate\":\"https:\/\/reflexologie-shiatsu-nantes.fr\/?s={search_term_string}\"},\"query-input\":\"required name=search_term_string\"}],\"inLanguage\":\"fr-FR\"}]}<\/script>\n<!-- \/ Yoast SEO plugin. -->","yoast_head_json":{"title":"Liens | Bibliographie - R\u00e9flexologie, Shiatsu et Kobido \u00e0 Nantes","description":"Les diff\u00e9rents liens et bibliographie sur les pratiques de r\u00e9flexologie, shiatsu, huiles essentielles, psycho-\u00e9nerg\u00e9tique, di\u00e9t\u00e9tique \u00e9nerg\u00e9tique chinoise.","robots":{"index":"index","follow":"follow","max-snippet":"max-snippet:-1","max-image-preview":"max-image-preview:large","max-video-preview":"max-video-preview:-1"},"canonical":"https:\/\/reflexologie-shiatsu-nantes.fr\/index.php\/liens-bibliographie\/","og_locale":"fr_FR","og_type":"article","og_title":"Liens | Bibliographie - R\u00e9flexologie, Shiatsu et Kobido \u00e0 Nantes","og_description":"Les diff\u00e9rents liens et bibliographie sur les pratiques de r\u00e9flexologie, shiatsu, huiles essentielles, psycho-\u00e9nerg\u00e9tique, di\u00e9t\u00e9tique \u00e9nerg\u00e9tique chinoise.","og_url":"https:\/\/reflexologie-shiatsu-nantes.fr\/index.php\/liens-bibliographie\/","og_site_name":"R\u00e9flexologie, Shiatsu et Kobido \u00e0 Nantes","article_modified_time":"2017-07-22T12:36:35+00:00","twitter_card":"summary_large_image","twitter_misc":{"Dur\u00e9e de lecture estim\u00e9e":"1 minute"},"schema":{"@context":"https:\/\/schema.org","@graph":[{"@type":"WebPage","@id":"https:\/\/reflexologie-shiatsu-nantes.fr\/index.php\/liens-bibliographie\/","url":"https:\/\/reflexologie-shiatsu-nantes.fr\/index.php\/liens-bibliographie\/","name":"Liens | Bibliographie - R\u00e9flexologie, Shiatsu et Kobido \u00e0 Nantes","isPartOf":{"@id":"https:\/\/reflexologie-shiatsu-nantes.fr\/#website"},"datePublished":"2017-07-03T14:30:22+00:00","dateModified":"2017-07-22T12:36:35+00:00","description":"Les diff\u00e9rents liens et bibliographie sur les pratiques de r\u00e9flexologie, shiatsu, huiles essentielles, psycho-\u00e9nerg\u00e9tique, di\u00e9t\u00e9tique \u00e9nerg\u00e9tique chinoise.","breadcrumb":{"@id":"https:\/\/reflexologie-shiatsu-nantes.fr\/index.php\/liens-bibliographie\/#breadcrumb"},"inLanguage":"fr-FR","potentialAction":[{"@type":"ReadAction","target":["https:\/\/reflexologie-shiatsu-nantes.fr\/index.php\/liens-bibliographie\/"]}]},{"@type":"BreadcrumbList","@id":"https:\/\/reflexologie-shiatsu-nantes.fr\/index.php\/liens-bibliographie\/#breadcrumb","itemListElement":[{"@type":"ListItem","position":1,"name":"Accueil","item":"https:\/\/reflexologie-shiatsu-nantes.fr\/"},{"@type":"ListItem","position":2,"name":"Liens | Bibliographie"}]},{"@type":"WebSite","@id":"https:\/\/reflexologie-shiatsu-nantes.fr\/#website","url":"https:\/\/reflexologie-shiatsu-nantes.fr\/","name":"R\u00e9flexologie, Shiatsu et Kobido \u00e0 Nantes","description":"Bienvenue","potentialAction":[{"@type":"SearchAction","target":{"@type":"EntryPoint","urlTemplate":"https:\/\/reflexologie-shiatsu-nantes.fr\/?s={search_term_string}"},"query-input":"required name=search_term_string"}],"inLanguage":"fr-FR"}]}},"jetpack_sharing_enabled":true,"jetpack_shortlink":"https:\/\/wp.me\/P8fx45-2c","jetpack-related-posts":[{"id":72,"url":"https:\/\/reflexologie-shiatsu-nantes.fr\/index.php\/praticienne\/","url_meta":{"origin":136,"position":0},"title":"Praticienne","author":"Claire Cottais","date":"3 juillet 2017","format":false,"excerpt":"La Praticienne Dipl\u00f4m\u00e9e : De L\u2019Institut Fran\u00e7ais de Shiatsu et de Psychologie Corporelle Appliqu\u00e9e (cr\u00e9\u00e9 et dirig\u00e9 par Michel Odoul) - Praticien Shiatsu de Confort De l\u2019Institut Fran\u00e7ais de R\u00e9flexologie (d\u00e9partement le l\u2019IFS) - Praticien de Confort en R\u00e9flexologie Plantaire Assistante de formation et praticienne r\u00e9f\u00e9renc\u00e9e \u00e0 l\u2019IFS et l\u2019IFR\u2026","rel":"","context":"Article similaire","block_context":{"text":"Article similaire","link":""},"img":{"alt_text":"","src":"https:\/\/i0.wp.com\/reflexologie-shiatsu-nantes.fr\/wp-content\/uploads\/2017\/07\/praticienne-reflexologie-shiatsu-nantes-200x300.jpg?resize=350%2C200","width":350,"height":200},"classes":[]},{"id":134,"url":"https:\/\/reflexologie-shiatsu-nantes.fr\/index.php\/mentions-legales\/","url_meta":{"origin":136,"position":1},"title":"Mentions l\u00e9gales","author":"Claire Cottais","date":"3 juillet 2017","format":false,"excerpt":"Informations l\u00e9gales 1. Pr\u00e9sentation du site. En vertu de l'article 6 de la loi n\u00b0 2004-575 du 21 juin 2004 pour la confiance dans l'\u00e9conomie num\u00e9rique, il est pr\u00e9cis\u00e9 aux utilisateurs du site www.reflexologie-shiatsu-nantes.fr l'identit\u00e9 des diff\u00e9rents intervenants dans le cadre de sa r\u00e9alisation et de son suivi : Propri\u00e9taire\u2026","rel":"","context":"Article similaire","block_context":{"text":"Article similaire","link":""},"img":{"alt_text":"","src":"","width":0,"height":0},"classes":[]},{"id":132,"url":"https:\/\/reflexologie-shiatsu-nantes.fr\/index.php\/deotonlogie-ethique\/","url_meta":{"origin":136,"position":2},"title":"D\u00e9ontologie | Ethique","author":"Claire Cottais","date":"3 juillet 2017","format":false,"excerpt":"Code de d\u00e9ontologie Le r\u00e9f\u00e9rencement requiert de la part du r\u00e9cipiendaire une adh\u00e9sion sans r\u00e9serve au code de d\u00e9ontologie\u00a0et \u00e0 l'\u00e9thique, conformes \u00e0 l\u2019esprit du Shiatsu, des R\u00e9flexologies et de la pratique des Huiles Essentielles. Ainsi bien s\u00fbr qu\u2019avec les lois et r\u00e8glements en vigueur, tant europ\u00e9ens que fran\u00e7ais. En\u2026","rel":"","context":"Article similaire","block_context":{"text":"Article similaire","link":""},"img":{"alt_text":"","src":"","width":0,"height":0},"classes":[]},{"id":98,"url":"https:\/\/reflexologie-shiatsu-nantes.fr\/index.php\/la-seance-de-shiatsu\/","url_meta":{"origin":136,"position":3},"title":"Votre s\u00e9ance","author":"Claire Cottais","date":"3 juillet 2017","format":false,"excerpt":"La s\u00e9ance de Shiatsu Un entretien pr\u00e9alable vise \u00e0 d\u00e9cider du soin ad\u00e9quat ax\u00e9 sur la demande de la personne et du 1er bilan \u00e9nerg\u00e9tique effectu\u00e9 durant la s\u00e9ance de Shiatsu.\u00a0Puis, le receveur s\u2019allonge au sol sur un tatami. Il est v\u00eatu d\u2019habits amples pour un soin de confort ou\u2026","rel":"","context":"Article similaire","block_context":{"text":"Article similaire","link":""},"img":{"alt_text":"","src":"","width":0,"height":0},"classes":[]},{"id":100,"url":"https:\/\/reflexologie-shiatsu-nantes.fr\/index.php\/origines-bases-theoriques\/","url_meta":{"origin":136,"position":4},"title":"Origines | Pr\u00e9sentation","author":"Claire Cottais","date":"3 juillet 2017","format":false,"excerpt":"Les origines | Pr\u00e9sentation du Shiatsu Le Shiatsu est une technique manuelle japonaise qui vise \u00e0 \u00e9quilibrer les flux \u00e9nerg\u00e9tiques dans le corps pour pr\u00e9server et maintenir l\u2019\u00e9tat de sant\u00e9. Il signifie litt\u00e9ralement \u00ab\u00a0pression des doigts\u00a0\u00bb.\u00a0Cet art traditionnel s\u2019ancre dans les fondements de la M\u00e9decine Traditionnelle Chinoise et la philosophie\u2026","rel":"","context":"Article similaire","block_context":{"text":"Article similaire","link":""},"img":{"alt_text":"","src":"https:\/\/i0.wp.com\/reflexologie-shiatsu-nantes.fr\/wp-content\/uploads\/2017\/07\/shiatsu-nantes-768x509.jpg?resize=350%2C200","width":350,"height":200,"srcset":"https:\/\/i0.wp.com\/reflexologie-shiatsu-nantes.fr\/wp-content\/uploads\/2017\/07\/shiatsu-nantes-768x509.jpg?resize=350%2C200 1x, https:\/\/i0.wp.com\/reflexologie-shiatsu-nantes.fr\/wp-content\/uploads\/2017\/07\/shiatsu-nantes-768x509.jpg?resize=525%2C300 1.5x, https:\/\/i0.wp.com\/reflexologie-shiatsu-nantes.fr\/wp-content\/uploads\/2017\/07\/shiatsu-nantes-768x509.jpg?resize=700%2C400 2x"},"classes":[]},{"id":473,"url":"https:\/\/reflexologie-shiatsu-nantes.fr\/index.php\/origines-presentation\/","url_meta":{"origin":136,"position":5},"title":"Origines | Pr\u00e9sentation","author":"MICHEL SEVIN","date":"11 septembre 2019","format":false,"excerpt":"Les origines du Kobido Le Kobido prend sa source au milieu du 15 \u00e8me si\u00e8cle au Japon.A l\u2019\u00e9poque, la forme existante de massage est l'Anma. Une longue comp\u00e9tition a motiv\u00e9 l\u2019int\u00e9r\u00eat de deux des meilleurs ma\u00eetres dans cet art. Ils se sont notamment affront\u00e9s dans la pratique des soins du\u2026","rel":"","context":"Article similaire","block_context":{"text":"Article similaire","link":""},"img":{"alt_text":"","src":"","width":0,"height":0},"classes":[]}],"_links":{"self":[{"href":"https:\/\/reflexologie-shiatsu-nantes.fr\/index.php\/wp-json\/wp\/v2\/pages\/136"}],"collection":[{"href":"https:\/\/reflexologie-shiatsu-nantes.fr\/index.php\/wp-json\/wp\/v2\/pages"}],"about":[{"href":"https:\/\/reflexologie-shiatsu-nantes.fr\/index.php\/wp-json\/wp\/v2\/types\/page"}],"author":[{"embeddable":true,"href":"https:\/\/reflexologie-shiatsu-nantes.fr\/index.php\/wp-json\/wp\/v2\/users\/2"}],"replies":[{"embeddable":true,"href":"https:\/\/reflexologie-shiatsu-nantes.fr\/index.php\/wp-json\/wp\/v2\/comments?post=136"}],"version-history":[{"count":8,"href":"https:\/\/reflexologie-shiatsu-nantes.fr\/index.php\/wp-json\/wp\/v2\/pages\/136\/revisions"}],"predecessor-version":[{"id":214,"href":"https:\/\/reflexologie-shiatsu-nantes.fr\/index.php\/wp-json\/wp\/v2\/pages\/136\/revisions\/214"}],"wp:attachment":[{"href":"https:\/\/reflexologie-shiatsu-nantes.fr\/index.php\/wp-json\/wp\/v2\/media?parent=136"}],"curies":[{"name":"wp","href":"https:\/\/api.w.org\/{rel}","templated":true}]}}