{"id":132,"date":"2017-07-03T16:29:34","date_gmt":"2017-07-03T14:29:34","guid":{"rendered":"http:\/\/reflexologie-shiatsu-nantes.fr\/?page_id=132"},"modified":"2019-04-17T20:44:44","modified_gmt":"2019-04-17T18:44:44","slug":"deotonlogie-ethique","status":"publish","type":"page","link":"https:\/\/reflexologie-shiatsu-nantes.fr\/index.php\/deotonlogie-ethique\/","title":{"rendered":"D\u00e9ontologie | Ethique"},"content":{"rendered":"<div id=\"dslc-theme-content\"><div id=\"dslc-theme-content-inner\"><div class=\"pbs-main-wrapper\"><h4 class=\"p1\"><span class=\"s1\">Code de <strong>d\u00e9ontologie <\/strong><\/span><\/h4>\n<p class=\"p1\"><span class=\"s2\">Le r\u00e9f\u00e9rencement requiert de la part du r\u00e9cipiendaire une adh\u00e9sion sans r\u00e9serve au code de <strong>d\u00e9ontologie<\/strong>\u00a0et \u00e0 l&#8217;<strong>\u00e9thique<\/strong>, conformes \u00e0 l\u2019esprit du <strong>Shiatsu<\/strong>, des <strong>R\u00e9flexologies<\/strong> et de la pratique des <strong>Huiles Essentielles<\/strong>. A<\/span><span class=\"s2\">insi bien s\u00fbr qu\u2019avec les lois et r\u00e8glements en vigueur, tant europ\u00e9ens que fran\u00e7ais.<\/span><\/p>\n<p class=\"p1\"><span class=\"s2\">En cons\u00e9quence, le r\u00e9cipiendaire s\u2019engage sur l\u2019honneur :<\/span><\/p>\n<ul class=\"ul1\">\n<li class=\"li1\"><span class=\"s2\">D&#8217;exercer son art dans le respect total de l\u2019int\u00e9grit\u00e9 physique et morale de la personne trait\u00e9e.<\/span><\/li>\n<li class=\"li1\"><span class=\"s2\">A respecter une stricte confidentialit\u00e9.<\/span><\/li>\n<li class=\"li1\"><span class=\"s2\">A fixer des honoraires en accord avec l\u2019\u00e9quit\u00e9 en les proportionnant aux prestations fournies. Tout en restant libre d\u2019offrir des traitements gratuits, si n\u00e9cessaire, ou dans le cadre d\u2019un b\u00e9n\u00e9volat.<\/span><\/li>\n<li class=\"li1\"><span class=\"s2\">De toujours garantir une prestation optimum, notamment en maintenant ses comp\u00e9tences au plus haut niveau \u00e0 l\u2019aide de cours, de stages et formations compl\u00e9mentaires.<\/span><\/li>\n<li class=\"li1\"><span class=\"s2\">De mener ses activit\u00e9s de <strong>Shiatsu<\/strong> en excluant toute forme de pros\u00e9lytisme religieux, politique ou sectaire &#8211; ce qui constituerait un motif de radiation.<\/span><\/li>\n<li class=\"li1\"><span class=\"s2\">A \u00eatre d\u00e9tenteur de l\u2019attestation de formation aux premiers secours (AFPS) d\u00e9livr\u00e9e par la Croix Rouge Fran\u00e7aise, ou autre organisme habilit\u00e9.<\/span><\/li>\n<li class=\"li1\"><span class=\"s2\">Enfin, \u00e0 pr\u00e9senter un extrait r\u00e9cent de casier judiciaire (de moins de 3 mois).<\/span><\/li>\n<\/ul>\n<p class=\"p1\"><span class=\"s2\">Par ailleurs, le r\u00e9cipiendaire doit garder \u00e0 l\u2019esprit que le <strong>Shiatsu<\/strong> ou la <strong>R\u00e9flexologie<\/strong> ne sont pas des pratiques m\u00e9dicales au sens occidental du terme. Par cons\u00e9quent il doit :<\/span><\/p>\n<ul class=\"ul1\">\n<li class=\"li1\"><span class=\"s2\">S\u2019abstenir d\u2019\u00e9tablir un quelconque diagnostic m\u00e9dical.<\/span><\/li>\n<li class=\"li1\"><span class=\"s2\">Ne pas interrompre ou modifier un traitement m\u00e9dical.<\/span><\/li>\n<li class=\"li1\"><span class=\"s2\">Ne pas prescrire ou conseiller de m\u00e9dicaments.<\/span><\/li>\n<li class=\"li1\"><span class=\"s2\">Diriger sans d\u00e9lai vers un m\u00e9decin toute personne se plaignant ou pr\u00e9sentant des sympt\u00f4mes anormaux.<\/span><\/li>\n<li class=\"li1\"><span class=\"s2\">Avoir une conception pluridisciplinaire de sa pratique, ouverte vers les disciplines m\u00e9dicales et param\u00e9dicales.<\/span><\/li>\n<li class=\"li1\"><span class=\"s2\">Ne pas oublier que le <strong>Shiatsu<\/strong> et la <strong>R\u00e9flexologie<\/strong> ne sont ni une m\u00e9decine, ni un <strong>massage<\/strong>, ni une id\u00e9ologie. Enfin, c&#8217;est avant tout un art s\u2019inscrivant prioritairement dans le domaine de la pr\u00e9vention.<\/span><\/li>\n<\/ul>\n<h4 class=\"p1\"><span class=\"s1\">Les axes de l&#8217;<b>\u00e9thique<\/b><\/span><\/h4>\n<p class=\"p1\"><span class=\"s2\">Au del\u00e0 des principes de <strong>d\u00e9ontologie<\/strong>, les axes suivants d\u2019<strong>\u00e9thique<\/strong> doivent \u00eatre respect\u00e9s, dans le cadre de la pratique du <strong>Shiatsu<\/strong>, des <strong>R\u00e9flexologies<\/strong> et de la pratique des <strong>Huiles Essentielles<\/strong> tels que la tradition les a enseign\u00e9s. Aussi, le praticien n\u2019est pas l\u00e0 pour juger ou poser des notions de bien et de mal. Ainsi, il ne doit jamais consid\u00e9rer que le <strong>Shiatsu<\/strong> est \u00e0 m\u00eame de tout r\u00e9gler.<\/span><\/p>\n<p class=\"p1\" style=\"text-align: left;\"><span class=\"s1\">En toutes situations, dans sa pratique, il doit :<\/span><\/p>\n<ul class=\"ul1\">\n<li class=\"li1\"><span class=\"s2\">Respecter l\u2019autre dans sa demande.<\/span><\/li>\n<li class=\"li1\"><span class=\"s2\">Respecter l\u2019autre dans ses choix et dans ses \u00ab\u00a0r\u00e9flexes de protection\u00a0\u00bb.<\/span><\/li>\n<li class=\"li1\"><span class=\"s2\">Proposer si n\u00e9cessaire des orientations compl\u00e9mentaires (m\u00e9decin, nutritionniste, repos, etc.).<\/span><\/li>\n<li class=\"li1\"><span class=\"s2\">Ne pas \u00eatre missionnaire et laisser ses croyances \u00e0 l\u2019autre.<\/span><\/li>\n<li class=\"li1\"><span class=\"s2\">Toujours garder un axe clair et net dans sa d\u00e9marche (ni m\u00e9decin, ni pr\u00eatre, ni \u00ab\u00a0Gourou\u00a0\u00bb).<\/span><\/li>\n<li class=\"li1\"><span class=\"s2\">Ne pas cautionner ni ent\u00e9riner les d\u00e9bordements ou les errances (d\u00e9lires \u00e9motionnels, substances prohib\u00e9es, \u00e9sot\u00e9risme, action \u00e0 distance, etc.).<\/span><\/li>\n<li class=\"li1\"><span class=\"s2\">Ne pas entrer dans les \u00ab\u00a0demandes perverses\u00a0\u00bb (prise en charge, soumission, idol\u00e2trie, sexualit\u00e9, etc.).<\/span><\/li>\n<li class=\"li1\"><span class=\"s2\">Etre le plus possible transparent face aux \u00ab\u00a0projections\u00a0\u00bb \u00e9ventuelles de l\u2019autre (reports de responsabilit\u00e9, \u00ab\u00a0toute puissance\u00a0\u00bb, attente de miracle, etc.)<\/span><\/li>\n<li class=\"li1\"><span class=\"s2\">Enfin, ne jamais manquer de faire r\u00e9guli\u00e8rement son propre bilan int\u00e9rieur, que ce soit sur soi-m\u00eame ou sur sa pratique.<\/span><\/li>\n<\/ul>\n<\/div><\/div><\/div>","protected":false},"excerpt":{"rendered":"<p>Code de d\u00e9ontologie Le r\u00e9f\u00e9rencement requiert de la part du r\u00e9cipiendaire une adh\u00e9sion sans r\u00e9serve au code de d\u00e9ontologie\u00a0et \u00e0 l&#8217;\u00e9thique, conformes \u00e0 l\u2019esprit du Shiatsu, des R\u00e9flexologies et de la pratique des Huiles Essentielles. Ainsi bien s\u00fbr qu\u2019avec les lois et r\u00e8glements en vigueur, tant europ\u00e9ens que fran\u00e7ais. En cons\u00e9quence, le r\u00e9cipiendaire s\u2019engage sur<a class=\"moretag\" href=\"https:\/\/reflexologie-shiatsu-nantes.fr\/index.php\/deotonlogie-ethique\/\"><span class=\"screen-reader-text\">En savoir plus surD\u00e9ontologie | Ethique<\/span>[&#8230;]<\/a><\/p>\n","protected":false},"author":2,"featured_media":0,"parent":0,"menu_order":0,"comment_status":"closed","ping_status":"closed","template":"","meta":{"jetpack_post_was_ever_published":false,"footnotes":""},"yoast_head":"<!-- This site is optimized with the Yoast SEO plugin v21.7 - https:\/\/yoast.com\/wordpress\/plugins\/seo\/ -->\n<title>D\u00e9ontologie | Ethique - R\u00e9flexologie, Shiatsu et Kobido \u00e0 Nantes<\/title>\n<meta name=\"description\" content=\"Le code de d\u00e9onthologie et l&#039;\u00e9thique en rapport avec les diff\u00e9rentes pratiques li\u00e9es au Shiatsu, aux R\u00e9flexologies et aux Huiles essentielles.\" \/>\n<meta name=\"robots\" content=\"index, follow, max-snippet:-1, max-image-preview:large, max-video-preview:-1\" \/>\n<link rel=\"canonical\" href=\"https:\/\/reflexologie-shiatsu-nantes.fr\/index.php\/deotonlogie-ethique\/\" \/>\n<meta property=\"og:locale\" content=\"fr_FR\" \/>\n<meta property=\"og:type\" content=\"article\" \/>\n<meta property=\"og:title\" content=\"D\u00e9ontologie | Ethique - R\u00e9flexologie, Shiatsu et Kobido \u00e0 Nantes\" \/>\n<meta property=\"og:description\" content=\"Le code de d\u00e9onthologie et l&#039;\u00e9thique en rapport avec les diff\u00e9rentes pratiques li\u00e9es au Shiatsu, aux R\u00e9flexologies et aux Huiles essentielles.\" \/>\n<meta property=\"og:url\" content=\"https:\/\/reflexologie-shiatsu-nantes.fr\/index.php\/deotonlogie-ethique\/\" \/>\n<meta property=\"og:site_name\" content=\"R\u00e9flexologie, Shiatsu et Kobido \u00e0 Nantes\" \/>\n<meta property=\"article:modified_time\" content=\"2019-04-17T18:44:44+00:00\" \/>\n<meta name=\"twitter:card\" content=\"summary_large_image\" \/>\n<meta name=\"twitter:label1\" content=\"Dur\u00e9e de lecture estim\u00e9e\" \/>\n\t<meta name=\"twitter:data1\" content=\"3 minutes\" \/>\n<script type=\"application\/ld+json\" class=\"yoast-schema-graph\">{\"@context\":\"https:\/\/schema.org\",\"@graph\":[{\"@type\":\"WebPage\",\"@id\":\"https:\/\/reflexologie-shiatsu-nantes.fr\/index.php\/deotonlogie-ethique\/\",\"url\":\"https:\/\/reflexologie-shiatsu-nantes.fr\/index.php\/deotonlogie-ethique\/\",\"name\":\"D\u00e9ontologie | Ethique - R\u00e9flexologie, Shiatsu et Kobido \u00e0 Nantes\",\"isPartOf\":{\"@id\":\"https:\/\/reflexologie-shiatsu-nantes.fr\/#website\"},\"datePublished\":\"2017-07-03T14:29:34+00:00\",\"dateModified\":\"2019-04-17T18:44:44+00:00\",\"description\":\"Le code de d\u00e9onthologie et l'\u00e9thique en rapport avec les diff\u00e9rentes pratiques li\u00e9es au Shiatsu, aux R\u00e9flexologies et aux Huiles essentielles.\",\"breadcrumb\":{\"@id\":\"https:\/\/reflexologie-shiatsu-nantes.fr\/index.php\/deotonlogie-ethique\/#breadcrumb\"},\"inLanguage\":\"fr-FR\",\"potentialAction\":[{\"@type\":\"ReadAction\",\"target\":[\"https:\/\/reflexologie-shiatsu-nantes.fr\/index.php\/deotonlogie-ethique\/\"]}]},{\"@type\":\"BreadcrumbList\",\"@id\":\"https:\/\/reflexologie-shiatsu-nantes.fr\/index.php\/deotonlogie-ethique\/#breadcrumb\",\"itemListElement\":[{\"@type\":\"ListItem\",\"position\":1,\"name\":\"Accueil\",\"item\":\"https:\/\/reflexologie-shiatsu-nantes.fr\/\"},{\"@type\":\"ListItem\",\"position\":2,\"name\":\"D\u00e9ontologie | Ethique\"}]},{\"@type\":\"WebSite\",\"@id\":\"https:\/\/reflexologie-shiatsu-nantes.fr\/#website\",\"url\":\"https:\/\/reflexologie-shiatsu-nantes.fr\/\",\"name\":\"R\u00e9flexologie, Shiatsu et Kobido \u00e0 Nantes\",\"description\":\"Bienvenue\",\"potentialAction\":[{\"@type\":\"SearchAction\",\"target\":{\"@type\":\"EntryPoint\",\"urlTemplate\":\"https:\/\/reflexologie-shiatsu-nantes.fr\/?s={search_term_string}\"},\"query-input\":\"required name=search_term_string\"}],\"inLanguage\":\"fr-FR\"}]}<\/script>\n<!-- \/ Yoast SEO plugin. -->","yoast_head_json":{"title":"D\u00e9ontologie | Ethique - R\u00e9flexologie, Shiatsu et Kobido \u00e0 Nantes","description":"Le code de d\u00e9onthologie et l'\u00e9thique en rapport avec les diff\u00e9rentes pratiques li\u00e9es au Shiatsu, aux R\u00e9flexologies et aux Huiles essentielles.","robots":{"index":"index","follow":"follow","max-snippet":"max-snippet:-1","max-image-preview":"max-image-preview:large","max-video-preview":"max-video-preview:-1"},"canonical":"https:\/\/reflexologie-shiatsu-nantes.fr\/index.php\/deotonlogie-ethique\/","og_locale":"fr_FR","og_type":"article","og_title":"D\u00e9ontologie | Ethique - R\u00e9flexologie, Shiatsu et Kobido \u00e0 Nantes","og_description":"Le code de d\u00e9onthologie et l'\u00e9thique en rapport avec les diff\u00e9rentes pratiques li\u00e9es au Shiatsu, aux R\u00e9flexologies et aux Huiles essentielles.","og_url":"https:\/\/reflexologie-shiatsu-nantes.fr\/index.php\/deotonlogie-ethique\/","og_site_name":"R\u00e9flexologie, Shiatsu et Kobido \u00e0 Nantes","article_modified_time":"2019-04-17T18:44:44+00:00","twitter_card":"summary_large_image","twitter_misc":{"Dur\u00e9e de lecture estim\u00e9e":"3 minutes"},"schema":{"@context":"https:\/\/schema.org","@graph":[{"@type":"WebPage","@id":"https:\/\/reflexologie-shiatsu-nantes.fr\/index.php\/deotonlogie-ethique\/","url":"https:\/\/reflexologie-shiatsu-nantes.fr\/index.php\/deotonlogie-ethique\/","name":"D\u00e9ontologie | Ethique - R\u00e9flexologie, Shiatsu et Kobido \u00e0 Nantes","isPartOf":{"@id":"https:\/\/reflexologie-shiatsu-nantes.fr\/#website"},"datePublished":"2017-07-03T14:29:34+00:00","dateModified":"2019-04-17T18:44:44+00:00","description":"Le code de d\u00e9onthologie et l'\u00e9thique en rapport avec les diff\u00e9rentes pratiques li\u00e9es au Shiatsu, aux R\u00e9flexologies et aux Huiles essentielles.","breadcrumb":{"@id":"https:\/\/reflexologie-shiatsu-nantes.fr\/index.php\/deotonlogie-ethique\/#breadcrumb"},"inLanguage":"fr-FR","potentialAction":[{"@type":"ReadAction","target":["https:\/\/reflexologie-shiatsu-nantes.fr\/index.php\/deotonlogie-ethique\/"]}]},{"@type":"BreadcrumbList","@id":"https:\/\/reflexologie-shiatsu-nantes.fr\/index.php\/deotonlogie-ethique\/#breadcrumb","itemListElement":[{"@type":"ListItem","position":1,"name":"Accueil","item":"https:\/\/reflexologie-shiatsu-nantes.fr\/"},{"@type":"ListItem","position":2,"name":"D\u00e9ontologie | Ethique"}]},{"@type":"WebSite","@id":"https:\/\/reflexologie-shiatsu-nantes.fr\/#website","url":"https:\/\/reflexologie-shiatsu-nantes.fr\/","name":"R\u00e9flexologie, Shiatsu et Kobido \u00e0 Nantes","description":"Bienvenue","potentialAction":[{"@type":"SearchAction","target":{"@type":"EntryPoint","urlTemplate":"https:\/\/reflexologie-shiatsu-nantes.fr\/?s={search_term_string}"},"query-input":"required name=search_term_string"}],"inLanguage":"fr-FR"}]}},"jetpack_sharing_enabled":true,"jetpack_shortlink":"https:\/\/wp.me\/P8fx45-28","jetpack-related-posts":[{"id":134,"url":"https:\/\/reflexologie-shiatsu-nantes.fr\/index.php\/mentions-legales\/","url_meta":{"origin":132,"position":0},"title":"Mentions l\u00e9gales","author":"Claire Cottais","date":"3 juillet 2017","format":false,"excerpt":"Informations l\u00e9gales 1. Pr\u00e9sentation du site. En vertu de l'article 6 de la loi n\u00b0 2004-575 du 21 juin 2004 pour la confiance dans l'\u00e9conomie num\u00e9rique, il est pr\u00e9cis\u00e9 aux utilisateurs du site www.reflexologie-shiatsu-nantes.fr l'identit\u00e9 des diff\u00e9rents intervenants dans le cadre de sa r\u00e9alisation et de son suivi : Propri\u00e9taire\u2026","rel":"","context":"Article similaire","block_context":{"text":"Article similaire","link":""},"img":{"alt_text":"","src":"","width":0,"height":0},"classes":[]},{"id":323,"url":"https:\/\/reflexologie-shiatsu-nantes.fr\/index.php\/la-reflexologie\/","url_meta":{"origin":132,"position":1},"title":"Les r\u00e9flexologies","author":"Claire Cottais","date":"13 juillet 2017","format":false,"excerpt":"La r\u00e9flexologie sud-africaine, dite \u00ab\u00a0douce\u00a0\u00bb ou \u00ab\u00a0m\u00e9tamorphique\u00a0\u00bb La\u00a0r\u00e9flexologie\u00a0sud-africaine est\u00a0cr\u00e9\u00e9e par Chris Stormer dans les ann\u00e9es 80. Elle se d\u00e9marque par la qualit\u00e9 de finesse de son toucher particuli\u00e8rement doux et indolore. Aussi, elle agit notamment sur le champ \u00e9motionnel par le biais des syst\u00e8mes nerveux (central et autonome) et endocrinien\u2026","rel":"","context":"Article similaire","block_context":{"text":"Article similaire","link":""},"img":{"alt_text":"","src":"","width":0,"height":0},"classes":[]},{"id":98,"url":"https:\/\/reflexologie-shiatsu-nantes.fr\/index.php\/la-seance-de-shiatsu\/","url_meta":{"origin":132,"position":2},"title":"Votre s\u00e9ance","author":"Claire Cottais","date":"3 juillet 2017","format":false,"excerpt":"La s\u00e9ance de Shiatsu Un entretien pr\u00e9alable vise \u00e0 d\u00e9cider du soin ad\u00e9quat ax\u00e9 sur la demande de la personne et du 1er bilan \u00e9nerg\u00e9tique effectu\u00e9 durant la s\u00e9ance de Shiatsu.\u00a0Puis, le receveur s\u2019allonge au sol sur un tatami. Il est v\u00eatu d\u2019habits amples pour un soin de confort ou\u2026","rel":"","context":"Article similaire","block_context":{"text":"Article similaire","link":""},"img":{"alt_text":"","src":"","width":0,"height":0},"classes":[]},{"id":300,"url":"https:\/\/reflexologie-shiatsu-nantes.fr\/index.php\/amma\/","url_meta":{"origin":132,"position":3},"title":"Le Amma","author":"Claire Cottais","date":"11 juillet 2017","format":false,"excerpt":"Le Amma ou Shiatsu assis Le shiatsu assis est une variante du shiatsu japonais.\u00a0Le Amma se pratique habill\u00e9 sur une chaise ergonomique et s\u2019articule autour de pressions successives sur le cr\u00e2ne, la nuque, le dos, les hanches, les bras et les mains ainsi que des \u00e9tirements doux.Il n\u2019a pas de\u2026","rel":"","context":"Article similaire","block_context":{"text":"Article similaire","link":""},"img":{"alt_text":"","src":"https:\/\/i0.wp.com\/reflexologie-shiatsu-nantes.fr\/wp-content\/uploads\/2017\/07\/cropped-shiatsu-assis-nantes-1-768x337.jpg?resize=350%2C200","width":350,"height":200,"srcset":"https:\/\/i0.wp.com\/reflexologie-shiatsu-nantes.fr\/wp-content\/uploads\/2017\/07\/cropped-shiatsu-assis-nantes-1-768x337.jpg?resize=350%2C200 1x, https:\/\/i0.wp.com\/reflexologie-shiatsu-nantes.fr\/wp-content\/uploads\/2017\/07\/cropped-shiatsu-assis-nantes-1-768x337.jpg?resize=525%2C300 1.5x, https:\/\/i0.wp.com\/reflexologie-shiatsu-nantes.fr\/wp-content\/uploads\/2017\/07\/cropped-shiatsu-assis-nantes-1-768x337.jpg?resize=700%2C400 2x"},"classes":[]},{"id":100,"url":"https:\/\/reflexologie-shiatsu-nantes.fr\/index.php\/origines-bases-theoriques\/","url_meta":{"origin":132,"position":4},"title":"Origines | Pr\u00e9sentation","author":"Claire Cottais","date":"3 juillet 2017","format":false,"excerpt":"Les origines | Pr\u00e9sentation du Shiatsu Le Shiatsu est une technique manuelle japonaise qui vise \u00e0 \u00e9quilibrer les flux \u00e9nerg\u00e9tiques dans le corps pour pr\u00e9server et maintenir l\u2019\u00e9tat de sant\u00e9. Il signifie litt\u00e9ralement \u00ab\u00a0pression des doigts\u00a0\u00bb.\u00a0Cet art traditionnel s\u2019ancre dans les fondements de la M\u00e9decine Traditionnelle Chinoise et la philosophie\u2026","rel":"","context":"Article similaire","block_context":{"text":"Article similaire","link":""},"img":{"alt_text":"","src":"https:\/\/i0.wp.com\/reflexologie-shiatsu-nantes.fr\/wp-content\/uploads\/2017\/07\/shiatsu-nantes-768x509.jpg?resize=350%2C200","width":350,"height":200,"srcset":"https:\/\/i0.wp.com\/reflexologie-shiatsu-nantes.fr\/wp-content\/uploads\/2017\/07\/shiatsu-nantes-768x509.jpg?resize=350%2C200 1x, https:\/\/i0.wp.com\/reflexologie-shiatsu-nantes.fr\/wp-content\/uploads\/2017\/07\/shiatsu-nantes-768x509.jpg?resize=525%2C300 1.5x, https:\/\/i0.wp.com\/reflexologie-shiatsu-nantes.fr\/wp-content\/uploads\/2017\/07\/shiatsu-nantes-768x509.jpg?resize=700%2C400 2x"},"classes":[]},{"id":473,"url":"https:\/\/reflexologie-shiatsu-nantes.fr\/index.php\/origines-presentation\/","url_meta":{"origin":132,"position":5},"title":"Origines | Pr\u00e9sentation","author":"MICHEL SEVIN","date":"11 septembre 2019","format":false,"excerpt":"Les origines du Kobido Le Kobido prend sa source au milieu du 15 \u00e8me si\u00e8cle au Japon.A l\u2019\u00e9poque, la forme existante de massage est l'Anma. Une longue comp\u00e9tition a motiv\u00e9 l\u2019int\u00e9r\u00eat de deux des meilleurs ma\u00eetres dans cet art. Ils se sont notamment affront\u00e9s dans la pratique des soins du\u2026","rel":"","context":"Article similaire","block_context":{"text":"Article similaire","link":""},"img":{"alt_text":"","src":"","width":0,"height":0},"classes":[]}],"_links":{"self":[{"href":"https:\/\/reflexologie-shiatsu-nantes.fr\/index.php\/wp-json\/wp\/v2\/pages\/132"}],"collection":[{"href":"https:\/\/reflexologie-shiatsu-nantes.fr\/index.php\/wp-json\/wp\/v2\/pages"}],"about":[{"href":"https:\/\/reflexologie-shiatsu-nantes.fr\/index.php\/wp-json\/wp\/v2\/types\/page"}],"author":[{"embeddable":true,"href":"https:\/\/reflexologie-shiatsu-nantes.fr\/index.php\/wp-json\/wp\/v2\/users\/2"}],"replies":[{"embeddable":true,"href":"https:\/\/reflexologie-shiatsu-nantes.fr\/index.php\/wp-json\/wp\/v2\/comments?post=132"}],"version-history":[{"count":8,"href":"https:\/\/reflexologie-shiatsu-nantes.fr\/index.php\/wp-json\/wp\/v2\/pages\/132\/revisions"}],"predecessor-version":[{"id":428,"href":"https:\/\/reflexologie-shiatsu-nantes.fr\/index.php\/wp-json\/wp\/v2\/pages\/132\/revisions\/428"}],"wp:attachment":[{"href":"https:\/\/reflexologie-shiatsu-nantes.fr\/index.php\/wp-json\/wp\/v2\/media?parent=132"}],"curies":[{"name":"wp","href":"https:\/\/api.w.org\/{rel}","templated":true}]}}