{"id":113,"date":"2017-07-03T16:21:15","date_gmt":"2017-07-03T14:21:15","guid":{"rendered":"http:\/\/reflexologie-shiatsu-nantes.fr\/?page_id=113"},"modified":"2024-02-16T17:56:32","modified_gmt":"2024-02-16T16:56:32","slug":"soins-tarifs","status":"publish","type":"page","link":"https:\/\/reflexologie-shiatsu-nantes.fr\/index.php\/soins-tarifs\/","title":{"rendered":"Tarifs"},"content":{"rendered":"<div id=\"dslc-theme-content\"><div id=\"dslc-theme-content-inner\">\t\t<div data-elementor-type=\"wp-page\" data-elementor-id=\"113\" class=\"elementor elementor-113\">\n\t\t\t\t\t\t\t\t\t<section class=\"elementor-section elementor-top-section elementor-element elementor-element-rlzqzly elementor-section-boxed elementor-section-height-default elementor-section-height-default\" data-id=\"rlzqzly\" data-element_type=\"section\">\n\t\t\t\t\t\t<div class=\"elementor-container elementor-column-gap-default\">\n\t\t\t\t\t<div class=\"elementor-column elementor-col-100 elementor-top-column elementor-element elementor-element-nqouscx\" data-id=\"nqouscx\" data-element_type=\"column\">\n\t\t\t<div class=\"elementor-widget-wrap elementor-element-populated\">\n\t\t\t\t\t\t\t\t<div class=\"elementor-element elementor-element-4px3lg8 elementor-widget elementor-widget-heading\" data-id=\"4px3lg8\" data-element_type=\"widget\" data-widget_type=\"heading.default\">\n\t\t\t\t<div class=\"elementor-widget-container\">\n\t\t\t<h3 class=\"elementor-heading-title elementor-size-default\">Les diff\u00e9rents soins et tarifs en vigueur au 15\/02\/2024<\/h3>\t\t<\/div>\n\t\t\t\t<\/div>\n\t\t\t\t<section class=\"elementor-section elementor-inner-section elementor-element elementor-element-cuk752s elementor-section-boxed elementor-section-height-default elementor-section-height-default\" data-id=\"cuk752s\" data-element_type=\"section\">\n\t\t\t\t\t\t<div class=\"elementor-container elementor-column-gap-default\">\n\t\t\t\t\t<div class=\"elementor-column elementor-col-50 elementor-inner-column elementor-element elementor-element-2s926z9\" data-id=\"2s926z9\" data-element_type=\"column\">\n\t\t\t<div class=\"elementor-widget-wrap elementor-element-populated\">\n\t\t\t\t\t\t\t\t<div class=\"elementor-element elementor-element-dtvhidk elementor-widget elementor-widget-text-editor\" data-id=\"dtvhidk\" data-element_type=\"widget\" data-widget_type=\"text-editor.default\">\n\t\t\t\t<div class=\"elementor-widget-container\">\n\t\t\t\t\t\t\t<p><strong>Soins de R\u00e9flexologie,\u00a0<\/strong><span style=\"font-weight: 600;\">Shiatsu<br \/>ou\u00a0<\/span><strong>Shiatsu assis (Amma) :<\/strong><br \/><br \/><\/p><p>Une heure : 70 \u20ac<br \/><br \/><\/p><p>30 minutes : 40 \u20ac<\/p>\t\t\t\t\t\t<\/div>\n\t\t\t\t<\/div>\n\t\t\t\t\t<\/div>\n\t\t<\/div>\n\t\t\t\t<div class=\"elementor-column elementor-col-50 elementor-inner-column elementor-element elementor-element-e4af2cc\" data-id=\"e4af2cc\" data-element_type=\"column\">\n\t\t\t<div class=\"elementor-widget-wrap elementor-element-populated\">\n\t\t\t\t\t\t\t\t<div class=\"elementor-element elementor-element-ebee154 elementor-widget elementor-widget-text-editor\" data-id=\"ebee154\" data-element_type=\"widget\" data-widget_type=\"text-editor.default\">\n\t\t\t\t<div class=\"elementor-widget-container\">\n\t\t\t\t\t\t\t<p style=\"text-align: center;\"><strong>Soins de Kobido :<\/strong><\/p><p style=\"text-align: center;\">1 soin\u00a0 \u00a0:\u00a0 \u00a0 80\u20ac<\/p><p style=\"text-align: center;\">3 soins\u00a0 \u00a0:\u00a0 \u00a0 230\u20ac<\/p><p style=\"text-align: center;\">5 soins\u00a0 \u00a0 :\u00a0 \u00a0 380\u20ac<\/p><p style=\"text-align: center;\">10 soins\u00a0 \u00a0:\u00a0 \u00a0 720\u20ac<\/p>\t\t\t\t\t\t<\/div>\n\t\t\t\t<\/div>\n\t\t\t\t\t<\/div>\n\t\t<\/div>\n\t\t\t\t\t\t\t<\/div>\n\t\t<\/section>\n\t\t\t\t<section class=\"elementor-section elementor-inner-section elementor-element elementor-element-bklvexa elementor-section-boxed elementor-section-height-default elementor-section-height-default\" data-id=\"bklvexa\" data-element_type=\"section\">\n\t\t\t\t\t\t<div class=\"elementor-container elementor-column-gap-default\">\n\t\t\t\t\t<div class=\"elementor-column elementor-col-50 elementor-inner-column elementor-element elementor-element-azirwkc\" data-id=\"azirwkc\" data-element_type=\"column\">\n\t\t\t<div class=\"elementor-widget-wrap elementor-element-populated\">\n\t\t\t\t\t\t\t\t<div class=\"elementor-element elementor-element-e5ojfeh elementor-widget elementor-widget-text-editor\" data-id=\"e5ojfeh\" data-element_type=\"widget\" data-widget_type=\"text-editor.default\">\n\t\t\t\t<div class=\"elementor-widget-container\">\n\t\t\t\t\t\t\t<p><strong>Shiatsu<\/strong> assis en <em>entreprise<\/em> \u00e0 <strong>Nantes<\/strong>\u00a0: me consulter pour un devis personnalis\u00e9.<br \/>Je peux aussi me d\u00e9placer \u00e0 domicile pour les personnes \u00e0 mobilit\u00e9 r\u00e9duite (r\u00e9sidences de services, maisons de retraite\u2026)<\/p><p>Paiement effectu\u00e9 par ch\u00e8que ou esp\u00e8ces (je ne prends pas la carte bancaire).<\/p><p>Certaines mutuelles prennent en charge des s\u00e9ances en <strong>R\u00e9flexologie<\/strong> et <strong>Shiatsu<\/strong> comme la Mutuelle Dijonnaise http:\/\/www.mutuelle-dijonnaise.fr\/ : n\u2019h\u00e9sitez pas \u00e0 vous renseigner aupr\u00e8s de votre mutuelle.<\/p><p>Sauf cas de force majeure, toute s\u00e9ance annul\u00e9e ou report\u00e9e 48h \u00e0 l\u2019avance vous sera factur\u00e9e.<\/p>\t\t\t\t\t\t<\/div>\n\t\t\t\t<\/div>\n\t\t\t\t\t<\/div>\n\t\t<\/div>\n\t\t\t\t<div class=\"elementor-column elementor-col-50 elementor-inner-column elementor-element elementor-element-8och7ue\" data-id=\"8och7ue\" data-element_type=\"column\">\n\t\t\t<div class=\"elementor-widget-wrap elementor-element-populated\">\n\t\t\t\t\t\t\t\t<div class=\"elementor-element elementor-element-tfz3bp7 elementor-widget elementor-widget-image\" data-id=\"tfz3bp7\" data-element_type=\"widget\" data-widget_type=\"image.default\">\n\t\t\t\t<div class=\"elementor-widget-container\">\n\t\t\t\t\t\t\t\t\t\t\t\t\t\t\t<img decoding=\"async\" src=\"https:\/\/i0.wp.com\/reflexologie-shiatsu-nantes.fr\/wp-content\/uploads\/2017\/07\/2520560829_b95441aaa3_o.jpg?fit=300%2C400&amp;ssl=1\" title=\"2520560829_b95441aaa3_o\" alt=\"Creative Commons : https:\/\/www.flickr.com\/photos\/miikas\/\" loading=\"lazy\" \/>\t\t\t\t\t\t\t\t\t\t\t\t\t\t\t<\/div>\n\t\t\t\t<\/div>\n\t\t\t\t\t<\/div>\n\t\t<\/div>\n\t\t\t\t\t\t\t<\/div>\n\t\t<\/section>\n\t\t\t\t\t<\/div>\n\t\t<\/div>\n\t\t\t\t\t\t\t<\/div>\n\t\t<\/section>\n\t\t\t\t\t\t\t<\/div>\n\t\t<\/div><\/div>","protected":false},"excerpt":{"rendered":"<p>Les diff\u00e9rents soins et tarifs en vigueur au 15\/02\/2024 Soins de R\u00e9flexologie,\u00a0Shiatsuou\u00a0Shiatsu assis (Amma) : Une heure : 70 \u20ac 30 minutes : 40 \u20ac Soins de Kobido : 1 soin\u00a0 \u00a0:\u00a0 \u00a0 80\u20ac 3 soins\u00a0 \u00a0:\u00a0 \u00a0 230\u20ac 5 soins\u00a0 \u00a0 :\u00a0 \u00a0 380\u20ac 10 soins\u00a0 \u00a0:\u00a0 \u00a0 720\u20ac Shiatsu assis en entreprise \u00e0<a class=\"moretag\" href=\"https:\/\/reflexologie-shiatsu-nantes.fr\/index.php\/soins-tarifs\/\"><span class=\"screen-reader-text\">En savoir plus surTarifs<\/span>[&#8230;]<\/a><\/p>\n","protected":false},"author":2,"featured_media":0,"parent":0,"menu_order":0,"comment_status":"closed","ping_status":"closed","template":"","meta":{"jetpack_post_was_ever_published":false,"footnotes":""},"yoast_head":"<!-- This site is optimized with the Yoast SEO plugin v21.7 - https:\/\/yoast.com\/wordpress\/plugins\/seo\/ -->\n<title>Tarifs pour mes soins | R\u00e9flexologie et Shiatsu \u00e0 Nantes<\/title>\n<meta name=\"description\" content=\"D\u00e9couvrez mes soins propos\u00e9s (shiatsu, r\u00e9flexologie, do in, etc.) et les diff\u00e9rents tarifs appliqu\u00e9s dans mon cabinet \u00e0 Nantes.\" \/>\n<meta name=\"robots\" content=\"index, follow, max-snippet:-1, max-image-preview:large, max-video-preview:-1\" \/>\n<link rel=\"canonical\" href=\"https:\/\/reflexologie-shiatsu-nantes.fr\/index.php\/soins-tarifs\/\" \/>\n<meta property=\"og:locale\" content=\"fr_FR\" \/>\n<meta property=\"og:type\" content=\"article\" \/>\n<meta property=\"og:title\" content=\"Tarifs pour mes soins | R\u00e9flexologie et Shiatsu \u00e0 Nantes\" \/>\n<meta property=\"og:description\" content=\"D\u00e9couvrez mes soins propos\u00e9s (shiatsu, r\u00e9flexologie, do in, etc.) et les diff\u00e9rents tarifs appliqu\u00e9s dans mon cabinet \u00e0 Nantes.\" \/>\n<meta property=\"og:url\" content=\"https:\/\/reflexologie-shiatsu-nantes.fr\/index.php\/soins-tarifs\/\" \/>\n<meta property=\"og:site_name\" content=\"R\u00e9flexologie, Shiatsu et Kobido \u00e0 Nantes\" \/>\n<meta property=\"article:modified_time\" content=\"2024-02-16T16:56:32+00:00\" \/>\n<meta property=\"og:image\" content=\"https:\/\/reflexologie-shiatsu-nantes.fr\/wp-content\/uploads\/elementor\/thumbs\/2520560829_b95441aaa3_o-nba389tb4xi5emjdk0t951jt0lbm1jy9ela0qlaaw0.jpg\" \/>\n<meta name=\"twitter:card\" content=\"summary_large_image\" \/>\n<meta name=\"twitter:label1\" content=\"Dur\u00e9e de lecture estim\u00e9e\" \/>\n\t<meta name=\"twitter:data1\" content=\"1 minute\" \/>\n<script type=\"application\/ld+json\" class=\"yoast-schema-graph\">{\"@context\":\"https:\/\/schema.org\",\"@graph\":[{\"@type\":\"WebPage\",\"@id\":\"https:\/\/reflexologie-shiatsu-nantes.fr\/index.php\/soins-tarifs\/\",\"url\":\"https:\/\/reflexologie-shiatsu-nantes.fr\/index.php\/soins-tarifs\/\",\"name\":\"Tarifs pour mes soins | R\u00e9flexologie et Shiatsu \u00e0 Nantes\",\"isPartOf\":{\"@id\":\"https:\/\/reflexologie-shiatsu-nantes.fr\/#website\"},\"datePublished\":\"2017-07-03T14:21:15+00:00\",\"dateModified\":\"2024-02-16T16:56:32+00:00\",\"description\":\"D\u00e9couvrez mes soins propos\u00e9s (shiatsu, r\u00e9flexologie, do in, etc.) et les diff\u00e9rents tarifs appliqu\u00e9s dans mon cabinet \u00e0 Nantes.\",\"breadcrumb\":{\"@id\":\"https:\/\/reflexologie-shiatsu-nantes.fr\/index.php\/soins-tarifs\/#breadcrumb\"},\"inLanguage\":\"fr-FR\",\"potentialAction\":[{\"@type\":\"ReadAction\",\"target\":[\"https:\/\/reflexologie-shiatsu-nantes.fr\/index.php\/soins-tarifs\/\"]}]},{\"@type\":\"BreadcrumbList\",\"@id\":\"https:\/\/reflexologie-shiatsu-nantes.fr\/index.php\/soins-tarifs\/#breadcrumb\",\"itemListElement\":[{\"@type\":\"ListItem\",\"position\":1,\"name\":\"Accueil\",\"item\":\"https:\/\/reflexologie-shiatsu-nantes.fr\/\"},{\"@type\":\"ListItem\",\"position\":2,\"name\":\"Tarifs\"}]},{\"@type\":\"WebSite\",\"@id\":\"https:\/\/reflexologie-shiatsu-nantes.fr\/#website\",\"url\":\"https:\/\/reflexologie-shiatsu-nantes.fr\/\",\"name\":\"R\u00e9flexologie, Shiatsu et Kobido \u00e0 Nantes\",\"description\":\"Bienvenue\",\"potentialAction\":[{\"@type\":\"SearchAction\",\"target\":{\"@type\":\"EntryPoint\",\"urlTemplate\":\"https:\/\/reflexologie-shiatsu-nantes.fr\/?s={search_term_string}\"},\"query-input\":\"required name=search_term_string\"}],\"inLanguage\":\"fr-FR\"}]}<\/script>\n<!-- \/ Yoast SEO plugin. -->","yoast_head_json":{"title":"Tarifs pour mes soins | R\u00e9flexologie et Shiatsu \u00e0 Nantes","description":"D\u00e9couvrez mes soins propos\u00e9s (shiatsu, r\u00e9flexologie, do in, etc.) et les diff\u00e9rents tarifs appliqu\u00e9s dans mon cabinet \u00e0 Nantes.","robots":{"index":"index","follow":"follow","max-snippet":"max-snippet:-1","max-image-preview":"max-image-preview:large","max-video-preview":"max-video-preview:-1"},"canonical":"https:\/\/reflexologie-shiatsu-nantes.fr\/index.php\/soins-tarifs\/","og_locale":"fr_FR","og_type":"article","og_title":"Tarifs pour mes soins | R\u00e9flexologie et Shiatsu \u00e0 Nantes","og_description":"D\u00e9couvrez mes soins propos\u00e9s (shiatsu, r\u00e9flexologie, do in, etc.) et les diff\u00e9rents tarifs appliqu\u00e9s dans mon cabinet \u00e0 Nantes.","og_url":"https:\/\/reflexologie-shiatsu-nantes.fr\/index.php\/soins-tarifs\/","og_site_name":"R\u00e9flexologie, Shiatsu et Kobido \u00e0 Nantes","article_modified_time":"2024-02-16T16:56:32+00:00","og_image":[{"url":"https:\/\/reflexologie-shiatsu-nantes.fr\/wp-content\/uploads\/elementor\/thumbs\/2520560829_b95441aaa3_o-nba389tb4xi5emjdk0t951jt0lbm1jy9ela0qlaaw0.jpg"}],"twitter_card":"summary_large_image","twitter_misc":{"Dur\u00e9e de lecture estim\u00e9e":"1 minute"},"schema":{"@context":"https:\/\/schema.org","@graph":[{"@type":"WebPage","@id":"https:\/\/reflexologie-shiatsu-nantes.fr\/index.php\/soins-tarifs\/","url":"https:\/\/reflexologie-shiatsu-nantes.fr\/index.php\/soins-tarifs\/","name":"Tarifs pour mes soins | R\u00e9flexologie et Shiatsu \u00e0 Nantes","isPartOf":{"@id":"https:\/\/reflexologie-shiatsu-nantes.fr\/#website"},"datePublished":"2017-07-03T14:21:15+00:00","dateModified":"2024-02-16T16:56:32+00:00","description":"D\u00e9couvrez mes soins propos\u00e9s (shiatsu, r\u00e9flexologie, do in, etc.) et les diff\u00e9rents tarifs appliqu\u00e9s dans mon cabinet \u00e0 Nantes.","breadcrumb":{"@id":"https:\/\/reflexologie-shiatsu-nantes.fr\/index.php\/soins-tarifs\/#breadcrumb"},"inLanguage":"fr-FR","potentialAction":[{"@type":"ReadAction","target":["https:\/\/reflexologie-shiatsu-nantes.fr\/index.php\/soins-tarifs\/"]}]},{"@type":"BreadcrumbList","@id":"https:\/\/reflexologie-shiatsu-nantes.fr\/index.php\/soins-tarifs\/#breadcrumb","itemListElement":[{"@type":"ListItem","position":1,"name":"Accueil","item":"https:\/\/reflexologie-shiatsu-nantes.fr\/"},{"@type":"ListItem","position":2,"name":"Tarifs"}]},{"@type":"WebSite","@id":"https:\/\/reflexologie-shiatsu-nantes.fr\/#website","url":"https:\/\/reflexologie-shiatsu-nantes.fr\/","name":"R\u00e9flexologie, Shiatsu et Kobido \u00e0 Nantes","description":"Bienvenue","potentialAction":[{"@type":"SearchAction","target":{"@type":"EntryPoint","urlTemplate":"https:\/\/reflexologie-shiatsu-nantes.fr\/?s={search_term_string}"},"query-input":"required name=search_term_string"}],"inLanguage":"fr-FR"}]}},"jetpack_sharing_enabled":true,"jetpack_shortlink":"https:\/\/wp.me\/P8fx45-1P","jetpack-related-posts":[{"id":70,"url":"https:\/\/reflexologie-shiatsu-nantes.fr\/index.php\/shiatsu\/","url_meta":{"origin":113,"position":0},"title":"Shiatsu","author":"Claire Cottais","date":"3 juillet 2017","format":false,"excerpt":"Ici, vous trouverez plusieurs \u00e9l\u00e9ments pour en savoir plus sur les soins de shiatsuLes origines et la pr\u00e9sentation de cette pratiqueLe amma (shiatsu assis)Le d\u00e9roulement de votre s\u00e9ance de shiatsu","rel":"","context":"Article similaire","block_context":{"text":"Article similaire","link":""},"img":{"alt_text":"","src":"","width":0,"height":0},"classes":[]},{"id":68,"url":"https:\/\/reflexologie-shiatsu-nantes.fr\/index.php\/soins-en-reflexologie\/","url_meta":{"origin":113,"position":1},"title":"R\u00e9flexologie","author":"Claire Cottais","date":"3 juillet 2017","format":false,"excerpt":"Les soins en r\u00e9flexologieIci, vous trouverez plusieurs \u00e9l\u00e9ments pour en savoir plus sur les soins en\u00a0r\u00e9flexologie.Les origines et la pr\u00e9sentation de cette pratiqueLes diff\u00e9rentes r\u00e9flexologies pratiqu\u00e9es dans mon cabinet \u00e0 NantesLe d\u00e9roulement de votre s\u00e9ance en r\u00e9flexologie.","rel":"","context":"Article similaire","block_context":{"text":"Article similaire","link":""},"img":{"alt_text":"","src":"","width":0,"height":0},"classes":[]},{"id":473,"url":"https:\/\/reflexologie-shiatsu-nantes.fr\/index.php\/origines-presentation\/","url_meta":{"origin":113,"position":2},"title":"Origines | Pr\u00e9sentation","author":"MICHEL SEVIN","date":"11 septembre 2019","format":false,"excerpt":"Les origines du Kobido Le Kobido prend sa source au milieu du 15 \u00e8me si\u00e8cle au Japon.A l\u2019\u00e9poque, la forme existante de massage est l'Anma. Une longue comp\u00e9tition a motiv\u00e9 l\u2019int\u00e9r\u00eat de deux des meilleurs ma\u00eetres dans cet art. Ils se sont notamment affront\u00e9s dans la pratique des soins du\u2026","rel":"","context":"Article similaire","block_context":{"text":"Article similaire","link":""},"img":{"alt_text":"","src":"","width":0,"height":0},"classes":[]},{"id":480,"url":"https:\/\/reflexologie-shiatsu-nantes.fr\/index.php\/le-kobido\/","url_meta":{"origin":113,"position":3},"title":"Le Kobido","author":"MICHEL SEVIN","date":"11 septembre 2019","format":false,"excerpt":"Le Kobido Kobido est le nom d\u2019une maison (compagnie) et d\u2019une lign\u00e9e japonaise proposant un des soins du visage les plus sophistiqu\u00e9s. Il est constitu\u00e9 de centaines de techniques regroup\u00e9es en 48 cat\u00e9gories qui ont chacune leurs sp\u00e9cificit\u00e9s en fonction de la partie du visage trait\u00e9e: lissage, percussion, vibration, p\u00e9trissage\u2026\u2026","rel":"","context":"Article similaire","block_context":{"text":"Article similaire","link":""},"img":{"alt_text":"","src":"","width":0,"height":0},"classes":[]},{"id":300,"url":"https:\/\/reflexologie-shiatsu-nantes.fr\/index.php\/amma\/","url_meta":{"origin":113,"position":4},"title":"Le Amma","author":"Claire Cottais","date":"11 juillet 2017","format":false,"excerpt":"Le Amma ou Shiatsu assis Le shiatsu assis est une variante du shiatsu japonais.\u00a0Le Amma se pratique habill\u00e9 sur une chaise ergonomique et s\u2019articule autour de pressions successives sur le cr\u00e2ne, la nuque, le dos, les hanches, les bras et les mains ainsi que des \u00e9tirements doux.Il n\u2019a pas de\u2026","rel":"","context":"Article similaire","block_context":{"text":"Article similaire","link":""},"img":{"alt_text":"","src":"https:\/\/i0.wp.com\/reflexologie-shiatsu-nantes.fr\/wp-content\/uploads\/2017\/07\/cropped-shiatsu-assis-nantes-1-768x337.jpg?resize=350%2C200","width":350,"height":200,"srcset":"https:\/\/i0.wp.com\/reflexologie-shiatsu-nantes.fr\/wp-content\/uploads\/2017\/07\/cropped-shiatsu-assis-nantes-1-768x337.jpg?resize=350%2C200 1x, https:\/\/i0.wp.com\/reflexologie-shiatsu-nantes.fr\/wp-content\/uploads\/2017\/07\/cropped-shiatsu-assis-nantes-1-768x337.jpg?resize=525%2C300 1.5x, https:\/\/i0.wp.com\/reflexologie-shiatsu-nantes.fr\/wp-content\/uploads\/2017\/07\/cropped-shiatsu-assis-nantes-1-768x337.jpg?resize=700%2C400 2x"},"classes":[]},{"id":18,"url":"https:\/\/reflexologie-shiatsu-nantes.fr\/index.php\/contact\/","url_meta":{"origin":113,"position":5},"title":"Contact | Tarifs","author":"admin6897","date":"31 d\u00e9cembre 2016","format":false,"excerpt":"\u00a0 \u00a0","rel":"","context":"Article similaire","block_context":{"text":"Article similaire","link":""},"img":{"alt_text":"","src":"","width":0,"height":0},"classes":[]}],"_links":{"self":[{"href":"https:\/\/reflexologie-shiatsu-nantes.fr\/index.php\/wp-json\/wp\/v2\/pages\/113"}],"collection":[{"href":"https:\/\/reflexologie-shiatsu-nantes.fr\/index.php\/wp-json\/wp\/v2\/pages"}],"about":[{"href":"https:\/\/reflexologie-shiatsu-nantes.fr\/index.php\/wp-json\/wp\/v2\/types\/page"}],"author":[{"embeddable":true,"href":"https:\/\/reflexologie-shiatsu-nantes.fr\/index.php\/wp-json\/wp\/v2\/users\/2"}],"replies":[{"embeddable":true,"href":"https:\/\/reflexologie-shiatsu-nantes.fr\/index.php\/wp-json\/wp\/v2\/comments?post=113"}],"version-history":[{"count":24,"href":"https:\/\/reflexologie-shiatsu-nantes.fr\/index.php\/wp-json\/wp\/v2\/pages\/113\/revisions"}],"predecessor-version":[{"id":823,"href":"https:\/\/reflexologie-shiatsu-nantes.fr\/index.php\/wp-json\/wp\/v2\/pages\/113\/revisions\/823"}],"wp:attachment":[{"href":"https:\/\/reflexologie-shiatsu-nantes.fr\/index.php\/wp-json\/wp\/v2\/media?parent=113"}],"curies":[{"name":"wp","href":"https:\/\/api.w.org\/{rel}","templated":true}]}}