{"id":110,"date":"2017-07-03T16:20:07","date_gmt":"2017-07-03T14:20:07","guid":{"rendered":"http:\/\/reflexologie-shiatsu-nantes.fr\/?page_id=110"},"modified":"2020-12-23T23:03:01","modified_gmt":"2020-12-23T22:03:01","slug":"carte-cadeau","status":"publish","type":"page","link":"https:\/\/reflexologie-shiatsu-nantes.fr\/index.php\/carte-cadeau\/","title":{"rendered":"Carte cadeau"},"content":{"rendered":"<div id=\"dslc-theme-content\"><div id=\"dslc-theme-content-inner\">\t\t<div data-elementor-type=\"wp-page\" data-elementor-id=\"110\" class=\"elementor elementor-110\">\n\t\t\t\t\t\t\t\t\t<section class=\"elementor-section elementor-top-section elementor-element elementor-element-yjncisg elementor-section-boxed elementor-section-height-default elementor-section-height-default\" data-id=\"yjncisg\" data-element_type=\"section\">\n\t\t\t\t\t\t<div class=\"elementor-container elementor-column-gap-default\">\n\t\t\t\t\t<div class=\"elementor-column elementor-col-100 elementor-top-column elementor-element elementor-element-znbljvt\" data-id=\"znbljvt\" data-element_type=\"column\">\n\t\t\t<div class=\"elementor-widget-wrap elementor-element-populated\">\n\t\t\t\t\t\t\t\t<div class=\"elementor-element elementor-element-1yuuoas elementor-widget elementor-widget-heading\" data-id=\"1yuuoas\" data-element_type=\"widget\" data-widget_type=\"heading.default\">\n\t\t\t\t<div class=\"elementor-widget-container\">\n\t\t\t<h3 class=\"elementor-heading-title elementor-size-default\">Un cadeau pour vous ou un de vos proches<\/h3>\t\t<\/div>\n\t\t\t\t<\/div>\n\t\t\t\t<section class=\"elementor-section elementor-inner-section elementor-element elementor-element-tcqezgq elementor-section-boxed elementor-section-height-default elementor-section-height-default\" data-id=\"tcqezgq\" data-element_type=\"section\">\n\t\t\t\t\t\t<div class=\"elementor-container elementor-column-gap-default\">\n\t\t\t\t\t<div class=\"elementor-column elementor-col-50 elementor-inner-column elementor-element elementor-element-b3nbywj\" data-id=\"b3nbywj\" data-element_type=\"column\">\n\t\t\t<div class=\"elementor-widget-wrap elementor-element-populated\">\n\t\t\t\t\t\t\t\t<div class=\"elementor-element elementor-element-ogqexqw elementor-widget elementor-widget-text-editor\" data-id=\"ogqexqw\" data-element_type=\"widget\" data-widget_type=\"text-editor.default\">\n\t\t\t\t<div class=\"elementor-widget-container\">\n\t\t\t\t\t\t\t<div>Offrir ou s\u2019offrir une parenth\u00e8se ressour\u00e7ante \u00e0 <strong>Nantes\u00a0<\/strong>gr\u00e2ce \u00e0 une <em>carte cadeau<\/em>\u00a0?\u00a0<\/div><div><span class=\"\">Un soin de <a href=\"http:\/\/reflexologie-shiatsu-nantes.fr\/index.php\/reflexologie\/\"><strong>R\u00e9flexologie<\/strong><\/a> ,\u00a0\u00a0<a href=\"http:\/\/reflexologie-shiatsu-nantes.fr\/index.php\/shiatsu\/\"><strong>Shiatsu<\/strong><\/a>\u00a0<\/span>ou <strong><a href=\"http:\/\/reflexologie-shiatsu-nantes.fr\/index.php\/kobido\/\">Kobido<\/a><\/strong> est une opportunit\u00e9 pour se <strong>d\u00e9tendre<\/strong>, d\u00e9poser un instant son quotidien et aussi prendre soin de soi tout en douceur.<\/div><div>\u00a0<\/div><div class=\"\"><span class=\"\">A r\u00e9ception de votre paiement, je vous envoie la <em>carte cadeau<\/em> <b class=\"\">valable 12 mois<\/b> par mail ou par courrier, \u00e0 votre convenance. Je peux \u00e9galement vous la remettre au cabinet, sur rendez-vous.<\/span><\/div>\t\t\t\t\t\t<\/div>\n\t\t\t\t<\/div>\n\t\t\t\t\t<\/div>\n\t\t<\/div>\n\t\t\t\t<div class=\"elementor-column elementor-col-50 elementor-inner-column elementor-element elementor-element-bok8i0l\" data-id=\"bok8i0l\" data-element_type=\"column\">\n\t\t\t<div class=\"elementor-widget-wrap elementor-element-populated\">\n\t\t\t\t\t\t\t\t<div class=\"elementor-element elementor-element-2hkhu8w elementor-widget elementor-widget-image\" data-id=\"2hkhu8w\" data-element_type=\"widget\" data-widget_type=\"image.default\">\n\t\t\t\t<div class=\"elementor-widget-container\">\n\t\t\t\t\t\t\t\t\t\t\t\t\t\t\t<img decoding=\"async\" src=\"https:\/\/i0.wp.com\/reflexologie-shiatsu-nantes.fr\/wp-content\/uploads\/2017\/07\/carte-cadeau-reflexologie-shiatsu-nantes.jpg?fit=450%2C300&amp;ssl=1\" title=\"carte-cadeau-reflexologie-shiatsu-nantes\" alt=\"carte-cadeau-reflexologie-shiatsu-nantes\" loading=\"lazy\" \/>\t\t\t\t\t\t\t\t\t\t\t\t\t\t\t<\/div>\n\t\t\t\t<\/div>\n\t\t\t\t\t<\/div>\n\t\t<\/div>\n\t\t\t\t\t\t\t<\/div>\n\t\t<\/section>\n\t\t\t\t<section class=\"elementor-section elementor-inner-section elementor-element elementor-element-ybbwaev elementor-section-boxed elementor-section-height-default elementor-section-height-default\" data-id=\"ybbwaev\" data-element_type=\"section\">\n\t\t\t\t\t\t<div class=\"elementor-container elementor-column-gap-default\">\n\t\t\t\t\t<div class=\"elementor-column elementor-col-50 elementor-inner-column elementor-element elementor-element-cxylp8s\" data-id=\"cxylp8s\" data-element_type=\"column\">\n\t\t\t<div class=\"elementor-widget-wrap elementor-element-populated\">\n\t\t\t\t\t\t\t\t<div class=\"elementor-element elementor-element-fyuqzju elementor-widget elementor-widget-text-editor\" data-id=\"fyuqzju\" data-element_type=\"widget\" data-widget_type=\"text-editor.default\">\n\t\t\t\t<div class=\"elementor-widget-container\">\n\t\t\t\t\t\t\t<div class=\"\"><span class=\"\">Pour toute information ou commande, je vous invite \u00e0 me contacter :<br \/><\/span><\/div><ul class=\"\"><li class=\"\"><span class=\"\">Par t\u00e9l\u00e9phone : 06 82 65 96 26 \u00a0<\/span><\/li><li class=\"\"><span class=\"\">Par mail : <a class=\"\" href=\"mailto:elodie.cottais@icloud.com\" target=\"_blank\" rel=\"noopener noreferrer\">elodie.cottais@icloud.com<\/a>\u00a0<\/span><\/li><\/ul><div class=\"\"><span class=\"\">Je vous conseille \u00e0 votre demande pour choisir une s\u00e9ance appropri\u00e9e.<\/span><\/div>\t\t\t\t\t\t<\/div>\n\t\t\t\t<\/div>\n\t\t\t\t\t<\/div>\n\t\t<\/div>\n\t\t\t\t<div class=\"elementor-column elementor-col-50 elementor-inner-column elementor-element elementor-element-elnodb1\" data-id=\"elnodb1\" data-element_type=\"column\">\n\t\t\t<div class=\"elementor-widget-wrap elementor-element-populated\">\n\t\t\t\t\t\t\t\t<div class=\"elementor-element elementor-element-q7e6azn elementor-widget elementor-widget-text-editor\" data-id=\"q7e6azn\" data-element_type=\"widget\" data-widget_type=\"text-editor.default\">\n\t\t\t\t<div class=\"elementor-widget-container\">\n\t\t\t\t\t\t\t<div class=\"\"><span class=\"\">Adressez-moi le r\u00e8glement :<\/span><\/div><div class=\"\"><span class=\"\">&#8211; soit par ch\u00e8que \u00e0 l\u2019ordre d\u2019Elodie Cottais-S\u00e9vin \u00e0 l\u2019adresse suivante :<\/span><\/div><ul><li><span class=\"\">Elodie Cottais-S\u00e9vin\u00a0<\/span><\/li><li><span class=\"\">21 rue Mond\u00e9sir\u00a0<\/span><\/li><li><span class=\"\">44000 <strong>Nantes<\/strong><\/span><\/li><\/ul><p>&#8211; soit par virement\u00a0<\/p>\t\t\t\t\t\t<\/div>\n\t\t\t\t<\/div>\n\t\t\t\t\t<\/div>\n\t\t<\/div>\n\t\t\t\t\t\t\t<\/div>\n\t\t<\/section>\n\t\t\t\t\t<\/div>\n\t\t<\/div>\n\t\t\t\t\t\t\t<\/div>\n\t\t<\/section>\n\t\t\t\t<section class=\"elementor-section elementor-top-section elementor-element elementor-element-0460b25 elementor-section-boxed elementor-section-height-default elementor-section-height-default\" data-id=\"0460b25\" data-element_type=\"section\">\n\t\t\t\t\t\t<div class=\"elementor-container elementor-column-gap-default\">\n\t\t\t\t\t<div class=\"elementor-column elementor-col-100 elementor-top-column elementor-element elementor-element-5b4ab27\" data-id=\"5b4ab27\" data-element_type=\"column\">\n\t\t\t<div class=\"elementor-widget-wrap elementor-element-populated\">\n\t\t\t\t\t\t\t\t<div class=\"elementor-element elementor-element-fbd9094 elementor-view-framed elementor-position-right elementor-shape-circle elementor-mobile-position-top elementor-vertical-align-top elementor-widget elementor-widget-icon-box\" data-id=\"fbd9094\" data-element_type=\"widget\" data-widget_type=\"icon-box.default\">\n\t\t\t\t<div class=\"elementor-widget-container\">\n\t\t\t\t\t<div class=\"elementor-icon-box-wrapper\">\n\t\t\t\t\t\t<div class=\"elementor-icon-box-icon\">\n\t\t\t\t<a href=\"https:\/\/reflexologie-shiatsu-nantes.fr\/wp-content\/uploads\/2020\/06\/RIB.pdf\" target=\"_blank\" class=\"elementor-icon elementor-animation-\" tabindex=\"-1\">\n\t\t\t\t<i aria-hidden=\"true\" class=\"far fa-file-pdf\"><\/i>\t\t\t\t<\/a>\n\t\t\t<\/div>\n\t\t\t\t\t\t<div class=\"elementor-icon-box-content\">\n\t\t\t\t<h6 class=\"elementor-icon-box-title\">\n\t\t\t\t\t<a href=\"https:\/\/reflexologie-shiatsu-nantes.fr\/wp-content\/uploads\/2020\/06\/RIB.pdf\" target=\"_blank\" >\n\t\t\t\t\t\tT\u00e9l\u00e9chargement de mon RIB en cliquant sur l'ic\u00f4ne ci-contre \t\t\t\t\t<\/a>\n\t\t\t\t<\/h6>\n\t\t\t\t\t\t\t<\/div>\n\t\t<\/div>\n\t\t\t\t<\/div>\n\t\t\t\t<\/div>\n\t\t\t\t\t<\/div>\n\t\t<\/div>\n\t\t\t\t\t\t\t<\/div>\n\t\t<\/section>\n\t\t\t\t\t\t\t<\/div>\n\t\t<\/div><\/div>","protected":false},"excerpt":{"rendered":"<p>Un cadeau pour vous ou un de vos proches Offrir ou s\u2019offrir une parenth\u00e8se ressour\u00e7ante \u00e0 Nantes\u00a0gr\u00e2ce \u00e0 une carte cadeau\u00a0?\u00a0Un soin de R\u00e9flexologie ,\u00a0\u00a0Shiatsu\u00a0ou Kobido est une opportunit\u00e9 pour se d\u00e9tendre, d\u00e9poser un instant son quotidien et aussi prendre soin de soi tout en douceur.\u00a0A r\u00e9ception de votre paiement, je vous envoie la carte<a class=\"moretag\" href=\"https:\/\/reflexologie-shiatsu-nantes.fr\/index.php\/carte-cadeau\/\"><span class=\"screen-reader-text\">En savoir plus surCarte cadeau<\/span>[&#8230;]<\/a><\/p>\n","protected":false},"author":2,"featured_media":0,"parent":0,"menu_order":0,"comment_status":"closed","ping_status":"closed","template":"","meta":{"jetpack_post_was_ever_published":false,"footnotes":""},"yoast_head":"<!-- This site is optimized with the Yoast SEO plugin v21.7 - https:\/\/yoast.com\/wordpress\/plugins\/seo\/ -->\n<title>Votre carte cadeau | Shiatsu et R\u00e9flexologie \u00e0 Nantes<\/title>\n<meta name=\"description\" content=\"Offrez une carte cadeau \u00e0 un de vos proches pour qu&#039;il profite d&#039;un soin relaxant le temps d&#039;un moment au cabinet de r\u00e9flexologie et shiatsu.\" \/>\n<meta name=\"robots\" content=\"index, follow, max-snippet:-1, max-image-preview:large, max-video-preview:-1\" \/>\n<link rel=\"canonical\" href=\"https:\/\/reflexologie-shiatsu-nantes.fr\/index.php\/carte-cadeau\/\" \/>\n<meta property=\"og:locale\" content=\"fr_FR\" \/>\n<meta property=\"og:type\" content=\"article\" \/>\n<meta property=\"og:title\" content=\"Votre carte cadeau | Shiatsu et R\u00e9flexologie \u00e0 Nantes\" \/>\n<meta property=\"og:description\" content=\"Offrez une carte cadeau \u00e0 un de vos proches pour qu&#039;il profite d&#039;un soin relaxant le temps d&#039;un moment au cabinet de r\u00e9flexologie et shiatsu.\" \/>\n<meta property=\"og:url\" content=\"https:\/\/reflexologie-shiatsu-nantes.fr\/index.php\/carte-cadeau\/\" \/>\n<meta property=\"og:site_name\" content=\"R\u00e9flexologie, Shiatsu et Kobido \u00e0 Nantes\" \/>\n<meta property=\"article:modified_time\" content=\"2020-12-23T22:03:01+00:00\" \/>\n<meta property=\"og:image\" content=\"https:\/\/reflexologie-shiatsu-nantes.fr\/wp-content\/uploads\/elementor\/thumbs\/carte-cadeau-reflexologie-shiatsu-nantes-nb9lg1yq118lxjdjrguooy9xu32h437ids5fjjxzco.jpg\" \/>\n<meta name=\"twitter:card\" content=\"summary_large_image\" \/>\n<meta name=\"twitter:label1\" content=\"Dur\u00e9e de lecture estim\u00e9e\" \/>\n\t<meta name=\"twitter:data1\" content=\"1 minute\" \/>\n<script type=\"application\/ld+json\" class=\"yoast-schema-graph\">{\"@context\":\"https:\/\/schema.org\",\"@graph\":[{\"@type\":\"WebPage\",\"@id\":\"https:\/\/reflexologie-shiatsu-nantes.fr\/index.php\/carte-cadeau\/\",\"url\":\"https:\/\/reflexologie-shiatsu-nantes.fr\/index.php\/carte-cadeau\/\",\"name\":\"Votre carte cadeau | Shiatsu et R\u00e9flexologie \u00e0 Nantes\",\"isPartOf\":{\"@id\":\"https:\/\/reflexologie-shiatsu-nantes.fr\/#website\"},\"datePublished\":\"2017-07-03T14:20:07+00:00\",\"dateModified\":\"2020-12-23T22:03:01+00:00\",\"description\":\"Offrez une carte cadeau \u00e0 un de vos proches pour qu'il profite d'un soin relaxant le temps d'un moment au cabinet de r\u00e9flexologie et shiatsu.\",\"breadcrumb\":{\"@id\":\"https:\/\/reflexologie-shiatsu-nantes.fr\/index.php\/carte-cadeau\/#breadcrumb\"},\"inLanguage\":\"fr-FR\",\"potentialAction\":[{\"@type\":\"ReadAction\",\"target\":[\"https:\/\/reflexologie-shiatsu-nantes.fr\/index.php\/carte-cadeau\/\"]}]},{\"@type\":\"BreadcrumbList\",\"@id\":\"https:\/\/reflexologie-shiatsu-nantes.fr\/index.php\/carte-cadeau\/#breadcrumb\",\"itemListElement\":[{\"@type\":\"ListItem\",\"position\":1,\"name\":\"Accueil\",\"item\":\"https:\/\/reflexologie-shiatsu-nantes.fr\/\"},{\"@type\":\"ListItem\",\"position\":2,\"name\":\"Carte cadeau\"}]},{\"@type\":\"WebSite\",\"@id\":\"https:\/\/reflexologie-shiatsu-nantes.fr\/#website\",\"url\":\"https:\/\/reflexologie-shiatsu-nantes.fr\/\",\"name\":\"R\u00e9flexologie, Shiatsu et Kobido \u00e0 Nantes\",\"description\":\"Bienvenue\",\"potentialAction\":[{\"@type\":\"SearchAction\",\"target\":{\"@type\":\"EntryPoint\",\"urlTemplate\":\"https:\/\/reflexologie-shiatsu-nantes.fr\/?s={search_term_string}\"},\"query-input\":\"required name=search_term_string\"}],\"inLanguage\":\"fr-FR\"}]}<\/script>\n<!-- \/ Yoast SEO plugin. -->","yoast_head_json":{"title":"Votre carte cadeau | Shiatsu et R\u00e9flexologie \u00e0 Nantes","description":"Offrez une carte cadeau \u00e0 un de vos proches pour qu'il profite d'un soin relaxant le temps d'un moment au cabinet de r\u00e9flexologie et shiatsu.","robots":{"index":"index","follow":"follow","max-snippet":"max-snippet:-1","max-image-preview":"max-image-preview:large","max-video-preview":"max-video-preview:-1"},"canonical":"https:\/\/reflexologie-shiatsu-nantes.fr\/index.php\/carte-cadeau\/","og_locale":"fr_FR","og_type":"article","og_title":"Votre carte cadeau | Shiatsu et R\u00e9flexologie \u00e0 Nantes","og_description":"Offrez une carte cadeau \u00e0 un de vos proches pour qu'il profite d'un soin relaxant le temps d'un moment au cabinet de r\u00e9flexologie et shiatsu.","og_url":"https:\/\/reflexologie-shiatsu-nantes.fr\/index.php\/carte-cadeau\/","og_site_name":"R\u00e9flexologie, Shiatsu et Kobido \u00e0 Nantes","article_modified_time":"2020-12-23T22:03:01+00:00","og_image":[{"url":"https:\/\/reflexologie-shiatsu-nantes.fr\/wp-content\/uploads\/elementor\/thumbs\/carte-cadeau-reflexologie-shiatsu-nantes-nb9lg1yq118lxjdjrguooy9xu32h437ids5fjjxzco.jpg"}],"twitter_card":"summary_large_image","twitter_misc":{"Dur\u00e9e de lecture estim\u00e9e":"1 minute"},"schema":{"@context":"https:\/\/schema.org","@graph":[{"@type":"WebPage","@id":"https:\/\/reflexologie-shiatsu-nantes.fr\/index.php\/carte-cadeau\/","url":"https:\/\/reflexologie-shiatsu-nantes.fr\/index.php\/carte-cadeau\/","name":"Votre carte cadeau | Shiatsu et R\u00e9flexologie \u00e0 Nantes","isPartOf":{"@id":"https:\/\/reflexologie-shiatsu-nantes.fr\/#website"},"datePublished":"2017-07-03T14:20:07+00:00","dateModified":"2020-12-23T22:03:01+00:00","description":"Offrez une carte cadeau \u00e0 un de vos proches pour qu'il profite d'un soin relaxant le temps d'un moment au cabinet de r\u00e9flexologie et shiatsu.","breadcrumb":{"@id":"https:\/\/reflexologie-shiatsu-nantes.fr\/index.php\/carte-cadeau\/#breadcrumb"},"inLanguage":"fr-FR","potentialAction":[{"@type":"ReadAction","target":["https:\/\/reflexologie-shiatsu-nantes.fr\/index.php\/carte-cadeau\/"]}]},{"@type":"BreadcrumbList","@id":"https:\/\/reflexologie-shiatsu-nantes.fr\/index.php\/carte-cadeau\/#breadcrumb","itemListElement":[{"@type":"ListItem","position":1,"name":"Accueil","item":"https:\/\/reflexologie-shiatsu-nantes.fr\/"},{"@type":"ListItem","position":2,"name":"Carte cadeau"}]},{"@type":"WebSite","@id":"https:\/\/reflexologie-shiatsu-nantes.fr\/#website","url":"https:\/\/reflexologie-shiatsu-nantes.fr\/","name":"R\u00e9flexologie, Shiatsu et Kobido \u00e0 Nantes","description":"Bienvenue","potentialAction":[{"@type":"SearchAction","target":{"@type":"EntryPoint","urlTemplate":"https:\/\/reflexologie-shiatsu-nantes.fr\/?s={search_term_string}"},"query-input":"required name=search_term_string"}],"inLanguage":"fr-FR"}]}},"jetpack_sharing_enabled":true,"jetpack_shortlink":"https:\/\/wp.me\/P8fx45-1M","jetpack-related-posts":[{"id":113,"url":"https:\/\/reflexologie-shiatsu-nantes.fr\/index.php\/soins-tarifs\/","url_meta":{"origin":110,"position":0},"title":"Tarifs","author":"Claire Cottais","date":"3 juillet 2017","format":false,"excerpt":"Les diff\u00e9rents soins et tarifs en vigueur au 15\/02\/2024 Soins de R\u00e9flexologie,\u00a0Shiatsuou\u00a0Shiatsu assis (Amma) :Une heure : 70 \u20ac30 minutes : 40 \u20acSoins de Kobido :1 soin\u00a0 \u00a0:\u00a0 \u00a0 80\u20ac3 soins\u00a0 \u00a0:\u00a0 \u00a0 230\u20ac5 soins\u00a0 \u00a0 :\u00a0 \u00a0 380\u20ac10 soins\u00a0 \u00a0:\u00a0 \u00a0 720\u20acShiatsu assis en entreprise \u00e0 Nantes\u00a0: me consulter\u2026","rel":"","context":"Article similaire","block_context":{"text":"Article similaire","link":""},"img":{"alt_text":"","src":"","width":0,"height":0},"classes":[]},{"id":98,"url":"https:\/\/reflexologie-shiatsu-nantes.fr\/index.php\/la-seance-de-shiatsu\/","url_meta":{"origin":110,"position":1},"title":"Votre s\u00e9ance","author":"Claire Cottais","date":"3 juillet 2017","format":false,"excerpt":"La s\u00e9ance de Shiatsu Un entretien pr\u00e9alable vise \u00e0 d\u00e9cider du soin ad\u00e9quat ax\u00e9 sur la demande de la personne et du 1er bilan \u00e9nerg\u00e9tique effectu\u00e9 durant la s\u00e9ance de Shiatsu.\u00a0Puis, le receveur s\u2019allonge au sol sur un tatami. Il est v\u00eatu d\u2019habits amples pour un soin de confort ou\u2026","rel":"","context":"Article similaire","block_context":{"text":"Article similaire","link":""},"img":{"alt_text":"","src":"","width":0,"height":0},"classes":[]},{"id":268,"url":"https:\/\/reflexologie-shiatsu-nantes.fr\/index.php\/do-in\/","url_meta":{"origin":110,"position":2},"title":"Do In","author":"Claire Cottais","date":"10 juillet 2017","format":false,"excerpt":"Le Do In Le Do In est un terme japonais qui vient du chinois Tao Yin. Il s\u2019inscrit dans les m\u00e9thodes de pr\u00e9servation de la vie (Yang Sheng). Il s\u2019agit d\u2019une pratique ancestrale d\u2019auto-massage qui vise \u00e0 favoriser la libre circulation de l\u2019\u00e9nergie (le Qi). Il peut facilement \u00eatre reproduit\u2026","rel":"","context":"Article similaire","block_context":{"text":"Article similaire","link":""},"img":{"alt_text":"","src":"","width":0,"height":0},"classes":[]},{"id":102,"url":"https:\/\/reflexologie-shiatsu-nantes.fr\/index.php\/la-seance-de-reflexologie\/","url_meta":{"origin":110,"position":3},"title":"Votre s\u00e9ance","author":"Claire Cottais","date":"3 juillet 2017","format":false,"excerpt":"La s\u00e9ance de r\u00e9flexologie Suite \u00e0 un entretien qui d\u00e9termine le choix du soin\u00a0de r\u00e9flexologie le plus adapt\u00e9, le receveur s\u2019allonge confortablement sur une table de massage pour d\u00e9buter la s\u00e9ance de r\u00e9flexologie.En fonction du soin\u00a0de r\u00e9flexologie choisi, la s\u00e9ance pourra d\u00e9buter par un bain de pieds aux huiles essentielles.\u2026","rel":"","context":"Article similaire","block_context":{"text":"Article similaire","link":""},"img":{"alt_text":"","src":"","width":0,"height":0},"classes":[]},{"id":485,"url":"https:\/\/reflexologie-shiatsu-nantes.fr\/index.php\/votre-seance\/","url_meta":{"origin":110,"position":4},"title":"Votre s\u00e9ance","author":"MICHEL SEVIN","date":"11 septembre 2019","format":false,"excerpt":"La s\u00e9ance de Kobido Vous \u00eates confortablement allong\u00e9(e) sur une table de massage.Le Kobido se pratique manuellement sur un visage nettoy\u00e9 et d\u00e9maquill\u00e9 ainsi que sur le d\u00e9collet\u00e9.Chaque personne (homme - femme) de tout \u00e2ge peut en b\u00e9n\u00e9ficier pour pr\u00e9server la jeunesse et la qualit\u00e9 de sa peau. Avant tout\u2026","rel":"","context":"Article similaire","block_context":{"text":"Article similaire","link":""},"img":{"alt_text":"","src":"","width":0,"height":0},"classes":[]},{"id":473,"url":"https:\/\/reflexologie-shiatsu-nantes.fr\/index.php\/origines-presentation\/","url_meta":{"origin":110,"position":5},"title":"Origines | Pr\u00e9sentation","author":"MICHEL SEVIN","date":"11 septembre 2019","format":false,"excerpt":"Les origines du Kobido Le Kobido prend sa source au milieu du 15 \u00e8me si\u00e8cle au Japon.A l\u2019\u00e9poque, la forme existante de massage est l'Anma. Une longue comp\u00e9tition a motiv\u00e9 l\u2019int\u00e9r\u00eat de deux des meilleurs ma\u00eetres dans cet art. Ils se sont notamment affront\u00e9s dans la pratique des soins du\u2026","rel":"","context":"Article similaire","block_context":{"text":"Article similaire","link":""},"img":{"alt_text":"","src":"","width":0,"height":0},"classes":[]}],"_links":{"self":[{"href":"https:\/\/reflexologie-shiatsu-nantes.fr\/index.php\/wp-json\/wp\/v2\/pages\/110"}],"collection":[{"href":"https:\/\/reflexologie-shiatsu-nantes.fr\/index.php\/wp-json\/wp\/v2\/pages"}],"about":[{"href":"https:\/\/reflexologie-shiatsu-nantes.fr\/index.php\/wp-json\/wp\/v2\/types\/page"}],"author":[{"embeddable":true,"href":"https:\/\/reflexologie-shiatsu-nantes.fr\/index.php\/wp-json\/wp\/v2\/users\/2"}],"replies":[{"embeddable":true,"href":"https:\/\/reflexologie-shiatsu-nantes.fr\/index.php\/wp-json\/wp\/v2\/comments?post=110"}],"version-history":[{"count":19,"href":"https:\/\/reflexologie-shiatsu-nantes.fr\/index.php\/wp-json\/wp\/v2\/pages\/110\/revisions"}],"predecessor-version":[{"id":728,"href":"https:\/\/reflexologie-shiatsu-nantes.fr\/index.php\/wp-json\/wp\/v2\/pages\/110\/revisions\/728"}],"wp:attachment":[{"href":"https:\/\/reflexologie-shiatsu-nantes.fr\/index.php\/wp-json\/wp\/v2\/media?parent=110"}],"curies":[{"name":"wp","href":"https:\/\/api.w.org\/{rel}","templated":true}]}}