{"id":108,"date":"2017-07-03T16:19:52","date_gmt":"2017-07-03T14:19:52","guid":{"rendered":"http:\/\/reflexologie-shiatsu-nantes.fr\/?page_id=108"},"modified":"2022-11-25T15:15:56","modified_gmt":"2022-11-25T14:15:56","slug":"contact-2","status":"publish","type":"page","link":"https:\/\/reflexologie-shiatsu-nantes.fr\/index.php\/contact-2\/","title":{"rendered":"Contact"},"content":{"rendered":"<div id=\"dslc-theme-content\"><div id=\"dslc-theme-content-inner\">\t\t<div data-elementor-type=\"wp-page\" data-elementor-id=\"108\" class=\"elementor elementor-108\">\n\t\t\t\t\t\t\t\t\t<section class=\"elementor-section elementor-top-section elementor-element elementor-element-uwaaybl elementor-section-boxed elementor-section-height-default elementor-section-height-default\" data-id=\"uwaaybl\" data-element_type=\"section\">\n\t\t\t\t\t\t<div class=\"elementor-container elementor-column-gap-default\">\n\t\t\t\t\t<div class=\"elementor-column elementor-col-100 elementor-top-column elementor-element elementor-element-xtboxqd\" data-id=\"xtboxqd\" data-element_type=\"column\">\n\t\t\t<div class=\"elementor-widget-wrap elementor-element-populated\">\n\t\t\t\t\t\t\t\t<div class=\"elementor-element elementor-element-byjsotc elementor-widget elementor-widget-text-editor\" data-id=\"byjsotc\" data-element_type=\"widget\" data-widget_type=\"text-editor.default\">\n\t\t\t\t<div class=\"elementor-widget-container\">\n\t\t\t\t\t\t\t<div class=\"\"><span class=\"\">Je vous accueille sur rendez-vous au cabinet de <strong>Shiatsu,<\/strong>\u00a0<strong>R\u00e9flexologie<\/strong> et <strong>Kobido<\/strong> en plein coeur de <strong>Nantes <\/strong>(quartier Guist&#8217;hau) :<\/span><\/div>\t\t\t\t\t\t<\/div>\n\t\t\t\t<\/div>\n\t\t\t\t<section class=\"elementor-section elementor-inner-section elementor-element elementor-element-bdt18x0 elementor-section-boxed elementor-section-height-default elementor-section-height-default\" data-id=\"bdt18x0\" data-element_type=\"section\">\n\t\t\t\t\t\t<div class=\"elementor-container elementor-column-gap-default\">\n\t\t\t\t\t<div class=\"elementor-column elementor-col-50 elementor-inner-column elementor-element elementor-element-up6ckce\" data-id=\"up6ckce\" data-element_type=\"column\">\n\t\t\t<div class=\"elementor-widget-wrap elementor-element-populated\">\n\t\t\t\t\t\t\t\t<div class=\"elementor-element elementor-element-y1uecyy elementor-widget elementor-widget-text-editor\" data-id=\"y1uecyy\" data-element_type=\"widget\" data-widget_type=\"text-editor.default\">\n\t\t\t\t<div class=\"elementor-widget-container\">\n\t\t\t\t\t\t\t<h4><strong>Adresse<\/strong><\/h4><div class=\"\"><span class=\"\">21 rue Mond\u00e9sir |\u00a0<\/span><span class=\"\">44000 <strong>Nantes<\/strong><\/span><\/div>\t\t\t\t\t\t<\/div>\n\t\t\t\t<\/div>\n\t\t\t\t\t<\/div>\n\t\t<\/div>\n\t\t\t\t<div class=\"elementor-column elementor-col-50 elementor-inner-column elementor-element elementor-element-3tsd3dn\" data-id=\"3tsd3dn\" data-element_type=\"column\">\n\t\t\t<div class=\"elementor-widget-wrap elementor-element-populated\">\n\t\t\t\t\t\t\t\t<div class=\"elementor-element elementor-element-83umye1 elementor-widget elementor-widget-text-editor\" data-id=\"83umye1\" data-element_type=\"widget\" data-widget_type=\"text-editor.default\">\n\t\t\t\t<div class=\"elementor-widget-container\">\n\t\t\t\t\t\t\t<h4><strong>Jours et heures d&#8217;ouverture<\/strong><\/h4><p><span class=\"\">Du Lundi au Samedi de 9h00 \u00e0 19h00<\/span><\/p><div class=\"\">\u00a0<\/div>\t\t\t\t\t\t<\/div>\n\t\t\t\t<\/div>\n\t\t\t\t\t<\/div>\n\t\t<\/div>\n\t\t\t\t\t\t\t<\/div>\n\t\t<\/section>\n\t\t\t\t<div class=\"elementor-element elementor-element-m89nykn elementor-widget elementor-widget-google_maps\" data-id=\"m89nykn\" data-element_type=\"widget\" data-widget_type=\"google_maps.default\">\n\t\t\t\t<div class=\"elementor-widget-container\">\n\t\t\t\t\t<div class=\"elementor-custom-embed\">\n\t\t\t<iframe loading=\"lazy\"\n\t\t\t\t\tsrc=\"https:\/\/maps.google.com\/maps?q=21%20rue%20Mond%C3%A9sir%2044000%20Nantes&#038;t=m&#038;z=13&#038;output=embed&#038;iwloc=near\"\n\t\t\t\t\ttitle=\"21 rue Mond\u00e9sir 44000 Nantes\"\n\t\t\t\t\taria-label=\"21 rue Mond\u00e9sir 44000 Nantes\"\n\t\t\t><\/iframe>\n\t\t<\/div>\n\t\t\t\t<\/div>\n\t\t\t\t<\/div>\n\t\t\t\t\t<\/div>\n\t\t<\/div>\n\t\t\t\t\t\t\t<\/div>\n\t\t<\/section>\n\t\t\t\t<section class=\"elementor-section elementor-top-section elementor-element elementor-element-bluz0dj elementor-section-boxed elementor-section-height-default elementor-section-height-default\" data-id=\"bluz0dj\" data-element_type=\"section\">\n\t\t\t\t\t\t<div class=\"elementor-container elementor-column-gap-default\">\n\t\t\t\t\t<div class=\"elementor-column elementor-col-50 elementor-top-column elementor-element elementor-element-3ia1kw3\" data-id=\"3ia1kw3\" data-element_type=\"column\">\n\t\t\t<div class=\"elementor-widget-wrap elementor-element-populated\">\n\t\t\t\t\t\t\t\t<div class=\"elementor-element elementor-element-57zd25q elementor-widget elementor-widget-text-editor\" data-id=\"57zd25q\" data-element_type=\"widget\" data-widget_type=\"text-editor.default\">\n\t\t\t\t<div class=\"elementor-widget-container\">\n\t\t\t\t\t\t\t<div><h4><strong>Coordonn\u00e9es<\/strong><\/h4><\/div><div class=\"\"><span class=\"\">T\u00e9l\u00e9phone : 06 82 65 96 26<\/span><\/div><div class=\"\"><span class=\"\">Adresse mail : elodie.cottais@icloud.com<\/span><\/div>\t\t\t\t\t\t<\/div>\n\t\t\t\t<\/div>\n\t\t\t\t<div class=\"elementor-element elementor-element-jlbe0lf elementor-widget elementor-widget-text-editor\" data-id=\"jlbe0lf\" data-element_type=\"widget\" data-widget_type=\"text-editor.default\">\n\t\t\t\t<div class=\"elementor-widget-container\">\n\t\t\t\t\t\t\t<h4><strong>Acc\u00e8s<\/strong>\u00a0<\/h4><div><span class=\"\">Transports en commun :<\/span><\/div><ul><li><span class=\"\">Bus ( \u00e0 150 m ) : Arr\u00eat Mond\u00e9sir 26, 54, C6<\/span><\/li><li><span class=\"\">Tram ( \u00e0 800 m) : Jean Jaur\u00e8s sur la ligne 3<\/span><\/li><\/ul><div class=\"\"><span class=\"\">Bicloo ( \u00e0 150 m ) : 42 bd Guist\u2019hau<\/span><\/div><div class=\"\"><span class=\"\">Parking gratuit ( \u00e0 400 m ) : Rue Octave Feuillet<\/span><\/div><div>\u00a0<\/div>\t\t\t\t\t\t<\/div>\n\t\t\t\t<\/div>\n\t\t\t\t\t<\/div>\n\t\t<\/div>\n\t\t\t\t<div class=\"elementor-column elementor-col-50 elementor-top-column elementor-element elementor-element-gopf5f9\" data-id=\"gopf5f9\" data-element_type=\"column\">\n\t\t\t<div class=\"elementor-widget-wrap elementor-element-populated\">\n\t\t\t\t\t\t\t\t<div class=\"elementor-element elementor-element-cmqmx3d elementor-widget elementor-widget-image\" data-id=\"cmqmx3d\" data-element_type=\"widget\" data-widget_type=\"image.default\">\n\t\t\t\t<div class=\"elementor-widget-container\">\n\t\t\t\t\t\t\t\t\t\t\t\t\t\t\t<img decoding=\"async\" src=\"https:\/\/i0.wp.com\/reflexologie-shiatsu-nantes.fr\/wp-content\/uploads\/2017\/07\/contact-elodie-cottais-reflexologie-shiatsu-nantes.jpg?fit=400%2C400&amp;ssl=1\" title=\"contact-elodie-cottais-reflexologie-shiatsu-nantes\" alt=\"contact-elodie-cottais-reflexologie-shiatsu-nantes\" loading=\"lazy\" \/>\t\t\t\t\t\t\t\t\t\t\t\t\t\t\t<\/div>\n\t\t\t\t<\/div>\n\t\t\t\t\t<\/div>\n\t\t<\/div>\n\t\t\t\t\t\t\t<\/div>\n\t\t<\/section>\n\t\t\t\t\t\t\t<\/div>\n\t\t<\/div><\/div>","protected":false},"excerpt":{"rendered":"<p>Je vous accueille sur rendez-vous au cabinet de Shiatsu,\u00a0R\u00e9flexologie et Kobido en plein coeur de Nantes (quartier Guist&#8217;hau) : Adresse 21 rue Mond\u00e9sir |\u00a044000 Nantes Jours et heures d&#8217;ouverture Du Lundi au Samedi de 9h00 \u00e0 19h00 \u00a0 Coordonn\u00e9es T\u00e9l\u00e9phone : 06 82 65 96 26Adresse mail : elodie.cottais@icloud.com Acc\u00e8s\u00a0 Transports en commun : Bus<a class=\"moretag\" href=\"https:\/\/reflexologie-shiatsu-nantes.fr\/index.php\/contact-2\/\"><span class=\"screen-reader-text\">En savoir plus surContact<\/span>[&#8230;]<\/a><\/p>\n","protected":false},"author":2,"featured_media":0,"parent":0,"menu_order":0,"comment_status":"closed","ping_status":"closed","template":"","meta":{"jetpack_post_was_ever_published":false,"footnotes":""},"yoast_head":"<!-- This site is optimized with the Yoast SEO plugin v21.7 - https:\/\/yoast.com\/wordpress\/plugins\/seo\/ -->\n<title>Adresse et coordonn\u00e9es - R\u00e9flexologie et Shiatsu \u00e0 Nantes<\/title>\n<meta name=\"description\" content=\"Je vous accueille au cabinet de R\u00e9flexologie et Shiatsu \u00e0 Nantes sur rendez-vous. N&#039;h\u00e9sitez pas \u00e0 me contacter par mail ou par t\u00e9l\u00e9phone.\" \/>\n<meta name=\"robots\" content=\"index, follow, max-snippet:-1, max-image-preview:large, max-video-preview:-1\" \/>\n<link rel=\"canonical\" href=\"https:\/\/reflexologie-shiatsu-nantes.fr\/index.php\/contact-2\/\" \/>\n<meta property=\"og:locale\" content=\"fr_FR\" \/>\n<meta property=\"og:type\" content=\"article\" \/>\n<meta property=\"og:title\" content=\"Adresse et coordonn\u00e9es - R\u00e9flexologie et Shiatsu \u00e0 Nantes\" \/>\n<meta property=\"og:description\" content=\"Je vous accueille au cabinet de R\u00e9flexologie et Shiatsu \u00e0 Nantes sur rendez-vous. N&#039;h\u00e9sitez pas \u00e0 me contacter par mail ou par t\u00e9l\u00e9phone.\" \/>\n<meta property=\"og:url\" content=\"https:\/\/reflexologie-shiatsu-nantes.fr\/index.php\/contact-2\/\" \/>\n<meta property=\"og:site_name\" content=\"R\u00e9flexologie, Shiatsu et Kobido \u00e0 Nantes\" \/>\n<meta property=\"article:modified_time\" content=\"2022-11-25T14:15:56+00:00\" \/>\n<meta property=\"og:image\" content=\"https:\/\/reflexologie-shiatsu-nantes.fr\/wp-content\/uploads\/elementor\/thumbs\/contact-elodie-cottais-reflexologie-shiatsu-nantes-nbdcljzpsgddp7way9gk0s347x7c6j9nm3ugiod9y8.jpg\" \/>\n<meta name=\"twitter:card\" content=\"summary_large_image\" \/>\n<meta name=\"twitter:label1\" content=\"Dur\u00e9e de lecture estim\u00e9e\" \/>\n\t<meta name=\"twitter:data1\" content=\"1 minute\" \/>\n<script type=\"application\/ld+json\" class=\"yoast-schema-graph\">{\"@context\":\"https:\/\/schema.org\",\"@graph\":[{\"@type\":\"WebPage\",\"@id\":\"https:\/\/reflexologie-shiatsu-nantes.fr\/index.php\/contact-2\/\",\"url\":\"https:\/\/reflexologie-shiatsu-nantes.fr\/index.php\/contact-2\/\",\"name\":\"Adresse et coordonn\u00e9es - R\u00e9flexologie et Shiatsu \u00e0 Nantes\",\"isPartOf\":{\"@id\":\"https:\/\/reflexologie-shiatsu-nantes.fr\/#website\"},\"datePublished\":\"2017-07-03T14:19:52+00:00\",\"dateModified\":\"2022-11-25T14:15:56+00:00\",\"description\":\"Je vous accueille au cabinet de R\u00e9flexologie et Shiatsu \u00e0 Nantes sur rendez-vous. N'h\u00e9sitez pas \u00e0 me contacter par mail ou par t\u00e9l\u00e9phone.\",\"breadcrumb\":{\"@id\":\"https:\/\/reflexologie-shiatsu-nantes.fr\/index.php\/contact-2\/#breadcrumb\"},\"inLanguage\":\"fr-FR\",\"potentialAction\":[{\"@type\":\"ReadAction\",\"target\":[\"https:\/\/reflexologie-shiatsu-nantes.fr\/index.php\/contact-2\/\"]}]},{\"@type\":\"BreadcrumbList\",\"@id\":\"https:\/\/reflexologie-shiatsu-nantes.fr\/index.php\/contact-2\/#breadcrumb\",\"itemListElement\":[{\"@type\":\"ListItem\",\"position\":1,\"name\":\"Accueil\",\"item\":\"https:\/\/reflexologie-shiatsu-nantes.fr\/\"},{\"@type\":\"ListItem\",\"position\":2,\"name\":\"Contact\"}]},{\"@type\":\"WebSite\",\"@id\":\"https:\/\/reflexologie-shiatsu-nantes.fr\/#website\",\"url\":\"https:\/\/reflexologie-shiatsu-nantes.fr\/\",\"name\":\"R\u00e9flexologie, Shiatsu et Kobido \u00e0 Nantes\",\"description\":\"Bienvenue\",\"potentialAction\":[{\"@type\":\"SearchAction\",\"target\":{\"@type\":\"EntryPoint\",\"urlTemplate\":\"https:\/\/reflexologie-shiatsu-nantes.fr\/?s={search_term_string}\"},\"query-input\":\"required name=search_term_string\"}],\"inLanguage\":\"fr-FR\"}]}<\/script>\n<!-- \/ Yoast SEO plugin. -->","yoast_head_json":{"title":"Adresse et coordonn\u00e9es - R\u00e9flexologie et Shiatsu \u00e0 Nantes","description":"Je vous accueille au cabinet de R\u00e9flexologie et Shiatsu \u00e0 Nantes sur rendez-vous. N'h\u00e9sitez pas \u00e0 me contacter par mail ou par t\u00e9l\u00e9phone.","robots":{"index":"index","follow":"follow","max-snippet":"max-snippet:-1","max-image-preview":"max-image-preview:large","max-video-preview":"max-video-preview:-1"},"canonical":"https:\/\/reflexologie-shiatsu-nantes.fr\/index.php\/contact-2\/","og_locale":"fr_FR","og_type":"article","og_title":"Adresse et coordonn\u00e9es - R\u00e9flexologie et Shiatsu \u00e0 Nantes","og_description":"Je vous accueille au cabinet de R\u00e9flexologie et Shiatsu \u00e0 Nantes sur rendez-vous. N'h\u00e9sitez pas \u00e0 me contacter par mail ou par t\u00e9l\u00e9phone.","og_url":"https:\/\/reflexologie-shiatsu-nantes.fr\/index.php\/contact-2\/","og_site_name":"R\u00e9flexologie, Shiatsu et Kobido \u00e0 Nantes","article_modified_time":"2022-11-25T14:15:56+00:00","og_image":[{"url":"https:\/\/reflexologie-shiatsu-nantes.fr\/wp-content\/uploads\/elementor\/thumbs\/contact-elodie-cottais-reflexologie-shiatsu-nantes-nbdcljzpsgddp7way9gk0s347x7c6j9nm3ugiod9y8.jpg"}],"twitter_card":"summary_large_image","twitter_misc":{"Dur\u00e9e de lecture estim\u00e9e":"1 minute"},"schema":{"@context":"https:\/\/schema.org","@graph":[{"@type":"WebPage","@id":"https:\/\/reflexologie-shiatsu-nantes.fr\/index.php\/contact-2\/","url":"https:\/\/reflexologie-shiatsu-nantes.fr\/index.php\/contact-2\/","name":"Adresse et coordonn\u00e9es - R\u00e9flexologie et Shiatsu \u00e0 Nantes","isPartOf":{"@id":"https:\/\/reflexologie-shiatsu-nantes.fr\/#website"},"datePublished":"2017-07-03T14:19:52+00:00","dateModified":"2022-11-25T14:15:56+00:00","description":"Je vous accueille au cabinet de R\u00e9flexologie et Shiatsu \u00e0 Nantes sur rendez-vous. N'h\u00e9sitez pas \u00e0 me contacter par mail ou par t\u00e9l\u00e9phone.","breadcrumb":{"@id":"https:\/\/reflexologie-shiatsu-nantes.fr\/index.php\/contact-2\/#breadcrumb"},"inLanguage":"fr-FR","potentialAction":[{"@type":"ReadAction","target":["https:\/\/reflexologie-shiatsu-nantes.fr\/index.php\/contact-2\/"]}]},{"@type":"BreadcrumbList","@id":"https:\/\/reflexologie-shiatsu-nantes.fr\/index.php\/contact-2\/#breadcrumb","itemListElement":[{"@type":"ListItem","position":1,"name":"Accueil","item":"https:\/\/reflexologie-shiatsu-nantes.fr\/"},{"@type":"ListItem","position":2,"name":"Contact"}]},{"@type":"WebSite","@id":"https:\/\/reflexologie-shiatsu-nantes.fr\/#website","url":"https:\/\/reflexologie-shiatsu-nantes.fr\/","name":"R\u00e9flexologie, Shiatsu et Kobido \u00e0 Nantes","description":"Bienvenue","potentialAction":[{"@type":"SearchAction","target":{"@type":"EntryPoint","urlTemplate":"https:\/\/reflexologie-shiatsu-nantes.fr\/?s={search_term_string}"},"query-input":"required name=search_term_string"}],"inLanguage":"fr-FR"}]}},"jetpack_sharing_enabled":true,"jetpack_shortlink":"https:\/\/wp.me\/P8fx45-1K","jetpack-related-posts":[{"id":16,"url":"https:\/\/reflexologie-shiatsu-nantes.fr\/","url_meta":{"origin":108,"position":0},"title":"Accueil","author":"admin6897","date":"31 d\u00e9cembre 2016","format":false,"excerpt":"Bienvenue au cabinet de r\u00e9flexologie, shiatsu et\u00a0 kobido \u00e0 Nantes.Heures d'ouverture : du lundi au samedi\u00a0 de 9H \u00e0 19HAdresse : 21 rue Mond\u00e9sir 44000 NANTES","rel":"","context":"Article similaire","block_context":{"text":"Article similaire","link":""},"img":{"alt_text":"","src":"","width":0,"height":0},"classes":[]},{"id":110,"url":"https:\/\/reflexologie-shiatsu-nantes.fr\/index.php\/carte-cadeau\/","url_meta":{"origin":108,"position":1},"title":"Carte cadeau","author":"Claire Cottais","date":"3 juillet 2017","format":false,"excerpt":"Un cadeau pour vous ou un de vos proches Offrir ou s\u2019offrir une parenth\u00e8se ressour\u00e7ante \u00e0 Nantes\u00a0gr\u00e2ce \u00e0 une carte cadeau\u00a0?\u00a0Un soin de R\u00e9flexologie ,\u00a0\u00a0Shiatsu\u00a0ou Kobido est une opportunit\u00e9 pour se d\u00e9tendre, d\u00e9poser un instant son quotidien et aussi prendre soin de soi tout en douceur.\u00a0A r\u00e9ception de votre paiement,\u2026","rel":"","context":"Article similaire","block_context":{"text":"Article similaire","link":""},"img":{"alt_text":"","src":"","width":0,"height":0},"classes":[]},{"id":134,"url":"https:\/\/reflexologie-shiatsu-nantes.fr\/index.php\/mentions-legales\/","url_meta":{"origin":108,"position":2},"title":"Mentions l\u00e9gales","author":"Claire Cottais","date":"3 juillet 2017","format":false,"excerpt":"Informations l\u00e9gales 1. Pr\u00e9sentation du site. En vertu de l'article 6 de la loi n\u00b0 2004-575 du 21 juin 2004 pour la confiance dans l'\u00e9conomie num\u00e9rique, il est pr\u00e9cis\u00e9 aux utilisateurs du site www.reflexologie-shiatsu-nantes.fr l'identit\u00e9 des diff\u00e9rents intervenants dans le cadre de sa r\u00e9alisation et de son suivi : Propri\u00e9taire\u2026","rel":"","context":"Article similaire","block_context":{"text":"Article similaire","link":""},"img":{"alt_text":"","src":"","width":0,"height":0},"classes":[]},{"id":90,"url":"https:\/\/reflexologie-shiatsu-nantes.fr\/index.php\/approches-complementaires\/","url_meta":{"origin":108,"position":3},"title":"Autres pratiques","author":"Claire Cottais","date":"3 juillet 2017","format":false,"excerpt":"Mes autres pratiques Ici, je vous conseille sur la Psycho. Energ\u00e9tique, la Di\u00e9t\u00e9tique Energ\u00e9tique Chinoise, les Huiles Essentielles\u00a0et le Do In. Ces diff\u00e9rentes techniques vous aideront \u00e0 retrouver un \u00e9quilibre int\u00e9rieur. Aussi, n'h\u00e9sitez pas \u00e0 les d\u00e9couvrir en cliquant sur les liens.","rel":"","context":"Article similaire","block_context":{"text":"Article similaire","link":""},"img":{"alt_text":"","src":"","width":0,"height":0},"classes":[]},{"id":485,"url":"https:\/\/reflexologie-shiatsu-nantes.fr\/index.php\/votre-seance\/","url_meta":{"origin":108,"position":4},"title":"Votre s\u00e9ance","author":"MICHEL SEVIN","date":"11 septembre 2019","format":false,"excerpt":"La s\u00e9ance de Kobido Vous \u00eates confortablement allong\u00e9(e) sur une table de massage.Le Kobido se pratique manuellement sur un visage nettoy\u00e9 et d\u00e9maquill\u00e9 ainsi que sur le d\u00e9collet\u00e9.Chaque personne (homme - femme) de tout \u00e2ge peut en b\u00e9n\u00e9ficier pour pr\u00e9server la jeunesse et la qualit\u00e9 de sa peau. Avant tout\u2026","rel":"","context":"Article similaire","block_context":{"text":"Article similaire","link":""},"img":{"alt_text":"","src":"","width":0,"height":0},"classes":[]},{"id":512,"url":"https:\/\/reflexologie-shiatsu-nantes.fr\/index.php\/kobido\/","url_meta":{"origin":108,"position":5},"title":"kobido","author":"Claire Cottais","date":"15 septembre 2019","format":false,"excerpt":"Ici, vous trouverez plusieurs \u00e9l\u00e9ments pour en savoir plus sur le Kobido Les origines et la pr\u00e9sentation de cette pratique Le Kobido Le d\u00e9roulement de votre s\u00e9ance de Kobido","rel":"","context":"Article similaire","block_context":{"text":"Article similaire","link":""},"img":{"alt_text":"","src":"","width":0,"height":0},"classes":[]}],"_links":{"self":[{"href":"https:\/\/reflexologie-shiatsu-nantes.fr\/index.php\/wp-json\/wp\/v2\/pages\/108"}],"collection":[{"href":"https:\/\/reflexologie-shiatsu-nantes.fr\/index.php\/wp-json\/wp\/v2\/pages"}],"about":[{"href":"https:\/\/reflexologie-shiatsu-nantes.fr\/index.php\/wp-json\/wp\/v2\/types\/page"}],"author":[{"embeddable":true,"href":"https:\/\/reflexologie-shiatsu-nantes.fr\/index.php\/wp-json\/wp\/v2\/users\/2"}],"replies":[{"embeddable":true,"href":"https:\/\/reflexologie-shiatsu-nantes.fr\/index.php\/wp-json\/wp\/v2\/comments?post=108"}],"version-history":[{"count":18,"href":"https:\/\/reflexologie-shiatsu-nantes.fr\/index.php\/wp-json\/wp\/v2\/pages\/108\/revisions"}],"predecessor-version":[{"id":796,"href":"https:\/\/reflexologie-shiatsu-nantes.fr\/index.php\/wp-json\/wp\/v2\/pages\/108\/revisions\/796"}],"wp:attachment":[{"href":"https:\/\/reflexologie-shiatsu-nantes.fr\/index.php\/wp-json\/wp\/v2\/media?parent=108"}],"curies":[{"name":"wp","href":"https:\/\/api.w.org\/{rel}","templated":true}]}}