{"id":104,"date":"2017-07-03T16:18:25","date_gmt":"2017-07-03T14:18:25","guid":{"rendered":"http:\/\/reflexologie-shiatsu-nantes.fr\/?page_id=104"},"modified":"2017-07-19T19:32:14","modified_gmt":"2017-07-19T17:32:14","slug":"pyscho-energetique","status":"publish","type":"page","link":"https:\/\/reflexologie-shiatsu-nantes.fr\/index.php\/pyscho-energetique\/","title":{"rendered":"Pyscho \u00e9nerg\u00e9tique"},"content":{"rendered":"<div id=\"dslc-theme-content\"><div id=\"dslc-theme-content-inner\">\t\t<div data-elementor-type=\"wp-page\" data-elementor-id=\"104\" class=\"elementor elementor-104 elementor-bc-flex-widget\">\n\t\t\t\t\t\t\t\t\t<section class=\"elementor-section elementor-top-section elementor-element elementor-element-hqovqey elementor-section-boxed elementor-section-height-default elementor-section-height-default\" data-id=\"hqovqey\" data-element_type=\"section\">\n\t\t\t\t\t\t<div class=\"elementor-container elementor-column-gap-default\">\n\t\t\t\t\t<div class=\"elementor-column elementor-col-100 elementor-top-column elementor-element elementor-element-uut4y32\" data-id=\"uut4y32\" data-element_type=\"column\">\n\t\t\t<div class=\"elementor-widget-wrap elementor-element-populated\">\n\t\t\t\t\t\t\t\t<div class=\"elementor-element elementor-element-jkv5l0k elementor-widget elementor-widget-heading\" data-id=\"jkv5l0k\" data-element_type=\"widget\" data-widget_type=\"heading.default\">\n\t\t\t\t<div class=\"elementor-widget-container\">\n\t\t\t<h3 class=\"elementor-heading-title elementor-size-default\">La psycho \u00e9nerg\u00e9tique<\/h3>\t\t<\/div>\n\t\t\t\t<\/div>\n\t\t\t\t\t<\/div>\n\t\t<\/div>\n\t\t\t\t\t\t\t<\/div>\n\t\t<\/section>\n\t\t\t\t<section class=\"elementor-section elementor-top-section elementor-element elementor-element-imindws elementor-section-boxed elementor-section-height-default elementor-section-height-default\" data-id=\"imindws\" data-element_type=\"section\">\n\t\t\t\t\t\t<div class=\"elementor-container elementor-column-gap-default\">\n\t\t\t\t\t<div class=\"elementor-column elementor-col-100 elementor-top-column elementor-element elementor-element-zhhuvci\" data-id=\"zhhuvci\" data-element_type=\"column\">\n\t\t\t<div class=\"elementor-widget-wrap elementor-element-populated\">\n\t\t\t\t\t\t\t\t<div class=\"elementor-element elementor-element-jwyebut elementor-widget elementor-widget-text-editor\" data-id=\"jwyebut\" data-element_type=\"widget\" data-widget_type=\"text-editor.default\">\n\t\t\t\t<div class=\"elementor-widget-container\">\n\t\t\t\t\t\t\t<p class=\"p1\"><span class=\"s1\">La <strong>psycho \u00e9nerg\u00e9tique<\/strong> a \u00e9t\u00e9 cr\u00e9\u00e9e et enseign\u00e9e par <strong>Michel Odoul<\/strong>, auteur de &#8220;<\/span><span class=\"s2\">Dis-moi o\u00f9 tu as mal, je te dirai pourquoi&#8221;. Celle-ci<\/span><span class=\"s1\">\u00a0\u00e9tablit les relations existantes entre le <strong>corps<\/strong> et l\u2019esprit. Aussi, elle se r\u00e9f\u00e8re aussi \u00e0 la <strong>M\u00e9decine Traditionnelle Chinoise<\/strong> et \u00e0 la <strong>psychologie<\/strong> occidentale.<\/span><\/p><p class=\"p1\">\u00a0<\/p>\t\t\t\t\t\t<\/div>\n\t\t\t\t<\/div>\n\t\t\t\t<div class=\"elementor-element elementor-element-uu9431q elementor-widget-divider--view-line elementor-widget elementor-widget-divider\" data-id=\"uu9431q\" data-element_type=\"widget\" data-widget_type=\"divider.default\">\n\t\t\t\t<div class=\"elementor-widget-container\">\n\t\t\t\t\t<div class=\"elementor-divider\">\n\t\t\t<span class=\"elementor-divider-separator\">\n\t\t\t\t\t\t<\/span>\n\t\t<\/div>\n\t\t\t\t<\/div>\n\t\t\t\t<\/div>\n\t\t\t\t\t<\/div>\n\t\t<\/div>\n\t\t\t\t\t\t\t<\/div>\n\t\t<\/section>\n\t\t\t\t<section class=\"elementor-section elementor-top-section elementor-element elementor-element-ddwfi9o elementor-section-boxed elementor-section-height-default elementor-section-height-default\" data-id=\"ddwfi9o\" data-element_type=\"section\">\n\t\t\t\t\t\t<div class=\"elementor-container elementor-column-gap-default\">\n\t\t\t\t\t<div class=\"elementor-column elementor-col-50 elementor-top-column elementor-element elementor-element-ifcfrm6\" data-id=\"ifcfrm6\" data-element_type=\"column\">\n\t\t\t<div class=\"elementor-widget-wrap elementor-element-populated\">\n\t\t\t\t\t\t\t\t<div class=\"elementor-element elementor-element-mthqlod elementor-widget elementor-widget-text-editor\" data-id=\"mthqlod\" data-element_type=\"widget\" data-widget_type=\"text-editor.default\">\n\t\t\t\t<div class=\"elementor-widget-container\">\n\t\t\t\t\t\t\t<p class=\"p1\"><span class=\"s1\">La <strong>psycho \u00e9nerg\u00e9tique<\/strong> permet de faire le lien entre une tension qui s\u2019exprime (inconfort, choc, traumatisme, maladie\u2026) et son origine.<\/span><\/p><p class=\"p1\"><span class=\"s1\">Le patient, s&#8217;il le souhaite, \u00e9clair\u00e9 par la compr\u00e9hension du sens de ce qui se manifeste, peut s\u2019en lib\u00e9rer. Ainsi, il pourra avancer en toute autonomie sur son chemin de vie.<\/span><\/p>\t\t\t\t\t\t<\/div>\n\t\t\t\t<\/div>\n\t\t\t\t\t<\/div>\n\t\t<\/div>\n\t\t\t\t<div class=\"elementor-column elementor-col-50 elementor-top-column elementor-element elementor-element-e73yrtn\" data-id=\"e73yrtn\" data-element_type=\"column\">\n\t\t\t<div class=\"elementor-widget-wrap elementor-element-populated\">\n\t\t\t\t\t\t\t\t<div class=\"elementor-element elementor-element-8kjba8q elementor-widget elementor-widget-image\" data-id=\"8kjba8q\" data-element_type=\"widget\" data-widget_type=\"image.default\">\n\t\t\t\t<div class=\"elementor-widget-container\">\n\t\t\t\t\t\t\t\t\t\t\t\t\t\t\t<img fetchpriority=\"high\" decoding=\"async\" data-attachment-id=\"287\" data-permalink=\"https:\/\/reflexologie-shiatsu-nantes.fr\/a-photo-by-austin-neill-unsplash-comphotoszahnal_ic3o\/\" data-orig-file=\"https:\/\/i0.wp.com\/reflexologie-shiatsu-nantes.fr\/wp-content\/uploads\/2017\/07\/pexels-photo-201122.jpeg?fit=4094%2C2730&amp;ssl=1\" data-orig-size=\"4094,2730\" data-comments-opened=\"0\" data-image-meta=\"{&quot;aperture&quot;:&quot;0&quot;,&quot;credit&quot;:&quot;unsplash.com\\\/@arstyy&quot;,&quot;camera&quot;:&quot;&quot;,&quot;caption&quot;:&quot;&quot;,&quot;created_timestamp&quot;:&quot;0&quot;,&quot;copyright&quot;:&quot;Free (do whatever you want) high-resolution photos. unsplash.com\\\/license&quot;,&quot;focal_length&quot;:&quot;0&quot;,&quot;iso&quot;:&quot;0&quot;,&quot;shutter_speed&quot;:&quot;0&quot;,&quot;title&quot;:&quot;A photo by Austin Neill. unsplash.com\\\/photos\\\/ZahNAl_Ic3o&quot;,&quot;orientation&quot;:&quot;1&quot;}\" data-image-title=\"psycho-energetique-nantes\" data-image-description=\"\" data-image-caption=\"\" data-medium-file=\"https:\/\/i0.wp.com\/reflexologie-shiatsu-nantes.fr\/wp-content\/uploads\/2017\/07\/pexels-photo-201122.jpeg?fit=300%2C200&amp;ssl=1\" data-large-file=\"https:\/\/i0.wp.com\/reflexologie-shiatsu-nantes.fr\/wp-content\/uploads\/2017\/07\/pexels-photo-201122.jpeg?fit=730%2C487&amp;ssl=1\" width=\"300\" height=\"200\" src=\"https:\/\/i0.wp.com\/reflexologie-shiatsu-nantes.fr\/wp-content\/uploads\/2017\/07\/pexels-photo-201122.jpeg?fit=300%2C200&amp;ssl=1\" class=\"attachment-medium size-medium wp-image-287\" alt=\"\" srcset=\"https:\/\/i0.wp.com\/reflexologie-shiatsu-nantes.fr\/wp-content\/uploads\/2017\/07\/pexels-photo-201122.jpeg?w=4094&amp;ssl=1 4094w, https:\/\/i0.wp.com\/reflexologie-shiatsu-nantes.fr\/wp-content\/uploads\/2017\/07\/pexels-photo-201122.jpeg?resize=300%2C200&amp;ssl=1 300w, https:\/\/i0.wp.com\/reflexologie-shiatsu-nantes.fr\/wp-content\/uploads\/2017\/07\/pexels-photo-201122.jpeg?resize=768%2C512&amp;ssl=1 768w, https:\/\/i0.wp.com\/reflexologie-shiatsu-nantes.fr\/wp-content\/uploads\/2017\/07\/pexels-photo-201122.jpeg?resize=1024%2C683&amp;ssl=1 1024w, https:\/\/i0.wp.com\/reflexologie-shiatsu-nantes.fr\/wp-content\/uploads\/2017\/07\/pexels-photo-201122.jpeg?w=1460&amp;ssl=1 1460w, https:\/\/i0.wp.com\/reflexologie-shiatsu-nantes.fr\/wp-content\/uploads\/2017\/07\/pexels-photo-201122.jpeg?w=2190&amp;ssl=1 2190w\" sizes=\"(max-width: 300px) 100vw, 300px\" \/>\t\t\t\t\t\t\t\t\t\t\t\t\t\t\t<\/div>\n\t\t\t\t<\/div>\n\t\t\t\t\t<\/div>\n\t\t<\/div>\n\t\t\t\t\t\t\t<\/div>\n\t\t<\/section>\n\t\t\t\t\t\t\t<\/div>\n\t\t<\/div><\/div>","protected":false},"excerpt":{"rendered":"<p>La psycho \u00e9nerg\u00e9tique La psycho \u00e9nerg\u00e9tique a \u00e9t\u00e9 cr\u00e9\u00e9e et enseign\u00e9e par Michel Odoul, auteur de &#8220;Dis-moi o\u00f9 tu as mal, je te dirai pourquoi&#8221;. Celle-ci\u00a0\u00e9tablit les relations existantes entre le corps et l\u2019esprit. Aussi, elle se r\u00e9f\u00e8re aussi \u00e0 la M\u00e9decine Traditionnelle Chinoise et \u00e0 la psychologie occidentale. \u00a0 La psycho \u00e9nerg\u00e9tique permet de<a class=\"moretag\" href=\"https:\/\/reflexologie-shiatsu-nantes.fr\/index.php\/pyscho-energetique\/\"><span class=\"screen-reader-text\">En savoir plus surPyscho \u00e9nerg\u00e9tique<\/span>[&#8230;]<\/a><\/p>\n","protected":false},"author":2,"featured_media":0,"parent":0,"menu_order":0,"comment_status":"closed","ping_status":"closed","template":"","meta":{"jetpack_post_was_ever_published":false,"footnotes":""},"yoast_head":"<!-- This site is optimized with the Yoast SEO plugin v21.7 - https:\/\/yoast.com\/wordpress\/plugins\/seo\/ -->\n<title>Pyscho \u00e9nerg\u00e9tique - R\u00e9flexologie, Shiatsu et Kobido \u00e0 Nantes<\/title>\n<meta name=\"description\" content=\"La psychologie \u00e9nerg\u00e9tique se r\u00e9f\u00e8re \u00e0 la M\u00e9decine Traditionnelle Chinoise et elle \u00e9tablit les relations existantes entre le corps et l&#039;esprit.\" \/>\n<meta name=\"robots\" content=\"index, follow, max-snippet:-1, max-image-preview:large, max-video-preview:-1\" \/>\n<link rel=\"canonical\" href=\"https:\/\/reflexologie-shiatsu-nantes.fr\/index.php\/pyscho-energetique\/\" \/>\n<meta property=\"og:locale\" content=\"fr_FR\" \/>\n<meta property=\"og:type\" content=\"article\" \/>\n<meta property=\"og:title\" content=\"Pyscho \u00e9nerg\u00e9tique - R\u00e9flexologie, Shiatsu et Kobido \u00e0 Nantes\" \/>\n<meta property=\"og:description\" content=\"La psychologie \u00e9nerg\u00e9tique se r\u00e9f\u00e8re \u00e0 la M\u00e9decine Traditionnelle Chinoise et elle \u00e9tablit les relations existantes entre le corps et l&#039;esprit.\" \/>\n<meta property=\"og:url\" content=\"https:\/\/reflexologie-shiatsu-nantes.fr\/index.php\/pyscho-energetique\/\" \/>\n<meta property=\"og:site_name\" content=\"R\u00e9flexologie, Shiatsu et Kobido \u00e0 Nantes\" \/>\n<meta property=\"article:modified_time\" content=\"2017-07-19T17:32:14+00:00\" \/>\n<meta property=\"og:image\" content=\"http:\/\/reflexologie-shiatsu-nantes.fr\/wp-content\/uploads\/2017\/07\/pexels-photo-201122-300x200.jpeg\" \/>\n<meta name=\"twitter:card\" content=\"summary_large_image\" \/>\n<meta name=\"twitter:label1\" content=\"Dur\u00e9e de lecture estim\u00e9e\" \/>\n\t<meta name=\"twitter:data1\" content=\"1 minute\" \/>\n<script type=\"application\/ld+json\" class=\"yoast-schema-graph\">{\"@context\":\"https:\/\/schema.org\",\"@graph\":[{\"@type\":\"WebPage\",\"@id\":\"https:\/\/reflexologie-shiatsu-nantes.fr\/index.php\/pyscho-energetique\/\",\"url\":\"https:\/\/reflexologie-shiatsu-nantes.fr\/index.php\/pyscho-energetique\/\",\"name\":\"Pyscho \u00e9nerg\u00e9tique - R\u00e9flexologie, Shiatsu et Kobido \u00e0 Nantes\",\"isPartOf\":{\"@id\":\"https:\/\/reflexologie-shiatsu-nantes.fr\/#website\"},\"datePublished\":\"2017-07-03T14:18:25+00:00\",\"dateModified\":\"2017-07-19T17:32:14+00:00\",\"description\":\"La psychologie \u00e9nerg\u00e9tique se r\u00e9f\u00e8re \u00e0 la M\u00e9decine Traditionnelle Chinoise et elle \u00e9tablit les relations existantes entre le corps et l'esprit.\",\"breadcrumb\":{\"@id\":\"https:\/\/reflexologie-shiatsu-nantes.fr\/index.php\/pyscho-energetique\/#breadcrumb\"},\"inLanguage\":\"fr-FR\",\"potentialAction\":[{\"@type\":\"ReadAction\",\"target\":[\"https:\/\/reflexologie-shiatsu-nantes.fr\/index.php\/pyscho-energetique\/\"]}]},{\"@type\":\"BreadcrumbList\",\"@id\":\"https:\/\/reflexologie-shiatsu-nantes.fr\/index.php\/pyscho-energetique\/#breadcrumb\",\"itemListElement\":[{\"@type\":\"ListItem\",\"position\":1,\"name\":\"Accueil\",\"item\":\"https:\/\/reflexologie-shiatsu-nantes.fr\/\"},{\"@type\":\"ListItem\",\"position\":2,\"name\":\"Pyscho \u00e9nerg\u00e9tique\"}]},{\"@type\":\"WebSite\",\"@id\":\"https:\/\/reflexologie-shiatsu-nantes.fr\/#website\",\"url\":\"https:\/\/reflexologie-shiatsu-nantes.fr\/\",\"name\":\"R\u00e9flexologie, Shiatsu et Kobido \u00e0 Nantes\",\"description\":\"Bienvenue\",\"potentialAction\":[{\"@type\":\"SearchAction\",\"target\":{\"@type\":\"EntryPoint\",\"urlTemplate\":\"https:\/\/reflexologie-shiatsu-nantes.fr\/?s={search_term_string}\"},\"query-input\":\"required name=search_term_string\"}],\"inLanguage\":\"fr-FR\"}]}<\/script>\n<!-- \/ Yoast SEO plugin. -->","yoast_head_json":{"title":"Pyscho \u00e9nerg\u00e9tique - R\u00e9flexologie, Shiatsu et Kobido \u00e0 Nantes","description":"La psychologie \u00e9nerg\u00e9tique se r\u00e9f\u00e8re \u00e0 la M\u00e9decine Traditionnelle Chinoise et elle \u00e9tablit les relations existantes entre le corps et l'esprit.","robots":{"index":"index","follow":"follow","max-snippet":"max-snippet:-1","max-image-preview":"max-image-preview:large","max-video-preview":"max-video-preview:-1"},"canonical":"https:\/\/reflexologie-shiatsu-nantes.fr\/index.php\/pyscho-energetique\/","og_locale":"fr_FR","og_type":"article","og_title":"Pyscho \u00e9nerg\u00e9tique - R\u00e9flexologie, Shiatsu et Kobido \u00e0 Nantes","og_description":"La psychologie \u00e9nerg\u00e9tique se r\u00e9f\u00e8re \u00e0 la M\u00e9decine Traditionnelle Chinoise et elle \u00e9tablit les relations existantes entre le corps et l'esprit.","og_url":"https:\/\/reflexologie-shiatsu-nantes.fr\/index.php\/pyscho-energetique\/","og_site_name":"R\u00e9flexologie, Shiatsu et Kobido \u00e0 Nantes","article_modified_time":"2017-07-19T17:32:14+00:00","og_image":[{"url":"http:\/\/reflexologie-shiatsu-nantes.fr\/wp-content\/uploads\/2017\/07\/pexels-photo-201122-300x200.jpeg"}],"twitter_card":"summary_large_image","twitter_misc":{"Dur\u00e9e de lecture estim\u00e9e":"1 minute"},"schema":{"@context":"https:\/\/schema.org","@graph":[{"@type":"WebPage","@id":"https:\/\/reflexologie-shiatsu-nantes.fr\/index.php\/pyscho-energetique\/","url":"https:\/\/reflexologie-shiatsu-nantes.fr\/index.php\/pyscho-energetique\/","name":"Pyscho \u00e9nerg\u00e9tique - R\u00e9flexologie, Shiatsu et Kobido \u00e0 Nantes","isPartOf":{"@id":"https:\/\/reflexologie-shiatsu-nantes.fr\/#website"},"datePublished":"2017-07-03T14:18:25+00:00","dateModified":"2017-07-19T17:32:14+00:00","description":"La psychologie \u00e9nerg\u00e9tique se r\u00e9f\u00e8re \u00e0 la M\u00e9decine Traditionnelle Chinoise et elle \u00e9tablit les relations existantes entre le corps et l'esprit.","breadcrumb":{"@id":"https:\/\/reflexologie-shiatsu-nantes.fr\/index.php\/pyscho-energetique\/#breadcrumb"},"inLanguage":"fr-FR","potentialAction":[{"@type":"ReadAction","target":["https:\/\/reflexologie-shiatsu-nantes.fr\/index.php\/pyscho-energetique\/"]}]},{"@type":"BreadcrumbList","@id":"https:\/\/reflexologie-shiatsu-nantes.fr\/index.php\/pyscho-energetique\/#breadcrumb","itemListElement":[{"@type":"ListItem","position":1,"name":"Accueil","item":"https:\/\/reflexologie-shiatsu-nantes.fr\/"},{"@type":"ListItem","position":2,"name":"Pyscho \u00e9nerg\u00e9tique"}]},{"@type":"WebSite","@id":"https:\/\/reflexologie-shiatsu-nantes.fr\/#website","url":"https:\/\/reflexologie-shiatsu-nantes.fr\/","name":"R\u00e9flexologie, Shiatsu et Kobido \u00e0 Nantes","description":"Bienvenue","potentialAction":[{"@type":"SearchAction","target":{"@type":"EntryPoint","urlTemplate":"https:\/\/reflexologie-shiatsu-nantes.fr\/?s={search_term_string}"},"query-input":"required name=search_term_string"}],"inLanguage":"fr-FR"}]}},"jetpack_sharing_enabled":true,"jetpack_shortlink":"https:\/\/wp.me\/P8fx45-1G","jetpack-related-posts":[{"id":90,"url":"https:\/\/reflexologie-shiatsu-nantes.fr\/index.php\/approches-complementaires\/","url_meta":{"origin":104,"position":0},"title":"Autres pratiques","author":"Claire Cottais","date":"3 juillet 2017","format":false,"excerpt":"Mes autres pratiques Ici, je vous conseille sur la Psycho. Energ\u00e9tique, la Di\u00e9t\u00e9tique Energ\u00e9tique Chinoise, les Huiles Essentielles\u00a0et le Do In. Ces diff\u00e9rentes techniques vous aideront \u00e0 retrouver un \u00e9quilibre int\u00e9rieur. Aussi, n'h\u00e9sitez pas \u00e0 les d\u00e9couvrir en cliquant sur les liens.","rel":"","context":"Article similaire","block_context":{"text":"Article similaire","link":""},"img":{"alt_text":"","src":"","width":0,"height":0},"classes":[]},{"id":72,"url":"https:\/\/reflexologie-shiatsu-nantes.fr\/index.php\/praticienne\/","url_meta":{"origin":104,"position":1},"title":"Praticienne","author":"Claire Cottais","date":"3 juillet 2017","format":false,"excerpt":"La Praticienne Dipl\u00f4m\u00e9e : De L\u2019Institut Fran\u00e7ais de Shiatsu et de Psychologie Corporelle Appliqu\u00e9e (cr\u00e9\u00e9 et dirig\u00e9 par Michel Odoul) - Praticien Shiatsu de Confort De l\u2019Institut Fran\u00e7ais de R\u00e9flexologie (d\u00e9partement le l\u2019IFS) - Praticien de Confort en R\u00e9flexologie Plantaire Assistante de formation et praticienne r\u00e9f\u00e9renc\u00e9e \u00e0 l\u2019IFS et l\u2019IFR\u2026","rel":"","context":"Article similaire","block_context":{"text":"Article similaire","link":""},"img":{"alt_text":"","src":"https:\/\/i0.wp.com\/reflexologie-shiatsu-nantes.fr\/wp-content\/uploads\/2017\/07\/praticienne-reflexologie-shiatsu-nantes-200x300.jpg?resize=350%2C200","width":350,"height":200},"classes":[]},{"id":136,"url":"https:\/\/reflexologie-shiatsu-nantes.fr\/index.php\/liens-bibliographie\/","url_meta":{"origin":104,"position":2},"title":"Liens | Bibliographie","author":"Claire Cottais","date":"3 juillet 2017","format":false,"excerpt":"Liens Institut Fran\u00e7ais de Shiatsu\u00a0:http:\/\/www.shiatsu-institut.fr\/ Institut Fran\u00e7ais de R\u00e9flexologie :\u00a0http:\/\/www.reflexologie-institut.fr\/ Site de Jean P\u00e9lissier :\u00a0http:\/\/www.jeanpelissier.com\/ Pour apprendre l\u2019usage respectueux et responsable des Huiles Essentielles : https:\/\/pro.biosante-editions.fr\/p\/MHE01\/WMHET302\/?h=true Bibliographie Quelques ouvrages non exhaustifs pour approfondir l\u2019essence des disciplines propos\u00e9es : R\u00e9flexologie : Le guide des r\u00e9flexologies, Eske Miles (ed. Albin Michel) Psycho-\u00e9nerg\u00e9tique\u2026","rel":"","context":"Article similaire","block_context":{"text":"Article similaire","link":""},"img":{"alt_text":"","src":"","width":0,"height":0},"classes":[]},{"id":98,"url":"https:\/\/reflexologie-shiatsu-nantes.fr\/index.php\/la-seance-de-shiatsu\/","url_meta":{"origin":104,"position":3},"title":"Votre s\u00e9ance","author":"Claire Cottais","date":"3 juillet 2017","format":false,"excerpt":"La s\u00e9ance de Shiatsu Un entretien pr\u00e9alable vise \u00e0 d\u00e9cider du soin ad\u00e9quat ax\u00e9 sur la demande de la personne et du 1er bilan \u00e9nerg\u00e9tique effectu\u00e9 durant la s\u00e9ance de Shiatsu.\u00a0Puis, le receveur s\u2019allonge au sol sur un tatami. Il est v\u00eatu d\u2019habits amples pour un soin de confort ou\u2026","rel":"","context":"Article similaire","block_context":{"text":"Article similaire","link":""},"img":{"alt_text":"","src":"","width":0,"height":0},"classes":[]},{"id":106,"url":"https:\/\/reflexologie-shiatsu-nantes.fr\/index.php\/dietetique-chinoise\/","url_meta":{"origin":104,"position":4},"title":"Di\u00e9t\u00e9tique \u00e9nerg\u00e9tique chinoise","author":"Claire Cottais","date":"3 juillet 2017","format":false,"excerpt":"La Di\u00e9t\u00e9tique Energ\u00e9tique Chinoise, dite du \u00ab\u00a0juste milieu\u00a0\u00bb Avoir une alimentation \u00e9quilibr\u00e9e fait partie int\u00e9grante d\u2019une d\u00e9marche hygi\u00e9niste de pr\u00e9servation et de conservation de l\u2019\u00e9tat de sant\u00e9.Face \u00e0 la profusion d\u2019informations contradictoires sur le sujet, il n\u2019est pas toujours ais\u00e9 de s\u2019y retrouver. Je vous propose des conseils pratiques, simples,\u2026","rel":"","context":"Article similaire","block_context":{"text":"Article similaire","link":""},"img":{"alt_text":"","src":"","width":0,"height":0},"classes":[]},{"id":323,"url":"https:\/\/reflexologie-shiatsu-nantes.fr\/index.php\/la-reflexologie\/","url_meta":{"origin":104,"position":5},"title":"Les r\u00e9flexologies","author":"Claire Cottais","date":"13 juillet 2017","format":false,"excerpt":"La r\u00e9flexologie sud-africaine, dite \u00ab\u00a0douce\u00a0\u00bb ou \u00ab\u00a0m\u00e9tamorphique\u00a0\u00bb La\u00a0r\u00e9flexologie\u00a0sud-africaine est\u00a0cr\u00e9\u00e9e par Chris Stormer dans les ann\u00e9es 80. Elle se d\u00e9marque par la qualit\u00e9 de finesse de son toucher particuli\u00e8rement doux et indolore. Aussi, elle agit notamment sur le champ \u00e9motionnel par le biais des syst\u00e8mes nerveux (central et autonome) et endocrinien\u2026","rel":"","context":"Article similaire","block_context":{"text":"Article similaire","link":""},"img":{"alt_text":"","src":"","width":0,"height":0},"classes":[]}],"_links":{"self":[{"href":"https:\/\/reflexologie-shiatsu-nantes.fr\/index.php\/wp-json\/wp\/v2\/pages\/104"}],"collection":[{"href":"https:\/\/reflexologie-shiatsu-nantes.fr\/index.php\/wp-json\/wp\/v2\/pages"}],"about":[{"href":"https:\/\/reflexologie-shiatsu-nantes.fr\/index.php\/wp-json\/wp\/v2\/types\/page"}],"author":[{"embeddable":true,"href":"https:\/\/reflexologie-shiatsu-nantes.fr\/index.php\/wp-json\/wp\/v2\/users\/2"}],"replies":[{"embeddable":true,"href":"https:\/\/reflexologie-shiatsu-nantes.fr\/index.php\/wp-json\/wp\/v2\/comments?post=104"}],"version-history":[{"count":18,"href":"https:\/\/reflexologie-shiatsu-nantes.fr\/index.php\/wp-json\/wp\/v2\/pages\/104\/revisions"}],"predecessor-version":[{"id":402,"href":"https:\/\/reflexologie-shiatsu-nantes.fr\/index.php\/wp-json\/wp\/v2\/pages\/104\/revisions\/402"}],"wp:attachment":[{"href":"https:\/\/reflexologie-shiatsu-nantes.fr\/index.php\/wp-json\/wp\/v2\/media?parent=104"}],"curies":[{"name":"wp","href":"https:\/\/api.w.org\/{rel}","templated":true}]}}