{"id":102,"date":"2017-07-03T16:17:20","date_gmt":"2017-07-03T14:17:20","guid":{"rendered":"http:\/\/reflexologie-shiatsu-nantes.fr\/?page_id=102"},"modified":"2019-07-28T13:26:53","modified_gmt":"2019-07-28T11:26:53","slug":"la-seance-de-reflexologie","status":"publish","type":"page","link":"https:\/\/reflexologie-shiatsu-nantes.fr\/index.php\/la-seance-de-reflexologie\/","title":{"rendered":"Votre s\u00e9ance"},"content":{"rendered":"<div id=\"dslc-theme-content\"><div id=\"dslc-theme-content-inner\">\t\t<div data-elementor-type=\"wp-page\" data-elementor-id=\"102\" class=\"elementor elementor-102 elementor-bc-flex-widget\">\n\t\t\t\t\t\t\t\t\t<section class=\"elementor-section elementor-top-section elementor-element elementor-element-rodyyqn elementor-section-boxed elementor-section-height-default elementor-section-height-default\" data-id=\"rodyyqn\" data-element_type=\"section\">\n\t\t\t\t\t\t<div class=\"elementor-container elementor-column-gap-default\">\n\t\t\t\t\t<div class=\"elementor-column elementor-col-100 elementor-top-column elementor-element elementor-element-rdfgswn\" data-id=\"rdfgswn\" data-element_type=\"column\">\n\t\t\t<div class=\"elementor-widget-wrap elementor-element-populated\">\n\t\t\t\t\t\t\t\t<div class=\"elementor-element elementor-element-oyv13a4 elementor-widget elementor-widget-heading\" data-id=\"oyv13a4\" data-element_type=\"widget\" data-widget_type=\"heading.default\">\n\t\t\t\t<div class=\"elementor-widget-container\">\n\t\t\t<h3 class=\"elementor-heading-title elementor-size-default\">La s\u00e9ance de r\u00e9flexologie<\/h3>\t\t<\/div>\n\t\t\t\t<\/div>\n\t\t\t\t<section class=\"elementor-section elementor-inner-section elementor-element elementor-element-k9y67aj elementor-section-boxed elementor-section-height-default elementor-section-height-default\" data-id=\"k9y67aj\" data-element_type=\"section\">\n\t\t\t\t\t\t<div class=\"elementor-container elementor-column-gap-default\">\n\t\t\t\t\t<div class=\"elementor-column elementor-col-50 elementor-inner-column elementor-element elementor-element-m7bz4e2\" data-id=\"m7bz4e2\" data-element_type=\"column\">\n\t\t\t<div class=\"elementor-widget-wrap elementor-element-populated\">\n\t\t\t\t\t\t\t\t<div class=\"elementor-element elementor-element-dwtavop elementor-widget elementor-widget-text-editor\" data-id=\"dwtavop\" data-element_type=\"widget\" data-widget_type=\"text-editor.default\">\n\t\t\t\t<div class=\"elementor-widget-container\">\n\t\t\t\t\t\t\t<p class=\"p1\"><span class=\"s1\">Suite \u00e0 un entretien qui d\u00e9termine le choix du <a href=\"http:\/\/reflexologie-shiatsu-nantes.fr\/index.php\/les-reflexologies\/\"><strong>soin<\/strong>\u00a0de <strong>r\u00e9flexologie<\/strong><\/a> le plus adapt\u00e9, le receveur s\u2019allonge confortablement sur une table de massage pour d\u00e9buter la <em>s\u00e9ance de r\u00e9flexologie<\/em>.<\/span><\/p><p class=\"p1\"><span class=\"s1\">En fonction du <strong>soin<\/strong>\u00a0de <strong>r\u00e9flexologie<\/strong> choisi, la s\u00e9ance pourra d\u00e9buter par un bain de pieds aux <strong>huiles essentielles<\/strong>. Puis,\u00a0le travail s\u2019encha\u00eenera soit avec du talc soit avec une cr\u00e8me appropri\u00e9e.<\/span><\/p><p class=\"p1\"><span class=\"s1\">Cette <em>s\u00e9ance de r\u00e9flexologie<\/em>\u00a0prendra entre 30 mn et 1heure en fonction de votre souhait.<\/span><\/p>\t\t\t\t\t\t<\/div>\n\t\t\t\t<\/div>\n\t\t\t\t\t<\/div>\n\t\t<\/div>\n\t\t\t\t<div class=\"elementor-column elementor-col-50 elementor-inner-column elementor-element elementor-element-xnzm9r6\" data-id=\"xnzm9r6\" data-element_type=\"column\">\n\t\t\t<div class=\"elementor-widget-wrap elementor-element-populated\">\n\t\t\t\t\t\t\t\t<div class=\"elementor-element elementor-element-lg55axz elementor-widget elementor-widget-image\" data-id=\"lg55axz\" data-element_type=\"widget\" data-widget_type=\"image.default\">\n\t\t\t\t<div class=\"elementor-widget-container\">\n\t\t\t\t\t\t\t\t\t\t\t\t\t\t\t<img decoding=\"async\" src=\"https:\/\/i0.wp.com\/reflexologie-shiatsu-nantes.fr\/wp-content\/uploads\/2017\/07\/reflexologie-1.jpg?fit=300%2C400&amp;ssl=1\" title=\"reflexologie-nantes-1\" alt=\"reflexologie-nantes-1\" loading=\"lazy\" \/>\t\t\t\t\t\t\t\t\t\t\t\t\t\t\t<\/div>\n\t\t\t\t<\/div>\n\t\t\t\t\t<\/div>\n\t\t<\/div>\n\t\t\t\t\t\t\t<\/div>\n\t\t<\/section>\n\t\t\t\t\t<\/div>\n\t\t<\/div>\n\t\t\t\t\t\t\t<\/div>\n\t\t<\/section>\n\t\t\t\t\t\t\t<\/div>\n\t\t<\/div><\/div>","protected":false},"excerpt":{"rendered":"<p>La s\u00e9ance de r\u00e9flexologie Suite \u00e0 un entretien qui d\u00e9termine le choix du soin\u00a0de r\u00e9flexologie le plus adapt\u00e9, le receveur s\u2019allonge confortablement sur une table de massage pour d\u00e9buter la s\u00e9ance de r\u00e9flexologie. En fonction du soin\u00a0de r\u00e9flexologie choisi, la s\u00e9ance pourra d\u00e9buter par un bain de pieds aux huiles essentielles. Puis,\u00a0le travail s\u2019encha\u00eenera soit<a class=\"moretag\" href=\"https:\/\/reflexologie-shiatsu-nantes.fr\/index.php\/la-seance-de-reflexologie\/\"><span class=\"screen-reader-text\">En savoir plus surVotre s\u00e9ance<\/span>[&#8230;]<\/a><\/p>\n","protected":false},"author":2,"featured_media":0,"parent":0,"menu_order":0,"comment_status":"closed","ping_status":"closed","template":"","meta":{"jetpack_post_was_ever_published":false,"footnotes":""},"yoast_head":"<!-- This site is optimized with the Yoast SEO plugin v21.7 - https:\/\/yoast.com\/wordpress\/plugins\/seo\/ -->\n<title>Votre s\u00e9ance de r\u00e9flexologie | R\u00e9flexologie et Shiatsu \u00e0 Nantes<\/title>\n<meta name=\"description\" content=\"Ici, d\u00e9couvrez le d\u00e9roulement de la s\u00e9ance de r\u00e9flexologie dans mon cabinet \u00e0 Nantes, en fonction du soin le plus adapt\u00e9 \u00e0 vos besoins.\" \/>\n<meta name=\"robots\" content=\"index, follow, max-snippet:-1, max-image-preview:large, max-video-preview:-1\" \/>\n<link rel=\"canonical\" href=\"https:\/\/reflexologie-shiatsu-nantes.fr\/index.php\/la-seance-de-reflexologie\/\" \/>\n<meta property=\"og:locale\" content=\"fr_FR\" \/>\n<meta property=\"og:type\" content=\"article\" \/>\n<meta property=\"og:title\" content=\"Votre s\u00e9ance de r\u00e9flexologie | R\u00e9flexologie et Shiatsu \u00e0 Nantes\" \/>\n<meta property=\"og:description\" content=\"Ici, d\u00e9couvrez le d\u00e9roulement de la s\u00e9ance de r\u00e9flexologie dans mon cabinet \u00e0 Nantes, en fonction du soin le plus adapt\u00e9 \u00e0 vos besoins.\" \/>\n<meta property=\"og:url\" content=\"https:\/\/reflexologie-shiatsu-nantes.fr\/index.php\/la-seance-de-reflexologie\/\" \/>\n<meta property=\"og:site_name\" content=\"R\u00e9flexologie, Shiatsu et Kobido \u00e0 Nantes\" \/>\n<meta property=\"article:modified_time\" content=\"2019-07-28T11:26:53+00:00\" \/>\n<meta property=\"og:image\" content=\"http:\/\/reflexologie-shiatsu-nantes.fr\/wp-content\/uploads\/elementor\/thumbs\/reflexologie-1-nbdcm1um6g9yoecwz4zr96kiuqzvux00q95cihojog.jpg\" \/>\n<meta name=\"twitter:card\" content=\"summary_large_image\" \/>\n<script type=\"application\/ld+json\" class=\"yoast-schema-graph\">{\"@context\":\"https:\/\/schema.org\",\"@graph\":[{\"@type\":\"WebPage\",\"@id\":\"https:\/\/reflexologie-shiatsu-nantes.fr\/index.php\/la-seance-de-reflexologie\/\",\"url\":\"https:\/\/reflexologie-shiatsu-nantes.fr\/index.php\/la-seance-de-reflexologie\/\",\"name\":\"Votre s\u00e9ance de r\u00e9flexologie | R\u00e9flexologie et Shiatsu \u00e0 Nantes\",\"isPartOf\":{\"@id\":\"https:\/\/reflexologie-shiatsu-nantes.fr\/#website\"},\"datePublished\":\"2017-07-03T14:17:20+00:00\",\"dateModified\":\"2019-07-28T11:26:53+00:00\",\"description\":\"Ici, d\u00e9couvrez le d\u00e9roulement de la s\u00e9ance de r\u00e9flexologie dans mon cabinet \u00e0 Nantes, en fonction du soin le plus adapt\u00e9 \u00e0 vos besoins.\",\"breadcrumb\":{\"@id\":\"https:\/\/reflexologie-shiatsu-nantes.fr\/index.php\/la-seance-de-reflexologie\/#breadcrumb\"},\"inLanguage\":\"fr-FR\",\"potentialAction\":[{\"@type\":\"ReadAction\",\"target\":[\"https:\/\/reflexologie-shiatsu-nantes.fr\/index.php\/la-seance-de-reflexologie\/\"]}]},{\"@type\":\"BreadcrumbList\",\"@id\":\"https:\/\/reflexologie-shiatsu-nantes.fr\/index.php\/la-seance-de-reflexologie\/#breadcrumb\",\"itemListElement\":[{\"@type\":\"ListItem\",\"position\":1,\"name\":\"Accueil\",\"item\":\"https:\/\/reflexologie-shiatsu-nantes.fr\/\"},{\"@type\":\"ListItem\",\"position\":2,\"name\":\"Votre s\u00e9ance\"}]},{\"@type\":\"WebSite\",\"@id\":\"https:\/\/reflexologie-shiatsu-nantes.fr\/#website\",\"url\":\"https:\/\/reflexologie-shiatsu-nantes.fr\/\",\"name\":\"R\u00e9flexologie, Shiatsu et Kobido \u00e0 Nantes\",\"description\":\"Bienvenue\",\"potentialAction\":[{\"@type\":\"SearchAction\",\"target\":{\"@type\":\"EntryPoint\",\"urlTemplate\":\"https:\/\/reflexologie-shiatsu-nantes.fr\/?s={search_term_string}\"},\"query-input\":\"required name=search_term_string\"}],\"inLanguage\":\"fr-FR\"}]}<\/script>\n<!-- \/ Yoast SEO plugin. -->","yoast_head_json":{"title":"Votre s\u00e9ance de r\u00e9flexologie | R\u00e9flexologie et Shiatsu \u00e0 Nantes","description":"Ici, d\u00e9couvrez le d\u00e9roulement de la s\u00e9ance de r\u00e9flexologie dans mon cabinet \u00e0 Nantes, en fonction du soin le plus adapt\u00e9 \u00e0 vos besoins.","robots":{"index":"index","follow":"follow","max-snippet":"max-snippet:-1","max-image-preview":"max-image-preview:large","max-video-preview":"max-video-preview:-1"},"canonical":"https:\/\/reflexologie-shiatsu-nantes.fr\/index.php\/la-seance-de-reflexologie\/","og_locale":"fr_FR","og_type":"article","og_title":"Votre s\u00e9ance de r\u00e9flexologie | R\u00e9flexologie et Shiatsu \u00e0 Nantes","og_description":"Ici, d\u00e9couvrez le d\u00e9roulement de la s\u00e9ance de r\u00e9flexologie dans mon cabinet \u00e0 Nantes, en fonction du soin le plus adapt\u00e9 \u00e0 vos besoins.","og_url":"https:\/\/reflexologie-shiatsu-nantes.fr\/index.php\/la-seance-de-reflexologie\/","og_site_name":"R\u00e9flexologie, Shiatsu et Kobido \u00e0 Nantes","article_modified_time":"2019-07-28T11:26:53+00:00","og_image":[{"url":"http:\/\/reflexologie-shiatsu-nantes.fr\/wp-content\/uploads\/elementor\/thumbs\/reflexologie-1-nbdcm1um6g9yoecwz4zr96kiuqzvux00q95cihojog.jpg"}],"twitter_card":"summary_large_image","schema":{"@context":"https:\/\/schema.org","@graph":[{"@type":"WebPage","@id":"https:\/\/reflexologie-shiatsu-nantes.fr\/index.php\/la-seance-de-reflexologie\/","url":"https:\/\/reflexologie-shiatsu-nantes.fr\/index.php\/la-seance-de-reflexologie\/","name":"Votre s\u00e9ance de r\u00e9flexologie | R\u00e9flexologie et Shiatsu \u00e0 Nantes","isPartOf":{"@id":"https:\/\/reflexologie-shiatsu-nantes.fr\/#website"},"datePublished":"2017-07-03T14:17:20+00:00","dateModified":"2019-07-28T11:26:53+00:00","description":"Ici, d\u00e9couvrez le d\u00e9roulement de la s\u00e9ance de r\u00e9flexologie dans mon cabinet \u00e0 Nantes, en fonction du soin le plus adapt\u00e9 \u00e0 vos besoins.","breadcrumb":{"@id":"https:\/\/reflexologie-shiatsu-nantes.fr\/index.php\/la-seance-de-reflexologie\/#breadcrumb"},"inLanguage":"fr-FR","potentialAction":[{"@type":"ReadAction","target":["https:\/\/reflexologie-shiatsu-nantes.fr\/index.php\/la-seance-de-reflexologie\/"]}]},{"@type":"BreadcrumbList","@id":"https:\/\/reflexologie-shiatsu-nantes.fr\/index.php\/la-seance-de-reflexologie\/#breadcrumb","itemListElement":[{"@type":"ListItem","position":1,"name":"Accueil","item":"https:\/\/reflexologie-shiatsu-nantes.fr\/"},{"@type":"ListItem","position":2,"name":"Votre s\u00e9ance"}]},{"@type":"WebSite","@id":"https:\/\/reflexologie-shiatsu-nantes.fr\/#website","url":"https:\/\/reflexologie-shiatsu-nantes.fr\/","name":"R\u00e9flexologie, Shiatsu et Kobido \u00e0 Nantes","description":"Bienvenue","potentialAction":[{"@type":"SearchAction","target":{"@type":"EntryPoint","urlTemplate":"https:\/\/reflexologie-shiatsu-nantes.fr\/?s={search_term_string}"},"query-input":"required name=search_term_string"}],"inLanguage":"fr-FR"}]}},"jetpack_sharing_enabled":true,"jetpack_shortlink":"https:\/\/wp.me\/P8fx45-1E","jetpack-related-posts":[{"id":98,"url":"https:\/\/reflexologie-shiatsu-nantes.fr\/index.php\/la-seance-de-shiatsu\/","url_meta":{"origin":102,"position":0},"title":"Votre s\u00e9ance","author":"Claire Cottais","date":"3 juillet 2017","format":false,"excerpt":"La s\u00e9ance de Shiatsu Un entretien pr\u00e9alable vise \u00e0 d\u00e9cider du soin ad\u00e9quat ax\u00e9 sur la demande de la personne et du 1er bilan \u00e9nerg\u00e9tique effectu\u00e9 durant la s\u00e9ance de Shiatsu.\u00a0Puis, le receveur s\u2019allonge au sol sur un tatami. Il est v\u00eatu d\u2019habits amples pour un soin de confort ou\u2026","rel":"","context":"Article similaire","block_context":{"text":"Article similaire","link":""},"img":{"alt_text":"","src":"","width":0,"height":0},"classes":[]},{"id":110,"url":"https:\/\/reflexologie-shiatsu-nantes.fr\/index.php\/carte-cadeau\/","url_meta":{"origin":102,"position":1},"title":"Carte cadeau","author":"Claire Cottais","date":"3 juillet 2017","format":false,"excerpt":"Un cadeau pour vous ou un de vos proches Offrir ou s\u2019offrir une parenth\u00e8se ressour\u00e7ante \u00e0 Nantes\u00a0gr\u00e2ce \u00e0 une carte cadeau\u00a0?\u00a0Un soin de R\u00e9flexologie ,\u00a0\u00a0Shiatsu\u00a0ou Kobido est une opportunit\u00e9 pour se d\u00e9tendre, d\u00e9poser un instant son quotidien et aussi prendre soin de soi tout en douceur.\u00a0A r\u00e9ception de votre paiement,\u2026","rel":"","context":"Article similaire","block_context":{"text":"Article similaire","link":""},"img":{"alt_text":"","src":"","width":0,"height":0},"classes":[]},{"id":485,"url":"https:\/\/reflexologie-shiatsu-nantes.fr\/index.php\/votre-seance\/","url_meta":{"origin":102,"position":2},"title":"Votre s\u00e9ance","author":"MICHEL SEVIN","date":"11 septembre 2019","format":false,"excerpt":"La s\u00e9ance de Kobido Vous \u00eates confortablement allong\u00e9(e) sur une table de massage.Le Kobido se pratique manuellement sur un visage nettoy\u00e9 et d\u00e9maquill\u00e9 ainsi que sur le d\u00e9collet\u00e9.Chaque personne (homme - femme) de tout \u00e2ge peut en b\u00e9n\u00e9ficier pour pr\u00e9server la jeunesse et la qualit\u00e9 de sa peau. Avant tout\u2026","rel":"","context":"Article similaire","block_context":{"text":"Article similaire","link":""},"img":{"alt_text":"","src":"","width":0,"height":0},"classes":[]},{"id":68,"url":"https:\/\/reflexologie-shiatsu-nantes.fr\/index.php\/soins-en-reflexologie\/","url_meta":{"origin":102,"position":3},"title":"R\u00e9flexologie","author":"Claire Cottais","date":"3 juillet 2017","format":false,"excerpt":"Les soins en r\u00e9flexologieIci, vous trouverez plusieurs \u00e9l\u00e9ments pour en savoir plus sur les soins en\u00a0r\u00e9flexologie.Les origines et la pr\u00e9sentation de cette pratiqueLes diff\u00e9rentes r\u00e9flexologies pratiqu\u00e9es dans mon cabinet \u00e0 NantesLe d\u00e9roulement de votre s\u00e9ance en r\u00e9flexologie.","rel":"","context":"Article similaire","block_context":{"text":"Article similaire","link":""},"img":{"alt_text":"","src":"","width":0,"height":0},"classes":[]},{"id":113,"url":"https:\/\/reflexologie-shiatsu-nantes.fr\/index.php\/soins-tarifs\/","url_meta":{"origin":102,"position":4},"title":"Tarifs","author":"Claire Cottais","date":"3 juillet 2017","format":false,"excerpt":"Les diff\u00e9rents soins et tarifs en vigueur au 15\/02\/2024 Soins de R\u00e9flexologie,\u00a0Shiatsuou\u00a0Shiatsu assis (Amma) :Une heure : 70 \u20ac30 minutes : 40 \u20acSoins de Kobido :1 soin\u00a0 \u00a0:\u00a0 \u00a0 80\u20ac3 soins\u00a0 \u00a0:\u00a0 \u00a0 230\u20ac5 soins\u00a0 \u00a0 :\u00a0 \u00a0 380\u20ac10 soins\u00a0 \u00a0:\u00a0 \u00a0 720\u20acShiatsu assis en entreprise \u00e0 Nantes\u00a0: me consulter\u2026","rel":"","context":"Article similaire","block_context":{"text":"Article similaire","link":""},"img":{"alt_text":"","src":"","width":0,"height":0},"classes":[]},{"id":512,"url":"https:\/\/reflexologie-shiatsu-nantes.fr\/index.php\/kobido\/","url_meta":{"origin":102,"position":5},"title":"kobido","author":"Claire Cottais","date":"15 septembre 2019","format":false,"excerpt":"Ici, vous trouverez plusieurs \u00e9l\u00e9ments pour en savoir plus sur le Kobido Les origines et la pr\u00e9sentation de cette pratique Le Kobido Le d\u00e9roulement de votre s\u00e9ance de Kobido","rel":"","context":"Article similaire","block_context":{"text":"Article similaire","link":""},"img":{"alt_text":"","src":"","width":0,"height":0},"classes":[]}],"_links":{"self":[{"href":"https:\/\/reflexologie-shiatsu-nantes.fr\/index.php\/wp-json\/wp\/v2\/pages\/102"}],"collection":[{"href":"https:\/\/reflexologie-shiatsu-nantes.fr\/index.php\/wp-json\/wp\/v2\/pages"}],"about":[{"href":"https:\/\/reflexologie-shiatsu-nantes.fr\/index.php\/wp-json\/wp\/v2\/types\/page"}],"author":[{"embeddable":true,"href":"https:\/\/reflexologie-shiatsu-nantes.fr\/index.php\/wp-json\/wp\/v2\/users\/2"}],"replies":[{"embeddable":true,"href":"https:\/\/reflexologie-shiatsu-nantes.fr\/index.php\/wp-json\/wp\/v2\/comments?post=102"}],"version-history":[{"count":8,"href":"https:\/\/reflexologie-shiatsu-nantes.fr\/index.php\/wp-json\/wp\/v2\/pages\/102\/revisions"}],"predecessor-version":[{"id":793,"href":"https:\/\/reflexologie-shiatsu-nantes.fr\/index.php\/wp-json\/wp\/v2\/pages\/102\/revisions\/793"}],"wp:attachment":[{"href":"https:\/\/reflexologie-shiatsu-nantes.fr\/index.php\/wp-json\/wp\/v2\/media?parent=102"}],"curies":[{"name":"wp","href":"https:\/\/api.w.org\/{rel}","templated":true}]}}